{"id":15549,"date":"2024-07-17T11:33:25","date_gmt":"2024-07-17T17:33:25","guid":{"rendered":"https:\/\/www.tamaulipas.gob.mx\/salud\/?page_id=15549"},"modified":"2024-07-17T11:33:25","modified_gmt":"2024-07-17T17:33:25","slug":"aviso-de-privacidad-laboratorio-estatal-de-salud-publica","status":"publish","type":"page","link":"https:\/\/www.tamaulipas.gob.mx\/salud\/aviso-de-privacidad-laboratorio-estatal-de-salud-publica\/","title":{"rendered":"Aviso de Privacidad Laboratorio Estatal de Salud P\u00fablica"},"content":{"rendered":"<p><strong>Aviso de Privacidad<\/strong><br \/>\nEl Laboratorio Estatal de Salud P\u00fablica de Tamaulipas con domicilio en Centro Educativo Adolfo L\u00f3pez Mateos S\/N Colonia Pedro Sosa, C\u00f3digo Postal 87120 Ciudad Victoria Tamaulipas y portal de internet: https:\/\/www.tamaulipas.gob.mx\/salud\/infraestructura-en-salud\/laboratorio-estatal-de-salud-publica\/ es el responsable del uso, tratamiento y protecci\u00f3n de datos personales conforme a lo establecido en la Ley General de Protecci\u00f3n de Datos Personales y Ley de Proteccio\u0301n de Datos Personales en Posesio\u0301n de Sujetos Obligados del Estado de Tamaulipas.<\/p>\n<p><strong>\u00bfPara qu\u00e9 fines utilizaremos sus datos personales?<\/strong><br \/>\nLos datos personales que recabamos de usted, los utilizaremos para Informe de resultados, fines m\u00e9dicos de apoyo, diagn\u00f3stico, vigilancia epidemiol\u00f3gica, protecci\u00f3n contra riesgos sanitarios, y en su caso para tr\u00e1mites administrativos.<\/p>\n<p><strong>\u00bfQu\u00e9 datos personales utilizaremos para estos fines?<\/strong><br \/>\nPara llevar a cabo las finalidades descritas en el presente aviso de privacidad, utilizaremos los siguientes datos personales:<\/p>\n<p>I) Datos de identificaci\u00f3n: nombre, fecha de nacimiento y \/o edad, sexo;<br \/>\nII) Datos de contacto: direcci\u00f3n, correo electr\u00f3nico, tel\u00e9fono fijo, trabajo o m\u00f3vil;<br \/>\nIII) Nombre de personas a quien se autoriza la entrega de resultados, familiar, amigos o m\u00e9dico tratante;<br \/>\nIV) Datos fiscales: pudiendo ser nombre, Registro Federal de Contribuyentes, Direcci\u00f3n Fiscal del comprobante fiscal digital (CFDI), forma de pago y\/o correo<br \/>\nAdem\u00e1s de los datos personales mencionados anteriormente, para las finalidades informadas en el presente aviso de privacidad utilizaremos los siguientes datos personales considerados sensibles:<br \/>\nI) Informaci\u00f3n Financiera y m\u00e9todo de pago: pudiendo ser forma de pago y \/o datos bancarios<br \/>\nII)Datos de Salud: \u00fanicamente en caso de que sea un aspecto relevante en la prestaci\u00f3n del servicio contratado.<\/p>\n<p><strong>\u00bfCon qui\u00e9n compartimos su informaci\u00f3n personal y con qu\u00e9 fines?<\/strong><br \/>\nLe informamos que sus datos personales est\u00e1n protegidos de accesos no autorizados, solo podr\u00e1n ser transferidos a la Secretar\u00eda de Salud de Tamaulipas y Organismo P\u00fablico Descentralizado \u201cServicios de Salud de Tamaulipas\u201d e instituci\u00f3nes p\u00fablicas del sector salud, al emitir resultados de pruebas y para los fines de vigilancia epidemiol\u00f3gica, protecci\u00f3n contra riesgos sanitarios, en cumplimiento de las disposiciones legales y en ejercicio de las atribuciones conferidas con motivo de la protecci\u00f3n de la salud de la poblaci\u00f3n, asi mismo cuando resulten de requerimeintos de informaci\u00f3n emitidos por una autoridad competente, siempre que este\u0301n debidamente fundados y motivados.<\/p>\n<p>El tratamiento de sus datos personales se realiza con fundamento en lo establecido en los art\u00edculos 3 fracci\u00f3n I, XXXIII, 5, 6, 13, 15, 16, 19, 20,21, 22, 32, 34, 35,37,38,39,40, 62, 63, 64, 65, 66, 67 y 68 de la Ley de Proteccio\u0301n de Datos Personales en Posesio\u0301n de Sujetos Obligados del Estado de Tamaulipas y 3\u00b0 Fracci\u00f3n II, 4, 16, 18, 25 al 29 y 70 de la Ley General de Protecci\u00f3n de Datos Personales en Posesi\u00f3n de los Sujetos Obligados y<\/p>\n<p><strong>C\u00f3mo puede utilizar los Derechos ARCO es decir, derecho para acceder, rectificar o cancelar sus datos personales, u oponerse a su uso?<\/strong><\/p>\n<p>Usted tiene derecho a conocer qu\u00e9 datos personales tenemos de usted, para que los utilizamos y las condiciones de uso que se les da (Acceso). Asimismo, es su derecho solicitar la correcci\u00f3n de su informaci\u00f3n personal en caso de que est\u00e9 desactualizada, sea inexacta o incompleta (Rectificaci\u00f3n), que sea eliminada de nuestros registros o bases de datos cuando considere que la misma no est\u00e1 siendo utilizada adecuadamente (Cancelaci\u00f3n); as\u00ed como oponerse al uso de sus datos personales para fines espec\u00edficos (Oposici\u00f3n).<\/p>\n<p>Para el ejercicio de \u00e9stos derechos el titular de los datos personales o su representante deber\u00e1n presentar solicitud de ejercicio de derechos ARCO, directamente ante la Unidad de Transparencia de esta Secretar\u00eda de Salud y Organismo P\u00fablico Descentralizado \u201cServicios de Salud de Tamaulipas\u201d, ubicada en Boulevard Emilio Portes Gil, Edificio Gubernamental Tiempo Nuevo, Colonia Nuevo Santander C.P. 87010 en ciudad Victoria, Tamaulipas, a trave\u0301s de escrito libre, siempre que re\u00fana los siguientes requisitos:<\/p>\n<p>I. El nombre completo del titular y, en su caso, de su representante, asi\u0301 como su domicilio o cualquier otro medio para oi\u0301r y recibir notificaciones;<\/p>\n<p>II. La descripcio\u0301n clara y precisa de los datos personales respecto de los que se busca ejercer alguno de los derechos ARCO, salvo que se trate del derecho de acceso;<\/p>\n<p>III. La descripcio\u0301n del derecho ARCO que se pretende ejercer, o bien, lo que solicita el titular<\/p>\n<p>IV. Los documentos que acrediten la identidad del titular, y en su caso, la personalidad e identidad de su representante; y<\/p>\n<p>V. Cualquier otro elemento o documento que facilite la localizacio\u0301n de los datos personales, en su caso.<br \/>\nAdema\u0301s de lo sen\u0303alado en las fracciones anteriores, trata\u0301ndose de una solicitud de acceso a datos personales, el titular debera\u0301 sen\u0303alar la modalidad en la que prefiere que e\u0301stos se reproduzcan.<\/p>\n<p>De igual forma, podra ejercer sus derechos mediante solicitud de protecci\u00f3n de datos personales, a trav\u00e9s de la Plataforma Nacional de Transparencia, en el siguiente vi\u0301nculo electro\u0301nico <a href=\"http:\/\/www.plataformadetransparencia.org.mx\/\">http:\/\/www.plataformadetransparencia.org.mx\/<\/a><br \/>\nEl Aviso de Privacidad Integral podr\u00e1 ser modificado en cualquier momento, procediendo hacerlo de su conocimiento por cualquiera de los medios autorizados para tal fin, incluyendo la v\u00eda electr\u00f3nica o mediante la publicaci\u00f3n del nuevo texto a trav\u00e9s de nuestra p\u00e1gina de internet: <a href=\"https:\/\/www.tamaulipas.gob.mx\/salud\/infraestructura-en-salud\/laboratorio-estatal-de-salud-publica\/\">https:\/\/www.tamaulipas.gob.mx\/salud\/infraestructura-en-salud\/laboratorio-estatal-de-salud-publica\/<\/a><\/p>\n","protected":false},"excerpt":{"rendered":"<p>Aviso de Privacidad El Laboratorio Estatal de Salud P\u00fablica de Tamaulipas con domicilio en Centro Educativo Adolfo L\u00f3pez Mateos S\/N Colonia Pedro Sosa, C\u00f3digo Postal\u2026<\/p>\n","protected":false},"author":140,"featured_media":0,"parent":0,"menu_order":0,"comment_status":"closed","ping_status":"closed","template":"","meta":{"footnotes":""},"class_list":["post-15549","page","type-page","status-publish","hentry"],"yoast_head":"<!-- This site is optimized with the Yoast SEO plugin v24.8.1 - https:\/\/yoast.com\/wordpress\/plugins\/seo\/ -->\n<title>Aviso de Privacidad Laboratorio Estatal de Salud P\u00fablica - Secretar\u00eda de Salud<\/title>\n<meta name=\"robots\" content=\"index, follow, max-snippet:-1, max-image-preview:large, max-video-preview:-1\" \/>\n<link rel=\"canonical\" href=\"https:\/\/www.tamaulipas.gob.mx\/salud\/aviso-de-privacidad-laboratorio-estatal-de-salud-publica\/\" \/>\n<meta property=\"og:locale\" content=\"es_ES\" \/>\n<meta property=\"og:type\" content=\"article\" \/>\n<meta property=\"og:title\" content=\"Aviso de Privacidad Laboratorio Estatal de Salud P\u00fablica - Secretar\u00eda de Salud\" \/>\n<meta property=\"og:description\" content=\"Aviso de Privacidad El Laboratorio Estatal de Salud P\u00fablica de Tamaulipas con domicilio en Centro Educativo Adolfo L\u00f3pez Mateos S\/N Colonia Pedro Sosa, C\u00f3digo Postal\u2026\" \/>\n<meta property=\"og:url\" content=\"https:\/\/www.tamaulipas.gob.mx\/salud\/aviso-de-privacidad-laboratorio-estatal-de-salud-publica\/\" \/>\n<meta property=\"og:site_name\" content=\"Secretar\u00eda de Salud\" \/>\n<meta property=\"article:publisher\" content=\"https:\/\/www.facebook.com\/SaludTamaulipas\" \/>\n<meta property=\"og:image\" content=\"https:\/\/www.tamaulipas.gob.mx\/salud\/wp-content\/uploads\/sites\/4\/2022\/10\/logotamaulipas2022.png\" \/>\n\t<meta property=\"og:image:width\" content=\"1200\" \/>\n\t<meta property=\"og:image:height\" content=\"388\" \/>\n\t<meta property=\"og:image:type\" content=\"image\/png\" \/>\n<meta name=\"twitter:card\" content=\"summary_large_image\" \/>\n<meta name=\"twitter:label1\" content=\"Tiempo de lectura\" \/>\n\t<meta name=\"twitter:data1\" content=\"5 minutos\" \/>\n<script type=\"application\/ld+json\" class=\"yoast-schema-graph\">{\"@context\":\"https:\/\/schema.org\",\"@graph\":[{\"@type\":\"WebPage\",\"@id\":\"https:\/\/www.tamaulipas.gob.mx\/salud\/aviso-de-privacidad-laboratorio-estatal-de-salud-publica\/\",\"url\":\"https:\/\/www.tamaulipas.gob.mx\/salud\/aviso-de-privacidad-laboratorio-estatal-de-salud-publica\/\",\"name\":\"Aviso de Privacidad Laboratorio Estatal de Salud P\u00fablica - Secretar\u00eda de Salud\",\"isPartOf\":{\"@id\":\"https:\/\/www.tamaulipas.gob.mx\/salud\/#website\"},\"datePublished\":\"2024-07-17T17:33:25+00:00\",\"breadcrumb\":{\"@id\":\"https:\/\/www.tamaulipas.gob.mx\/salud\/aviso-de-privacidad-laboratorio-estatal-de-salud-publica\/#breadcrumb\"},\"inLanguage\":\"es\",\"potentialAction\":[{\"@type\":\"ReadAction\",\"target\":[\"https:\/\/www.tamaulipas.gob.mx\/salud\/aviso-de-privacidad-laboratorio-estatal-de-salud-publica\/\"]}]},{\"@type\":\"BreadcrumbList\",\"@id\":\"https:\/\/www.tamaulipas.gob.mx\/salud\/aviso-de-privacidad-laboratorio-estatal-de-salud-publica\/#breadcrumb\",\"itemListElement\":[{\"@type\":\"ListItem\",\"position\":1,\"name\":\"Portada\",\"item\":\"https:\/\/www.tamaulipas.gob.mx\/salud\/\"},{\"@type\":\"ListItem\",\"position\":2,\"name\":\"Aviso de Privacidad Laboratorio Estatal de Salud P\u00fablica\"}]},{\"@type\":\"WebSite\",\"@id\":\"https:\/\/www.tamaulipas.gob.mx\/salud\/#website\",\"url\":\"https:\/\/www.tamaulipas.gob.mx\/salud\/\",\"name\":\"Secretar\u00eda de Salud\",\"description\":\"Gobierno del Estado de Tamaulipas\",\"publisher\":{\"@id\":\"https:\/\/www.tamaulipas.gob.mx\/salud\/#organization\"},\"potentialAction\":[{\"@type\":\"SearchAction\",\"target\":{\"@type\":\"EntryPoint\",\"urlTemplate\":\"https:\/\/www.tamaulipas.gob.mx\/salud\/?s={search_term_string}\"},\"query-input\":{\"@type\":\"PropertyValueSpecification\",\"valueRequired\":true,\"valueName\":\"search_term_string\"}}],\"inLanguage\":\"es\"},{\"@type\":\"Organization\",\"@id\":\"https:\/\/www.tamaulipas.gob.mx\/salud\/#organization\",\"name\":\"Secretar\u00eda de Salud de Tamaulipas\",\"url\":\"https:\/\/www.tamaulipas.gob.mx\/salud\/\",\"logo\":{\"@type\":\"ImageObject\",\"inLanguage\":\"es\",\"@id\":\"https:\/\/www.tamaulipas.gob.mx\/salud\/#\/schema\/logo\/image\/\",\"url\":\"https:\/\/www.tamaulipas.gob.mx\/salud\/wp-content\/uploads\/sites\/4\/2022\/10\/logotamaulipas2022.png\",\"contentUrl\":\"https:\/\/www.tamaulipas.gob.mx\/salud\/wp-content\/uploads\/sites\/4\/2022\/10\/logotamaulipas2022.png\",\"width\":1200,\"height\":388,\"caption\":\"Secretar\u00eda de Salud de Tamaulipas\"},\"image\":{\"@id\":\"https:\/\/www.tamaulipas.gob.mx\/salud\/#\/schema\/logo\/image\/\"},\"sameAs\":[\"https:\/\/www.facebook.com\/SaludTamaulipas\"]}]}<\/script>\n<!-- \/ Yoast SEO plugin. -->","yoast_head_json":{"title":"Aviso de Privacidad Laboratorio Estatal de Salud P\u00fablica - Secretar\u00eda de Salud","robots":{"index":"index","follow":"follow","max-snippet":"max-snippet:-1","max-image-preview":"max-image-preview:large","max-video-preview":"max-video-preview:-1"},"canonical":"https:\/\/www.tamaulipas.gob.mx\/salud\/aviso-de-privacidad-laboratorio-estatal-de-salud-publica\/","og_locale":"es_ES","og_type":"article","og_title":"Aviso de Privacidad Laboratorio Estatal de Salud P\u00fablica - Secretar\u00eda de Salud","og_description":"Aviso de Privacidad El Laboratorio Estatal de Salud P\u00fablica de Tamaulipas con domicilio en Centro Educativo Adolfo L\u00f3pez Mateos S\/N Colonia Pedro Sosa, C\u00f3digo Postal\u2026","og_url":"https:\/\/www.tamaulipas.gob.mx\/salud\/aviso-de-privacidad-laboratorio-estatal-de-salud-publica\/","og_site_name":"Secretar\u00eda de Salud","article_publisher":"https:\/\/www.facebook.com\/SaludTamaulipas","og_image":[{"width":1200,"height":388,"url":"https:\/\/www.tamaulipas.gob.mx\/salud\/wp-content\/uploads\/sites\/4\/2022\/10\/logotamaulipas2022.png","type":"image\/png"}],"twitter_card":"summary_large_image","twitter_misc":{"Tiempo de lectura":"5 minutos"},"schema":{"@context":"https:\/\/schema.org","@graph":[{"@type":"WebPage","@id":"https:\/\/www.tamaulipas.gob.mx\/salud\/aviso-de-privacidad-laboratorio-estatal-de-salud-publica\/","url":"https:\/\/www.tamaulipas.gob.mx\/salud\/aviso-de-privacidad-laboratorio-estatal-de-salud-publica\/","name":"Aviso de Privacidad Laboratorio Estatal de Salud P\u00fablica - Secretar\u00eda de Salud","isPartOf":{"@id":"https:\/\/www.tamaulipas.gob.mx\/salud\/#website"},"datePublished":"2024-07-17T17:33:25+00:00","breadcrumb":{"@id":"https:\/\/www.tamaulipas.gob.mx\/salud\/aviso-de-privacidad-laboratorio-estatal-de-salud-publica\/#breadcrumb"},"inLanguage":"es","potentialAction":[{"@type":"ReadAction","target":["https:\/\/www.tamaulipas.gob.mx\/salud\/aviso-de-privacidad-laboratorio-estatal-de-salud-publica\/"]}]},{"@type":"BreadcrumbList","@id":"https:\/\/www.tamaulipas.gob.mx\/salud\/aviso-de-privacidad-laboratorio-estatal-de-salud-publica\/#breadcrumb","itemListElement":[{"@type":"ListItem","position":1,"name":"Portada","item":"https:\/\/www.tamaulipas.gob.mx\/salud\/"},{"@type":"ListItem","position":2,"name":"Aviso de Privacidad Laboratorio Estatal de Salud P\u00fablica"}]},{"@type":"WebSite","@id":"https:\/\/www.tamaulipas.gob.mx\/salud\/#website","url":"https:\/\/www.tamaulipas.gob.mx\/salud\/","name":"Secretar\u00eda de Salud","description":"Gobierno del Estado de Tamaulipas","publisher":{"@id":"https:\/\/www.tamaulipas.gob.mx\/salud\/#organization"},"potentialAction":[{"@type":"SearchAction","target":{"@type":"EntryPoint","urlTemplate":"https:\/\/www.tamaulipas.gob.mx\/salud\/?s={search_term_string}"},"query-input":{"@type":"PropertyValueSpecification","valueRequired":true,"valueName":"search_term_string"}}],"inLanguage":"es"},{"@type":"Organization","@id":"https:\/\/www.tamaulipas.gob.mx\/salud\/#organization","name":"Secretar\u00eda de Salud de Tamaulipas","url":"https:\/\/www.tamaulipas.gob.mx\/salud\/","logo":{"@type":"ImageObject","inLanguage":"es","@id":"https:\/\/www.tamaulipas.gob.mx\/salud\/#\/schema\/logo\/image\/","url":"https:\/\/www.tamaulipas.gob.mx\/salud\/wp-content\/uploads\/sites\/4\/2022\/10\/logotamaulipas2022.png","contentUrl":"https:\/\/www.tamaulipas.gob.mx\/salud\/wp-content\/uploads\/sites\/4\/2022\/10\/logotamaulipas2022.png","width":1200,"height":388,"caption":"Secretar\u00eda de Salud de Tamaulipas"},"image":{"@id":"https:\/\/www.tamaulipas.gob.mx\/salud\/#\/schema\/logo\/image\/"},"sameAs":["https:\/\/www.facebook.com\/SaludTamaulipas"]}]}},"publishpress_future_action":{"enabled":false,"date":"2026-04-28 07:33:53","action":"change-status","newStatus":"draft","terms":[],"taxonomy":""},"_links":{"self":[{"href":"https:\/\/www.tamaulipas.gob.mx\/salud\/wp-json\/wp\/v2\/pages\/15549"}],"collection":[{"href":"https:\/\/www.tamaulipas.gob.mx\/salud\/wp-json\/wp\/v2\/pages"}],"about":[{"href":"https:\/\/www.tamaulipas.gob.mx\/salud\/wp-json\/wp\/v2\/types\/page"}],"author":[{"embeddable":true,"href":"https:\/\/www.tamaulipas.gob.mx\/salud\/wp-json\/wp\/v2\/users\/140"}],"replies":[{"embeddable":true,"href":"https:\/\/www.tamaulipas.gob.mx\/salud\/wp-json\/wp\/v2\/comments?post=15549"}],"version-history":[{"count":1,"href":"https:\/\/www.tamaulipas.gob.mx\/salud\/wp-json\/wp\/v2\/pages\/15549\/revisions"}],"predecessor-version":[{"id":15550,"href":"https:\/\/www.tamaulipas.gob.mx\/salud\/wp-json\/wp\/v2\/pages\/15549\/revisions\/15550"}],"wp:attachment":[{"href":"https:\/\/www.tamaulipas.gob.mx\/salud\/wp-json\/wp\/v2\/media?parent=15549"}],"curies":[{"name":"wp","href":"https:\/\/api.w.org\/{rel}","templated":true}]}}