{"id":15015,"date":"2024-03-06T13:24:11","date_gmt":"2024-03-06T19:24:11","guid":{"rendered":"https:\/\/www.tamaulipas.gob.mx\/salud\/?page_id=15015"},"modified":"2025-02-13T14:29:54","modified_gmt":"2025-02-13T20:29:54","slug":"infomevi","status":"publish","type":"page","link":"https:\/\/www.tamaulipas.gob.mx\/salud\/infomevi\/","title":{"rendered":"Informe del 2er Diplomado de Fundamentos de Medicina de Estilo de Vida"},"content":{"rendered":"<h3><span style=\"color: #ab0033;\"><strong>Resultados:<\/strong><\/span><\/h3>\n<table style=\"border-collapse: collapse; width: 100%; height: 20px;\">\n<tbody>\n<tr style=\"height: 10px;\">\n<td style=\"width: 15.7854%; background-color: #ab0033; height: 10px; text-align: center;\">\n<h4><strong><span style=\"color: #ffffff;\">Alumnos Inscritos<\/span><\/strong><\/h4>\n<\/td>\n<td style=\"width: 25%; background-color: #ab0033; height: 10px; text-align: center;\">\n<h4><strong><span style=\"color: #ffffff;\">Alumnos que Terminaron el Diplomado<\/span><\/strong><\/h4>\n<\/td>\n<td style=\"width: 25%; background-color: #ab0033; height: 10px; text-align: center;\">\n<h4><strong><span style=\"color: #ffffff;\">Aprobados<\/span><\/strong><\/h4>\n<\/td>\n<td style=\"width: 25%; background-color: #ab0033; height: 10px; text-align: center;\">\n<h4><strong><span style=\"color: #ffffff;\">No Aprobados<\/span><\/strong><\/h4>\n<\/td>\n<\/tr>\n<tr style=\"height: 24px;\">\n<td style=\"width: 15.7854%; height: 10px; text-align: center;\">\n<h4><strong>2333<\/strong><\/h4>\n<\/td>\n<td style=\"width: 25%; height: 10px; text-align: center;\">\n<h4><strong>1298<\/strong><\/h4>\n<\/td>\n<td style=\"width: 25%; height: 10px; text-align: center;\">\n<h4><strong>808<\/strong><\/h4>\n<\/td>\n<td style=\"width: 25%; height: 10px; text-align: center;\">\n<h4><strong>490<\/strong><\/h4>\n<\/td>\n<\/tr>\n<\/tbody>\n<\/table>\n<p><iframe loading=\"lazy\" src=\"https:\/\/docs.google.com\/spreadsheets\/d\/e\/2PACX-1vR0CM0O-wSBbJDQE6-nHPMZI-TiWBii95wykJYUyLSORXjmkftAQGEkJ7wzKZ8-8TRoThRJQRHvEKhA\/pubchart?oid=544972803&amp;format=interactive\" width=\"600\" height=\"371\" frameborder=\"0\" scrolling=\"no\" seamless=\"\"><span data-mce-type=\"bookmark\" style=\"display: inline-block; width: 0px; overflow: hidden; line-height: 0;\" class=\"mce_SELRES_start\"><span data-mce-type=\"bookmark\" style=\"display: inline-block; width: 0px; overflow: hidden; line-height: 0;\" class=\"mce_SELRES_start\">\ufeff<\/span>\ufeff<\/span><\/iframe><\/p>\n<h3><span style=\"color: #ab0033;\"><strong>Criterios de Evaluaci\u00f3n del Diplomado:<\/strong><\/span><\/h3>\n<p>El 10 % de la calificaci\u00f3n corresponder\u00e1 a las dos actividades relacionadas con los signos vitales del estilo de vida. (las cuales se encuentran en la semana de PROPED\u00c9UTICO y la Semana 12).<\/p>\n<p>El 70% de la calificaci\u00f3n corresponder\u00e1 a las evaluaciones finales de cada semana.(Las evaluaciones correspondientes a los m\u00f3dulos semanales se hace un promedio, se obtiene sumando la calificaci\u00f3n de todas las semanas entre el numero de semanas del diplomado. dando un total m\u00e1ximo del 70% de la calificaci\u00f3n final del Diplomado.) ejemplo: si el alumno es evaluado con 160 puntos en la suma de las evaluaciones \/ 16 semanas = 10 equivalente al 70%.<\/p>\n<p>El 20% de la calificaci\u00f3n corresponder\u00e1 al Examen Final.<\/p>\n<p>****Se aprueba el diplomado con el 80%****<\/p>\n<h3><span style=\"color: #ab0033;\"><strong>Temas Varios.<\/strong><\/span><\/h3>\n<p>Identificaci\u00f3n de accesos de Alumnos a classroom con m\u00e1s de un correo electr\u00f3nico.<\/p>\n<p>Alumnos con calificaci\u00f3n no aprobatoria:<br \/>\nParticipantes (M\u00e9dicos Internos y de Servicio Social), que NO aprobaron el 1er Diplomado, ser\u00e1 la Direcci\u00f3n de Educaci\u00f3n en Salud quien determine si obtendr\u00e1n su liberaci\u00f3n.<br \/>\nParticipantes del Diplomado, antes registrados que no aprobaron el Diplomado, se invita tomar nuevamente el Diplomado, llenando el pre-registro en la pagina de la Secretar\u00eda de Salud.<\/p>\n<p>https:\/\/www.tamaulipas.gob.mx\/salud\/inscripcion-al-diplomado-2024\/, para la catedra Virtual en la Plataforma del Diplomado.<\/p>\n<p>https:\/\/mevis.tamaulipas.gob.mx\/login\/index.php<br \/>\nAlumnos con Calificaci\u00f3n aprobatoria, se les estar\u00e1 informando la forma de entrega de la Constancia de T\u00e9rmino y aprobaci\u00f3n del Diplomado.<br \/>\nCreaci\u00f3n de la plataforma de Capacitaci\u00f3n \u201cCatedra Virtual\u201d<br \/>\nLa plataforma estar\u00e1 disponible para la capacitaci\u00f3n permanente en Medicina de Estilo de Vida, as\u00ed como el Coaching. \u00c9sta plataforma puede alojar m\u00e1s de diez mil usuarios, que llevara paso a paso el diplomado y todas las c\u00e1tedras impartidas por la Direcci\u00f3n de Medicina de Estilo de Vida Saludable, con la intenci\u00f3n de alcanzar las metas de capacitaci\u00f3n.<br \/>\nAs\u00ed mismo la Plataforma de Catedra Virtual, estar\u00e1 disponible como herramientas a los proveedores de salud ya egresados de las diferentes cohortes, para llevar a la practica lo aprendido en el Diplomado, y con esta acci\u00f3n iniciar un cambio del Estilo de Vida las y los Tamaulipecos.<br \/>\nLa Plataforma dar\u00e1 inicio con la segunda cohorte en el mes de abril.<\/p>\n<p>&nbsp;<\/p>\n<p>&nbsp;<\/p>\n<p>&nbsp;<\/p>\n<p><script type=\"text\/javascript\" src=\"https:\/\/form.jotform.com\/jsform\/240655205198054\"><\/script><\/p>\n","protected":false},"excerpt":{"rendered":"<p>Resultados: Alumnos Inscritos Alumnos que Terminaron el Diplomado Aprobados No Aprobados 2333 1298 808 490 \ufeff\ufeff Criterios de Evaluaci\u00f3n del Diplomado: El 10 % de\u2026<\/p>\n","protected":false},"author":140,"featured_media":0,"parent":0,"menu_order":0,"comment_status":"closed","ping_status":"closed","template":"single-sin-sidebar.php","meta":{"footnotes":""},"class_list":["post-15015","page","type-page","status-publish","hentry"],"yoast_head":"<!-- This site is optimized with the Yoast SEO plugin v24.8.1 - https:\/\/yoast.com\/wordpress\/plugins\/seo\/ -->\n<title>Informe del 2er Diplomado de Fundamentos de Medicina de Estilo de Vida - Secretar\u00eda de Salud<\/title>\n<meta name=\"robots\" content=\"index, follow, max-snippet:-1, max-image-preview:large, max-video-preview:-1\" \/>\n<link rel=\"canonical\" href=\"https:\/\/www.tamaulipas.gob.mx\/salud\/infomevi\/\" \/>\n<meta property=\"og:locale\" content=\"es_ES\" \/>\n<meta property=\"og:type\" content=\"article\" \/>\n<meta property=\"og:title\" content=\"Informe del 2er Diplomado de Fundamentos de Medicina de Estilo de Vida - Secretar\u00eda de Salud\" \/>\n<meta property=\"og:description\" content=\"Resultados: Alumnos Inscritos Alumnos que Terminaron el Diplomado Aprobados No Aprobados 2333 1298 808 490 \ufeff\ufeff Criterios de Evaluaci\u00f3n del Diplomado: El 10 % de\u2026\" \/>\n<meta property=\"og:url\" content=\"https:\/\/www.tamaulipas.gob.mx\/salud\/infomevi\/\" \/>\n<meta property=\"og:site_name\" content=\"Secretar\u00eda de Salud\" \/>\n<meta property=\"article:publisher\" content=\"https:\/\/www.facebook.com\/SaludTamaulipas\" \/>\n<meta property=\"article:modified_time\" content=\"2025-02-13T20:29:54+00:00\" \/>\n<meta property=\"og:image\" content=\"https:\/\/www.tamaulipas.gob.mx\/salud\/wp-content\/uploads\/sites\/4\/2022\/10\/logotamaulipas2022.png\" \/>\n\t<meta property=\"og:image:width\" content=\"1200\" \/>\n\t<meta property=\"og:image:height\" content=\"388\" \/>\n\t<meta property=\"og:image:type\" content=\"image\/png\" \/>\n<meta name=\"twitter:card\" content=\"summary_large_image\" \/>\n<meta name=\"twitter:label1\" content=\"Tiempo de lectura\" \/>\n\t<meta name=\"twitter:data1\" content=\"2 minutos\" \/>\n<script type=\"application\/ld+json\" class=\"yoast-schema-graph\">{\"@context\":\"https:\/\/schema.org\",\"@graph\":[{\"@type\":\"WebPage\",\"@id\":\"https:\/\/www.tamaulipas.gob.mx\/salud\/infomevi\/\",\"url\":\"https:\/\/www.tamaulipas.gob.mx\/salud\/infomevi\/\",\"name\":\"Informe del 2er Diplomado de Fundamentos de Medicina de Estilo de Vida - Secretar\u00eda de Salud\",\"isPartOf\":{\"@id\":\"https:\/\/www.tamaulipas.gob.mx\/salud\/#website\"},\"datePublished\":\"2024-03-06T19:24:11+00:00\",\"dateModified\":\"2025-02-13T20:29:54+00:00\",\"breadcrumb\":{\"@id\":\"https:\/\/www.tamaulipas.gob.mx\/salud\/infomevi\/#breadcrumb\"},\"inLanguage\":\"es\",\"potentialAction\":[{\"@type\":\"ReadAction\",\"target\":[\"https:\/\/www.tamaulipas.gob.mx\/salud\/infomevi\/\"]}]},{\"@type\":\"BreadcrumbList\",\"@id\":\"https:\/\/www.tamaulipas.gob.mx\/salud\/infomevi\/#breadcrumb\",\"itemListElement\":[{\"@type\":\"ListItem\",\"position\":1,\"name\":\"Portada\",\"item\":\"https:\/\/www.tamaulipas.gob.mx\/salud\/\"},{\"@type\":\"ListItem\",\"position\":2,\"name\":\"Informe del 2er Diplomado de Fundamentos de Medicina de Estilo de Vida\"}]},{\"@type\":\"WebSite\",\"@id\":\"https:\/\/www.tamaulipas.gob.mx\/salud\/#website\",\"url\":\"https:\/\/www.tamaulipas.gob.mx\/salud\/\",\"name\":\"Secretar\u00eda de Salud\",\"description\":\"Gobierno del Estado de Tamaulipas\",\"publisher\":{\"@id\":\"https:\/\/www.tamaulipas.gob.mx\/salud\/#organization\"},\"potentialAction\":[{\"@type\":\"SearchAction\",\"target\":{\"@type\":\"EntryPoint\",\"urlTemplate\":\"https:\/\/www.tamaulipas.gob.mx\/salud\/?s={search_term_string}\"},\"query-input\":{\"@type\":\"PropertyValueSpecification\",\"valueRequired\":true,\"valueName\":\"search_term_string\"}}],\"inLanguage\":\"es\"},{\"@type\":\"Organization\",\"@id\":\"https:\/\/www.tamaulipas.gob.mx\/salud\/#organization\",\"name\":\"Secretar\u00eda de Salud de Tamaulipas\",\"url\":\"https:\/\/www.tamaulipas.gob.mx\/salud\/\",\"logo\":{\"@type\":\"ImageObject\",\"inLanguage\":\"es\",\"@id\":\"https:\/\/www.tamaulipas.gob.mx\/salud\/#\/schema\/logo\/image\/\",\"url\":\"https:\/\/www.tamaulipas.gob.mx\/salud\/wp-content\/uploads\/sites\/4\/2022\/10\/logotamaulipas2022.png\",\"contentUrl\":\"https:\/\/www.tamaulipas.gob.mx\/salud\/wp-content\/uploads\/sites\/4\/2022\/10\/logotamaulipas2022.png\",\"width\":1200,\"height\":388,\"caption\":\"Secretar\u00eda de Salud de Tamaulipas\"},\"image\":{\"@id\":\"https:\/\/www.tamaulipas.gob.mx\/salud\/#\/schema\/logo\/image\/\"},\"sameAs\":[\"https:\/\/www.facebook.com\/SaludTamaulipas\"]}]}<\/script>\n<!-- \/ Yoast SEO plugin. -->","yoast_head_json":{"title":"Informe del 2er Diplomado de Fundamentos de Medicina de Estilo de Vida - Secretar\u00eda de Salud","robots":{"index":"index","follow":"follow","max-snippet":"max-snippet:-1","max-image-preview":"max-image-preview:large","max-video-preview":"max-video-preview:-1"},"canonical":"https:\/\/www.tamaulipas.gob.mx\/salud\/infomevi\/","og_locale":"es_ES","og_type":"article","og_title":"Informe del 2er Diplomado de Fundamentos de Medicina de Estilo de Vida - Secretar\u00eda de Salud","og_description":"Resultados: Alumnos Inscritos Alumnos que Terminaron el Diplomado Aprobados No Aprobados 2333 1298 808 490 \ufeff\ufeff Criterios de Evaluaci\u00f3n del Diplomado: El 10 % de\u2026","og_url":"https:\/\/www.tamaulipas.gob.mx\/salud\/infomevi\/","og_site_name":"Secretar\u00eda de Salud","article_publisher":"https:\/\/www.facebook.com\/SaludTamaulipas","article_modified_time":"2025-02-13T20:29:54+00:00","og_image":[{"width":1200,"height":388,"url":"https:\/\/www.tamaulipas.gob.mx\/salud\/wp-content\/uploads\/sites\/4\/2022\/10\/logotamaulipas2022.png","type":"image\/png"}],"twitter_card":"summary_large_image","twitter_misc":{"Tiempo de lectura":"2 minutos"},"schema":{"@context":"https:\/\/schema.org","@graph":[{"@type":"WebPage","@id":"https:\/\/www.tamaulipas.gob.mx\/salud\/infomevi\/","url":"https:\/\/www.tamaulipas.gob.mx\/salud\/infomevi\/","name":"Informe del 2er Diplomado de Fundamentos de Medicina de Estilo de Vida - Secretar\u00eda de Salud","isPartOf":{"@id":"https:\/\/www.tamaulipas.gob.mx\/salud\/#website"},"datePublished":"2024-03-06T19:24:11+00:00","dateModified":"2025-02-13T20:29:54+00:00","breadcrumb":{"@id":"https:\/\/www.tamaulipas.gob.mx\/salud\/infomevi\/#breadcrumb"},"inLanguage":"es","potentialAction":[{"@type":"ReadAction","target":["https:\/\/www.tamaulipas.gob.mx\/salud\/infomevi\/"]}]},{"@type":"BreadcrumbList","@id":"https:\/\/www.tamaulipas.gob.mx\/salud\/infomevi\/#breadcrumb","itemListElement":[{"@type":"ListItem","position":1,"name":"Portada","item":"https:\/\/www.tamaulipas.gob.mx\/salud\/"},{"@type":"ListItem","position":2,"name":"Informe del 2er Diplomado de Fundamentos de Medicina de Estilo de Vida"}]},{"@type":"WebSite","@id":"https:\/\/www.tamaulipas.gob.mx\/salud\/#website","url":"https:\/\/www.tamaulipas.gob.mx\/salud\/","name":"Secretar\u00eda de Salud","description":"Gobierno del Estado de Tamaulipas","publisher":{"@id":"https:\/\/www.tamaulipas.gob.mx\/salud\/#organization"},"potentialAction":[{"@type":"SearchAction","target":{"@type":"EntryPoint","urlTemplate":"https:\/\/www.tamaulipas.gob.mx\/salud\/?s={search_term_string}"},"query-input":{"@type":"PropertyValueSpecification","valueRequired":true,"valueName":"search_term_string"}}],"inLanguage":"es"},{"@type":"Organization","@id":"https:\/\/www.tamaulipas.gob.mx\/salud\/#organization","name":"Secretar\u00eda de Salud de Tamaulipas","url":"https:\/\/www.tamaulipas.gob.mx\/salud\/","logo":{"@type":"ImageObject","inLanguage":"es","@id":"https:\/\/www.tamaulipas.gob.mx\/salud\/#\/schema\/logo\/image\/","url":"https:\/\/www.tamaulipas.gob.mx\/salud\/wp-content\/uploads\/sites\/4\/2022\/10\/logotamaulipas2022.png","contentUrl":"https:\/\/www.tamaulipas.gob.mx\/salud\/wp-content\/uploads\/sites\/4\/2022\/10\/logotamaulipas2022.png","width":1200,"height":388,"caption":"Secretar\u00eda de Salud de Tamaulipas"},"image":{"@id":"https:\/\/www.tamaulipas.gob.mx\/salud\/#\/schema\/logo\/image\/"},"sameAs":["https:\/\/www.facebook.com\/SaludTamaulipas"]}]}},"publishpress_future_action":{"enabled":false,"date":"2026-04-10 13:44:16","action":"change-status","newStatus":"draft","terms":[],"taxonomy":""},"_links":{"self":[{"href":"https:\/\/www.tamaulipas.gob.mx\/salud\/wp-json\/wp\/v2\/pages\/15015"}],"collection":[{"href":"https:\/\/www.tamaulipas.gob.mx\/salud\/wp-json\/wp\/v2\/pages"}],"about":[{"href":"https:\/\/www.tamaulipas.gob.mx\/salud\/wp-json\/wp\/v2\/types\/page"}],"author":[{"embeddable":true,"href":"https:\/\/www.tamaulipas.gob.mx\/salud\/wp-json\/wp\/v2\/users\/140"}],"replies":[{"embeddable":true,"href":"https:\/\/www.tamaulipas.gob.mx\/salud\/wp-json\/wp\/v2\/comments?post=15015"}],"version-history":[{"count":24,"href":"https:\/\/www.tamaulipas.gob.mx\/salud\/wp-json\/wp\/v2\/pages\/15015\/revisions"}],"predecessor-version":[{"id":16084,"href":"https:\/\/www.tamaulipas.gob.mx\/salud\/wp-json\/wp\/v2\/pages\/15015\/revisions\/16084"}],"wp:attachment":[{"href":"https:\/\/www.tamaulipas.gob.mx\/salud\/wp-json\/wp\/v2\/media?parent=15015"}],"curies":[{"name":"wp","href":"https:\/\/api.w.org\/{rel}","templated":true}]}}