{"id":133,"date":"2016-11-01T16:40:17","date_gmt":"2016-11-01T22:40:17","guid":{"rendered":"http:\/\/www.tamaulipas.gob.mx\/salud\/?page_id=133"},"modified":"2024-05-09T14:52:44","modified_gmt":"2024-05-09T20:52:44","slug":"hospitales-generales","status":"publish","type":"page","link":"https:\/\/www.tamaulipas.gob.mx\/salud\/infraestructura-en-salud\/hospitales-generales\/","title":{"rendered":"Hospitales Generales"},"content":{"rendered":"<h3>Hospital General Altamira<\/h3>\n<p>Encuentra informaci\u00f3n acerca de las especialidades, horarios y ubicaci\u00f3n del Hospital<\/p>\n<div class=\"row\"><div class=\"col-sm-12\"><a href=\"http:\/\/www.tamaulipas.gob.mx\/salud\/infraestructura-en-salud\/hospitales-generales\/hospital-general-altamira\/\" class=\"btn btn-primary btn-sm pull-right\"><i class=\"fa fa-external-link\"><\/i> M\u00e1s informaci\u00f3n <\/a><\/div><\/div>\n<hr \/>\n<h3>Hospital General Mante<\/h3>\n<p>Encuentra informaci\u00f3n acerca de las especialidades, horarios y ubicaci\u00f3n del Hospital<\/p>\n<div class=\"row\"><div class=\"col-sm-12\"><a href=\"http:\/\/www.tamaulipas.gob.mx\/salud\/infraestructura-en-salud\/hospitales-generales\/hospital-general-mante\/\" class=\"btn btn-primary btn-sm pull-right\"><i class=\"fa fa-external-link\"><\/i> M\u00e1s informaci\u00f3n <\/a><\/div><\/div>\n<hr \/>\n<h3>Hospital General Matamoros<\/h3>\n<p>Encuentra informaci\u00f3n acerca de las especialidades, horarios y ubicaci\u00f3n del Hospital<\/p>\n<div class=\"row\"><div class=\"col-sm-12\"><a href=\"http:\/\/www.tamaulipas.gob.mx\/salud\/infraestructura-en-salud\/hospitales-generales\/hospital-general-matamoros\/\" class=\"btn btn-primary btn-sm pull-right\"><i class=\"fa fa-external-link\"><\/i> M\u00e1s informaci\u00f3n <\/a><\/div><\/div>\n<hr \/>\n<h3>Hospital General Nuevo Laredo<\/h3>\n<p>Encuentra informaci\u00f3n acerca de las especialidades, horarios y ubicaci\u00f3n del Hospital<\/p>\n<div class=\"row\"><div class=\"col-sm-12\"><a href=\"http:\/\/www.tamaulipas.gob.mx\/salud\/infraestructura-en-salud\/hospitales-generales\/hospital-general-nuevo-laredo\/\" class=\"btn btn-primary btn-sm pull-right\"><i class=\"fa fa-external-link\"><\/i> M\u00e1s informaci\u00f3n <\/a><\/div><\/div>\n<hr \/>\n<h3>Hospital General Reynosa<\/h3>\n<p>Encuentra informaci\u00f3n acerca de las especialidades, horarios y ubicaci\u00f3n del Hospital<\/p>\n<div class=\"row\"><div class=\"col-sm-12\"><a href=\"http:\/\/www.tamaulipas.gob.mx\/salud\/infraestructura-en-salud\/hospitales-generales\/hospital-general-reynosa\/\" class=\"btn btn-primary btn-sm pull-right\"><i class=\"fa fa-external-link\"><\/i> M\u00e1s informaci\u00f3n <\/a><\/div><\/div>\n<hr \/>\n<h3>Hospital General San Fernando<\/h3>\n<p>Encuentra informaci\u00f3n acerca de las especialidades, horarios y ubicaci\u00f3n del Hospital<\/p>\n<div class=\"row\"><div class=\"col-sm-12\"><a href=\"http:\/\/www.tamaulipas.gob.mx\/salud\/infraestructura-en-salud\/hospitales-generales\/hospital-general-san-fernando\/\" class=\"btn btn-primary btn-sm pull-right\"><i class=\"fa fa-external-link\"><\/i> M\u00e1s informaci\u00f3n <\/a><\/div><\/div>\n<hr \/>\n<h3>Hospital General de Tampico<\/h3>\n<p>Encuentra informaci\u00f3n acerca de las especialidades, horarios y ubicaci\u00f3n del Hospital<\/p>\n<div class=\"row\"><div class=\"col-sm-12\"><a href=\"http:\/\/www.tamaulipas.gob.mx\/salud\/infraestructura-en-salud\/hospitales-generales\/hospital-general-tampico\/\" class=\"btn btn-primary btn-sm pull-right\"><i class=\"fa fa-external-link\"><\/i> M\u00e1s informaci\u00f3n <\/a><\/div><\/div>\n<hr \/>\n<h3>Hospital General Valle Hermoso<\/h3>\n<p>Encuentra informaci\u00f3n acerca de las especialidades, horarios y ubicaci\u00f3n del Hospital<\/p>\n<div class=\"row\"><div class=\"col-sm-12\"><a href=\"https:\/\/www.tamaulipas.gob.mx\/salud\/infraestructura-en-salud\/hospitales-generales\/hospital-general-valle-hermoso\/\" class=\"btn btn-primary btn-sm pull-right\"><i class=\"fa fa-external-link\"><\/i> M\u00e1s informaci\u00f3n <\/a><\/div><\/div>\n<hr \/>\n<h3>Hospital General Victoria<\/h3>\n<p>Encuentra informaci\u00f3n acerca de las especialidades, horarios y ubicaci\u00f3n del Hospital<\/p>\n<div class=\"row\"><div class=\"col-sm-12\"><a href=\"http:\/\/www.tamaulipas.gob.mx\/salud\/infraestructura-en-salud\/hospitales-generales\/hospital-general-victoria\/\" class=\"btn btn-primary btn-sm pull-right\"><i class=\"fa fa-external-link\"><\/i> M\u00e1s informaci\u00f3n <\/a><\/div><\/div>\n<hr \/>\n<h3>Hospital General R\u00edo Bravo<\/h3>\n<p>Encuentra informaci\u00f3n acerca de las especialidades, horarios y ubicaci\u00f3n del Hospital<\/p>\n<div class=\"row\"><div class=\"col-sm-12\"><a href=\"https:\/\/www.tamaulipas.gob.mx\/salud\/hospital-general-rio-bravo\/\" class=\"btn btn-primary btn-sm pull-right\"><i class=\"fa fa-external-link\"><\/i> M\u00e1s informaci\u00f3n <\/a><\/div><\/div>\n<hr \/>\n","protected":false},"excerpt":{"rendered":"<p>Hospital General Altamira Encuentra informaci\u00f3n acerca de las especialidades, horarios y ubicaci\u00f3n del Hospital Hospital General Mante Encuentra informaci\u00f3n acerca de las especialidades, horarios y\u2026<\/p>\n","protected":false},"author":59,"featured_media":0,"parent":111,"menu_order":0,"comment_status":"closed","ping_status":"closed","template":"","meta":{"footnotes":""},"class_list":["post-133","page","type-page","status-publish","hentry"],"yoast_head":"<!-- This site is optimized with the Yoast SEO plugin v24.8.1 - https:\/\/yoast.com\/wordpress\/plugins\/seo\/ -->\n<title>Hospitales Generales - Secretar\u00eda de Salud<\/title>\n<meta name=\"robots\" content=\"index, follow, max-snippet:-1, max-image-preview:large, max-video-preview:-1\" \/>\n<link rel=\"canonical\" href=\"https:\/\/www.tamaulipas.gob.mx\/salud\/infraestructura-en-salud\/hospitales-generales\/\" \/>\n<meta property=\"og:locale\" content=\"es_ES\" \/>\n<meta property=\"og:type\" content=\"article\" \/>\n<meta property=\"og:title\" content=\"Hospitales Generales - Secretar\u00eda de Salud\" \/>\n<meta property=\"og:description\" content=\"Hospital General Altamira Encuentra informaci\u00f3n acerca de las especialidades, horarios y ubicaci\u00f3n del Hospital Hospital General Mante Encuentra informaci\u00f3n acerca de las especialidades, horarios y\u2026\" \/>\n<meta property=\"og:url\" content=\"https:\/\/www.tamaulipas.gob.mx\/salud\/infraestructura-en-salud\/hospitales-generales\/\" \/>\n<meta property=\"og:site_name\" content=\"Secretar\u00eda de Salud\" \/>\n<meta property=\"article:publisher\" content=\"https:\/\/www.facebook.com\/SaludTamaulipas\" \/>\n<meta property=\"article:modified_time\" content=\"2024-05-09T20:52:44+00:00\" \/>\n<meta property=\"og:image\" content=\"https:\/\/www.tamaulipas.gob.mx\/salud\/wp-content\/uploads\/sites\/4\/2022\/10\/logotamaulipas2022.png\" \/>\n\t<meta property=\"og:image:width\" content=\"1200\" \/>\n\t<meta property=\"og:image:height\" content=\"388\" \/>\n\t<meta property=\"og:image:type\" content=\"image\/png\" \/>\n<meta name=\"twitter:card\" content=\"summary_large_image\" \/>\n<meta name=\"twitter:label1\" content=\"Tiempo de lectura\" \/>\n\t<meta name=\"twitter:data1\" content=\"2 minutos\" \/>\n<script type=\"application\/ld+json\" class=\"yoast-schema-graph\">{\"@context\":\"https:\/\/schema.org\",\"@graph\":[{\"@type\":\"WebPage\",\"@id\":\"https:\/\/www.tamaulipas.gob.mx\/salud\/infraestructura-en-salud\/hospitales-generales\/\",\"url\":\"https:\/\/www.tamaulipas.gob.mx\/salud\/infraestructura-en-salud\/hospitales-generales\/\",\"name\":\"Hospitales Generales - Secretar\u00eda de Salud\",\"isPartOf\":{\"@id\":\"https:\/\/www.tamaulipas.gob.mx\/salud\/#website\"},\"datePublished\":\"2016-11-01T22:40:17+00:00\",\"dateModified\":\"2024-05-09T20:52:44+00:00\",\"breadcrumb\":{\"@id\":\"https:\/\/www.tamaulipas.gob.mx\/salud\/infraestructura-en-salud\/hospitales-generales\/#breadcrumb\"},\"inLanguage\":\"es\",\"potentialAction\":[{\"@type\":\"ReadAction\",\"target\":[\"https:\/\/www.tamaulipas.gob.mx\/salud\/infraestructura-en-salud\/hospitales-generales\/\"]}]},{\"@type\":\"BreadcrumbList\",\"@id\":\"https:\/\/www.tamaulipas.gob.mx\/salud\/infraestructura-en-salud\/hospitales-generales\/#breadcrumb\",\"itemListElement\":[{\"@type\":\"ListItem\",\"position\":1,\"name\":\"Portada\",\"item\":\"https:\/\/www.tamaulipas.gob.mx\/salud\/\"},{\"@type\":\"ListItem\",\"position\":2,\"name\":\"Infraestructura en Salud\",\"item\":\"https:\/\/www.tamaulipas.gob.mx\/salud\/infraestructura-en-salud\/\"},{\"@type\":\"ListItem\",\"position\":3,\"name\":\"Hospitales Generales\"}]},{\"@type\":\"WebSite\",\"@id\":\"https:\/\/www.tamaulipas.gob.mx\/salud\/#website\",\"url\":\"https:\/\/www.tamaulipas.gob.mx\/salud\/\",\"name\":\"Secretar\u00eda de Salud\",\"description\":\"Gobierno del Estado de Tamaulipas\",\"publisher\":{\"@id\":\"https:\/\/www.tamaulipas.gob.mx\/salud\/#organization\"},\"potentialAction\":[{\"@type\":\"SearchAction\",\"target\":{\"@type\":\"EntryPoint\",\"urlTemplate\":\"https:\/\/www.tamaulipas.gob.mx\/salud\/?s={search_term_string}\"},\"query-input\":{\"@type\":\"PropertyValueSpecification\",\"valueRequired\":true,\"valueName\":\"search_term_string\"}}],\"inLanguage\":\"es\"},{\"@type\":\"Organization\",\"@id\":\"https:\/\/www.tamaulipas.gob.mx\/salud\/#organization\",\"name\":\"Secretar\u00eda de Salud de Tamaulipas\",\"url\":\"https:\/\/www.tamaulipas.gob.mx\/salud\/\",\"logo\":{\"@type\":\"ImageObject\",\"inLanguage\":\"es\",\"@id\":\"https:\/\/www.tamaulipas.gob.mx\/salud\/#\/schema\/logo\/image\/\",\"url\":\"https:\/\/www.tamaulipas.gob.mx\/salud\/wp-content\/uploads\/sites\/4\/2022\/10\/logotamaulipas2022.png\",\"contentUrl\":\"https:\/\/www.tamaulipas.gob.mx\/salud\/wp-content\/uploads\/sites\/4\/2022\/10\/logotamaulipas2022.png\",\"width\":1200,\"height\":388,\"caption\":\"Secretar\u00eda de Salud de Tamaulipas\"},\"image\":{\"@id\":\"https:\/\/www.tamaulipas.gob.mx\/salud\/#\/schema\/logo\/image\/\"},\"sameAs\":[\"https:\/\/www.facebook.com\/SaludTamaulipas\"]}]}<\/script>\n<!-- \/ Yoast SEO plugin. -->","yoast_head_json":{"title":"Hospitales Generales - Secretar\u00eda de Salud","robots":{"index":"index","follow":"follow","max-snippet":"max-snippet:-1","max-image-preview":"max-image-preview:large","max-video-preview":"max-video-preview:-1"},"canonical":"https:\/\/www.tamaulipas.gob.mx\/salud\/infraestructura-en-salud\/hospitales-generales\/","og_locale":"es_ES","og_type":"article","og_title":"Hospitales Generales - Secretar\u00eda de Salud","og_description":"Hospital General Altamira Encuentra informaci\u00f3n acerca de las especialidades, horarios y ubicaci\u00f3n del Hospital Hospital General Mante Encuentra informaci\u00f3n acerca de las especialidades, horarios y\u2026","og_url":"https:\/\/www.tamaulipas.gob.mx\/salud\/infraestructura-en-salud\/hospitales-generales\/","og_site_name":"Secretar\u00eda de Salud","article_publisher":"https:\/\/www.facebook.com\/SaludTamaulipas","article_modified_time":"2024-05-09T20:52:44+00:00","og_image":[{"width":1200,"height":388,"url":"https:\/\/www.tamaulipas.gob.mx\/salud\/wp-content\/uploads\/sites\/4\/2022\/10\/logotamaulipas2022.png","type":"image\/png"}],"twitter_card":"summary_large_image","twitter_misc":{"Tiempo de lectura":"2 minutos"},"schema":{"@context":"https:\/\/schema.org","@graph":[{"@type":"WebPage","@id":"https:\/\/www.tamaulipas.gob.mx\/salud\/infraestructura-en-salud\/hospitales-generales\/","url":"https:\/\/www.tamaulipas.gob.mx\/salud\/infraestructura-en-salud\/hospitales-generales\/","name":"Hospitales Generales - Secretar\u00eda de Salud","isPartOf":{"@id":"https:\/\/www.tamaulipas.gob.mx\/salud\/#website"},"datePublished":"2016-11-01T22:40:17+00:00","dateModified":"2024-05-09T20:52:44+00:00","breadcrumb":{"@id":"https:\/\/www.tamaulipas.gob.mx\/salud\/infraestructura-en-salud\/hospitales-generales\/#breadcrumb"},"inLanguage":"es","potentialAction":[{"@type":"ReadAction","target":["https:\/\/www.tamaulipas.gob.mx\/salud\/infraestructura-en-salud\/hospitales-generales\/"]}]},{"@type":"BreadcrumbList","@id":"https:\/\/www.tamaulipas.gob.mx\/salud\/infraestructura-en-salud\/hospitales-generales\/#breadcrumb","itemListElement":[{"@type":"ListItem","position":1,"name":"Portada","item":"https:\/\/www.tamaulipas.gob.mx\/salud\/"},{"@type":"ListItem","position":2,"name":"Infraestructura en Salud","item":"https:\/\/www.tamaulipas.gob.mx\/salud\/infraestructura-en-salud\/"},{"@type":"ListItem","position":3,"name":"Hospitales Generales"}]},{"@type":"WebSite","@id":"https:\/\/www.tamaulipas.gob.mx\/salud\/#website","url":"https:\/\/www.tamaulipas.gob.mx\/salud\/","name":"Secretar\u00eda de Salud","description":"Gobierno del Estado de Tamaulipas","publisher":{"@id":"https:\/\/www.tamaulipas.gob.mx\/salud\/#organization"},"potentialAction":[{"@type":"SearchAction","target":{"@type":"EntryPoint","urlTemplate":"https:\/\/www.tamaulipas.gob.mx\/salud\/?s={search_term_string}"},"query-input":{"@type":"PropertyValueSpecification","valueRequired":true,"valueName":"search_term_string"}}],"inLanguage":"es"},{"@type":"Organization","@id":"https:\/\/www.tamaulipas.gob.mx\/salud\/#organization","name":"Secretar\u00eda de Salud de Tamaulipas","url":"https:\/\/www.tamaulipas.gob.mx\/salud\/","logo":{"@type":"ImageObject","inLanguage":"es","@id":"https:\/\/www.tamaulipas.gob.mx\/salud\/#\/schema\/logo\/image\/","url":"https:\/\/www.tamaulipas.gob.mx\/salud\/wp-content\/uploads\/sites\/4\/2022\/10\/logotamaulipas2022.png","contentUrl":"https:\/\/www.tamaulipas.gob.mx\/salud\/wp-content\/uploads\/sites\/4\/2022\/10\/logotamaulipas2022.png","width":1200,"height":388,"caption":"Secretar\u00eda de Salud de Tamaulipas"},"image":{"@id":"https:\/\/www.tamaulipas.gob.mx\/salud\/#\/schema\/logo\/image\/"},"sameAs":["https:\/\/www.facebook.com\/SaludTamaulipas"]}]}},"publishpress_future_action":{"enabled":false,"date":"2026-05-06 06:08:54","action":"change-status","newStatus":"draft","terms":[],"taxonomy":""},"_links":{"self":[{"href":"https:\/\/www.tamaulipas.gob.mx\/salud\/wp-json\/wp\/v2\/pages\/133"}],"collection":[{"href":"https:\/\/www.tamaulipas.gob.mx\/salud\/wp-json\/wp\/v2\/pages"}],"about":[{"href":"https:\/\/www.tamaulipas.gob.mx\/salud\/wp-json\/wp\/v2\/types\/page"}],"author":[{"embeddable":true,"href":"https:\/\/www.tamaulipas.gob.mx\/salud\/wp-json\/wp\/v2\/users\/59"}],"replies":[{"embeddable":true,"href":"https:\/\/www.tamaulipas.gob.mx\/salud\/wp-json\/wp\/v2\/comments?post=133"}],"version-history":[{"count":8,"href":"https:\/\/www.tamaulipas.gob.mx\/salud\/wp-json\/wp\/v2\/pages\/133\/revisions"}],"predecessor-version":[{"id":15411,"href":"https:\/\/www.tamaulipas.gob.mx\/salud\/wp-json\/wp\/v2\/pages\/133\/revisions\/15411"}],"up":[{"embeddable":true,"href":"https:\/\/www.tamaulipas.gob.mx\/salud\/wp-json\/wp\/v2\/pages\/111"}],"wp:attachment":[{"href":"https:\/\/www.tamaulipas.gob.mx\/salud\/wp-json\/wp\/v2\/media?parent=133"}],"curies":[{"name":"wp","href":"https:\/\/api.w.org\/{rel}","templated":true}]}}