{"id":119,"date":"2016-11-01T16:15:05","date_gmt":"2016-11-01T22:15:05","guid":{"rendered":"http:\/\/www.tamaulipas.gob.mx\/salud\/?page_id=119"},"modified":"2026-03-09T19:35:11","modified_gmt":"2026-03-10T01:35:11","slug":"laboratorio-estatal-de-salud-publica","status":"publish","type":"page","link":"https:\/\/www.tamaulipas.gob.mx\/salud\/infraestructura-en-salud\/laboratorio-estatal-de-salud-publica\/","title":{"rendered":"Laboratorio Estatal de Salud P\u00fablica"},"content":{"rendered":"<p><strong>Programas<\/strong><br \/>\nEl Laboratorio Estatal apoya con los siguientes diagn\u00f3sticos a la Secretar\u00eda de salud.<\/p>\n<p><img loading=\"lazy\" decoding=\"async\" class=\"size-full wp-image-15545 aligncenter\" src=\"https:\/\/www.tamaulipas.gob.mx\/salud\/wp-content\/uploads\/sites\/4\/2024\/07\/lab.jpg\" alt=\"\" width=\"826\" height=\"569\" \/><\/p>\n<p><img loading=\"lazy\" decoding=\"async\" class=\"size-full wp-image-15546 aligncenter\" src=\"https:\/\/www.tamaulipas.gob.mx\/salud\/wp-content\/uploads\/sites\/4\/2024\/07\/labo.jpg\" alt=\"\" width=\"800\" height=\"450\" \/><\/p>\n<div class=\"panel-group\" id=\"custom-collapse-0\">\n<div class=\"panel panel-default\">\n\t\t\t\t<div class=\"panel-heading\">\n\t\t\t\t\t<h4 class=\"panel-title\">\n\t\t\t\t\t\t<a class=\"collapsed\" data-toggle=\"collapse\" data-parent=\"#custom-collapse-0\" href=\"#custom-collapse-0-0\">Antecedentes<\/a>\n\t\t\t\t\t<\/h4>\n\t\t\t\t<\/div>\n\t\t\t\t<div id=\"custom-collapse-0-0\" class=\"panel-collapse collapse\">\n\t\t\t\t\t<div class=\"panel-body\">\nEl Laboratorio Estatal de Salud P\u00fablica de Tamaulipas fue inaugurado el 20 de Enero de 1999 surgiendo bajo la necesidad de realizar diagn\u00f3sticos en el \u00e1mbito epidemiol\u00f3gico y de Protecci\u00f3n Contra Riesgos Sanitarios en apoyo a la Subsecretaria de Salud P\u00fablica y la COEPRIS atendiendo a los programas prioritarios de salud del Estado.<\/p>\n<\/div>\n\t\t\t\t<\/div>\n\t\t\t<\/div>\n<div class=\"panel panel-default\">\n\t\t\t\t<div class=\"panel-heading\">\n\t\t\t\t\t<h4 class=\"panel-title\">\n\t\t\t\t\t\t<a class=\"collapsed\" data-toggle=\"collapse\" data-parent=\"#custom-collapse-0\" href=\"#custom-collapse-0-1\">Misi\u00f3n y Visi\u00f3n<\/a>\n\t\t\t\t\t<\/h4>\n\t\t\t\t<\/div>\n\t\t\t\t<div id=\"custom-collapse-0-1\" class=\"panel-collapse collapse\">\n\t\t\t\t\t<div class=\"panel-body\">\n<p><strong>Misi\u00f3n<\/strong><br \/>\nRealizar metodol\u00f3gica y normativamente an\u00e1lisis sanitarios y de diagn\u00f3stico epidemiol\u00f3gico contribuyendo con un gran sentido humanista a la protecci\u00f3n de la salud de los Tamaulipecos.<br \/>\n<strong>Visi\u00f3n<\/strong><br \/>\nSomos un laboratorio l\u00edder en sistemas integrales y riesgo biol\u00f3gico con metodolog\u00edas nacionales e internacionales, con personal competitivo, reconocidos como clase mundial.<br \/>\nSomos una instituci\u00f3n comprometida para atender emergencias sanitarias y epidemiol\u00f3gicas, coadyuvando a la protecci\u00f3n de la salud de nuestro pa\u00eds.<br \/>\nContamos con tecnolog\u00eda especializada y el solido apoyo de nuestro talento humano, con la sustentabilidad en la oferta de los diagn\u00f3sticos de nuestros servicios.<br \/>\n<\/div>\n\t\t\t\t<\/div>\n\t\t\t<\/div>\n<div class=\"panel panel-default\">\n\t\t\t\t<div class=\"panel-heading\">\n\t\t\t\t\t<h4 class=\"panel-title\">\n\t\t\t\t\t\t<a class=\"collapsed\" data-toggle=\"collapse\" data-parent=\"#custom-collapse-0\" href=\"#custom-collapse-0-2\">Valores<\/a>\n\t\t\t\t\t<\/h4>\n\t\t\t\t<\/div>\n\t\t\t\t<div id=\"custom-collapse-0-2\" class=\"panel-collapse collapse\">\n\t\t\t\t\t<div class=\"panel-body\">\n<ul>\n<li>Responsabilidad<\/li>\n<li>Excelencia en el servicio<\/li>\n<li>Confiabilidad<\/li>\n<li>Confidencialidad<\/li>\n<li>Entusiasmo<\/li>\n<li>Trabajo en equipo<\/li>\n<li>Transparencia<\/li>\n<\/ul>\n<\/div>\n\t\t\t\t<\/div>\n\t\t\t<\/div>\n<div class=\"panel panel-default\">\n\t\t\t\t<div class=\"panel-heading\">\n\t\t\t\t\t<h4 class=\"panel-title\">\n\t\t\t\t\t\t<a class=\"collapsed\" data-toggle=\"collapse\" data-parent=\"#custom-collapse-0\" href=\"#custom-collapse-0-3\">Pol\u00edtica de Calidad<\/a>\n\t\t\t\t\t<\/h4>\n\t\t\t\t<\/div>\n\t\t\t\t<div id=\"custom-collapse-0-3\" class=\"panel-collapse collapse\">\n\t\t\t\t\t<div class=\"panel-body\">\nOtorgar resultados confiables y oportunos en el \u00e1mbito de protecci\u00f3n contra riesgos sanitarios y diagn\u00f3stico epidemiol\u00f3gico, mediante un sistema de gesti\u00f3n integral cumpliendo con los requisitos de las normas aplicables de calidad y seguridad, con tecnolog\u00eda y personal altamente capacitado comprometido a proteger el medio ambiente aprovechando los riesgos para mejorar continuamente y satisfacer las necesidades del usuario y\/o usuario.<\/p>\n<\/div>\n\t\t\t\t<\/div>\n\t\t\t<\/div>\n<div class=\"panel panel-default\">\n\t\t\t\t<div class=\"panel-heading\">\n\t\t\t\t\t<h4 class=\"panel-title\">\n\t\t\t\t\t\t<a class=\"collapsed\" data-toggle=\"collapse\" data-parent=\"#custom-collapse-0\" href=\"#custom-collapse-0-4\">Objetivo<\/a>\n\t\t\t\t\t<\/h4>\n\t\t\t\t<\/div>\n\t\t\t\t<div id=\"custom-collapse-0-4\" class=\"panel-collapse collapse\">\n\t\t\t\t\t<div class=\"panel-body\">\nContribuir a la toma de decisiones para el control de diagnostico epidemiol\u00f3gico y riesgos sanitarios mediante la generaci\u00f3n de informes de prueba oportunos y confiables.<\/p>\n<\/div>\n\t\t\t\t<\/div>\n\t\t\t<\/div>\n<div class=\"panel panel-default\">\n\t\t\t\t<div class=\"panel-heading\">\n\t\t\t\t\t<h4 class=\"panel-title\">\n\t\t\t\t\t\t<a class=\"collapsed\" data-toggle=\"collapse\" data-parent=\"#custom-collapse-0\" href=\"#custom-collapse-0-5\">Modo de Operaci\u00f3n<\/a>\n\t\t\t\t\t<\/h4>\n\t\t\t\t<\/div>\n\t\t\t\t<div id=\"custom-collapse-0-5\" class=\"panel-collapse collapse\">\n\t\t\t\t\t<div class=\"panel-body\">\n<strong>Marco Jur\u00eddico de Actuaci\u00f3n<\/strong><\/p>\n<ul>\n<li>Constituci\u00f3n Pol\u00edtica de los Estados Unidos Mexicanos.<\/li>\n<li>Ley General de Salud.<\/li>\n<li>Ley de Salud para el Estado de Tamaulipas.<\/li>\n<li>Norma Oficial Mexicana para la Vigilancia Epidemiol\u00f3gica (NOM-017 SSA2-2012).<\/li>\n<li>Normas Oficiales Mexicanas vigentes, aplicables al Diagn\u00f3stico Epidemiol\u00f3gico y control Sanitario llevado a cabo en este Laboratorio.<\/li>\n<li>Normas Oficiales Mexicanas vigentes, aplicables a la Seguridad e Higiene Laboral en este Laboratorio.<\/li>\n<li>NMX-EC-17025-2018-IMNC Requisitos Generales para la competencia de los laboratorios de ensayo y calibraci\u00f3n.<\/li>\n<li>ISO-15189-2022 Requisitos para la Calidad y la Competencia.<\/li>\n<li>ISO 9001-2015 Sistemas de Gesti\u00f3n de Calidad-Requisitos.<\/li>\n<\/ul>\n<\/div>\n\t\t\t\t<\/div>\n\t\t\t<\/div>\n<div class=\"panel panel-default\">\n\t\t\t\t<div class=\"panel-heading\">\n\t\t\t\t\t<h4 class=\"panel-title\">\n\t\t\t\t\t\t<a class=\"collapsed\" data-toggle=\"collapse\" data-parent=\"#custom-collapse-0\" href=\"#custom-collapse-0-6\">Infraestructura<\/a>\n\t\t\t\t\t<\/h4>\n\t\t\t\t<\/div>\n\t\t\t\t<div id=\"custom-collapse-0-6\" class=\"panel-collapse collapse\">\n\t\t\t\t\t<div class=\"panel-body\">\nEl Laboratorio cuenta con las siguientes \u00e1reas:<\/p>\n<p><strong>Diagn\u00f3stico Epidemiol\u00f3gico<\/strong><br \/>\nCon los Laboratorios de Serolog\u00eda, Microbiolog\u00eda Epidemiol\u00f3gica, Microbacterias, Biolog\u00eda Molecular, Citolog\u00edas, Zoonosis, Entomolog\u00eda y Paludismo.<\/p>\n<p><strong>Protecci\u00f3n Contra Riesgos Sanitarios<\/strong><br \/>\nCon los Laboratorios de Fisicoqu\u00edmicos, Microbiolog\u00eda de Aguas y Alimentos.<\/p>\n<p><strong>Innovaci\u00f3n y Calidad<\/strong><br \/>\nEnse\u00f1anza e investigaci\u00f3n<br \/>\nAdem\u00e1s, \u00e1reas de apoyo en el diagn\u00f3stico, \u00e1rea administrativa, inform\u00e1tica.<\/p>\n<\/div>\n\t\t\t\t<\/div>\n\t\t\t<\/div>\n<div class=\"panel panel-default\">\n\t\t\t\t<div class=\"panel-heading\">\n\t\t\t\t\t<h4 class=\"panel-title\">\n\t\t\t\t\t\t<a class=\"collapsed\" data-toggle=\"collapse\" data-parent=\"#custom-collapse-0\" href=\"#custom-collapse-0-7\">Aviso de Privacidad<\/a>\n\t\t\t\t\t<\/h4>\n\t\t\t\t<\/div>\n\t\t\t\t<div id=\"custom-collapse-0-7\" class=\"panel-collapse collapse\">\n\t\t\t\t\t<div class=\"panel-body\">\n<div class=\"videoWrapper\">\n<blockquote class=\"wp-embedded-content\" data-secret=\"2f4d5fR3Qr\"><p><a href=\"https:\/\/www.tamaulipas.gob.mx\/salud\/aviso-de-privacidad-laboratorio-estatal-de-salud-publica\/\">Aviso de Privacidad Laboratorio Estatal de Salud P\u00fablica<\/a><\/p><\/blockquote>\n<p><iframe loading=\"lazy\" class=\"wp-embedded-content\" sandbox=\"allow-scripts\" security=\"restricted\" style=\"position: absolute; visibility: hidden;\" title=\"\u00abAviso de Privacidad Laboratorio Estatal de Salud P\u00fablica\u00bb \u2014 Secretar\u00eda de Salud\" src=\"https:\/\/www.tamaulipas.gob.mx\/salud\/aviso-de-privacidad-laboratorio-estatal-de-salud-publica\/embed\/#?secret=SVUzYfC2BW#?secret=2f4d5fR3Qr\" data-secret=\"2f4d5fR3Qr\" width=\"500\" height=\"282\" frameborder=\"0\" marginwidth=\"0\" marginheight=\"0\" scrolling=\"no\"><\/iframe><\/div>\n<\/div>\n\t\t\t\t<\/div>\n\t\t\t<\/div>\n<\/div>\n<p>&nbsp;<\/p>\n<p><strong>Para mayor informaci\u00f3n se puede comunicar a:<\/strong><\/p>\n<blockquote><p><strong>Laboratorio Estatal de Salud P\u00fablica<\/strong><br \/>\nCentro Educativo Adolfo L\u00f3pez Mateos S\/N Colonia Pedro Sosa, C\u00f3digo Postal 87120 Ciudad Victoria Tamaulipas<br \/>\n<strong>E-mail:<\/strong><br \/>\n<a href=\"mailto:lespt@hotmail.com\">lespt@hotmail.com<\/a><br \/>\n<a href=\"mailto:lespt@tamaulipas.gob.mx\">lespt@tamaulipas.gob.mx<\/a><\/p><\/blockquote>\n","protected":false},"excerpt":{"rendered":"<p>Programas El Laboratorio Estatal apoya con los siguientes diagn\u00f3sticos a la Secretar\u00eda de salud. &nbsp; Para mayor informaci\u00f3n se puede comunicar a: Laboratorio Estatal de\u2026<\/p>\n","protected":false},"author":140,"featured_media":0,"parent":111,"menu_order":0,"comment_status":"closed","ping_status":"closed","template":"","meta":{"footnotes":""},"class_list":["post-119","page","type-page","status-publish","hentry"],"yoast_head":"<!-- This site is optimized with the Yoast SEO plugin v24.8.1 - https:\/\/yoast.com\/wordpress\/plugins\/seo\/ -->\n<title>Laboratorio Estatal de Salud P\u00fablica - Secretar\u00eda de Salud<\/title>\n<meta name=\"robots\" content=\"index, follow, max-snippet:-1, max-image-preview:large, max-video-preview:-1\" \/>\n<link rel=\"canonical\" href=\"https:\/\/www.tamaulipas.gob.mx\/salud\/infraestructura-en-salud\/laboratorio-estatal-de-salud-publica\/\" \/>\n<meta property=\"og:locale\" content=\"es_ES\" \/>\n<meta property=\"og:type\" content=\"article\" \/>\n<meta property=\"og:title\" content=\"Laboratorio Estatal de Salud P\u00fablica - Secretar\u00eda de Salud\" \/>\n<meta property=\"og:description\" content=\"Programas El Laboratorio Estatal apoya con los siguientes diagn\u00f3sticos a la Secretar\u00eda de salud. &nbsp; Para mayor informaci\u00f3n se puede comunicar a: Laboratorio Estatal de\u2026\" \/>\n<meta property=\"og:url\" content=\"https:\/\/www.tamaulipas.gob.mx\/salud\/infraestructura-en-salud\/laboratorio-estatal-de-salud-publica\/\" \/>\n<meta property=\"og:site_name\" content=\"Secretar\u00eda de Salud\" \/>\n<meta property=\"article:publisher\" content=\"https:\/\/www.facebook.com\/SaludTamaulipas\" \/>\n<meta property=\"article:modified_time\" content=\"2026-03-10T01:35:11+00:00\" \/>\n<meta property=\"og:image\" content=\"https:\/\/www.tamaulipas.gob.mx\/salud\/wp-content\/uploads\/sites\/4\/2024\/07\/lab.jpg\" \/>\n\t<meta property=\"og:image:width\" content=\"826\" \/>\n\t<meta property=\"og:image:height\" content=\"569\" \/>\n\t<meta property=\"og:image:type\" content=\"image\/jpeg\" \/>\n<meta name=\"twitter:card\" content=\"summary_large_image\" \/>\n<meta name=\"twitter:label1\" content=\"Tiempo de lectura\" \/>\n\t<meta name=\"twitter:data1\" content=\"3 minutos\" \/>\n<script type=\"application\/ld+json\" class=\"yoast-schema-graph\">{\"@context\":\"https:\/\/schema.org\",\"@graph\":[{\"@type\":\"WebPage\",\"@id\":\"https:\/\/www.tamaulipas.gob.mx\/salud\/infraestructura-en-salud\/laboratorio-estatal-de-salud-publica\/\",\"url\":\"https:\/\/www.tamaulipas.gob.mx\/salud\/infraestructura-en-salud\/laboratorio-estatal-de-salud-publica\/\",\"name\":\"Laboratorio Estatal de Salud P\u00fablica - Secretar\u00eda de Salud\",\"isPartOf\":{\"@id\":\"https:\/\/www.tamaulipas.gob.mx\/salud\/#website\"},\"primaryImageOfPage\":{\"@id\":\"https:\/\/www.tamaulipas.gob.mx\/salud\/infraestructura-en-salud\/laboratorio-estatal-de-salud-publica\/#primaryimage\"},\"image\":{\"@id\":\"https:\/\/www.tamaulipas.gob.mx\/salud\/infraestructura-en-salud\/laboratorio-estatal-de-salud-publica\/#primaryimage\"},\"thumbnailUrl\":\"https:\/\/www.tamaulipas.gob.mx\/salud\/wp-content\/uploads\/sites\/4\/2024\/07\/lab.jpg\",\"datePublished\":\"2016-11-01T22:15:05+00:00\",\"dateModified\":\"2026-03-10T01:35:11+00:00\",\"breadcrumb\":{\"@id\":\"https:\/\/www.tamaulipas.gob.mx\/salud\/infraestructura-en-salud\/laboratorio-estatal-de-salud-publica\/#breadcrumb\"},\"inLanguage\":\"es\",\"potentialAction\":[{\"@type\":\"ReadAction\",\"target\":[\"https:\/\/www.tamaulipas.gob.mx\/salud\/infraestructura-en-salud\/laboratorio-estatal-de-salud-publica\/\"]}]},{\"@type\":\"ImageObject\",\"inLanguage\":\"es\",\"@id\":\"https:\/\/www.tamaulipas.gob.mx\/salud\/infraestructura-en-salud\/laboratorio-estatal-de-salud-publica\/#primaryimage\",\"url\":\"https:\/\/www.tamaulipas.gob.mx\/salud\/wp-content\/uploads\/sites\/4\/2024\/07\/lab.jpg\",\"contentUrl\":\"https:\/\/www.tamaulipas.gob.mx\/salud\/wp-content\/uploads\/sites\/4\/2024\/07\/lab.jpg\",\"width\":826,\"height\":569},{\"@type\":\"BreadcrumbList\",\"@id\":\"https:\/\/www.tamaulipas.gob.mx\/salud\/infraestructura-en-salud\/laboratorio-estatal-de-salud-publica\/#breadcrumb\",\"itemListElement\":[{\"@type\":\"ListItem\",\"position\":1,\"name\":\"Portada\",\"item\":\"https:\/\/www.tamaulipas.gob.mx\/salud\/\"},{\"@type\":\"ListItem\",\"position\":2,\"name\":\"Infraestructura en Salud\",\"item\":\"https:\/\/www.tamaulipas.gob.mx\/salud\/infraestructura-en-salud\/\"},{\"@type\":\"ListItem\",\"position\":3,\"name\":\"Laboratorio Estatal de Salud P\u00fablica\"}]},{\"@type\":\"WebSite\",\"@id\":\"https:\/\/www.tamaulipas.gob.mx\/salud\/#website\",\"url\":\"https:\/\/www.tamaulipas.gob.mx\/salud\/\",\"name\":\"Secretar\u00eda de Salud\",\"description\":\"Gobierno del Estado de Tamaulipas\",\"publisher\":{\"@id\":\"https:\/\/www.tamaulipas.gob.mx\/salud\/#organization\"},\"potentialAction\":[{\"@type\":\"SearchAction\",\"target\":{\"@type\":\"EntryPoint\",\"urlTemplate\":\"https:\/\/www.tamaulipas.gob.mx\/salud\/?s={search_term_string}\"},\"query-input\":{\"@type\":\"PropertyValueSpecification\",\"valueRequired\":true,\"valueName\":\"search_term_string\"}}],\"inLanguage\":\"es\"},{\"@type\":\"Organization\",\"@id\":\"https:\/\/www.tamaulipas.gob.mx\/salud\/#organization\",\"name\":\"Secretar\u00eda de Salud de Tamaulipas\",\"url\":\"https:\/\/www.tamaulipas.gob.mx\/salud\/\",\"logo\":{\"@type\":\"ImageObject\",\"inLanguage\":\"es\",\"@id\":\"https:\/\/www.tamaulipas.gob.mx\/salud\/#\/schema\/logo\/image\/\",\"url\":\"https:\/\/www.tamaulipas.gob.mx\/salud\/wp-content\/uploads\/sites\/4\/2022\/10\/logotamaulipas2022.png\",\"contentUrl\":\"https:\/\/www.tamaulipas.gob.mx\/salud\/wp-content\/uploads\/sites\/4\/2022\/10\/logotamaulipas2022.png\",\"width\":1200,\"height\":388,\"caption\":\"Secretar\u00eda de Salud de Tamaulipas\"},\"image\":{\"@id\":\"https:\/\/www.tamaulipas.gob.mx\/salud\/#\/schema\/logo\/image\/\"},\"sameAs\":[\"https:\/\/www.facebook.com\/SaludTamaulipas\"]}]}<\/script>\n<!-- \/ Yoast SEO plugin. -->","yoast_head_json":{"title":"Laboratorio Estatal de Salud P\u00fablica - Secretar\u00eda de Salud","robots":{"index":"index","follow":"follow","max-snippet":"max-snippet:-1","max-image-preview":"max-image-preview:large","max-video-preview":"max-video-preview:-1"},"canonical":"https:\/\/www.tamaulipas.gob.mx\/salud\/infraestructura-en-salud\/laboratorio-estatal-de-salud-publica\/","og_locale":"es_ES","og_type":"article","og_title":"Laboratorio Estatal de Salud P\u00fablica - Secretar\u00eda de Salud","og_description":"Programas El Laboratorio Estatal apoya con los siguientes diagn\u00f3sticos a la Secretar\u00eda de salud. &nbsp; Para mayor informaci\u00f3n se puede comunicar a: Laboratorio Estatal de\u2026","og_url":"https:\/\/www.tamaulipas.gob.mx\/salud\/infraestructura-en-salud\/laboratorio-estatal-de-salud-publica\/","og_site_name":"Secretar\u00eda de Salud","article_publisher":"https:\/\/www.facebook.com\/SaludTamaulipas","article_modified_time":"2026-03-10T01:35:11+00:00","og_image":[{"width":826,"height":569,"url":"https:\/\/www.tamaulipas.gob.mx\/salud\/wp-content\/uploads\/sites\/4\/2024\/07\/lab.jpg","type":"image\/jpeg"}],"twitter_card":"summary_large_image","twitter_misc":{"Tiempo de lectura":"3 minutos"},"schema":{"@context":"https:\/\/schema.org","@graph":[{"@type":"WebPage","@id":"https:\/\/www.tamaulipas.gob.mx\/salud\/infraestructura-en-salud\/laboratorio-estatal-de-salud-publica\/","url":"https:\/\/www.tamaulipas.gob.mx\/salud\/infraestructura-en-salud\/laboratorio-estatal-de-salud-publica\/","name":"Laboratorio Estatal de Salud P\u00fablica - Secretar\u00eda de Salud","isPartOf":{"@id":"https:\/\/www.tamaulipas.gob.mx\/salud\/#website"},"primaryImageOfPage":{"@id":"https:\/\/www.tamaulipas.gob.mx\/salud\/infraestructura-en-salud\/laboratorio-estatal-de-salud-publica\/#primaryimage"},"image":{"@id":"https:\/\/www.tamaulipas.gob.mx\/salud\/infraestructura-en-salud\/laboratorio-estatal-de-salud-publica\/#primaryimage"},"thumbnailUrl":"https:\/\/www.tamaulipas.gob.mx\/salud\/wp-content\/uploads\/sites\/4\/2024\/07\/lab.jpg","datePublished":"2016-11-01T22:15:05+00:00","dateModified":"2026-03-10T01:35:11+00:00","breadcrumb":{"@id":"https:\/\/www.tamaulipas.gob.mx\/salud\/infraestructura-en-salud\/laboratorio-estatal-de-salud-publica\/#breadcrumb"},"inLanguage":"es","potentialAction":[{"@type":"ReadAction","target":["https:\/\/www.tamaulipas.gob.mx\/salud\/infraestructura-en-salud\/laboratorio-estatal-de-salud-publica\/"]}]},{"@type":"ImageObject","inLanguage":"es","@id":"https:\/\/www.tamaulipas.gob.mx\/salud\/infraestructura-en-salud\/laboratorio-estatal-de-salud-publica\/#primaryimage","url":"https:\/\/www.tamaulipas.gob.mx\/salud\/wp-content\/uploads\/sites\/4\/2024\/07\/lab.jpg","contentUrl":"https:\/\/www.tamaulipas.gob.mx\/salud\/wp-content\/uploads\/sites\/4\/2024\/07\/lab.jpg","width":826,"height":569},{"@type":"BreadcrumbList","@id":"https:\/\/www.tamaulipas.gob.mx\/salud\/infraestructura-en-salud\/laboratorio-estatal-de-salud-publica\/#breadcrumb","itemListElement":[{"@type":"ListItem","position":1,"name":"Portada","item":"https:\/\/www.tamaulipas.gob.mx\/salud\/"},{"@type":"ListItem","position":2,"name":"Infraestructura en Salud","item":"https:\/\/www.tamaulipas.gob.mx\/salud\/infraestructura-en-salud\/"},{"@type":"ListItem","position":3,"name":"Laboratorio Estatal de Salud P\u00fablica"}]},{"@type":"WebSite","@id":"https:\/\/www.tamaulipas.gob.mx\/salud\/#website","url":"https:\/\/www.tamaulipas.gob.mx\/salud\/","name":"Secretar\u00eda de Salud","description":"Gobierno del Estado de Tamaulipas","publisher":{"@id":"https:\/\/www.tamaulipas.gob.mx\/salud\/#organization"},"potentialAction":[{"@type":"SearchAction","target":{"@type":"EntryPoint","urlTemplate":"https:\/\/www.tamaulipas.gob.mx\/salud\/?s={search_term_string}"},"query-input":{"@type":"PropertyValueSpecification","valueRequired":true,"valueName":"search_term_string"}}],"inLanguage":"es"},{"@type":"Organization","@id":"https:\/\/www.tamaulipas.gob.mx\/salud\/#organization","name":"Secretar\u00eda de Salud de Tamaulipas","url":"https:\/\/www.tamaulipas.gob.mx\/salud\/","logo":{"@type":"ImageObject","inLanguage":"es","@id":"https:\/\/www.tamaulipas.gob.mx\/salud\/#\/schema\/logo\/image\/","url":"https:\/\/www.tamaulipas.gob.mx\/salud\/wp-content\/uploads\/sites\/4\/2022\/10\/logotamaulipas2022.png","contentUrl":"https:\/\/www.tamaulipas.gob.mx\/salud\/wp-content\/uploads\/sites\/4\/2022\/10\/logotamaulipas2022.png","width":1200,"height":388,"caption":"Secretar\u00eda de Salud de Tamaulipas"},"image":{"@id":"https:\/\/www.tamaulipas.gob.mx\/salud\/#\/schema\/logo\/image\/"},"sameAs":["https:\/\/www.facebook.com\/SaludTamaulipas"]}]}},"publishpress_future_action":{"enabled":false,"date":"2026-04-28 05:50:19","action":"change-status","newStatus":"draft","terms":[],"taxonomy":""},"_links":{"self":[{"href":"https:\/\/www.tamaulipas.gob.mx\/salud\/wp-json\/wp\/v2\/pages\/119"}],"collection":[{"href":"https:\/\/www.tamaulipas.gob.mx\/salud\/wp-json\/wp\/v2\/pages"}],"about":[{"href":"https:\/\/www.tamaulipas.gob.mx\/salud\/wp-json\/wp\/v2\/types\/page"}],"author":[{"embeddable":true,"href":"https:\/\/www.tamaulipas.gob.mx\/salud\/wp-json\/wp\/v2\/users\/140"}],"replies":[{"embeddable":true,"href":"https:\/\/www.tamaulipas.gob.mx\/salud\/wp-json\/wp\/v2\/comments?post=119"}],"version-history":[{"count":10,"href":"https:\/\/www.tamaulipas.gob.mx\/salud\/wp-json\/wp\/v2\/pages\/119\/revisions"}],"predecessor-version":[{"id":16883,"href":"https:\/\/www.tamaulipas.gob.mx\/salud\/wp-json\/wp\/v2\/pages\/119\/revisions\/16883"}],"up":[{"embeddable":true,"href":"https:\/\/www.tamaulipas.gob.mx\/salud\/wp-json\/wp\/v2\/pages\/111"}],"wp:attachment":[{"href":"https:\/\/www.tamaulipas.gob.mx\/salud\/wp-json\/wp\/v2\/media?parent=119"}],"curies":[{"name":"wp","href":"https:\/\/api.w.org\/{rel}","templated":true}]}}