{"id":113,"date":"2016-11-01T16:12:12","date_gmt":"2016-11-01T22:12:12","guid":{"rendered":"http:\/\/www.tamaulipas.gob.mx\/salud\/?page_id=113"},"modified":"2018-06-06T10:28:24","modified_gmt":"2018-06-06T15:28:24","slug":"centro-estatal-de-transfusion-sanguinea","status":"publish","type":"page","link":"https:\/\/www.tamaulipas.gob.mx\/salud\/infraestructura-en-salud\/centro-estatal-de-transfusion-sanguinea\/","title":{"rendered":"Centro Estatal de Transfusi\u00f3n Sangu\u00ednea"},"content":{"rendered":"<p>La disponibilidad de la sangre es un asunto de orden p\u00fablico y de inter\u00e9s nacional porque es un bien irremplazable y necesario, cuya \u00fanica fuente de obtenci\u00f3n es el ser humano y que debe emplearse en condiciones de equidad, raciocinio y humanidad en el acceso.<\/p>\n<p>La naturaleza voluntaria de la donaci\u00f3n de la sangre surge de la fuente limitada de obtenci\u00f3n:\u00a0las personas sanas. Con ello, se busca reducir el riesgo de\u00a0 trasmisi\u00f3n de infecciones por transfusi\u00f3n permitiendo garantizar la disponibilidad y oportunidad en la entrega del servicio y es la que constituye su pilar b\u00e1sico.<\/p>\n<p>El Centro Estatal de la Transfusi\u00f3n Sangu\u00ednea, le invita a conocer sus servicios de recolecci\u00f3n y donaci\u00f3n de sangre humana para fines terap\u00e9uticos, a trav\u00e9s de un programa de donaci\u00f3n altruista, el Centro Estatal de la Transfusi\u00f3n Sangu\u00ednea cumple una labor social y humanitaria en la Secretar\u00eda de Salud en Tamaulipas para beneficio de la ciudadan\u00eda.<\/p>\n<div class=\"panel-group\" id=\"custom-collapse-0\">\n<div class=\"panel panel-default\">\n\t\t\t\t<div class=\"panel-heading\">\n\t\t\t\t\t<h4 class=\"panel-title\">\n\t\t\t\t\t\t<a class=\"collapsed\" data-toggle=\"collapse\" data-parent=\"#custom-collapse-0\" href=\"#custom-collapse-0-0\">Pol\u00edtica de Calidad y Objetivo<\/a>\n\t\t\t\t\t<\/h4>\n\t\t\t\t<\/div>\n\t\t\t\t<div id=\"custom-collapse-0-0\" class=\"panel-collapse collapse\">\n\t\t\t\t\t<div class=\"panel-body\">\n<p>Como toda actividad m\u00e9dica, en medicina transfusional existe regulaci\u00f3n jur\u00eddica:<\/p>\n<ul>\n<li>Constituci\u00f3n Pol\u00edtica de los Estados Unidos Mexicanos.<\/li>\n<li>Ley General de Salud.<\/li>\n<li>Reglamento de la Ley General de Salud en materia de control sanitario de la disposici\u00f3n\u00a0 de \u00f3rganos, tejidos y cad\u00e1veres de seres humanos.<\/li>\n<li>Reglamento de la Ley General de Salud en materia de prestaci\u00f3n de servicios de atenci\u00f3n m\u00e9dica.<\/li>\n<li>Norma Oficial Mexicana NOM-253-SSA1-2012, para la disposici\u00f3n de sangre humana y sus componentes con fines terap\u00e9uticos.<\/li>\n<li>Norma Oficial Mexicana NOM-004-SSA3-2012, del expediente cl\u00ednico.<\/li>\n<\/ul>\n<\/div>\n\t\t\t\t<\/div>\n\t\t\t<\/div>\n<div class=\"panel panel-default\">\n\t\t\t\t<div class=\"panel-heading\">\n\t\t\t\t\t<h4 class=\"panel-title\">\n\t\t\t\t\t\t<a class=\"collapsed\" data-toggle=\"collapse\" data-parent=\"#custom-collapse-0\" href=\"#custom-collapse-0-1\">Modo de Operaci\u00f3n<\/a>\n\t\t\t\t\t<\/h4>\n\t\t\t\t<\/div>\n\t\t\t\t<div id=\"custom-collapse-0-1\" class=\"panel-collapse collapse\">\n\t\t\t\t\t<div class=\"panel-body\">\n<p>Se cuenta con 8 puestos de sangrado localizados en los hospitales generales\u00a0 que a continuaci\u00f3n se enumeran:<\/p>\n<ul>\n<li>Hospital General de Mante.<\/li>\n<li>Hospital General de Tampico.<\/li>\n<li>Hospital General de Nuevo Laredo.<\/li>\n<li>Hospital General de Reynosa.<\/li>\n<li>Hospital General de Matamoros.<\/li>\n<li>Hospital General de Altamira.<\/li>\n<li>Hospital Materno Infantil Reynosa.<\/li>\n<li>Hospital Civil Madero.<\/li>\n<li><\/li>\n<\/ul>\n<p>En donde se realiza la extracci\u00f3n de unidades de sangre total.<\/p>\n<p>Las cuales son enviadas para su procesamiento as\u00ed como para la realizaci\u00f3n del tamizaje serol\u00f3gico y estudios de inmuno hematolog\u00eda.<\/p>\n<p>Una vez procesadas las unidades de sangre son distribuidas a los hospitales de acuerdo a sus necesidades.<\/p>\n<p>Se cuenta con servicio de af\u00e9resis en el Banco Estatal de sangre y en el Hospital Infantil de Tamaulipas.<br \/>\n<\/div>\n\t\t\t\t<\/div>\n\t\t\t<\/div>\n<div class=\"panel panel-default\">\n\t\t\t\t<div class=\"panel-heading\">\n\t\t\t\t\t<h4 class=\"panel-title\">\n\t\t\t\t\t\t<a class=\"collapsed\" data-toggle=\"collapse\" data-parent=\"#custom-collapse-0\" href=\"#custom-collapse-0-2\">Tr\u00e1mites y Servicios<\/a>\n\t\t\t\t\t<\/h4>\n\t\t\t\t<\/div>\n\t\t\t\t<div id=\"custom-collapse-0-2\" class=\"panel-collapse collapse\">\n\t\t\t\t\t<div class=\"panel-body\">\n<p>Se realiza el tamizaje serol\u00f3gico y estudios de inmuno hematolog\u00eda.<\/p>\n<p>La sangre se procesa a fin de obtener:<\/p>\n<ul>\n<li>Concentrado de Eritrocitos.<\/li>\n<li>Concentrado de Eritrocitos Pedi\u00e1tricos.<\/li>\n<li>Concentrado de Eritrocitos Lavados.<\/li>\n<li>Concentrado Plaquetario.<\/li>\n<li>Plaquetof\u00e9resis.<\/li>\n<li>Plasma Fresco Congelado.<\/li>\n<li>Crioprecipitados<\/li>\n<\/ul>\n<\/div>\n\t\t\t\t<\/div>\n\t\t\t<\/div>\n<div class=\"panel panel-default\">\n\t\t\t\t<div class=\"panel-heading\">\n\t\t\t\t\t<h4 class=\"panel-title\">\n\t\t\t\t\t\t<a class=\"collapsed\" data-toggle=\"collapse\" data-parent=\"#custom-collapse-0\" href=\"#custom-collapse-0-3\">Infraestructura<\/a>\n\t\t\t\t\t<\/h4>\n\t\t\t\t<\/div>\n\t\t\t\t<div id=\"custom-collapse-0-3\" class=\"panel-collapse collapse\">\n\t\t\t\t\t<div class=\"panel-body\">\n<p>Donaci\u00f3n voluntaria y altruista de sangre.<\/p>\n<p>6 puestos de Sangrado ubicados en los hospitales generales as\u00ed como en el Banco estatal de sangre.<\/p>\n<p>\u00c1rea de recepci\u00f3n de unidades for\u00e1neas.<\/p>\n<p>\u00c1rea de procesamiento de la unidad y de las muestras.<\/p>\n<p>\u00c1rea de conservaci\u00f3n de la sangre (refrigeraci\u00f3n y congelaci\u00f3n).<\/p>\n<p>\u00c1rea de distribuci\u00f3n de unidades.<br \/>\n<\/div>\n\t\t\t\t<\/div>\n\t\t\t<\/div>\n<div class=\"panel panel-default\">\n\t\t\t\t<div class=\"panel-heading\">\n\t\t\t\t\t<h4 class=\"panel-title\">\n\t\t\t\t\t\t<a class=\"collapsed\" data-toggle=\"collapse\" data-parent=\"#custom-collapse-0\" href=\"#custom-collapse-0-4\">Poblaci\u00f3n Beneficiada<\/a>\n\t\t\t\t\t<\/h4>\n\t\t\t\t<\/div>\n\t\t\t\t<div id=\"custom-collapse-0-4\" class=\"panel-collapse collapse\">\n\t\t\t\t\t<div class=\"panel-body\">\nEn la primera fase se atiende a los hospitales generales; en una segunda etapa se a\u00f1adir\u00e1n los hospitales civiles, integrales.<br \/>\n<\/div>\n\t\t\t\t<\/div>\n\t\t\t<\/div>\n<div class=\"panel panel-default\">\n\t\t\t\t<div class=\"panel-heading\">\n\t\t\t\t\t<h4 class=\"panel-title\">\n\t\t\t\t\t\t<a class=\"collapsed\" data-toggle=\"collapse\" data-parent=\"#custom-collapse-0\" href=\"#custom-collapse-0-5\">Informaci\u00f3n de Contacto<\/a>\n\t\t\t\t\t<\/h4>\n\t\t\t\t<\/div>\n\t\t\t\t<div id=\"custom-collapse-0-5\" class=\"panel-collapse collapse\">\n\t\t\t\t\t<div class=\"panel-body\">\ncets.tam@gmail.com<br \/>\nConmutador (834)313 4460<br \/>\nConmutador (834)313 4804<br \/>\nFax: (834)313 4440<br \/>\n<\/div>\n\t\t\t\t<\/div>\n\t\t\t<\/div>\n<div class=\"panel panel-default\">\n\t\t\t\t<div class=\"panel-heading\">\n\t\t\t\t\t<h4 class=\"panel-title\">\n\t\t\t\t\t\t<a class=\"collapsed\" data-toggle=\"collapse\" data-parent=\"#custom-collapse-0\" href=\"#custom-collapse-0-6\">Ubicaci\u00f3n<\/a>\n\t\t\t\t\t<\/h4>\n\t\t\t\t<\/div>\n\t\t\t\t<div id=\"custom-collapse-0-6\" class=\"panel-collapse collapse\">\n\t\t\t\t\t<div class=\"panel-body\">\nCentro Estatal de la Transfusi\u00f3n Sanguinea<br \/>\nBanco de Sangre<br \/>\nCalle Calamaco Esquina con Loma Agreste s\/n<br \/>\nFraccionamiento Lomas de Calamaco<br \/>\nC.P. 87018, Ciudad Victoria, Tamaulipas<br \/>\n<\/div>\n\t\t\t\t<\/div>\n\t\t\t<\/div>\n<\/div>\n","protected":false},"excerpt":{"rendered":"<p>La disponibilidad de la sangre es un asunto de orden p\u00fablico y de inter\u00e9s nacional porque es un bien irremplazable y necesario, cuya \u00fanica fuente\u2026<\/p>\n","protected":false},"author":19,"featured_media":0,"parent":111,"menu_order":0,"comment_status":"closed","ping_status":"closed","template":"","meta":{"footnotes":""},"class_list":["post-113","page","type-page","status-publish","hentry"],"yoast_head":"<!-- This site is optimized with the Yoast SEO plugin v24.8.1 - https:\/\/yoast.com\/wordpress\/plugins\/seo\/ -->\n<title>Centro Estatal de Transfusi\u00f3n Sangu\u00ednea - Secretar\u00eda de Salud<\/title>\n<meta name=\"robots\" content=\"index, follow, max-snippet:-1, max-image-preview:large, max-video-preview:-1\" \/>\n<link rel=\"canonical\" href=\"https:\/\/www.tamaulipas.gob.mx\/salud\/infraestructura-en-salud\/centro-estatal-de-transfusion-sanguinea\/\" \/>\n<meta property=\"og:locale\" content=\"es_ES\" \/>\n<meta property=\"og:type\" content=\"article\" \/>\n<meta property=\"og:title\" content=\"Centro Estatal de Transfusi\u00f3n Sangu\u00ednea - Secretar\u00eda de Salud\" \/>\n<meta property=\"og:description\" content=\"La disponibilidad de la sangre es un asunto de orden p\u00fablico y de inter\u00e9s nacional porque es un bien irremplazable y necesario, cuya \u00fanica fuente\u2026\" \/>\n<meta property=\"og:url\" content=\"https:\/\/www.tamaulipas.gob.mx\/salud\/infraestructura-en-salud\/centro-estatal-de-transfusion-sanguinea\/\" \/>\n<meta property=\"og:site_name\" content=\"Secretar\u00eda de Salud\" \/>\n<meta property=\"article:publisher\" content=\"https:\/\/www.facebook.com\/SaludTamaulipas\" \/>\n<meta property=\"article:modified_time\" content=\"2018-06-06T15:28:24+00:00\" \/>\n<meta property=\"og:image\" content=\"https:\/\/www.tamaulipas.gob.mx\/salud\/wp-content\/uploads\/sites\/4\/2022\/10\/logotamaulipas2022.png\" \/>\n\t<meta property=\"og:image:width\" content=\"1200\" \/>\n\t<meta property=\"og:image:height\" content=\"388\" \/>\n\t<meta property=\"og:image:type\" content=\"image\/png\" \/>\n<meta name=\"twitter:card\" content=\"summary_large_image\" \/>\n<meta name=\"twitter:label1\" content=\"Tiempo de lectura\" \/>\n\t<meta name=\"twitter:data1\" content=\"3 minutos\" \/>\n<script type=\"application\/ld+json\" class=\"yoast-schema-graph\">{\"@context\":\"https:\/\/schema.org\",\"@graph\":[{\"@type\":\"WebPage\",\"@id\":\"https:\/\/www.tamaulipas.gob.mx\/salud\/infraestructura-en-salud\/centro-estatal-de-transfusion-sanguinea\/\",\"url\":\"https:\/\/www.tamaulipas.gob.mx\/salud\/infraestructura-en-salud\/centro-estatal-de-transfusion-sanguinea\/\",\"name\":\"Centro Estatal de Transfusi\u00f3n Sangu\u00ednea - Secretar\u00eda de Salud\",\"isPartOf\":{\"@id\":\"https:\/\/www.tamaulipas.gob.mx\/salud\/#website\"},\"datePublished\":\"2016-11-01T22:12:12+00:00\",\"dateModified\":\"2018-06-06T15:28:24+00:00\",\"breadcrumb\":{\"@id\":\"https:\/\/www.tamaulipas.gob.mx\/salud\/infraestructura-en-salud\/centro-estatal-de-transfusion-sanguinea\/#breadcrumb\"},\"inLanguage\":\"es\",\"potentialAction\":[{\"@type\":\"ReadAction\",\"target\":[\"https:\/\/www.tamaulipas.gob.mx\/salud\/infraestructura-en-salud\/centro-estatal-de-transfusion-sanguinea\/\"]}]},{\"@type\":\"BreadcrumbList\",\"@id\":\"https:\/\/www.tamaulipas.gob.mx\/salud\/infraestructura-en-salud\/centro-estatal-de-transfusion-sanguinea\/#breadcrumb\",\"itemListElement\":[{\"@type\":\"ListItem\",\"position\":1,\"name\":\"Portada\",\"item\":\"https:\/\/www.tamaulipas.gob.mx\/salud\/\"},{\"@type\":\"ListItem\",\"position\":2,\"name\":\"Infraestructura en Salud\",\"item\":\"https:\/\/www.tamaulipas.gob.mx\/salud\/infraestructura-en-salud\/\"},{\"@type\":\"ListItem\",\"position\":3,\"name\":\"Centro Estatal de Transfusi\u00f3n Sangu\u00ednea\"}]},{\"@type\":\"WebSite\",\"@id\":\"https:\/\/www.tamaulipas.gob.mx\/salud\/#website\",\"url\":\"https:\/\/www.tamaulipas.gob.mx\/salud\/\",\"name\":\"Secretar\u00eda de Salud\",\"description\":\"Gobierno del Estado de Tamaulipas\",\"publisher\":{\"@id\":\"https:\/\/www.tamaulipas.gob.mx\/salud\/#organization\"},\"potentialAction\":[{\"@type\":\"SearchAction\",\"target\":{\"@type\":\"EntryPoint\",\"urlTemplate\":\"https:\/\/www.tamaulipas.gob.mx\/salud\/?s={search_term_string}\"},\"query-input\":{\"@type\":\"PropertyValueSpecification\",\"valueRequired\":true,\"valueName\":\"search_term_string\"}}],\"inLanguage\":\"es\"},{\"@type\":\"Organization\",\"@id\":\"https:\/\/www.tamaulipas.gob.mx\/salud\/#organization\",\"name\":\"Secretar\u00eda de Salud de Tamaulipas\",\"url\":\"https:\/\/www.tamaulipas.gob.mx\/salud\/\",\"logo\":{\"@type\":\"ImageObject\",\"inLanguage\":\"es\",\"@id\":\"https:\/\/www.tamaulipas.gob.mx\/salud\/#\/schema\/logo\/image\/\",\"url\":\"https:\/\/www.tamaulipas.gob.mx\/salud\/wp-content\/uploads\/sites\/4\/2022\/10\/logotamaulipas2022.png\",\"contentUrl\":\"https:\/\/www.tamaulipas.gob.mx\/salud\/wp-content\/uploads\/sites\/4\/2022\/10\/logotamaulipas2022.png\",\"width\":1200,\"height\":388,\"caption\":\"Secretar\u00eda de Salud de Tamaulipas\"},\"image\":{\"@id\":\"https:\/\/www.tamaulipas.gob.mx\/salud\/#\/schema\/logo\/image\/\"},\"sameAs\":[\"https:\/\/www.facebook.com\/SaludTamaulipas\"]}]}<\/script>\n<!-- \/ Yoast SEO plugin. -->","yoast_head_json":{"title":"Centro Estatal de Transfusi\u00f3n Sangu\u00ednea - Secretar\u00eda de Salud","robots":{"index":"index","follow":"follow","max-snippet":"max-snippet:-1","max-image-preview":"max-image-preview:large","max-video-preview":"max-video-preview:-1"},"canonical":"https:\/\/www.tamaulipas.gob.mx\/salud\/infraestructura-en-salud\/centro-estatal-de-transfusion-sanguinea\/","og_locale":"es_ES","og_type":"article","og_title":"Centro Estatal de Transfusi\u00f3n Sangu\u00ednea - Secretar\u00eda de Salud","og_description":"La disponibilidad de la sangre es un asunto de orden p\u00fablico y de inter\u00e9s nacional porque es un bien irremplazable y necesario, cuya \u00fanica fuente\u2026","og_url":"https:\/\/www.tamaulipas.gob.mx\/salud\/infraestructura-en-salud\/centro-estatal-de-transfusion-sanguinea\/","og_site_name":"Secretar\u00eda de Salud","article_publisher":"https:\/\/www.facebook.com\/SaludTamaulipas","article_modified_time":"2018-06-06T15:28:24+00:00","og_image":[{"width":1200,"height":388,"url":"https:\/\/www.tamaulipas.gob.mx\/salud\/wp-content\/uploads\/sites\/4\/2022\/10\/logotamaulipas2022.png","type":"image\/png"}],"twitter_card":"summary_large_image","twitter_misc":{"Tiempo de lectura":"3 minutos"},"schema":{"@context":"https:\/\/schema.org","@graph":[{"@type":"WebPage","@id":"https:\/\/www.tamaulipas.gob.mx\/salud\/infraestructura-en-salud\/centro-estatal-de-transfusion-sanguinea\/","url":"https:\/\/www.tamaulipas.gob.mx\/salud\/infraestructura-en-salud\/centro-estatal-de-transfusion-sanguinea\/","name":"Centro Estatal de Transfusi\u00f3n Sangu\u00ednea - Secretar\u00eda de Salud","isPartOf":{"@id":"https:\/\/www.tamaulipas.gob.mx\/salud\/#website"},"datePublished":"2016-11-01T22:12:12+00:00","dateModified":"2018-06-06T15:28:24+00:00","breadcrumb":{"@id":"https:\/\/www.tamaulipas.gob.mx\/salud\/infraestructura-en-salud\/centro-estatal-de-transfusion-sanguinea\/#breadcrumb"},"inLanguage":"es","potentialAction":[{"@type":"ReadAction","target":["https:\/\/www.tamaulipas.gob.mx\/salud\/infraestructura-en-salud\/centro-estatal-de-transfusion-sanguinea\/"]}]},{"@type":"BreadcrumbList","@id":"https:\/\/www.tamaulipas.gob.mx\/salud\/infraestructura-en-salud\/centro-estatal-de-transfusion-sanguinea\/#breadcrumb","itemListElement":[{"@type":"ListItem","position":1,"name":"Portada","item":"https:\/\/www.tamaulipas.gob.mx\/salud\/"},{"@type":"ListItem","position":2,"name":"Infraestructura en Salud","item":"https:\/\/www.tamaulipas.gob.mx\/salud\/infraestructura-en-salud\/"},{"@type":"ListItem","position":3,"name":"Centro Estatal de Transfusi\u00f3n Sangu\u00ednea"}]},{"@type":"WebSite","@id":"https:\/\/www.tamaulipas.gob.mx\/salud\/#website","url":"https:\/\/www.tamaulipas.gob.mx\/salud\/","name":"Secretar\u00eda de Salud","description":"Gobierno del Estado de Tamaulipas","publisher":{"@id":"https:\/\/www.tamaulipas.gob.mx\/salud\/#organization"},"potentialAction":[{"@type":"SearchAction","target":{"@type":"EntryPoint","urlTemplate":"https:\/\/www.tamaulipas.gob.mx\/salud\/?s={search_term_string}"},"query-input":{"@type":"PropertyValueSpecification","valueRequired":true,"valueName":"search_term_string"}}],"inLanguage":"es"},{"@type":"Organization","@id":"https:\/\/www.tamaulipas.gob.mx\/salud\/#organization","name":"Secretar\u00eda de Salud de Tamaulipas","url":"https:\/\/www.tamaulipas.gob.mx\/salud\/","logo":{"@type":"ImageObject","inLanguage":"es","@id":"https:\/\/www.tamaulipas.gob.mx\/salud\/#\/schema\/logo\/image\/","url":"https:\/\/www.tamaulipas.gob.mx\/salud\/wp-content\/uploads\/sites\/4\/2022\/10\/logotamaulipas2022.png","contentUrl":"https:\/\/www.tamaulipas.gob.mx\/salud\/wp-content\/uploads\/sites\/4\/2022\/10\/logotamaulipas2022.png","width":1200,"height":388,"caption":"Secretar\u00eda de Salud de Tamaulipas"},"image":{"@id":"https:\/\/www.tamaulipas.gob.mx\/salud\/#\/schema\/logo\/image\/"},"sameAs":["https:\/\/www.facebook.com\/SaludTamaulipas"]}]}},"publishpress_future_action":{"enabled":false,"date":"2026-04-28 05:30:40","action":"change-status","newStatus":"draft","terms":[],"taxonomy":""},"_links":{"self":[{"href":"https:\/\/www.tamaulipas.gob.mx\/salud\/wp-json\/wp\/v2\/pages\/113"}],"collection":[{"href":"https:\/\/www.tamaulipas.gob.mx\/salud\/wp-json\/wp\/v2\/pages"}],"about":[{"href":"https:\/\/www.tamaulipas.gob.mx\/salud\/wp-json\/wp\/v2\/types\/page"}],"author":[{"embeddable":true,"href":"https:\/\/www.tamaulipas.gob.mx\/salud\/wp-json\/wp\/v2\/users\/19"}],"replies":[{"embeddable":true,"href":"https:\/\/www.tamaulipas.gob.mx\/salud\/wp-json\/wp\/v2\/comments?post=113"}],"version-history":[{"count":9,"href":"https:\/\/www.tamaulipas.gob.mx\/salud\/wp-json\/wp\/v2\/pages\/113\/revisions"}],"predecessor-version":[{"id":1801,"href":"https:\/\/www.tamaulipas.gob.mx\/salud\/wp-json\/wp\/v2\/pages\/113\/revisions\/1801"}],"up":[{"embeddable":true,"href":"https:\/\/www.tamaulipas.gob.mx\/salud\/wp-json\/wp\/v2\/pages\/111"}],"wp:attachment":[{"href":"https:\/\/www.tamaulipas.gob.mx\/salud\/wp-json\/wp\/v2\/media?parent=113"}],"curies":[{"name":"wp","href":"https:\/\/api.w.org\/{rel}","templated":true}]}}