{"id":107,"date":"2016-11-01T16:09:44","date_gmt":"2016-11-01T22:09:44","guid":{"rendered":"http:\/\/www.tamaulipas.gob.mx\/salud\/?page_id=107"},"modified":"2017-10-24T16:54:30","modified_gmt":"2017-10-24T21:54:30","slug":"cancer-de-mama","status":"publish","type":"page","link":"https:\/\/www.tamaulipas.gob.mx\/salud\/programas\/salud-reproductiva\/cancer-de-mama\/","title":{"rendered":"C\u00e1ncer de Mama"},"content":{"rendered":"<div class=\"panel-group\" id=\"custom-collapse-0\">\n<div class=\"panel panel-default\">\n\t\t\t\t<div class=\"panel-heading\">\n\t\t\t\t\t<h4 class=\"panel-title\">\n\t\t\t\t\t\t<a class=\"collapsed\" data-toggle=\"collapse\" data-parent=\"#custom-collapse-0\" href=\"#custom-collapse-0-0\">Introducci\u00f3n<\/a>\n\t\t\t\t\t<\/h4>\n\t\t\t\t<\/div>\n\t\t\t\t<div id=\"custom-collapse-0-0\" class=\"panel-collapse collapse\">\n\t\t\t\t\t<div class=\"panel-body\">\n<p>M\u00e9xico ha registrado en este siglo cambios sustanciales en su estructura y din\u00e1mica poblacional que lo han llevado a una transici\u00f3n demogr\u00e1fica y epidemiol\u00f3gica.<\/p>\n<p>Estas transiciones permiten anticipar el impacto en los servicios que el sistema de salud tendr\u00e1, considerando la poblaci\u00f3n m\u00e1s susceptible y\/o de riesgo para desarrollar enfermedades cr\u00f3nico-degenerativas como el C\u00e1ncer Mamario.<\/p>\n<p>La necesidad de dar respuesta efectiva a la transici\u00f3n epidemiol\u00f3gica, tomando en cuenta las determinantes de salud, precisa priorizar las acciones de promoci\u00f3n y prevenci\u00f3n, en lugar de continuar con los procedimientos curativos.<\/p>\n<p>Los casos detectados oportunamente tiene un pron\u00f3stico de sobrevida de alrededor del 90% en comparaci\u00f3n con los que se diagnostican tard\u00edamente donde hay menor respuesta al tratamiento representando un alto costo econ\u00f3mico, social, emocional y familiar, por lo tanto es indispensable la integraci\u00f3n de la poblaci\u00f3n femenina a las acciones del autocuidado de su salud.<\/p>\n<p><strong>\u00bfEn d\u00f3nde estamos?<\/strong><\/p>\n<p>El c\u00e1ncer mamario es una patolog\u00eda asociada al envejecimiento y a estilos de vida poco saludables como el sobrepeso y el sedentarismo. Se presenta con mayor frecuencia en mujeres de 45 a\u00f1os y m\u00e1s.<\/p>\n<p>Durante la \u00faltima d\u00e9cada, el n\u00famero de defunciones por esta enfermedad ha aumentado con niveles m\u00e1s altos en los Municipios de Reynosa, Matamoros, Tampico, Madero y Cd. Victoria.<br \/>\n<\/div>\n\t\t\t\t<\/div>\n\t\t\t<\/div>\n<div class=\"panel panel-default\">\n\t\t\t\t<div class=\"panel-heading\">\n\t\t\t\t\t<h4 class=\"panel-title\">\n\t\t\t\t\t\t<a class=\"\" data-toggle=\"collapse\" data-parent=\"#custom-collapse-0\" href=\"#custom-collapse-0-1\">Misi\u00f3n y Visi\u00f3n <\/a>\n\t\t\t\t\t<\/h4>\n\t\t\t\t<\/div>\n\t\t\t\t<div id=\"custom-collapse-0-1\" class=\"panel-collapse in\">\n\t\t\t\t\t<div class=\"panel-body\">\n<p><strong>Misi\u00f3n<\/strong><\/p>\n<p>Fortalecer las pol\u00edticas, estrategias y actividades m\u00e1s efectivas y eficientes en el desarrollo de acciones de promoci\u00f3n de la salud, detecci\u00f3n temprana, diagnostico oportuno, tratamiento adecuado y evaluaci\u00f3n con el prop\u00f3sito de disminuir la mortalidad por c\u00e1ncer de mama.<\/p>\n<p>&nbsp;<\/p>\n<p><strong>Visi\u00f3n<\/strong><\/p>\n<p>Las Instituciones del Sistema Nacional de Salud trabajan de manera coordinada en las acciones de promoci\u00f3n, detecci\u00f3n, diagn\u00f3stico, tratamiento y evaluaci\u00f3n del programa c\u00e1ncer de mama, con pol\u00edticas que faciliten el acceso a los servicios de salud, con atenci\u00f3n cordial y de calidad que se manifiestan en la satisfacci\u00f3n de las usuarias y sus familiares por los servicios recibidos y que previenen las muertes evitables por c\u00e1ncer de mama.<\/p>\n<\/div>\n\t\t\t\t<\/div>\n\t\t\t<\/div>\n<div class=\"panel panel-default\">\n\t\t\t\t<div class=\"panel-heading\">\n\t\t\t\t\t<h4 class=\"panel-title\">\n\t\t\t\t\t\t<a class=\"collapsed\" data-toggle=\"collapse\" data-parent=\"#custom-collapse-0\" href=\"#custom-collapse-0-2\">Estrategias<\/a>\n\t\t\t\t\t<\/h4>\n\t\t\t\t<\/div>\n\t\t\t\t<div id=\"custom-collapse-0-2\" class=\"panel-collapse collapse\">\n\t\t\t\t\t<div class=\"panel-body\">\n<ol>\n<li>Desarrollar campa\u00f1as de comunicaci\u00f3n educativa para modificar los determinantes del c\u00e1ncer de mama a trav\u00e9s de la adopci\u00f3n de h\u00e1bitos de vida saludable y la demanda de los servicios para la detecci\u00f3n.<\/li>\n<li>Establecer un modelo de detecci\u00f3n, dirigido a las mujeres de mayor riesgo, basado en las mejores pr\u00e1cticas conocidas y que permita el incremento de la cobertura de manera eficiente, segura y eficaz.<\/li>\n<li>Impulsar la formaci\u00f3n y capacitaci\u00f3n continua del personal necesario para la detecci\u00f3n, diagn\u00f3stico y tratamiento del c\u00e1ncer de mama.<\/li>\n<li>Promover la gesti\u00f3n adecuada de la infraestructura f\u00edsica, equipo y personal para la provisi\u00f3n de la detecci\u00f3n y atenci\u00f3n del c\u00e1ncer de mama.<\/li>\n<li>Fomentar el acceso, utilizaci\u00f3n y provisi\u00f3n del diagn\u00f3stico y tratamiento integral del c\u00e1ncer de mama con calidad y oportunidad, as\u00ed como la gratitud de la atenci\u00f3n en mujeres sin seguridad social.<\/li>\n<li>Unificar las acciones a trav\u00e9s del consenso y la coordinaci\u00f3n permanente con las instituciones del Sistema Nacional de Salud, y con las organizaciones m\u00e9dicas y de la sociedad civil.<\/li>\n<li>Monitorear y evaluar de manera continua y sistem\u00e1tica las acciones de detecci\u00f3n y atenci\u00f3n para la mejora continua del programa.<\/li>\n<\/ol>\n<\/div>\n\t\t\t\t<\/div>\n\t\t\t<\/div>\n<div class=\"panel panel-default\">\n\t\t\t\t<div class=\"panel-heading\">\n\t\t\t\t\t<h4 class=\"panel-title\">\n\t\t\t\t\t\t<a class=\"collapsed\" data-toggle=\"collapse\" data-parent=\"#custom-collapse-0\" href=\"#custom-collapse-0-3\">\u00a1Conocer tu cuerpo puede salvar tu vida!<\/a>\n\t\t\t\t\t<\/h4>\n\t\t\t\t<\/div>\n\t\t\t\t<div id=\"custom-collapse-0-3\" class=\"panel-collapse collapse\">\n\t\t\t\t\t<div class=\"panel-body\">\n<p>Desde tu primera menstruaci\u00f3n, revisa tus pechos. Hazlo entre el 7\u00b0 y 10\u00b0 d\u00eda despu\u00e9s de haber iniciado tu regla. Si ya no menstr\u00faas, elige un d\u00eda fijo para hacerlo.<\/p>\n<p>Realiza lo siguiente:<\/p>\n<ul>\n<li>De pie, frente al espejo OBSERVA.<\/li>\n<li>Con los brazos abajo, si alguna de tus mamas est\u00e1 deformada, si hay cambio de color o si el pez\u00f3n esta desviado o hundido.<\/li>\n<li>Colocar las manos en las caderas, presiona firmemente e incl\u00ednate un poco hacia adelante y busca alguno de los cambios mencionados.<\/li>\n<li>Observa cambios, pero ahora con los brazos extendidos hacia arriba.<\/li>\n<li>TOCA Y SIENTE si hay bolitas, endurecimientos o hundimientos, primero en una mama y luego en la otra.<\/li>\n<li>Utiliza la yema de los tres dedos medios de tu mano, haciendo presi\u00f3n al momento de explorarte. Puedes hacerlo con tu mano enjabonada mientras te ba\u00f1as.<\/li>\n<li>De pie, con una mano detr\u00e1s de la cabeza, explora toda la mama con movimientos circulares empezando por la axila hasta terminar el pez\u00f3n.<\/li>\n<li>Efect\u00faa todas las maniobras anteriores pero ahora acostada y con una almohada bajo tu espalda.<\/li>\n<li>Termina tu exploraci\u00f3n apretando o comprimiendo la mama y observa si hay salida de l\u00edquido anormal por el pez\u00f3n.<\/li>\n<\/ul>\n<\/div>\n\t\t\t\t<\/div>\n\t\t\t<\/div>\n<div class=\"panel panel-default\">\n\t\t\t\t<div class=\"panel-heading\">\n\t\t\t\t\t<h4 class=\"panel-title\">\n\t\t\t\t\t\t<a class=\"collapsed\" data-toggle=\"collapse\" data-parent=\"#custom-collapse-0\" href=\"#custom-collapse-0-4\">\u00bfD\u00f3nde te puedes realizar la Mastograf\u00eda?<\/a>\n\t\t\t\t\t<\/h4>\n\t\t\t\t<\/div>\n\t\t\t\t<div id=\"custom-collapse-0-4\" class=\"panel-collapse collapse\">\n\t\t\t\t\t<div class=\"panel-body\">\n<p><strong>Cl\u00ednicas de Mama<\/strong><\/p>\n<div class=\"table-responsive\"><table class=\" table table-gobtam\"><thead><tr><td colspan=\"2\"><strong>Hospital General de Ciudad Victoria<\/strong><\/td>\n<\/tr><\/thead><tbody><tr><td><strong>Tel&#xE9;fono<\/strong><\/td>\n<td>(834) 316 93 73, 01 800 835 62 62<\/td>\n<\/tr><tr><td><strong>Nombre:<\/strong><\/td>\n<td>Cl&#xED;nica de Mama a cargo de: Dra. Erika Rosalinda Luna Barocio<\/td>\n<\/tr><tr><td><strong>Direcci&#xF3;n:<\/strong><\/td>\n<td>Ave. Fidel Vel&#xE1;zquez No. 1845 Col. Rev. Verde C.P. 87050<\/td>\n<\/tr><tr><td><strong>Municipio:<\/strong><\/td>\n<td>Cd. Victoria, Tam.<\/td>\n<\/tr><\/tbody><\/table><\/div>\n<div class=\"table-responsive\"><table class=\" table table-gobtam\"><thead><tr><td colspan=\"2\"><strong>Hospital General de Tampico<\/strong><\/td>\n<\/tr><\/thead><tbody><tr><td><strong>Tel&#xE9;fono:<\/strong><\/td>\n<td>(833) (01)(833)2132035,212 10 88, 212 30 95 Ext 1111<\/td>\n<\/tr><tr><td><strong>Nombre::<\/strong><\/td>\n<td>Cl&#xED;nica de Mama a cargo de: Dra. Ana Luisa V&#xE1;zquez Mart&#xED;nez<\/td>\n<\/tr><tr><td><strong>Direcci&#xF3;n:<\/strong><\/td>\n<td>Ave. Ejercito Mexicano No. 1403 Tampico, Tam.<\/td>\n<\/tr><tr><td><strong>Municipio:<\/strong><\/td>\n<td>Tampico, Tam.<\/td>\n<\/tr><\/tbody><\/table><\/div>\n<div class=\"table-responsive\"><table class=\" table table-gobtam\"><thead><tr><td colspan=\"2\"><strong>Hospital General de Matamoros<\/strong><\/td>\n<\/tr><\/thead><tbody><tr><td><strong>Tel&#xE9;fono:<\/strong><\/td>\n<td>(868) 819 16 20, 817 49 30, 816 15 00.<\/td>\n<\/tr><tr><td><strong>Nombre:<\/strong><\/td>\n<td>Cl&#xED;nica de mama a cargo de: Dr. Adolfo Armando Norberto Rodr&#xED;guez<\/td>\n<\/tr><tr><td><strong>Direcci&#xF3;n:<\/strong><\/td>\n<td>Ave. Canales y Roberto Garc&#xED;a H. Matamoros, Tam.<\/td>\n<\/tr><tr><td><strong>Municipio:<\/strong><\/td>\n<td>Matamoros, Tam.<\/td>\n<\/tr><\/tbody><\/table><\/div>\n<div class=\"table-responsive\"><table class=\" table table-gobtam\"><thead><tr><td colspan=\"2\"><strong>Hospital General de Nuevo Laredo<\/strong><\/td>\n<\/tr><\/thead><tbody><tr><td><strong>Tel&#xE9;fono:<\/strong><\/td>\n<td>(867) 712 87 72, 712 93 94<\/td>\n<\/tr><tr><td><strong>Nombre:<\/strong><\/td>\n<td>Cl&#xED;nica de mama a cargo de: Dr. Rogelio V&#xE1;zquez Cavazos<\/td>\n<\/tr><tr><td><strong>Direcci&#xF3;n:<\/strong><\/td>\n<td>Maclovio Lerdo de Tejada Col. Ojo Caliente No. 2333<\/td>\n<\/tr><tr><td><strong>Municipio:<\/strong><\/td>\n<td>Nuevo Laredo, Tam.<\/td>\n<\/tr><\/tbody><\/table><\/div>\n<div class=\"table-responsive\"><table class=\" table table-gobtam\"><tbody><tr><td colspan=\"2\"><strong>Hospital General de Reynosa<\/strong><\/td>\n<\/tr><tr><td><strong>Tel&#xE9;fono:<\/strong><\/td>\n<td>(899) 926 31 01<\/td>\n<\/tr><tr><td><strong>Nombre:<\/strong><\/td>\n<td>Cl&#xED;nica de mama a cargo de: Dra. Marcela Queiko Seo Mendoza<\/td>\n<\/tr><tr><td><strong>Direcci&#xF3;n:<\/strong><\/td>\n<td>Ave. &#xC1;lvaro Obreg&#xF3;n. Col. La Presa.<\/td>\n<\/tr><tr><td><strong>Municipio:<\/strong><\/td>\n<td>Reynosa, Tam.<\/td>\n<\/tr><\/tbody><\/table><\/div>\n<div class=\"table-responsive\"><table class=\" table table-gobtam\"><thead><tr><td colspan=\"2\"><strong>Hospital Civil de Ciudad Victoria<\/strong><\/td>\n<\/tr><\/thead><tbody><tr><td><strong>Tel&#xE9;fono:<\/strong><\/td>\n<td>(834) 315 05 89, 315 05 90<\/td>\n<\/tr><tr><td><strong>Nombre:<\/strong><\/td>\n<td>Cl&#xED;nica de mama a cargo de: Dra. Rosalba Castillo Gonz&#xE1;lez<\/td>\n<\/tr><tr><td><strong>Direcci&#xF3;n:<\/strong><\/td>\n<td>21 y 22 M&#xE9;ndez No. 502.<\/td>\n<\/tr><tr><td><strong>Municipio:<\/strong><\/td>\n<td>Cd. Victoria, Tam.<\/td>\n<\/tr><\/tbody><\/table><\/div>\n<div class=\"table-responsive\"><table class=\" table table-gobtam\"><thead><tr><td colspan=\"2\"><strong>Hospital General de Mante<\/strong><\/td>\n<\/tr><\/thead><tbody><tr><td><strong>Tel&#xE9;fono:<\/strong><\/td>\n<td>(831) 233 81 60<\/td>\n<\/tr><tr><td><strong>Nombre:<\/strong><\/td>\n<td>Cl&#xED;nica de mama a cargo de: Dr. Andr&#xE9;s V&#xE1;zquez Escamilla<\/td>\n<\/tr><tr><td><strong>Direcci&#xF3;n:<\/strong><\/td>\n<td>Dom. Calle Guayalejo Num. 301 Nte. C.P. 89800<\/td>\n<\/tr><tr><td><strong>Municipio:<\/strong><\/td>\n<td>Cd. Mante, Tam.<\/td>\n<\/tr><\/tbody><\/table><\/div>\n<h4><\/h4>\n<h4>Centro oncol\u00f3gico<\/h4>\n<div class=\"table-responsive\"><table class=\" table table-gobtam\"><thead><tr><td colspan=\"2\"><strong>Centro Oncol&#xF3;gico de Tamaulipas<\/strong><\/td>\n<\/tr><\/thead><tbody><tr><td><strong>Tel&#xE9;fono:<\/strong><\/td>\n<td>(834) 315 34 70<\/td>\n<\/tr><tr><td><strong>Nombre:<\/strong><\/td>\n<td>Centro Oncol&#xF3;gico de Tamaulipas a cargo de: Dr. Arturo V&#xE1;zquez Garc&#xED;a<\/td>\n<\/tr><tr><td><strong>Direcci&#xF3;n:<\/strong><\/td>\n<td>Ave. Del Maestro N&#xBA;. 116 Fracc. Las Flores C.P. 87070<\/td>\n<\/tr><tr><td><strong>Municipio:<\/strong><\/td>\n<td>Cd. Victoria, Tam.<\/td>\n<\/tr><\/tbody><\/table><\/div>\n<\/div>\n\t\t\t\t<\/div>\n\t\t\t<\/div>\n<\/div>\n","protected":false},"excerpt":{"rendered":"","protected":false},"author":19,"featured_media":0,"parent":97,"menu_order":0,"comment_status":"closed","ping_status":"closed","template":"","meta":{"footnotes":""},"class_list":["post-107","page","type-page","status-publish","hentry"],"yoast_head":"<!-- This site is optimized with the Yoast SEO plugin v24.8.1 - https:\/\/yoast.com\/wordpress\/plugins\/seo\/ -->\n<title>C\u00e1ncer de Mama - Secretar\u00eda de Salud<\/title>\n<meta name=\"robots\" content=\"index, follow, max-snippet:-1, max-image-preview:large, max-video-preview:-1\" \/>\n<link rel=\"canonical\" href=\"https:\/\/www.tamaulipas.gob.mx\/salud\/programas\/salud-reproductiva\/cancer-de-mama\/\" \/>\n<meta property=\"og:locale\" content=\"es_ES\" \/>\n<meta property=\"og:type\" content=\"article\" \/>\n<meta property=\"og:title\" content=\"C\u00e1ncer de Mama - Secretar\u00eda de Salud\" \/>\n<meta property=\"og:url\" content=\"https:\/\/www.tamaulipas.gob.mx\/salud\/programas\/salud-reproductiva\/cancer-de-mama\/\" \/>\n<meta property=\"og:site_name\" content=\"Secretar\u00eda de Salud\" \/>\n<meta property=\"article:publisher\" content=\"https:\/\/www.facebook.com\/SaludTamaulipas\" \/>\n<meta property=\"article:modified_time\" content=\"2017-10-24T21:54:30+00:00\" \/>\n<meta property=\"og:image\" content=\"https:\/\/www.tamaulipas.gob.mx\/salud\/wp-content\/uploads\/sites\/4\/2022\/10\/logotamaulipas2022.png\" \/>\n\t<meta property=\"og:image:width\" content=\"1200\" \/>\n\t<meta property=\"og:image:height\" content=\"388\" \/>\n\t<meta property=\"og:image:type\" content=\"image\/png\" \/>\n<meta name=\"twitter:card\" content=\"summary_large_image\" \/>\n<meta name=\"twitter:label1\" content=\"Tiempo de lectura\" \/>\n\t<meta name=\"twitter:data1\" content=\"6 minutos\" \/>\n<script type=\"application\/ld+json\" class=\"yoast-schema-graph\">{\"@context\":\"https:\/\/schema.org\",\"@graph\":[{\"@type\":\"WebPage\",\"@id\":\"https:\/\/www.tamaulipas.gob.mx\/salud\/programas\/salud-reproductiva\/cancer-de-mama\/\",\"url\":\"https:\/\/www.tamaulipas.gob.mx\/salud\/programas\/salud-reproductiva\/cancer-de-mama\/\",\"name\":\"C\u00e1ncer de Mama - Secretar\u00eda de Salud\",\"isPartOf\":{\"@id\":\"https:\/\/www.tamaulipas.gob.mx\/salud\/#website\"},\"datePublished\":\"2016-11-01T22:09:44+00:00\",\"dateModified\":\"2017-10-24T21:54:30+00:00\",\"breadcrumb\":{\"@id\":\"https:\/\/www.tamaulipas.gob.mx\/salud\/programas\/salud-reproductiva\/cancer-de-mama\/#breadcrumb\"},\"inLanguage\":\"es\",\"potentialAction\":[{\"@type\":\"ReadAction\",\"target\":[\"https:\/\/www.tamaulipas.gob.mx\/salud\/programas\/salud-reproductiva\/cancer-de-mama\/\"]}]},{\"@type\":\"BreadcrumbList\",\"@id\":\"https:\/\/www.tamaulipas.gob.mx\/salud\/programas\/salud-reproductiva\/cancer-de-mama\/#breadcrumb\",\"itemListElement\":[{\"@type\":\"ListItem\",\"position\":1,\"name\":\"Portada\",\"item\":\"https:\/\/www.tamaulipas.gob.mx\/salud\/\"},{\"@type\":\"ListItem\",\"position\":2,\"name\":\"Programas\",\"item\":\"https:\/\/www.tamaulipas.gob.mx\/salud\/programas\/\"},{\"@type\":\"ListItem\",\"position\":3,\"name\":\"Salud Reproductiva\",\"item\":\"https:\/\/www.tamaulipas.gob.mx\/salud\/programas\/salud-reproductiva\/\"},{\"@type\":\"ListItem\",\"position\":4,\"name\":\"C\u00e1ncer de Mama\"}]},{\"@type\":\"WebSite\",\"@id\":\"https:\/\/www.tamaulipas.gob.mx\/salud\/#website\",\"url\":\"https:\/\/www.tamaulipas.gob.mx\/salud\/\",\"name\":\"Secretar\u00eda de Salud\",\"description\":\"Gobierno del Estado de Tamaulipas\",\"publisher\":{\"@id\":\"https:\/\/www.tamaulipas.gob.mx\/salud\/#organization\"},\"potentialAction\":[{\"@type\":\"SearchAction\",\"target\":{\"@type\":\"EntryPoint\",\"urlTemplate\":\"https:\/\/www.tamaulipas.gob.mx\/salud\/?s={search_term_string}\"},\"query-input\":{\"@type\":\"PropertyValueSpecification\",\"valueRequired\":true,\"valueName\":\"search_term_string\"}}],\"inLanguage\":\"es\"},{\"@type\":\"Organization\",\"@id\":\"https:\/\/www.tamaulipas.gob.mx\/salud\/#organization\",\"name\":\"Secretar\u00eda de Salud de Tamaulipas\",\"url\":\"https:\/\/www.tamaulipas.gob.mx\/salud\/\",\"logo\":{\"@type\":\"ImageObject\",\"inLanguage\":\"es\",\"@id\":\"https:\/\/www.tamaulipas.gob.mx\/salud\/#\/schema\/logo\/image\/\",\"url\":\"https:\/\/www.tamaulipas.gob.mx\/salud\/wp-content\/uploads\/sites\/4\/2022\/10\/logotamaulipas2022.png\",\"contentUrl\":\"https:\/\/www.tamaulipas.gob.mx\/salud\/wp-content\/uploads\/sites\/4\/2022\/10\/logotamaulipas2022.png\",\"width\":1200,\"height\":388,\"caption\":\"Secretar\u00eda de Salud de Tamaulipas\"},\"image\":{\"@id\":\"https:\/\/www.tamaulipas.gob.mx\/salud\/#\/schema\/logo\/image\/\"},\"sameAs\":[\"https:\/\/www.facebook.com\/SaludTamaulipas\"]}]}<\/script>\n<!-- \/ Yoast SEO plugin. -->","yoast_head_json":{"title":"C\u00e1ncer de Mama - Secretar\u00eda de Salud","robots":{"index":"index","follow":"follow","max-snippet":"max-snippet:-1","max-image-preview":"max-image-preview:large","max-video-preview":"max-video-preview:-1"},"canonical":"https:\/\/www.tamaulipas.gob.mx\/salud\/programas\/salud-reproductiva\/cancer-de-mama\/","og_locale":"es_ES","og_type":"article","og_title":"C\u00e1ncer de Mama - Secretar\u00eda de Salud","og_url":"https:\/\/www.tamaulipas.gob.mx\/salud\/programas\/salud-reproductiva\/cancer-de-mama\/","og_site_name":"Secretar\u00eda de Salud","article_publisher":"https:\/\/www.facebook.com\/SaludTamaulipas","article_modified_time":"2017-10-24T21:54:30+00:00","og_image":[{"width":1200,"height":388,"url":"https:\/\/www.tamaulipas.gob.mx\/salud\/wp-content\/uploads\/sites\/4\/2022\/10\/logotamaulipas2022.png","type":"image\/png"}],"twitter_card":"summary_large_image","twitter_misc":{"Tiempo de lectura":"6 minutos"},"schema":{"@context":"https:\/\/schema.org","@graph":[{"@type":"WebPage","@id":"https:\/\/www.tamaulipas.gob.mx\/salud\/programas\/salud-reproductiva\/cancer-de-mama\/","url":"https:\/\/www.tamaulipas.gob.mx\/salud\/programas\/salud-reproductiva\/cancer-de-mama\/","name":"C\u00e1ncer de Mama - Secretar\u00eda de Salud","isPartOf":{"@id":"https:\/\/www.tamaulipas.gob.mx\/salud\/#website"},"datePublished":"2016-11-01T22:09:44+00:00","dateModified":"2017-10-24T21:54:30+00:00","breadcrumb":{"@id":"https:\/\/www.tamaulipas.gob.mx\/salud\/programas\/salud-reproductiva\/cancer-de-mama\/#breadcrumb"},"inLanguage":"es","potentialAction":[{"@type":"ReadAction","target":["https:\/\/www.tamaulipas.gob.mx\/salud\/programas\/salud-reproductiva\/cancer-de-mama\/"]}]},{"@type":"BreadcrumbList","@id":"https:\/\/www.tamaulipas.gob.mx\/salud\/programas\/salud-reproductiva\/cancer-de-mama\/#breadcrumb","itemListElement":[{"@type":"ListItem","position":1,"name":"Portada","item":"https:\/\/www.tamaulipas.gob.mx\/salud\/"},{"@type":"ListItem","position":2,"name":"Programas","item":"https:\/\/www.tamaulipas.gob.mx\/salud\/programas\/"},{"@type":"ListItem","position":3,"name":"Salud Reproductiva","item":"https:\/\/www.tamaulipas.gob.mx\/salud\/programas\/salud-reproductiva\/"},{"@type":"ListItem","position":4,"name":"C\u00e1ncer de Mama"}]},{"@type":"WebSite","@id":"https:\/\/www.tamaulipas.gob.mx\/salud\/#website","url":"https:\/\/www.tamaulipas.gob.mx\/salud\/","name":"Secretar\u00eda de Salud","description":"Gobierno del Estado de Tamaulipas","publisher":{"@id":"https:\/\/www.tamaulipas.gob.mx\/salud\/#organization"},"potentialAction":[{"@type":"SearchAction","target":{"@type":"EntryPoint","urlTemplate":"https:\/\/www.tamaulipas.gob.mx\/salud\/?s={search_term_string}"},"query-input":{"@type":"PropertyValueSpecification","valueRequired":true,"valueName":"search_term_string"}}],"inLanguage":"es"},{"@type":"Organization","@id":"https:\/\/www.tamaulipas.gob.mx\/salud\/#organization","name":"Secretar\u00eda de Salud de Tamaulipas","url":"https:\/\/www.tamaulipas.gob.mx\/salud\/","logo":{"@type":"ImageObject","inLanguage":"es","@id":"https:\/\/www.tamaulipas.gob.mx\/salud\/#\/schema\/logo\/image\/","url":"https:\/\/www.tamaulipas.gob.mx\/salud\/wp-content\/uploads\/sites\/4\/2022\/10\/logotamaulipas2022.png","contentUrl":"https:\/\/www.tamaulipas.gob.mx\/salud\/wp-content\/uploads\/sites\/4\/2022\/10\/logotamaulipas2022.png","width":1200,"height":388,"caption":"Secretar\u00eda de Salud de Tamaulipas"},"image":{"@id":"https:\/\/www.tamaulipas.gob.mx\/salud\/#\/schema\/logo\/image\/"},"sameAs":["https:\/\/www.facebook.com\/SaludTamaulipas"]}]}},"publishpress_future_action":{"enabled":false,"date":"2026-04-28 07:33:54","action":"change-status","newStatus":"draft","terms":[],"taxonomy":""},"_links":{"self":[{"href":"https:\/\/www.tamaulipas.gob.mx\/salud\/wp-json\/wp\/v2\/pages\/107"}],"collection":[{"href":"https:\/\/www.tamaulipas.gob.mx\/salud\/wp-json\/wp\/v2\/pages"}],"about":[{"href":"https:\/\/www.tamaulipas.gob.mx\/salud\/wp-json\/wp\/v2\/types\/page"}],"author":[{"embeddable":true,"href":"https:\/\/www.tamaulipas.gob.mx\/salud\/wp-json\/wp\/v2\/users\/19"}],"replies":[{"embeddable":true,"href":"https:\/\/www.tamaulipas.gob.mx\/salud\/wp-json\/wp\/v2\/comments?post=107"}],"version-history":[{"count":11,"href":"https:\/\/www.tamaulipas.gob.mx\/salud\/wp-json\/wp\/v2\/pages\/107\/revisions"}],"predecessor-version":[{"id":2503,"href":"https:\/\/www.tamaulipas.gob.mx\/salud\/wp-json\/wp\/v2\/pages\/107\/revisions\/2503"}],"up":[{"embeddable":true,"href":"https:\/\/www.tamaulipas.gob.mx\/salud\/wp-json\/wp\/v2\/pages\/97"}],"wp:attachment":[{"href":"https:\/\/www.tamaulipas.gob.mx\/salud\/wp-json\/wp\/v2\/media?parent=107"}],"curies":[{"name":"wp","href":"https:\/\/api.w.org\/{rel}","templated":true}]}}