{"id":105,"date":"2016-11-01T16:09:21","date_gmt":"2016-11-01T22:09:21","guid":{"rendered":"http:\/\/www.tamaulipas.gob.mx\/salud\/?page_id=105"},"modified":"2016-11-07T09:55:56","modified_gmt":"2016-11-07T15:55:56","slug":"violencia-familiar-sexual-y-contra-la-mujeres","status":"publish","type":"page","link":"https:\/\/www.tamaulipas.gob.mx\/salud\/programas\/salud-reproductiva\/violencia-familiar-sexual-y-contra-la-mujeres\/","title":{"rendered":"Violencia Familiar, Sexual y contra la Mujeres"},"content":{"rendered":"<div class=\"panel-group\" id=\"custom-collapse-0\">\n<div class=\"panel panel-default\">\n\t\t\t\t<div class=\"panel-heading\">\n\t\t\t\t\t<h4 class=\"panel-title\">\n\t\t\t\t\t\t<a class=\"collapsed\" data-toggle=\"collapse\" data-parent=\"#custom-collapse-0\" href=\"#custom-collapse-0-0\">Antecedentes<\/a>\n\t\t\t\t\t<\/h4>\n\t\t\t\t<\/div>\n\t\t\t\t<div id=\"custom-collapse-0-0\" class=\"panel-collapse collapse\">\n\t\t\t\t\t<div class=\"panel-body\">\n<p>Cuando la mujer sufre continuo abuso domestico por parte de su pareja, sus hijos corren riesgo considerable de convertirse en victima tambi\u00e9n y esto puede significar el inicio de un ciclo repetitivo.<\/p>\n<p>La violencia sexual y f\u00edsica parecen contribuir a que aumente el riesgo de que una mujer desarrolle numerosos trastornos ginecol\u00f3gicos, algunos de los cuales pueden ser el dolor p\u00e9lvico cr\u00f3nico que representa un buen n\u00famero de las visitas ginecol\u00f3gicas o enfermedades de transmisi\u00f3n sexual.<\/p>\n<p>El sistema de salud es un elemento estrat\u00e9gico para prevenir, atender y reducir este problema creciente de salud p\u00fablica. Para ello se establece la norma oficial mexicana nom-046-ssa2-2005 y contra las mujeres, publicado el 16 de abril del 2009.<\/p>\n<p>El programa de prevenci\u00f3n y atenci\u00f3n de la violencia familiar y sexual y contra las mujeres inicia formalmente con\u00a0 un programa piloto en agosto de 2002 en los estados de Coahuila, Michoac\u00e1n, Nuevo Le\u00f3n, Tabasco, y D.F en 2003 y 2004 se incorporan Baja California Norte y Sur, Campeche, Chiapas, Chihuahua, Estado de M\u00e9xico, Hidalgo, Jalisco, Morelos, Nayarit, Oaxaca, Quer\u00e9taro, Quintana Roo, San Luis Potos\u00ed, Sonora, Tlaxcala y Zacatecas.<\/p>\n<p>En Tamaulipas el programa inici\u00f3 en noviembre del 2005.<\/p>\n<p>De acuerdo a la encuesta nacional realizada en 2006 por parte de la secretaria de salud y el instituto nacional de salud p\u00fablica a 22,318 mujeres de 15 a\u00f1os y mas, usuarias de los servicios de salud, Tamaulipas tiene el 23% de las mujeres que sufren alg\u00fan tipo de violencia, porcentaje que nos ubica por debajo del \u00edndice nacional, con un rango del 33.3 %.<br \/>\n<\/div>\n\t\t\t\t<\/div>\n\t\t\t<\/div>\n<div class=\"panel panel-default\">\n\t\t\t\t<div class=\"panel-heading\">\n\t\t\t\t\t<h4 class=\"panel-title\">\n\t\t\t\t\t\t<a class=\"collapsed\" data-toggle=\"collapse\" data-parent=\"#custom-collapse-0\" href=\"#custom-collapse-0-1\">Misi\u00f3n y Visi\u00f3n<\/a>\n\t\t\t\t\t<\/h4>\n\t\t\t\t<\/div>\n\t\t\t\t<div id=\"custom-collapse-0-1\" class=\"panel-collapse collapse\">\n\t\t\t\t\t<div class=\"panel-body\">\n<h4>Misi\u00f3n<\/h4>\n<p>Establecer pol\u00edticas estrat\u00e9gicas y l\u00edneas de acci\u00f3n para garantizar la detecci\u00f3n temprana, la atenci\u00f3n oportuna, especializada y con enfoque de g\u00e9nero; as\u00ed como limitar los da\u00f1os a la salud consecuencia de la violencia familiar y de g\u00e9nero, de acuerdo a la complejidad de atenci\u00f3n y promover\u00a0 el derecho de las personas a una vida libre de violencia.<\/p>\n<h4>Visi\u00f3n<\/h4>\n<p>Que el sistema nacional de salud brinde servicios oportunos, de calidad y con perspectiva de g\u00e9nero en materia de prevenci\u00f3n y atenci\u00f3n a la violencia familiar y de g\u00e9nero, sensibles a las necesidades de la poblaci\u00f3n y, en espec\u00edfico a los grupos en situaci\u00f3n de vulnerabilidad; basados en evidencias cient\u00edficas y respeto a los derechos humanos.<br \/>\n<\/div>\n\t\t\t\t<\/div>\n\t\t\t<\/div>\n<div class=\"panel panel-default\">\n\t\t\t\t<div class=\"panel-heading\">\n\t\t\t\t\t<h4 class=\"panel-title\">\n\t\t\t\t\t\t<a class=\"\" data-toggle=\"collapse\" data-parent=\"#custom-collapse-0\" href=\"#custom-collapse-0-2\">Objetivo General<\/a>\n\t\t\t\t\t<\/h4>\n\t\t\t\t<\/div>\n\t\t\t\t<div id=\"custom-collapse-0-2\" class=\"panel-collapse in\">\n\t\t\t\t\t<div class=\"panel-body\">\nReducir la prevalencia y severidad de los da\u00f1os\u00a0 a la salud causados\u00a0 por la violencia contra las mujeres, con particular \u00e9nfasis entre aquellas que se encuentran en situaci\u00f3n de mayor riesgo o vulnerabilidad.<br \/>\n<\/div>\n\t\t\t\t<\/div>\n\t\t\t<\/div>\n<div class=\"panel panel-default\">\n\t\t\t\t<div class=\"panel-heading\">\n\t\t\t\t\t<h4 class=\"panel-title\">\n\t\t\t\t\t\t<a class=\"collapsed\" data-toggle=\"collapse\" data-parent=\"#custom-collapse-0\" href=\"#custom-collapse-0-3\">Poblaci\u00f3n Beneficiada<\/a>\n\t\t\t\t\t<\/h4>\n\t\t\t\t<\/div>\n\t\t\t\t<div id=\"custom-collapse-0-3\" class=\"panel-collapse collapse\">\n\t\t\t\t\t<div class=\"panel-body\">\n<p>N\u00famero de mujeres de 15 a\u00f1os y m\u00e1s de poblaci\u00f3n de responsabilidad con riesgo de presentar violencia por nupcialidad a las que se les aplica la herramienta de detecci\u00f3n.<\/p>\n<p>En este mismo a\u00f1o se implementa el programa de reeducaci\u00f3n a v\u00edctimas y agresores de violencia de pareja.<br \/>\n<\/div>\n\t\t\t\t<\/div>\n\t\t\t<\/div>\n<div class=\"panel panel-default\">\n\t\t\t\t<div class=\"panel-heading\">\n\t\t\t\t\t<h4 class=\"panel-title\">\n\t\t\t\t\t\t<a class=\"collapsed\" data-toggle=\"collapse\" data-parent=\"#custom-collapse-0\" href=\"#custom-collapse-0-4\">Modo de Operaci\u00f3n<\/a>\n\t\t\t\t\t<\/h4>\n\t\t\t\t<\/div>\n\t\t\t\t<div id=\"custom-collapse-0-4\" class=\"panel-collapse collapse\">\n\t\t\t\t\t<div class=\"panel-body\">\n<p>Promover la detecci\u00f3n temprana de la violencia familiar y de g\u00e9nero en las instituciones del sistema estatal de salud.<\/p>\n<p>Garantizar el acceso oportuno a servicios de atenci\u00f3n m\u00e9dica y psicol\u00f3gica especializada.<\/p>\n<p>Contribuir que las mujeres y sus hijos e hijas que viven violencia extrema cuenten con espacios seguros que brinden\u00a0 protecci\u00f3n, atenci\u00f3n m\u00e9dica y psicol\u00f3gica as\u00ed como orientaci\u00f3n legal.<\/p>\n<p>Contribuir desde el nivel estatal para\u00a0 la prevenci\u00f3n y promoci\u00f3n del derecho a una vida sin violencia como parte de los derechos humanos de las mujeres.<\/p>\n<p>Promover la atenci\u00f3n integral, solidaria, con perspectiva de g\u00e9nero, respetuosa, multidisciplinaria e interinstitucional, que evite la re victimizaci\u00f3n de las personas afectadas por la violencia familiar y de g\u00e9nero.<br \/>\n<\/div>\n\t\t\t\t<\/div>\n\t\t\t<\/div>\n<div class=\"panel panel-default\">\n\t\t\t\t<div class=\"panel-heading\">\n\t\t\t\t\t<h4 class=\"panel-title\">\n\t\t\t\t\t\t<a class=\"collapsed\" data-toggle=\"collapse\" data-parent=\"#custom-collapse-0\" href=\"#custom-collapse-0-5\">Actividades<\/a>\n\t\t\t\t\t<\/h4>\n\t\t\t\t<\/div>\n\t\t\t\t<div id=\"custom-collapse-0-5\" class=\"panel-collapse collapse\">\n\t\t\t\t\t<div class=\"panel-body\">\n<p>Aplicar en todas las unidades de salud la herramienta de detecci\u00f3n temprana de la violencia a las mujeres de 15 a\u00f1os y m\u00e1s que acudan a la consulta\u00a0 de primera vez.<\/p>\n<p>Capacitar al personal de salud sobre el procedimiento para la detecci\u00f3n rutinaria de casos de violencia familiar y de g\u00e9nero, as\u00ed como su referencia.<\/p>\n<p>Atender a las mujeres que aceptan que sufren violencia a trav\u00e9s de la terapia psicol\u00f3gica individual\u00a0 y de grupos de reflexi\u00f3n.<\/p>\n<p>Difundir entre las mujeres de 15 a\u00f1os o m\u00e1s las formas que adopta m\u00e1s frecuentemente la violencia familiar y de g\u00e9nero y posibles consecuencias a corto, mediano y largo plazo en la salud de las receptoras.<br \/>\n<\/div>\n\t\t\t\t<\/div>\n\t\t\t<\/div>\n<div class=\"panel panel-default\">\n\t\t\t\t<div class=\"panel-heading\">\n\t\t\t\t\t<h4 class=\"panel-title\">\n\t\t\t\t\t\t<a class=\"collapsed\" data-toggle=\"collapse\" data-parent=\"#custom-collapse-0\" href=\"#custom-collapse-0-6\">Indicadores Principales<\/a>\n\t\t\t\t\t<\/h4>\n\t\t\t\t<\/div>\n\t\t\t\t<div id=\"custom-collapse-0-6\" class=\"panel-collapse collapse\">\n\t\t\t\t\t<div class=\"panel-body\">\n<ul>\n<li>Porcentaje de mujeres que viven en violencia severa con atenci\u00f3n especializada que con referidos de otras unidades de salud.<\/li>\n<li>Porcentaje de mujeres en situaci\u00f3n de violencia detectadas.<\/li>\n<li>Porcentaje de cobertura de atenci\u00f3n especializada a mujeres victimas violencia severa.<\/li>\n<li>Porcentaje de mujeres que terminan la intervenci\u00f3n de apoyo pisco-emocional por violencia severa.<\/li>\n<li>Porcentaje \u00a0de\u00a0 poblaci\u00f3n de responsabilidad que recibieron informaci\u00f3n sobre los derechos a una vida libre de violencia.<\/li>\n<\/ul>\n<\/div>\n\t\t\t\t<\/div>\n\t\t\t<\/div>\n<div class=\"panel panel-default\">\n\t\t\t\t<div class=\"panel-heading\">\n\t\t\t\t\t<h4 class=\"panel-title\">\n\t\t\t\t\t\t<a class=\"collapsed\" data-toggle=\"collapse\" data-parent=\"#custom-collapse-0\" href=\"#custom-collapse-0-7\">Retos<\/a>\n\t\t\t\t\t<\/h4>\n\t\t\t\t<\/div>\n\t\t\t\t<div id=\"custom-collapse-0-7\" class=\"panel-collapse collapse\">\n\t\t\t\t\t<div class=\"panel-body\">\n<p>Consolidar la detecci\u00f3n lo m\u00e1s temprano posible de los casos de violencia, la evaluaci\u00f3n del riesgo y referencia a los servicios que requieren.<\/p>\n<p>Consolidar la aplicaci\u00f3n de la normatividad vigente y el modelo de atenci\u00f3n a la violencia contra las mujeres en el sentido fundamental de ampliar su cobertura con el \u00f3ptimo de calidad.<\/p>\n<p>Mejorar la operaci\u00f3n de los sistemas de informaci\u00f3n sobre casos de violencia detectados.<br \/>\n<\/div>\n\t\t\t\t<\/div>\n\t\t\t<\/div>\n<div class=\"panel panel-default\">\n\t\t\t\t<div class=\"panel-heading\">\n\t\t\t\t\t<h4 class=\"panel-title\">\n\t\t\t\t\t\t<a class=\"collapsed\" data-toggle=\"collapse\" data-parent=\"#custom-collapse-0\" href=\"#custom-collapse-0-8\">Vinculaci\u00f3n<\/a>\n\t\t\t\t\t<\/h4>\n\t\t\t\t<\/div>\n\t\t\t\t<div id=\"custom-collapse-0-8\" class=\"panel-collapse collapse\">\n\t\t\t\t\t<div class=\"panel-body\">\n<p>La violencia familiar y de g\u00e9nero es un problema complejo que requiere de la participaci\u00f3n de una multiplicidad de instituciones p\u00fablicas, de los diversos niveles de gobierno y de otros actores sociales para su prevenci\u00f3n, atenci\u00f3n, sanci\u00f3n y erradicaci\u00f3n.<\/p>\n<p>DIF, SEP. , INMUJERES, IMSS, ISSSTE, Procuradur\u00eda De Justicia, Seguridad P\u00fablica, SEDENA, SEMAR.<br \/>\n<\/div>\n\t\t\t\t<\/div>\n\t\t\t<\/div>\n<\/div>\n<h3><\/h3>\n<h3><\/h3>\n","protected":false},"excerpt":{"rendered":"","protected":false},"author":3,"featured_media":0,"parent":97,"menu_order":0,"comment_status":"closed","ping_status":"closed","template":"","meta":{"footnotes":""},"class_list":["post-105","page","type-page","status-publish","hentry"],"yoast_head":"<!-- This site is optimized with the Yoast SEO plugin v24.8.1 - https:\/\/yoast.com\/wordpress\/plugins\/seo\/ -->\n<title>Violencia Familiar, Sexual y contra la Mujeres - Secretar\u00eda de Salud<\/title>\n<meta name=\"robots\" content=\"index, follow, max-snippet:-1, max-image-preview:large, max-video-preview:-1\" \/>\n<link rel=\"canonical\" href=\"https:\/\/www.tamaulipas.gob.mx\/salud\/programas\/salud-reproductiva\/violencia-familiar-sexual-y-contra-la-mujeres\/\" \/>\n<meta property=\"og:locale\" content=\"es_ES\" \/>\n<meta property=\"og:type\" content=\"article\" \/>\n<meta property=\"og:title\" content=\"Violencia Familiar, Sexual y contra la Mujeres - Secretar\u00eda de Salud\" \/>\n<meta property=\"og:url\" content=\"https:\/\/www.tamaulipas.gob.mx\/salud\/programas\/salud-reproductiva\/violencia-familiar-sexual-y-contra-la-mujeres\/\" \/>\n<meta property=\"og:site_name\" content=\"Secretar\u00eda de Salud\" \/>\n<meta property=\"article:publisher\" content=\"https:\/\/www.facebook.com\/SaludTamaulipas\" \/>\n<meta property=\"article:modified_time\" content=\"2016-11-07T15:55:56+00:00\" \/>\n<meta property=\"og:image\" content=\"https:\/\/www.tamaulipas.gob.mx\/salud\/wp-content\/uploads\/sites\/4\/2022\/10\/logotamaulipas2022.png\" \/>\n\t<meta property=\"og:image:width\" content=\"1200\" \/>\n\t<meta property=\"og:image:height\" content=\"388\" \/>\n\t<meta property=\"og:image:type\" content=\"image\/png\" \/>\n<meta name=\"twitter:card\" content=\"summary_large_image\" \/>\n<meta name=\"twitter:label1\" content=\"Tiempo de lectura\" \/>\n\t<meta name=\"twitter:data1\" content=\"5 minutos\" \/>\n<script type=\"application\/ld+json\" class=\"yoast-schema-graph\">{\"@context\":\"https:\/\/schema.org\",\"@graph\":[{\"@type\":\"WebPage\",\"@id\":\"https:\/\/www.tamaulipas.gob.mx\/salud\/programas\/salud-reproductiva\/violencia-familiar-sexual-y-contra-la-mujeres\/\",\"url\":\"https:\/\/www.tamaulipas.gob.mx\/salud\/programas\/salud-reproductiva\/violencia-familiar-sexual-y-contra-la-mujeres\/\",\"name\":\"Violencia Familiar, Sexual y contra la Mujeres - Secretar\u00eda de Salud\",\"isPartOf\":{\"@id\":\"https:\/\/www.tamaulipas.gob.mx\/salud\/#website\"},\"datePublished\":\"2016-11-01T22:09:21+00:00\",\"dateModified\":\"2016-11-07T15:55:56+00:00\",\"breadcrumb\":{\"@id\":\"https:\/\/www.tamaulipas.gob.mx\/salud\/programas\/salud-reproductiva\/violencia-familiar-sexual-y-contra-la-mujeres\/#breadcrumb\"},\"inLanguage\":\"es\",\"potentialAction\":[{\"@type\":\"ReadAction\",\"target\":[\"https:\/\/www.tamaulipas.gob.mx\/salud\/programas\/salud-reproductiva\/violencia-familiar-sexual-y-contra-la-mujeres\/\"]}]},{\"@type\":\"BreadcrumbList\",\"@id\":\"https:\/\/www.tamaulipas.gob.mx\/salud\/programas\/salud-reproductiva\/violencia-familiar-sexual-y-contra-la-mujeres\/#breadcrumb\",\"itemListElement\":[{\"@type\":\"ListItem\",\"position\":1,\"name\":\"Portada\",\"item\":\"https:\/\/www.tamaulipas.gob.mx\/salud\/\"},{\"@type\":\"ListItem\",\"position\":2,\"name\":\"Programas\",\"item\":\"https:\/\/www.tamaulipas.gob.mx\/salud\/programas\/\"},{\"@type\":\"ListItem\",\"position\":3,\"name\":\"Salud Reproductiva\",\"item\":\"https:\/\/www.tamaulipas.gob.mx\/salud\/programas\/salud-reproductiva\/\"},{\"@type\":\"ListItem\",\"position\":4,\"name\":\"Violencia Familiar, Sexual y contra la Mujeres\"}]},{\"@type\":\"WebSite\",\"@id\":\"https:\/\/www.tamaulipas.gob.mx\/salud\/#website\",\"url\":\"https:\/\/www.tamaulipas.gob.mx\/salud\/\",\"name\":\"Secretar\u00eda de Salud\",\"description\":\"Gobierno del Estado de Tamaulipas\",\"publisher\":{\"@id\":\"https:\/\/www.tamaulipas.gob.mx\/salud\/#organization\"},\"potentialAction\":[{\"@type\":\"SearchAction\",\"target\":{\"@type\":\"EntryPoint\",\"urlTemplate\":\"https:\/\/www.tamaulipas.gob.mx\/salud\/?s={search_term_string}\"},\"query-input\":{\"@type\":\"PropertyValueSpecification\",\"valueRequired\":true,\"valueName\":\"search_term_string\"}}],\"inLanguage\":\"es\"},{\"@type\":\"Organization\",\"@id\":\"https:\/\/www.tamaulipas.gob.mx\/salud\/#organization\",\"name\":\"Secretar\u00eda de Salud de Tamaulipas\",\"url\":\"https:\/\/www.tamaulipas.gob.mx\/salud\/\",\"logo\":{\"@type\":\"ImageObject\",\"inLanguage\":\"es\",\"@id\":\"https:\/\/www.tamaulipas.gob.mx\/salud\/#\/schema\/logo\/image\/\",\"url\":\"https:\/\/www.tamaulipas.gob.mx\/salud\/wp-content\/uploads\/sites\/4\/2022\/10\/logotamaulipas2022.png\",\"contentUrl\":\"https:\/\/www.tamaulipas.gob.mx\/salud\/wp-content\/uploads\/sites\/4\/2022\/10\/logotamaulipas2022.png\",\"width\":1200,\"height\":388,\"caption\":\"Secretar\u00eda de Salud de Tamaulipas\"},\"image\":{\"@id\":\"https:\/\/www.tamaulipas.gob.mx\/salud\/#\/schema\/logo\/image\/\"},\"sameAs\":[\"https:\/\/www.facebook.com\/SaludTamaulipas\"]}]}<\/script>\n<!-- \/ Yoast SEO plugin. -->","yoast_head_json":{"title":"Violencia Familiar, Sexual y contra la Mujeres - Secretar\u00eda de Salud","robots":{"index":"index","follow":"follow","max-snippet":"max-snippet:-1","max-image-preview":"max-image-preview:large","max-video-preview":"max-video-preview:-1"},"canonical":"https:\/\/www.tamaulipas.gob.mx\/salud\/programas\/salud-reproductiva\/violencia-familiar-sexual-y-contra-la-mujeres\/","og_locale":"es_ES","og_type":"article","og_title":"Violencia Familiar, Sexual y contra la Mujeres - Secretar\u00eda de Salud","og_url":"https:\/\/www.tamaulipas.gob.mx\/salud\/programas\/salud-reproductiva\/violencia-familiar-sexual-y-contra-la-mujeres\/","og_site_name":"Secretar\u00eda de Salud","article_publisher":"https:\/\/www.facebook.com\/SaludTamaulipas","article_modified_time":"2016-11-07T15:55:56+00:00","og_image":[{"width":1200,"height":388,"url":"https:\/\/www.tamaulipas.gob.mx\/salud\/wp-content\/uploads\/sites\/4\/2022\/10\/logotamaulipas2022.png","type":"image\/png"}],"twitter_card":"summary_large_image","twitter_misc":{"Tiempo de lectura":"5 minutos"},"schema":{"@context":"https:\/\/schema.org","@graph":[{"@type":"WebPage","@id":"https:\/\/www.tamaulipas.gob.mx\/salud\/programas\/salud-reproductiva\/violencia-familiar-sexual-y-contra-la-mujeres\/","url":"https:\/\/www.tamaulipas.gob.mx\/salud\/programas\/salud-reproductiva\/violencia-familiar-sexual-y-contra-la-mujeres\/","name":"Violencia Familiar, Sexual y contra la Mujeres - Secretar\u00eda de Salud","isPartOf":{"@id":"https:\/\/www.tamaulipas.gob.mx\/salud\/#website"},"datePublished":"2016-11-01T22:09:21+00:00","dateModified":"2016-11-07T15:55:56+00:00","breadcrumb":{"@id":"https:\/\/www.tamaulipas.gob.mx\/salud\/programas\/salud-reproductiva\/violencia-familiar-sexual-y-contra-la-mujeres\/#breadcrumb"},"inLanguage":"es","potentialAction":[{"@type":"ReadAction","target":["https:\/\/www.tamaulipas.gob.mx\/salud\/programas\/salud-reproductiva\/violencia-familiar-sexual-y-contra-la-mujeres\/"]}]},{"@type":"BreadcrumbList","@id":"https:\/\/www.tamaulipas.gob.mx\/salud\/programas\/salud-reproductiva\/violencia-familiar-sexual-y-contra-la-mujeres\/#breadcrumb","itemListElement":[{"@type":"ListItem","position":1,"name":"Portada","item":"https:\/\/www.tamaulipas.gob.mx\/salud\/"},{"@type":"ListItem","position":2,"name":"Programas","item":"https:\/\/www.tamaulipas.gob.mx\/salud\/programas\/"},{"@type":"ListItem","position":3,"name":"Salud Reproductiva","item":"https:\/\/www.tamaulipas.gob.mx\/salud\/programas\/salud-reproductiva\/"},{"@type":"ListItem","position":4,"name":"Violencia Familiar, Sexual y contra la Mujeres"}]},{"@type":"WebSite","@id":"https:\/\/www.tamaulipas.gob.mx\/salud\/#website","url":"https:\/\/www.tamaulipas.gob.mx\/salud\/","name":"Secretar\u00eda de Salud","description":"Gobierno del Estado de Tamaulipas","publisher":{"@id":"https:\/\/www.tamaulipas.gob.mx\/salud\/#organization"},"potentialAction":[{"@type":"SearchAction","target":{"@type":"EntryPoint","urlTemplate":"https:\/\/www.tamaulipas.gob.mx\/salud\/?s={search_term_string}"},"query-input":{"@type":"PropertyValueSpecification","valueRequired":true,"valueName":"search_term_string"}}],"inLanguage":"es"},{"@type":"Organization","@id":"https:\/\/www.tamaulipas.gob.mx\/salud\/#organization","name":"Secretar\u00eda de Salud de Tamaulipas","url":"https:\/\/www.tamaulipas.gob.mx\/salud\/","logo":{"@type":"ImageObject","inLanguage":"es","@id":"https:\/\/www.tamaulipas.gob.mx\/salud\/#\/schema\/logo\/image\/","url":"https:\/\/www.tamaulipas.gob.mx\/salud\/wp-content\/uploads\/sites\/4\/2022\/10\/logotamaulipas2022.png","contentUrl":"https:\/\/www.tamaulipas.gob.mx\/salud\/wp-content\/uploads\/sites\/4\/2022\/10\/logotamaulipas2022.png","width":1200,"height":388,"caption":"Secretar\u00eda de Salud de Tamaulipas"},"image":{"@id":"https:\/\/www.tamaulipas.gob.mx\/salud\/#\/schema\/logo\/image\/"},"sameAs":["https:\/\/www.facebook.com\/SaludTamaulipas"]}]}},"publishpress_future_action":{"enabled":false,"date":"2026-04-28 07:33:55","action":"change-status","newStatus":"draft","terms":[],"taxonomy":""},"_links":{"self":[{"href":"https:\/\/www.tamaulipas.gob.mx\/salud\/wp-json\/wp\/v2\/pages\/105"}],"collection":[{"href":"https:\/\/www.tamaulipas.gob.mx\/salud\/wp-json\/wp\/v2\/pages"}],"about":[{"href":"https:\/\/www.tamaulipas.gob.mx\/salud\/wp-json\/wp\/v2\/types\/page"}],"author":[{"embeddable":true,"href":"https:\/\/www.tamaulipas.gob.mx\/salud\/wp-json\/wp\/v2\/users\/3"}],"replies":[{"embeddable":true,"href":"https:\/\/www.tamaulipas.gob.mx\/salud\/wp-json\/wp\/v2\/comments?post=105"}],"version-history":[{"count":5,"href":"https:\/\/www.tamaulipas.gob.mx\/salud\/wp-json\/wp\/v2\/pages\/105\/revisions"}],"predecessor-version":[{"id":476,"href":"https:\/\/www.tamaulipas.gob.mx\/salud\/wp-json\/wp\/v2\/pages\/105\/revisions\/476"}],"up":[{"embeddable":true,"href":"https:\/\/www.tamaulipas.gob.mx\/salud\/wp-json\/wp\/v2\/pages\/97"}],"wp:attachment":[{"href":"https:\/\/www.tamaulipas.gob.mx\/salud\/wp-json\/wp\/v2\/media?parent=105"}],"curies":[{"name":"wp","href":"https:\/\/api.w.org\/{rel}","templated":true}]}}