{"id":101,"date":"2016-11-01T16:07:52","date_gmt":"2016-11-01T22:07:52","guid":{"rendered":"http:\/\/www.tamaulipas.gob.mx\/salud\/?page_id=101"},"modified":"2017-10-25T10:49:39","modified_gmt":"2017-10-25T15:49:39","slug":"planificacion-familiar","status":"publish","type":"page","link":"https:\/\/www.tamaulipas.gob.mx\/salud\/programas\/salud-reproductiva\/planificacion-familiar\/","title":{"rendered":"Planificaci\u00f3n Familiar"},"content":{"rendered":"<div class=\"panel-group\" id=\"custom-collapse-0\">\n<div class=\"panel panel-default\">\n\t\t\t\t<div class=\"panel-heading\">\n\t\t\t\t\t<h4 class=\"panel-title\">\n\t\t\t\t\t\t<a class=\"collapsed\" data-toggle=\"collapse\" data-parent=\"#custom-collapse-0\" href=\"#custom-collapse-0-0\">Antecedentes<\/a>\n\t\t\t\t\t<\/h4>\n\t\t\t\t<\/div>\n\t\t\t\t<div id=\"custom-collapse-0-0\" class=\"panel-collapse collapse\">\n\t\t\t\t\t<div class=\"panel-body\">\n<p>M\u00e9xico fue uno de los primeros pa\u00edses en desarrollar un programa de Cobertura Nacional de Salud Reproductiva y Planificaci\u00f3n Familiar que incorporo los lineamientos de Programa de Acci\u00f3n de la Tercera Conferencia Internacional sobre poblaci\u00f3n y desarrollo, celebrada en el Cairo, Egipto, en Septiembre de 1994, lo que constituy\u00f3 una de las primeras acciones de la reforma del Sector Salud.<\/p>\n<\/div>\n\t\t\t\t<\/div>\n\t\t\t<\/div>\n<div class=\"panel panel-default\">\n\t\t\t\t<div class=\"panel-heading\">\n\t\t\t\t\t<h4 class=\"panel-title\">\n\t\t\t\t\t\t<a class=\"collapsed\" data-toggle=\"collapse\" data-parent=\"#custom-collapse-0\" href=\"#custom-collapse-0-1\">Misi\u00f3n y Visi\u00f3n<\/a>\n\t\t\t\t\t<\/h4>\n\t\t\t\t<\/div>\n\t\t\t\t<div id=\"custom-collapse-0-1\" class=\"panel-collapse collapse\">\n\t\t\t\t\t<div class=\"panel-body\">\n<p><strong>Misi\u00f3n<\/strong><\/p>\n<p>Garantizar que hombre y mujeres reciban informaci\u00f3n clara, ver\u00eddica y oportuna sobre sus derechos sexuales y reproductivos, y que los servicios que se brindan sean de calidad.<\/p>\n<p><strong>Visi\u00f3n<\/strong><\/p>\n<p>Hombres y mujeres ejerciendo por igual sus derechos sexuales y sin riesgos; y esta conducta permita al Pa\u00eds\u00a0 y al Estado de Tamaulipas tener un crecimiento arm\u00f3nico de la poblaci\u00f3n.<br \/>\n<\/div>\n\t\t\t\t<\/div>\n\t\t\t<\/div>\n<div class=\"panel panel-default\">\n\t\t\t\t<div class=\"panel-heading\">\n\t\t\t\t\t<h4 class=\"panel-title\">\n\t\t\t\t\t\t<a class=\"\" data-toggle=\"collapse\" data-parent=\"#custom-collapse-0\" href=\"#custom-collapse-0-2\">Objetivo<\/a>\n\t\t\t\t\t<\/h4>\n\t\t\t\t<\/div>\n\t\t\t\t<div id=\"custom-collapse-0-2\" class=\"panel-collapse in\">\n\t\t\t\t\t<div class=\"panel-body\">\n<p>Contribuir a la disminuci\u00f3n de los embarazos no planeados y no deseados, mediante la oferta sistem\u00e1tica de m\u00e9todos anticonceptivos modernos y la prestaci\u00f3n de servicios de calidad a toda la poblaci\u00f3n en \u00e1rea rural, urbana y suburbana con particular \u00e9nfasis en los adolescentes de todos los municipios de las 8 Jurisdicciones Sanitarias del Estado de Tamaulipas.<\/p>\n<\/div>\n\t\t\t\t<\/div>\n\t\t\t<\/div>\n<div class=\"panel panel-default\">\n\t\t\t\t<div class=\"panel-heading\">\n\t\t\t\t\t<h4 class=\"panel-title\">\n\t\t\t\t\t\t<a class=\"collapsed\" data-toggle=\"collapse\" data-parent=\"#custom-collapse-0\" href=\"#custom-collapse-0-3\">Modo de Operaci\u00f3n<\/a>\n\t\t\t\t\t<\/h4>\n\t\t\t\t<\/div>\n\t\t\t\t<div id=\"custom-collapse-0-3\" class=\"panel-collapse collapse\">\n\t\t\t\t\t<div class=\"panel-body\">\n<p><strong>DESCRIPCI\u00d3N DEL PROCESO:<\/strong><\/p>\n<p><strong>Actividades espec\u00edficas\u00a0<\/strong><\/p>\n<ul>\n<li>Preventivas.<\/li>\n<li>Curativas.<\/li>\n<li>Protecci\u00f3n espec\u00edfica individualizada anticonceptiva.<\/li>\n<\/ul>\n<p><strong>Preventiva:<\/strong><\/p>\n<ul>\n<li><strong>Promoci\u00f3n de la Salud:<\/strong><br \/>\nEsta actividad se realiza en todas las Unidades de Salud de las 8\u00a0 Jurisdicciones Sanitarias a trav\u00e9s de los comit\u00e9s de salud, promotores voluntarios, auxiliares de salud, etc.<\/li>\n<li><strong>Educaci\u00f3n para la Salud Sexual y Reproductiva:<\/strong><br \/>\nSe brinda en toda las Unidades de Salud por el prestador de servicios de planificaci\u00f3n familiar brindando orientaci\u00f3n \u2013 consejer\u00eda acerca de la amplia gama de m\u00e9todos anticonceptivos temporales y definitivos que otorga la Secretaria de Salud.Platicas a grupos de hombres y mujeres alusivas a m\u00e9todos de planificaci\u00f3n familiar, derechos sexuales reproductivos y post reproductivos satisfactorios, saludables y sin riesgo.<\/li>\n<li><strong>Atenci\u00f3n M\u00e9dica de los Eventos Obst\u00e9tricos:<\/strong><br \/>\nSe lleva a cabo en todos los Hospitales Generales, Civiles, Unidades de Primer Nivel y por las Parteras Tradicionales, la atenci\u00f3n de eventos obst\u00e9tricos, parto eut\u00f3cico, dist\u00f3cico, ces\u00e1reas, legrados obst\u00e9tricos. Brindando atenci\u00f3n especializada y de calidad aplicando el m\u00e9todo anticonceptivo de acuerdo a las necesidades de cada paciente previa orientaci\u00f3n \u2013 consejer\u00eda y apoyada a la libre decisi\u00f3n de la usuaria.Brindar a todos los Hombres con paridad satisfecha que as\u00ed lo soliciten el procedimiento quir\u00fargico de vasectom\u00eda sin bistur\u00ed, como m\u00e9todo anticonceptivo.<br \/>\nConsultas a todas las mujeres en edad post reproductiva.<\/li>\n<\/ul>\n<\/div>\n\t\t\t\t<\/div>\n\t\t\t<\/div>\n<div class=\"panel panel-default\">\n\t\t\t\t<div class=\"panel-heading\">\n\t\t\t\t\t<h4 class=\"panel-title\">\n\t\t\t\t\t\t<a class=\"collapsed\" data-toggle=\"collapse\" data-parent=\"#custom-collapse-0\" href=\"#custom-collapse-0-4\">Requisitos<\/a>\n\t\t\t\t\t<\/h4>\n\t\t\t\t<\/div>\n\t\t\t\t<div id=\"custom-collapse-0-4\" class=\"panel-collapse collapse\">\n\t\t\t\t\t<div class=\"panel-body\">\nTodos (as) los hombres y mujeres en edad reproductiva y post reproductiva que soliciten el servicio de Planificaci\u00f3n Familiar, Climaterio y Menopausia.<br \/>\n<\/div>\n\t\t\t\t<\/div>\n\t\t\t<\/div>\n<div class=\"panel panel-default\">\n\t\t\t\t<div class=\"panel-heading\">\n\t\t\t\t\t<h4 class=\"panel-title\">\n\t\t\t\t\t\t<a class=\"collapsed\" data-toggle=\"collapse\" data-parent=\"#custom-collapse-0\" href=\"#custom-collapse-0-5\">Ubicaci\u00f3n<\/a>\n\t\t\t\t\t<\/h4>\n\t\t\t\t<\/div>\n\t\t\t\t<div id=\"custom-collapse-0-5\" class=\"panel-collapse collapse\">\n\t\t\t\t\t<div class=\"panel-body\">\nTodas las Unidades de Salud ubicadas en los 43 municipios del Estado de Tamaulipas.<br \/>\n<\/div>\n\t\t\t\t<\/div>\n\t\t\t<\/div>\n<div class=\"panel panel-default\">\n\t\t\t\t<div class=\"panel-heading\">\n\t\t\t\t\t<h4 class=\"panel-title\">\n\t\t\t\t\t\t<a class=\"collapsed\" data-toggle=\"collapse\" data-parent=\"#custom-collapse-0\" href=\"#custom-collapse-0-6\">Subprogramas<\/a>\n\t\t\t\t\t<\/h4>\n\t\t\t\t<\/div>\n\t\t\t\t<div id=\"custom-collapse-0-6\" class=\"panel-collapse collapse\">\n\t\t\t\t\t<div class=\"panel-body\">\n<ul>\n<li>Usuarias Nuevas.<\/li>\n<li>Usuarias Activas.<\/li>\n<li>Consulta de Primera Vez.<\/li>\n<li>Consulta Subsecuentes.<\/li>\n<li>Platicas a Grupos.<\/li>\n<li>Atenci\u00f3n Posevento Obst\u00e9trico.<\/li>\n<li>Oclusi\u00f3n Tubaria Bilateral de Intervalo.<\/li>\n<li>Vasectom\u00eda sin Bistur\u00ed.<\/li>\n<li>Consultas de Climaterio y Menopausia.<\/li>\n<\/ul>\n<\/div>\n\t\t\t\t<\/div>\n\t\t\t<\/div>\n<div class=\"panel panel-default\">\n\t\t\t\t<div class=\"panel-heading\">\n\t\t\t\t\t<h4 class=\"panel-title\">\n\t\t\t\t\t\t<a class=\"collapsed\" data-toggle=\"collapse\" data-parent=\"#custom-collapse-0\" href=\"#custom-collapse-0-7\">M\u00e9todos<\/a>\n\t\t\t\t\t<\/h4>\n\t\t\t\t<\/div>\n\t\t\t\t<div id=\"custom-collapse-0-7\" class=\"panel-collapse collapse\">\n\t\t\t\t\t<div class=\"panel-body\">\n<p><strong>M\u00e9todos temporales:<\/strong><\/p>\n<ul>\n<li>M\u00e9todos anticonceptivos.<\/li>\n<li>m\u00e9todos de barrera.<\/li>\n<li>m\u00e9todos naturales.<\/li>\n<\/ul>\n<p><strong>M\u00e9todos definitivos:<\/strong><\/p>\n<ul>\n<li>Vasectom\u00eda sin bistur\u00ed en el var\u00f3n.<\/li>\n<li>Salpingoclasias en la mujer.<\/li>\n<\/ul>\n<\/div>\n\t\t\t\t<\/div>\n\t\t\t<\/div>\n<\/div>\n<p><strong>\u00a0<\/strong><\/p>\n<p>&nbsp;<\/p>\n","protected":false},"excerpt":{"rendered":"<p>\u00a0 &nbsp;<\/p>\n","protected":false},"author":19,"featured_media":0,"parent":97,"menu_order":0,"comment_status":"closed","ping_status":"closed","template":"","meta":{"footnotes":""},"class_list":["post-101","page","type-page","status-publish","hentry"],"yoast_head":"<!-- This site is optimized with the Yoast SEO plugin v24.8.1 - https:\/\/yoast.com\/wordpress\/plugins\/seo\/ -->\n<title>Planificaci\u00f3n Familiar - Secretar\u00eda de Salud<\/title>\n<meta name=\"robots\" content=\"index, follow, max-snippet:-1, max-image-preview:large, max-video-preview:-1\" \/>\n<link rel=\"canonical\" href=\"https:\/\/www.tamaulipas.gob.mx\/salud\/programas\/salud-reproductiva\/planificacion-familiar\/\" \/>\n<meta property=\"og:locale\" content=\"es_ES\" \/>\n<meta property=\"og:type\" content=\"article\" \/>\n<meta property=\"og:title\" content=\"Planificaci\u00f3n Familiar - Secretar\u00eda de Salud\" \/>\n<meta property=\"og:description\" content=\"\u00a0 &nbsp;\" \/>\n<meta property=\"og:url\" content=\"https:\/\/www.tamaulipas.gob.mx\/salud\/programas\/salud-reproductiva\/planificacion-familiar\/\" \/>\n<meta property=\"og:site_name\" content=\"Secretar\u00eda de Salud\" \/>\n<meta property=\"article:publisher\" content=\"https:\/\/www.facebook.com\/SaludTamaulipas\" \/>\n<meta property=\"article:modified_time\" content=\"2017-10-25T15:49:39+00:00\" \/>\n<meta property=\"og:image\" content=\"https:\/\/www.tamaulipas.gob.mx\/salud\/wp-content\/uploads\/sites\/4\/2022\/10\/logotamaulipas2022.png\" \/>\n\t<meta property=\"og:image:width\" content=\"1200\" \/>\n\t<meta property=\"og:image:height\" content=\"388\" \/>\n\t<meta property=\"og:image:type\" content=\"image\/png\" \/>\n<meta name=\"twitter:card\" content=\"summary_large_image\" \/>\n<meta name=\"twitter:label1\" content=\"Tiempo de lectura\" \/>\n\t<meta name=\"twitter:data1\" content=\"3 minutos\" \/>\n<script type=\"application\/ld+json\" class=\"yoast-schema-graph\">{\"@context\":\"https:\/\/schema.org\",\"@graph\":[{\"@type\":\"WebPage\",\"@id\":\"https:\/\/www.tamaulipas.gob.mx\/salud\/programas\/salud-reproductiva\/planificacion-familiar\/\",\"url\":\"https:\/\/www.tamaulipas.gob.mx\/salud\/programas\/salud-reproductiva\/planificacion-familiar\/\",\"name\":\"Planificaci\u00f3n Familiar - Secretar\u00eda de Salud\",\"isPartOf\":{\"@id\":\"https:\/\/www.tamaulipas.gob.mx\/salud\/#website\"},\"datePublished\":\"2016-11-01T22:07:52+00:00\",\"dateModified\":\"2017-10-25T15:49:39+00:00\",\"breadcrumb\":{\"@id\":\"https:\/\/www.tamaulipas.gob.mx\/salud\/programas\/salud-reproductiva\/planificacion-familiar\/#breadcrumb\"},\"inLanguage\":\"es\",\"potentialAction\":[{\"@type\":\"ReadAction\",\"target\":[\"https:\/\/www.tamaulipas.gob.mx\/salud\/programas\/salud-reproductiva\/planificacion-familiar\/\"]}]},{\"@type\":\"BreadcrumbList\",\"@id\":\"https:\/\/www.tamaulipas.gob.mx\/salud\/programas\/salud-reproductiva\/planificacion-familiar\/#breadcrumb\",\"itemListElement\":[{\"@type\":\"ListItem\",\"position\":1,\"name\":\"Portada\",\"item\":\"https:\/\/www.tamaulipas.gob.mx\/salud\/\"},{\"@type\":\"ListItem\",\"position\":2,\"name\":\"Programas\",\"item\":\"https:\/\/www.tamaulipas.gob.mx\/salud\/programas\/\"},{\"@type\":\"ListItem\",\"position\":3,\"name\":\"Salud Reproductiva\",\"item\":\"https:\/\/www.tamaulipas.gob.mx\/salud\/programas\/salud-reproductiva\/\"},{\"@type\":\"ListItem\",\"position\":4,\"name\":\"Planificaci\u00f3n Familiar\"}]},{\"@type\":\"WebSite\",\"@id\":\"https:\/\/www.tamaulipas.gob.mx\/salud\/#website\",\"url\":\"https:\/\/www.tamaulipas.gob.mx\/salud\/\",\"name\":\"Secretar\u00eda de Salud\",\"description\":\"Gobierno del Estado de Tamaulipas\",\"publisher\":{\"@id\":\"https:\/\/www.tamaulipas.gob.mx\/salud\/#organization\"},\"potentialAction\":[{\"@type\":\"SearchAction\",\"target\":{\"@type\":\"EntryPoint\",\"urlTemplate\":\"https:\/\/www.tamaulipas.gob.mx\/salud\/?s={search_term_string}\"},\"query-input\":{\"@type\":\"PropertyValueSpecification\",\"valueRequired\":true,\"valueName\":\"search_term_string\"}}],\"inLanguage\":\"es\"},{\"@type\":\"Organization\",\"@id\":\"https:\/\/www.tamaulipas.gob.mx\/salud\/#organization\",\"name\":\"Secretar\u00eda de Salud de Tamaulipas\",\"url\":\"https:\/\/www.tamaulipas.gob.mx\/salud\/\",\"logo\":{\"@type\":\"ImageObject\",\"inLanguage\":\"es\",\"@id\":\"https:\/\/www.tamaulipas.gob.mx\/salud\/#\/schema\/logo\/image\/\",\"url\":\"https:\/\/www.tamaulipas.gob.mx\/salud\/wp-content\/uploads\/sites\/4\/2022\/10\/logotamaulipas2022.png\",\"contentUrl\":\"https:\/\/www.tamaulipas.gob.mx\/salud\/wp-content\/uploads\/sites\/4\/2022\/10\/logotamaulipas2022.png\",\"width\":1200,\"height\":388,\"caption\":\"Secretar\u00eda de Salud de Tamaulipas\"},\"image\":{\"@id\":\"https:\/\/www.tamaulipas.gob.mx\/salud\/#\/schema\/logo\/image\/\"},\"sameAs\":[\"https:\/\/www.facebook.com\/SaludTamaulipas\"]}]}<\/script>\n<!-- \/ Yoast SEO plugin. -->","yoast_head_json":{"title":"Planificaci\u00f3n Familiar - Secretar\u00eda de Salud","robots":{"index":"index","follow":"follow","max-snippet":"max-snippet:-1","max-image-preview":"max-image-preview:large","max-video-preview":"max-video-preview:-1"},"canonical":"https:\/\/www.tamaulipas.gob.mx\/salud\/programas\/salud-reproductiva\/planificacion-familiar\/","og_locale":"es_ES","og_type":"article","og_title":"Planificaci\u00f3n Familiar - Secretar\u00eda de Salud","og_description":"\u00a0 &nbsp;","og_url":"https:\/\/www.tamaulipas.gob.mx\/salud\/programas\/salud-reproductiva\/planificacion-familiar\/","og_site_name":"Secretar\u00eda de Salud","article_publisher":"https:\/\/www.facebook.com\/SaludTamaulipas","article_modified_time":"2017-10-25T15:49:39+00:00","og_image":[{"width":1200,"height":388,"url":"https:\/\/www.tamaulipas.gob.mx\/salud\/wp-content\/uploads\/sites\/4\/2022\/10\/logotamaulipas2022.png","type":"image\/png"}],"twitter_card":"summary_large_image","twitter_misc":{"Tiempo de lectura":"3 minutos"},"schema":{"@context":"https:\/\/schema.org","@graph":[{"@type":"WebPage","@id":"https:\/\/www.tamaulipas.gob.mx\/salud\/programas\/salud-reproductiva\/planificacion-familiar\/","url":"https:\/\/www.tamaulipas.gob.mx\/salud\/programas\/salud-reproductiva\/planificacion-familiar\/","name":"Planificaci\u00f3n Familiar - Secretar\u00eda de Salud","isPartOf":{"@id":"https:\/\/www.tamaulipas.gob.mx\/salud\/#website"},"datePublished":"2016-11-01T22:07:52+00:00","dateModified":"2017-10-25T15:49:39+00:00","breadcrumb":{"@id":"https:\/\/www.tamaulipas.gob.mx\/salud\/programas\/salud-reproductiva\/planificacion-familiar\/#breadcrumb"},"inLanguage":"es","potentialAction":[{"@type":"ReadAction","target":["https:\/\/www.tamaulipas.gob.mx\/salud\/programas\/salud-reproductiva\/planificacion-familiar\/"]}]},{"@type":"BreadcrumbList","@id":"https:\/\/www.tamaulipas.gob.mx\/salud\/programas\/salud-reproductiva\/planificacion-familiar\/#breadcrumb","itemListElement":[{"@type":"ListItem","position":1,"name":"Portada","item":"https:\/\/www.tamaulipas.gob.mx\/salud\/"},{"@type":"ListItem","position":2,"name":"Programas","item":"https:\/\/www.tamaulipas.gob.mx\/salud\/programas\/"},{"@type":"ListItem","position":3,"name":"Salud Reproductiva","item":"https:\/\/www.tamaulipas.gob.mx\/salud\/programas\/salud-reproductiva\/"},{"@type":"ListItem","position":4,"name":"Planificaci\u00f3n Familiar"}]},{"@type":"WebSite","@id":"https:\/\/www.tamaulipas.gob.mx\/salud\/#website","url":"https:\/\/www.tamaulipas.gob.mx\/salud\/","name":"Secretar\u00eda de Salud","description":"Gobierno del Estado de Tamaulipas","publisher":{"@id":"https:\/\/www.tamaulipas.gob.mx\/salud\/#organization"},"potentialAction":[{"@type":"SearchAction","target":{"@type":"EntryPoint","urlTemplate":"https:\/\/www.tamaulipas.gob.mx\/salud\/?s={search_term_string}"},"query-input":{"@type":"PropertyValueSpecification","valueRequired":true,"valueName":"search_term_string"}}],"inLanguage":"es"},{"@type":"Organization","@id":"https:\/\/www.tamaulipas.gob.mx\/salud\/#organization","name":"Secretar\u00eda de Salud de Tamaulipas","url":"https:\/\/www.tamaulipas.gob.mx\/salud\/","logo":{"@type":"ImageObject","inLanguage":"es","@id":"https:\/\/www.tamaulipas.gob.mx\/salud\/#\/schema\/logo\/image\/","url":"https:\/\/www.tamaulipas.gob.mx\/salud\/wp-content\/uploads\/sites\/4\/2022\/10\/logotamaulipas2022.png","contentUrl":"https:\/\/www.tamaulipas.gob.mx\/salud\/wp-content\/uploads\/sites\/4\/2022\/10\/logotamaulipas2022.png","width":1200,"height":388,"caption":"Secretar\u00eda de Salud de Tamaulipas"},"image":{"@id":"https:\/\/www.tamaulipas.gob.mx\/salud\/#\/schema\/logo\/image\/"},"sameAs":["https:\/\/www.facebook.com\/SaludTamaulipas"]}]}},"publishpress_future_action":{"enabled":false,"date":"2026-04-28 07:33:06","action":"change-status","newStatus":"draft","terms":[],"taxonomy":""},"_links":{"self":[{"href":"https:\/\/www.tamaulipas.gob.mx\/salud\/wp-json\/wp\/v2\/pages\/101"}],"collection":[{"href":"https:\/\/www.tamaulipas.gob.mx\/salud\/wp-json\/wp\/v2\/pages"}],"about":[{"href":"https:\/\/www.tamaulipas.gob.mx\/salud\/wp-json\/wp\/v2\/types\/page"}],"author":[{"embeddable":true,"href":"https:\/\/www.tamaulipas.gob.mx\/salud\/wp-json\/wp\/v2\/users\/19"}],"replies":[{"embeddable":true,"href":"https:\/\/www.tamaulipas.gob.mx\/salud\/wp-json\/wp\/v2\/comments?post=101"}],"version-history":[{"count":7,"href":"https:\/\/www.tamaulipas.gob.mx\/salud\/wp-json\/wp\/v2\/pages\/101\/revisions"}],"predecessor-version":[{"id":2511,"href":"https:\/\/www.tamaulipas.gob.mx\/salud\/wp-json\/wp\/v2\/pages\/101\/revisions\/2511"}],"up":[{"embeddable":true,"href":"https:\/\/www.tamaulipas.gob.mx\/salud\/wp-json\/wp\/v2\/pages\/97"}],"wp:attachment":[{"href":"https:\/\/www.tamaulipas.gob.mx\/salud\/wp-json\/wp\/v2\/media?parent=101"}],"curies":[{"name":"wp","href":"https:\/\/api.w.org\/{rel}","templated":true}]}}