{"id":6,"date":"2020-08-06T15:35:50","date_gmt":"2020-08-06T20:35:50","guid":{"rendered":"https:\/\/www.tamaulipas.gob.mx\/reisp\/?page_id=6"},"modified":"2020-08-31T10:26:30","modified_gmt":"2020-08-31T15:26:30","slug":"descripcion","status":"publish","type":"page","link":"https:\/\/www.tamaulipas.gob.mx\/reisp\/descripcion\/","title":{"rendered":"Descripci\u00f3n"},"content":{"rendered":"<p>El Colegio de Tamaulipas promueve la creaci\u00f3n de la Red para la Evaluaci\u00f3n e Investigaci\u00f3n del Sector P\u00fablico (REISP) con la intenci\u00f3n de establecer un espacio de intercambio de ideas sobre la evaluaci\u00f3n de la gesti\u00f3n p\u00fablica.<\/p>\n<p>La REISP podr\u00e1 tener participaci\u00f3n de miembros externos a El Coltam y su participaci\u00f3n privilegiar\u00e1 el di\u00e1logo colaborativo para la generaci\u00f3n de conocimiento en materia de evaluaci\u00f3n gubernamental.<\/p>\n<p>La REISP al ser un espacio de confluencia de ideas no tendr\u00e1 figura jur\u00eddica propia ni podr\u00e1 celebrar contratos de ninguna \u00edndole con gobierno, empresas o sociedad civil. Las membres\u00edas a la REISP ser\u00e1n gratuitas.<\/p>\n<p>La REISP tendr\u00e1 su primera sede en El Colegio de Tamaulipas.<\/p>\n","protected":false},"excerpt":{"rendered":"<p>El Colegio de Tamaulipas promueve la creaci\u00f3n de la Red para la Evaluaci\u00f3n e Investigaci\u00f3n del Sector P\u00fablico (REISP) con la intenci\u00f3n de establecer un\u2026<\/p>\n","protected":false},"author":1,"featured_media":0,"parent":0,"menu_order":0,"comment_status":"closed","ping_status":"closed","template":"","meta":{"footnotes":""},"class_list":["post-6","page","type-page","status-publish","hentry"],"publishpress_future_action":{"enabled":false,"date":"2026-04-11 17:56:42","action":"change-status","newStatus":"draft","terms":[],"taxonomy":""},"_links":{"self":[{"href":"https:\/\/www.tamaulipas.gob.mx\/reisp\/wp-json\/wp\/v2\/pages\/6"}],"collection":[{"href":"https:\/\/www.tamaulipas.gob.mx\/reisp\/wp-json\/wp\/v2\/pages"}],"about":[{"href":"https:\/\/www.tamaulipas.gob.mx\/reisp\/wp-json\/wp\/v2\/types\/page"}],"author":[{"embeddable":true,"href":"https:\/\/www.tamaulipas.gob.mx\/reisp\/wp-json\/wp\/v2\/users\/1"}],"replies":[{"embeddable":true,"href":"https:\/\/www.tamaulipas.gob.mx\/reisp\/wp-json\/wp\/v2\/comments?post=6"}],"version-history":[{"count":6,"href":"https:\/\/www.tamaulipas.gob.mx\/reisp\/wp-json\/wp\/v2\/pages\/6\/revisions"}],"predecessor-version":[{"id":70,"href":"https:\/\/www.tamaulipas.gob.mx\/reisp\/wp-json\/wp\/v2\/pages\/6\/revisions\/70"}],"wp:attachment":[{"href":"https:\/\/www.tamaulipas.gob.mx\/reisp\/wp-json\/wp\/v2\/media?parent=6"}],"curies":[{"name":"wp","href":"https:\/\/api.w.org\/{rel}","templated":true}]}}