{"id":15,"date":"2020-08-06T15:46:52","date_gmt":"2020-08-06T20:46:52","guid":{"rendered":"https:\/\/www.tamaulipas.gob.mx\/reisp\/?page_id=15"},"modified":"2021-08-19T15:26:49","modified_gmt":"2021-08-19T20:26:49","slug":"coordinacion","status":"publish","type":"page","link":"https:\/\/www.tamaulipas.gob.mx\/reisp\/coordinacion\/","title":{"rendered":"Coordinaci\u00f3n"},"content":{"rendered":"<p>La Coordinaci\u00f3n de la REISP estar\u00e1 ocupada por una investigadora o investigador del \u00e1rea de ciencias pol\u00edticas, sociales o econ\u00f3mico administrativas con trayectoria en materia de evaluaci\u00f3n del sector p\u00fablico. El cargo es honor\u00edfico y durar\u00e1 1 a\u00f1o.<\/p>\n<p>Entre sus obligaciones estar\u00e1n:<\/p>\n<ul>\n<li>Integrar el orden del d\u00eda de las sesiones del Comit\u00e9 T\u00e9cnico Acad\u00e9mico.<\/li>\n<li>Resguardar las actas de sesi\u00f3n ordinaria y extraordinarias del Comit\u00e9 T\u00e9cnico Acad\u00e9mico y dar seguimiento a los acuerdos.<\/li>\n<li>Integrar los expedientes de las postulaciones de miembros a la REISP.<\/li>\n<li>Informar al Comit\u00e9 T\u00e9cnico Acad\u00e9mico del avance de los proyectos y productos acad\u00e9micos en las sesiones ordinarias y extraordinarias.<\/li>\n<li>Administrar la p\u00e1gina oficial de la REISP y la difusi\u00f3n de sus eventos, actividades y productos acad\u00e9micos.<br \/>\nLa Coordinaci\u00f3n de la REISP podr\u00e1 cambiar de sede si as\u00ed lo decide el Comit\u00e9 T\u00e9cnico Acad\u00e9mico.<\/li>\n<\/ul>\n<p><strong>Coordinaci\u00f3n 2020<\/strong><\/p>\n<p>&nbsp;<\/p>\n","protected":false},"excerpt":{"rendered":"<p>La Coordinaci\u00f3n de la REISP estar\u00e1 ocupada por una investigadora o investigador del \u00e1rea de ciencias pol\u00edticas, sociales o econ\u00f3mico administrativas con trayectoria en materia\u2026<\/p>\n","protected":false},"author":1,"featured_media":0,"parent":0,"menu_order":0,"comment_status":"closed","ping_status":"closed","template":"","meta":{"footnotes":""},"class_list":["post-15","page","type-page","status-publish","hentry"],"publishpress_future_action":{"enabled":false,"date":"2026-04-11 17:47:44","action":"change-status","newStatus":"draft","terms":[],"taxonomy":""},"_links":{"self":[{"href":"https:\/\/www.tamaulipas.gob.mx\/reisp\/wp-json\/wp\/v2\/pages\/15"}],"collection":[{"href":"https:\/\/www.tamaulipas.gob.mx\/reisp\/wp-json\/wp\/v2\/pages"}],"about":[{"href":"https:\/\/www.tamaulipas.gob.mx\/reisp\/wp-json\/wp\/v2\/types\/page"}],"author":[{"embeddable":true,"href":"https:\/\/www.tamaulipas.gob.mx\/reisp\/wp-json\/wp\/v2\/users\/1"}],"replies":[{"embeddable":true,"href":"https:\/\/www.tamaulipas.gob.mx\/reisp\/wp-json\/wp\/v2\/comments?post=15"}],"version-history":[{"count":4,"href":"https:\/\/www.tamaulipas.gob.mx\/reisp\/wp-json\/wp\/v2\/pages\/15\/revisions"}],"predecessor-version":[{"id":111,"href":"https:\/\/www.tamaulipas.gob.mx\/reisp\/wp-json\/wp\/v2\/pages\/15\/revisions\/111"}],"wp:attachment":[{"href":"https:\/\/www.tamaulipas.gob.mx\/reisp\/wp-json\/wp\/v2\/media?parent=15"}],"curies":[{"name":"wp","href":"https:\/\/api.w.org\/{rel}","templated":true}]}}