{"id":13,"date":"2020-08-06T15:43:35","date_gmt":"2020-08-06T20:43:35","guid":{"rendered":"https:\/\/www.tamaulipas.gob.mx\/reisp\/?page_id=13"},"modified":"2020-08-25T10:46:00","modified_gmt":"2020-08-25T15:46:00","slug":"consejo","status":"publish","type":"page","link":"https:\/\/www.tamaulipas.gob.mx\/reisp\/consejo\/","title":{"rendered":"Consejo t\u00e9cnico acad\u00e9mico"},"content":{"rendered":"<p>El Comit\u00e9 T\u00e9cnico Acad\u00e9mico estar\u00e1 compuesto por investigadores de alto renombre en el \u00e1rea de la evaluaci\u00f3n del sector p\u00fablico. El puesto en el Comit\u00e9 T\u00e9cnico Acad\u00e9mico tendr\u00e1 una duraci\u00f3n de 2 a\u00f1os con posibilidad de reelecci\u00f3n. El cargo es honor\u00edfico.<\/p>\n<p>El Comit\u00e9 T\u00e9cnico Acad\u00e9mico sesionar\u00e1 al menos 1 vez cada 6 meses con la intenci\u00f3n de establecer y aprobar planes semestrales de trabajo. En caso de requerirse, habr\u00e1 sesiones extraordinarias.<\/p>\n<p>Entre sus facultades se encuentran las de:<\/p>\n<ul>\n<li>Nombrar a la Coordinadora o Coordinador de la REISP.<\/li>\n<li>Aprobar o rechazar la postulaci\u00f3n de miembros de la REISP.<\/li>\n<li>Proponer proyectos de investigaci\u00f3n espec\u00edficos con miembros de la REISP y externos.<\/li>\n<li>Participar como dictaminadores o proponer dictaminadores para los productos acad\u00e9micos y actividades de la REISP.<\/li>\n<li>Aprobar o rechazar la publicaci\u00f3n de productos acad\u00e9micos de la REISP.<\/li>\n<\/ul>\n<p><strong>Comit\u00e9 T\u00e9cnico Acad\u00e9mico<\/strong><\/p>\n<div class=\"table-responsive\"><table class=\" table table table-gobtam\"><thead><tr><td>Nombre<\/td>\n<td>Universidad<\/td>\n<td>Departamento o Divisi&#xF3;n<\/td>\n<td>Ubicaci&#xF3;n<\/td>\n<\/tr><\/thead><tbody><tr><td><strong>Ady Patricia Carrera Hern&#xE1;ndez<\/strong><\/td>\n<td>Instituto Polit&#xE9;cnico Nacional<\/td>\n<td>Centro de Investigaciones Econ&#xF3;micas, Administrativas y Sociales<\/td>\n<td>Puebla &#x2013; Ciudad de M&#xE9;xico<\/td>\n<\/tr><tr><td><strong>Claudia Maldonado Trujillo<\/strong><\/td>\n<td>Centro de Investigaci&#xF3;n y Docencia Econ&#xF3;micas<\/td>\n<td>Administraci&#xF3;n P&#xFA;blica<\/td>\n<td>Ciudad de M&#xE9;xico<\/td>\n<\/tr><tr><td><strong>Gabriel Pur&#xF3;n Cid<\/strong><\/td>\n<td>Centro de Investigaci&#xF3;n y Docencia Econ&#xF3;micas<\/td>\n<td>Regi&#xF3;n Centro<\/td>\n<td>Aguascalientes<\/td>\n<\/tr><tr><td><strong>Guillermo Cejudo Ram&#xED;rez<\/strong><\/td>\n<td>Centro de Investigaci&#xF3;n y Docencia Econ&#xF3;micas<\/td>\n<td>Administraci&#xF3;n P&#xFA;blica<\/td>\n<td>Ciudad de M&#xE9;xico<\/td>\n<\/tr><tr><td><strong>Heidi Jane Smith<\/strong><\/td>\n<td>Universidad Iberoamericana<\/td>\n<td>Econom&#xED;a<\/td>\n<td>Ciudad de M&#xE9;xico<\/td>\n<\/tr><tr><td><strong>Jorge Alberto P&#xE9;rez Cruz<\/strong><\/td>\n<td>Universidad Aut&#xF3;noma de Tamaulipas<\/td>\n<td>Facultad de Derecho y Ciencias Sociales<\/td>\n<td>Tampico<\/td>\n<\/tr><tr><td><strong>Jorge Aurelio Ibarra Salazar<\/strong><\/td>\n<td>Tecnol&#xF3;gico de Monterrey<\/td>\n<td>Econom&#xED;a<\/td>\n<td>Monterrey<\/td>\n<\/tr><tr><td><strong>Teresa Elizabeth Cueva Luna<\/strong><\/td>\n<td>El Colegio de la Frontera Norte<\/td>\n<td>Estudios de Poblaci&#xF3;n<\/td>\n<td>Matamoros<\/td>\n<\/tr><\/tbody><\/table><\/div>\n","protected":false},"excerpt":{"rendered":"<p>El Comit\u00e9 T\u00e9cnico Acad\u00e9mico estar\u00e1 compuesto por investigadores de alto renombre en el \u00e1rea de la evaluaci\u00f3n del sector p\u00fablico. El puesto en el Comit\u00e9\u2026<\/p>\n","protected":false},"author":1,"featured_media":0,"parent":0,"menu_order":0,"comment_status":"closed","ping_status":"closed","template":"","meta":{"footnotes":""},"class_list":["post-13","page","type-page","status-publish","hentry"],"publishpress_future_action":{"enabled":false,"date":"2026-04-11 17:47:18","action":"change-status","newStatus":"draft","terms":[],"taxonomy":""},"_links":{"self":[{"href":"https:\/\/www.tamaulipas.gob.mx\/reisp\/wp-json\/wp\/v2\/pages\/13"}],"collection":[{"href":"https:\/\/www.tamaulipas.gob.mx\/reisp\/wp-json\/wp\/v2\/pages"}],"about":[{"href":"https:\/\/www.tamaulipas.gob.mx\/reisp\/wp-json\/wp\/v2\/types\/page"}],"author":[{"embeddable":true,"href":"https:\/\/www.tamaulipas.gob.mx\/reisp\/wp-json\/wp\/v2\/users\/1"}],"replies":[{"embeddable":true,"href":"https:\/\/www.tamaulipas.gob.mx\/reisp\/wp-json\/wp\/v2\/comments?post=13"}],"version-history":[{"count":3,"href":"https:\/\/www.tamaulipas.gob.mx\/reisp\/wp-json\/wp\/v2\/pages\/13\/revisions"}],"predecessor-version":[{"id":62,"href":"https:\/\/www.tamaulipas.gob.mx\/reisp\/wp-json\/wp\/v2\/pages\/13\/revisions\/62"}],"wp:attachment":[{"href":"https:\/\/www.tamaulipas.gob.mx\/reisp\/wp-json\/wp\/v2\/media?parent=13"}],"curies":[{"name":"wp","href":"https:\/\/api.w.org\/{rel}","templated":true}]}}