{"id":10,"date":"2020-08-06T15:40:40","date_gmt":"2020-08-06T20:40:40","guid":{"rendered":"https:\/\/www.tamaulipas.gob.mx\/reisp\/?page_id=10"},"modified":"2020-08-25T10:34:23","modified_gmt":"2020-08-25T15:34:23","slug":"estructura","status":"publish","type":"page","link":"https:\/\/www.tamaulipas.gob.mx\/reisp\/estructura\/","title":{"rendered":"Estructura"},"content":{"rendered":"<p>La estructura de la REISP ser\u00e1 la siguiente:<\/p>\n<ul>\n<li><strong>Comit\u00e9 T\u00e9cnico Acad\u00e9mico<\/strong>: Conformado por investigadores de alto renombre acad\u00e9mico en materia de evaluaci\u00f3n de la gesti\u00f3n p\u00fablica.<\/li>\n<li><strong>Coordinaci\u00f3n de la REISP<\/strong>: Integrante encargado de enlazar de forma coordinada las actividades programadas de la REISP.<\/li>\n<li><strong>Miembros<\/strong>: Investigadores adheridos a la REISP en un proceso de selecci\u00f3n cuya aprobaci\u00f3n requiere el visto bueno de los miembros del Comit\u00e9 T\u00e9cnico Acad\u00e9mico.<\/li>\n<\/ul>\n","protected":false},"excerpt":{"rendered":"<p>La estructura de la REISP ser\u00e1 la siguiente: Comit\u00e9 T\u00e9cnico Acad\u00e9mico: Conformado por investigadores de alto renombre acad\u00e9mico en materia de evaluaci\u00f3n de la gesti\u00f3n\u2026<\/p>\n","protected":false},"author":1,"featured_media":0,"parent":0,"menu_order":0,"comment_status":"closed","ping_status":"closed","template":"","meta":{"footnotes":""},"class_list":["post-10","page","type-page","status-publish","hentry"],"publishpress_future_action":{"enabled":false,"date":"2026-04-11 17:47:20","action":"change-status","newStatus":"draft","terms":[],"taxonomy":""},"_links":{"self":[{"href":"https:\/\/www.tamaulipas.gob.mx\/reisp\/wp-json\/wp\/v2\/pages\/10"}],"collection":[{"href":"https:\/\/www.tamaulipas.gob.mx\/reisp\/wp-json\/wp\/v2\/pages"}],"about":[{"href":"https:\/\/www.tamaulipas.gob.mx\/reisp\/wp-json\/wp\/v2\/types\/page"}],"author":[{"embeddable":true,"href":"https:\/\/www.tamaulipas.gob.mx\/reisp\/wp-json\/wp\/v2\/users\/1"}],"replies":[{"embeddable":true,"href":"https:\/\/www.tamaulipas.gob.mx\/reisp\/wp-json\/wp\/v2\/comments?post=10"}],"version-history":[{"count":3,"href":"https:\/\/www.tamaulipas.gob.mx\/reisp\/wp-json\/wp\/v2\/pages\/10\/revisions"}],"predecessor-version":[{"id":59,"href":"https:\/\/www.tamaulipas.gob.mx\/reisp\/wp-json\/wp\/v2\/pages\/10\/revisions\/59"}],"wp:attachment":[{"href":"https:\/\/www.tamaulipas.gob.mx\/reisp\/wp-json\/wp\/v2\/media?parent=10"}],"curies":[{"name":"wp","href":"https:\/\/api.w.org\/{rel}","templated":true}]}}