{"id":98,"date":"2017-05-03T14:17:36","date_gmt":"2017-05-03T19:17:36","guid":{"rendered":"http:\/\/www.tamaulipas.gob.mx\/ceat\/?page_id=98"},"modified":"2018-05-14T15:15:32","modified_gmt":"2018-05-14T20:15:32","slug":"leyes","status":"publish","type":"page","link":"https:\/\/www.tamaulipas.gob.mx\/recursoshidraulicos\/transparencia\/informacion-publica-de-oficio\/leyes\/","title":{"rendered":"Leyes y Reglamentos"},"content":{"rendered":"<ul>\n<li>Manual de Procedimientos<\/li>\n<li>C\u00f3digo de \u00c9tica y conducta<\/li>\n<li>Estatuto Org\u00e1nico<\/li>\n<li>Manual de Perfiles de Puestos Ejecutivos<\/li>\n<li>Constituci\u00f3n Pol\u00edtica de los Estados Unidos Mexicanos.<\/li>\n<li>Constituci\u00f3n Pol\u00edtica de el Estado de Tamaulipas.<\/li>\n<li>Ley de Aguas del Estado de Tamaulipas.<\/li>\n<li>Ley de Aguas Nacionales.<\/li>\n<li>Reglamento de la Ley de Aguas Nacionales.<\/li>\n<li>Ley Org\u00e1nica de la Administraci\u00f3n P\u00fablica del Estado de Tamaulipas.<\/li>\n<li>Ley de Entidades Paraestatales del Estado de Tamaulipas.<\/li>\n<li>Ley de Adquisiciones para la Administraci\u00f3n P\u00fablica del Estado de Tamaulipas y sus Municipios.<\/li>\n<li>Ley de Adquisiciones, Arrendamientos y Servicios del Sector P\u00fablico.<\/li>\n<li>Ley de Transparencia y Acceso a la Informaci\u00f3n P\u00fablica del Estado de Tamaulipas.<\/li>\n<li>Ley de Responsabilidades de los Servidores P\u00fablicos del Estado de Tamaulipas.<\/li>\n<li><a href=\"https:\/\/www.tamaulipas.gob.mx\/recursoshidraulicos\/wp-content\/uploads\/sites\/24\/2017\/05\/leyfederaldederechos.pdf\" target=\"_blank\" rel=\"noopener\">Ley Federal de Derechos<\/a><\/li>\n<\/ul>\n","protected":false},"excerpt":{"rendered":"<p>Manual de Procedimientos C\u00f3digo de \u00c9tica y conducta Estatuto Org\u00e1nico Manual de Perfiles de Puestos Ejecutivos Constituci\u00f3n Pol\u00edtica de los Estados Unidos Mexicanos. Constituci\u00f3n Pol\u00edtica\u2026<\/p>\n","protected":false},"author":7,"featured_media":0,"parent":80,"menu_order":0,"comment_status":"closed","ping_status":"closed","template":"","meta":{"footnotes":""},"class_list":["post-98","page","type-page","status-publish","hentry"],"publishpress_future_action":{"enabled":false,"date":"2026-05-24 00:50:12","action":"change-status","newStatus":"draft","terms":[],"taxonomy":""},"_links":{"self":[{"href":"https:\/\/www.tamaulipas.gob.mx\/recursoshidraulicos\/wp-json\/wp\/v2\/pages\/98"}],"collection":[{"href":"https:\/\/www.tamaulipas.gob.mx\/recursoshidraulicos\/wp-json\/wp\/v2\/pages"}],"about":[{"href":"https:\/\/www.tamaulipas.gob.mx\/recursoshidraulicos\/wp-json\/wp\/v2\/types\/page"}],"author":[{"embeddable":true,"href":"https:\/\/www.tamaulipas.gob.mx\/recursoshidraulicos\/wp-json\/wp\/v2\/users\/7"}],"replies":[{"embeddable":true,"href":"https:\/\/www.tamaulipas.gob.mx\/recursoshidraulicos\/wp-json\/wp\/v2\/comments?post=98"}],"version-history":[{"count":2,"href":"https:\/\/www.tamaulipas.gob.mx\/recursoshidraulicos\/wp-json\/wp\/v2\/pages\/98\/revisions"}],"predecessor-version":[{"id":501,"href":"https:\/\/www.tamaulipas.gob.mx\/recursoshidraulicos\/wp-json\/wp\/v2\/pages\/98\/revisions\/501"}],"up":[{"embeddable":true,"href":"https:\/\/www.tamaulipas.gob.mx\/recursoshidraulicos\/wp-json\/wp\/v2\/pages\/80"}],"wp:attachment":[{"href":"https:\/\/www.tamaulipas.gob.mx\/recursoshidraulicos\/wp-json\/wp\/v2\/media?parent=98"}],"curies":[{"name":"wp","href":"https:\/\/api.w.org\/{rel}","templated":true}]}}