{"id":865,"date":"2019-09-04T11:32:05","date_gmt":"2019-09-04T16:32:05","guid":{"rendered":"https:\/\/www.tamaulipas.gob.mx\/ceat\/?page_id=865"},"modified":"2019-09-04T11:32:05","modified_gmt":"2019-09-04T16:32:05","slug":"prodi","status":"publish","type":"page","link":"https:\/\/www.tamaulipas.gob.mx\/recursoshidraulicos\/prodi\/","title":{"rendered":"PRODI"},"content":{"rendered":"<p><strong>Proyecto para el Desarrollo Integral <\/strong><strong>de Organismos Operadores de Agua y Saneamiento<\/strong><\/p>\n<p>Tiene como prop\u00f3sito mejorar la calidad del servicio de agua potable en poblaciones, preferentemente <strong>entre 50 mil y 900 mil habitantes<\/strong>, mediante la ejecuci\u00f3n de <strong>proyectos integrales<\/strong> de corto y mediano plazo por parte de los organismos responsables de la prestaci\u00f3n del servicio, con el fin de impulsar su sostenibilidad operativa y financiera a trav\u00e9s de su desarrollo integral, con base en tres objetivos espec\u00edficos:<\/p>\n<ol>\n<li>Reducci\u00f3n de costos de operaci\u00f3n.<\/li>\n<li>Incremento de los ingresos propios.<\/li>\n<li>Reducci\u00f3n de p\u00e9rdidas f\u00edsicas de agua.<\/li>\n<\/ol>\n<p>Este Apartado est\u00e1 financiado parcialmente con cr\u00e9dito externo por el Banco Interamericano de Desarrollo <strong>BID<\/strong>.<\/p>\n<div class=\"table-responsive\"><table style=\"border-collapse: collapse; width: 100%;\" class=\" table table-bordered table-gobtam\"><tbody><tr><td style=\"width: 100%; background-color: #0064a8; text-align: center;\"><strong><span style=\"color: #ffffff;\">Operaci&#xF3;n de PRODI<\/span><\/strong><\/td>\n<\/tr><tr><td style=\"width: 100%; text-align: center;\"><a href=\"https:\/\/www.gob.mx\/conagua\/documentos\/programa-para-el-desarrollo-integral-de-los-organismos-operadores-de-agua-y-saneamiento-prodi\" target=\"_blank\" rel=\"noopener noreferrer\">Generalidades del programa y lineamientos<\/a><\/td>\n<\/tr><\/tbody><\/table><\/div>\n<div class=\"table-responsive\"><table style=\"border-collapse: collapse; width: 100%;\" class=\" table table-bordered table-gobtam\"><tbody><tr><td style=\"width: 25%; background-color: #0064a8; text-align: center;\" colspan=\"4\"><span style=\"color: #ffffff;\"><strong>ANEXOS T&#xC9;CNICOS SUSCRITOS<\/strong><\/span><\/td>\n<\/tr><tr><td style=\"width: 25%; background-color: #97c93c; text-align: left;\"><span style=\"color: #ffffff;\">Anexo T&#xE9;cnico<\/span><\/td>\n<td style=\"width: 25%; text-align: center; background-color: #97c93c;\"><span style=\"color: #ffffff;\">2019<\/span><\/td>\n<td style=\"width: 25%; text-align: center; background-color: #97c93c;\"><span style=\"color: #ffffff;\">2018<\/span><\/td>\n<td style=\"width: 25%; text-align: center; background-color: #97c93c;\"><span style=\"color: #ffffff;\">2017<\/span><\/td>\n<\/tr><tr><td style=\"width: 25%;\">Primer Modificatorio<\/td>\n<td style=\"width: 25%; text-align: center;\"><a href=\"https:\/\/www.tamaulipas.gob.mx\/recursoshidraulicos\/wp-content\/uploads\/sites\/24\/2019\/09\/92-prodi-2019-tcnico-primer-modificatorio.pdf\" target=\"_blank\" rel=\"noopener noreferrer\">Julio 31<\/a><\/td>\n<td style=\"width: 25%; text-align: center;\"><\/td>\n<td style=\"width: 25%;\"><\/td>\n<\/tr><tr><td style=\"width: 25%;\">Segundo Modificatorio<\/td>\n<td style=\"width: 25%; text-align: center;\"><\/td>\n<td style=\"width: 25%; text-align: center;\"><a href=\"https:\/\/www.tamaulipas.gob.mx\/recursoshidraulicos\/wp-content\/uploads\/sites\/24\/2019\/09\/93-prodi-2018-tcnico-segundo-modificatorio.pdf\" target=\"_blank\" rel=\"noopener noreferrer\">Julio 25*<\/a><\/td>\n<td style=\"width: 25%;\"><\/td>\n<\/tr><tr><td style=\"width: 25%; text-align: center;\" colspan=\"4\"><span style=\"font-size: 10px;\"><em>NOTA:&#xA0;&#xA0;&#xA0; El Segundo Modificatorio al Anexo de Ejecuci&#xF3;n 2018 se refiere &#xFA;nicamente al apartado PRODI, el cual no se llev&#xF3; a cabo debido a que el recurso federal se aport&#xF3; el 31-Dic-2018<\/em><\/span><\/td>\n<\/tr><\/tbody><\/table><\/div>\n","protected":false},"excerpt":{"rendered":"<p>Proyecto para el Desarrollo Integral de Organismos Operadores de Agua y Saneamiento Tiene como prop\u00f3sito mejorar la calidad del servicio de agua potable en poblaciones,\u2026<\/p>\n","protected":false},"author":62,"featured_media":0,"parent":0,"menu_order":0,"comment_status":"closed","ping_status":"closed","template":"","meta":{"footnotes":""},"class_list":["post-865","page","type-page","status-publish","hentry"],"publishpress_future_action":{"enabled":false,"date":"2026-05-04 03:48:01","action":"change-status","newStatus":"draft","terms":[],"taxonomy":""},"_links":{"self":[{"href":"https:\/\/www.tamaulipas.gob.mx\/recursoshidraulicos\/wp-json\/wp\/v2\/pages\/865"}],"collection":[{"href":"https:\/\/www.tamaulipas.gob.mx\/recursoshidraulicos\/wp-json\/wp\/v2\/pages"}],"about":[{"href":"https:\/\/www.tamaulipas.gob.mx\/recursoshidraulicos\/wp-json\/wp\/v2\/types\/page"}],"author":[{"embeddable":true,"href":"https:\/\/www.tamaulipas.gob.mx\/recursoshidraulicos\/wp-json\/wp\/v2\/users\/62"}],"replies":[{"embeddable":true,"href":"https:\/\/www.tamaulipas.gob.mx\/recursoshidraulicos\/wp-json\/wp\/v2\/comments?post=865"}],"version-history":[{"count":6,"href":"https:\/\/www.tamaulipas.gob.mx\/recursoshidraulicos\/wp-json\/wp\/v2\/pages\/865\/revisions"}],"predecessor-version":[{"id":873,"href":"https:\/\/www.tamaulipas.gob.mx\/recursoshidraulicos\/wp-json\/wp\/v2\/pages\/865\/revisions\/873"}],"wp:attachment":[{"href":"https:\/\/www.tamaulipas.gob.mx\/recursoshidraulicos\/wp-json\/wp\/v2\/media?parent=865"}],"curies":[{"name":"wp","href":"https:\/\/api.w.org\/{rel}","templated":true}]}}