{"id":80,"date":"2017-05-03T10:36:32","date_gmt":"2017-05-03T15:36:32","guid":{"rendered":"http:\/\/www.tamaulipas.gob.mx\/ceat\/?page_id=80"},"modified":"2018-05-14T15:41:41","modified_gmt":"2018-05-14T20:41:41","slug":"informacion-publica-de-oficio","status":"publish","type":"page","link":"https:\/\/www.tamaulipas.gob.mx\/recursoshidraulicos\/transparencia\/informacion-publica-de-oficio\/","title":{"rendered":"Informaci\u00f3n p\u00fablica de oficio"},"content":{"rendered":"<p>En t\u00e9rminos del art\u00edculo 16 inciso b) de la Ley de Transparencia y Acceso a la Informaci\u00f3n P\u00fablica del Estado de Tamaulipas.<\/p>\n<ol style=\"list-style-type: upper-roman;\">\n<li><a href=\"https:\/\/www.tamaulipas.gob.mx\/recursoshidraulicos\/estructura\/\">Estructura org\u00e1nica.<\/a><\/li>\n<li><a href=\"https:\/\/www.tamaulipas.gob.mx\/recursoshidraulicos\/transparencia\/informacion-publica-de-oficio\/leyes\/\">Leyes y reglamentos.<\/a><\/li>\n<li>Plan Estatal de Desarrollo.<\/li>\n<li>Directorio oficial de servidores p\u00fablicos.<\/li>\n<li><a href=\"https:\/\/www.tamaulipas.gob.mx\/recursoshidraulicos\/transparencia\/informacion-publica-de-oficio\/informacion\/\">Unidad de informaci\u00f3n p\u00fablica.<\/a><\/li>\n<li>Lista general de personal que labora en la dependencia.<\/li>\n<li><a href=\"https:\/\/www.tamaulipas.gob.mx\/recursoshidraulicos\/transparencia\/informacion-publica-de-oficio\/jubilados\/\">Listado general de jubilados y pensionados.<\/a><\/li>\n<li><a href=\"https:\/\/www.tamaulipas.gob.mx\/recursoshidraulicos\/transparencia\/informacion-publica-de-oficio\/tramites\/\">Tramites y Servicios.<\/a><\/li>\n<li>Presupuesto autorizado.<\/li>\n<li>Presupuesto autorizado y su ejercicio por trimestre<\/li>\n<li>Estado de ingresos y egresos.<\/li>\n<li>Relaci\u00f3n de subsidios y subvenciones.<\/li>\n<li>Padr\u00f3n\u00a0de proveedores y contratistas<\/li>\n<li>Convocatorias para la licitaci\u00f3n de adquisiciones, contrataci\u00f3n de servicios u obra p\u00fablica, as\u00ed como sus resultados.<\/li>\n<li>Relaci\u00f3n de veh\u00edculos oficiales.<\/li>\n<li>Concesiones, permisos y autorizaciones.<\/li>\n<\/ol>\n","protected":false},"excerpt":{"rendered":"<p>En t\u00e9rminos del art\u00edculo 16 inciso b) de la Ley de Transparencia y Acceso a la Informaci\u00f3n P\u00fablica del Estado de Tamaulipas. Estructura org\u00e1nica. Leyes\u2026<\/p>\n","protected":false},"author":7,"featured_media":0,"parent":492,"menu_order":0,"comment_status":"closed","ping_status":"closed","template":"","meta":{"footnotes":""},"class_list":["post-80","page","type-page","status-publish","hentry"],"publishpress_future_action":{"enabled":false,"date":"2026-05-23 23:49:50","action":"change-status","newStatus":"draft","terms":[],"taxonomy":""},"_links":{"self":[{"href":"https:\/\/www.tamaulipas.gob.mx\/recursoshidraulicos\/wp-json\/wp\/v2\/pages\/80"}],"collection":[{"href":"https:\/\/www.tamaulipas.gob.mx\/recursoshidraulicos\/wp-json\/wp\/v2\/pages"}],"about":[{"href":"https:\/\/www.tamaulipas.gob.mx\/recursoshidraulicos\/wp-json\/wp\/v2\/types\/page"}],"author":[{"embeddable":true,"href":"https:\/\/www.tamaulipas.gob.mx\/recursoshidraulicos\/wp-json\/wp\/v2\/users\/7"}],"replies":[{"embeddable":true,"href":"https:\/\/www.tamaulipas.gob.mx\/recursoshidraulicos\/wp-json\/wp\/v2\/comments?post=80"}],"version-history":[{"count":7,"href":"https:\/\/www.tamaulipas.gob.mx\/recursoshidraulicos\/wp-json\/wp\/v2\/pages\/80\/revisions"}],"predecessor-version":[{"id":509,"href":"https:\/\/www.tamaulipas.gob.mx\/recursoshidraulicos\/wp-json\/wp\/v2\/pages\/80\/revisions\/509"}],"up":[{"embeddable":true,"href":"https:\/\/www.tamaulipas.gob.mx\/recursoshidraulicos\/wp-json\/wp\/v2\/pages\/492"}],"wp:attachment":[{"href":"https:\/\/www.tamaulipas.gob.mx\/recursoshidraulicos\/wp-json\/wp\/v2\/media?parent=80"}],"curies":[{"name":"wp","href":"https:\/\/api.w.org\/{rel}","templated":true}]}}