{"id":78,"date":"2017-05-03T09:59:45","date_gmt":"2017-05-03T14:59:45","guid":{"rendered":"http:\/\/www.tamaulipas.gob.mx\/ceat\/?page_id=78"},"modified":"2020-01-14T12:13:30","modified_gmt":"2020-01-14T18:13:30","slug":"sistema-estatal-de-informacion","status":"publish","type":"page","link":"https:\/\/www.tamaulipas.gob.mx\/recursoshidraulicos\/programas\/sistema-estatal-de-informacion\/","title":{"rendered":"Sistema Estatal de Informaci\u00f3n"},"content":{"rendered":"<p><strong>El Sistema Estatal de Informaci\u00f3n de la CEAT.<\/strong><br \/>\nEsta contemplado en la LAET en el art\u00edculo 88 y es la fuente oficial de informaci\u00f3n del sector agua en el estado de Tamaulipas, el cual contendr\u00e1 para cada municipio y regi\u00f3n del estado de Tamaulipas, el estado actual de la disponibilidad del recurso, los vol\u00famenes aprovechados para cada uno de los usos, as\u00ed como la situaci\u00f3n que guardan los Organismos Operadores y Asociaciones de Usuarios, constituidas para la prestaci\u00f3n de los servicios.<\/p>\n<p>Su integraci\u00f3n est\u00e1 dividida en 3 procesos, los cuales son progresivos y continuos.<\/p>\n<p><strong>Consolidaci\u00f3n de la informaci\u00f3n del sector agu<\/strong>a.<br \/>\nRealizado por medio de la recopilaci\u00f3n, clasificaci\u00f3n y agrupamiento, de la informaci\u00f3n proporcionada por las fuentes del sector. Se efect\u00faa considerando como unidades geogr\u00e1ficas, hidrol\u00f3gicas y pol\u00edticas, la Cuenca, el Municipio y la Regi\u00f3n. Esto permite posteriormente su manejo y consulta de acuerdo a la aplicaci\u00f3n que se requiera. La informaci\u00f3n recopilada se procesa para ubicarla en un marco geogr\u00e1fico \u00fanico de referencia, de acuerdo con la normatividad de INEGI.<\/p>\n<ul>\n<li>Cuencas Hidrol\u00f3gicas.<\/li>\n<li>Disponibilidad.<\/li>\n<li>Hidrolog\u00eda.<\/li>\n<\/ul>\n<p><strong>Administraci\u00f3n de la informaci\u00f3n del sector agua.<\/strong><br \/>\nA trav\u00e9s de microsistemas de almacenamiento y reporte, se presentan en tiempo real tableros de control con indicadores de gesti\u00f3n de manejo pr\u00e1ctico y sencillo, los cuales pueden apoyar la toma de decisiones en la planeaci\u00f3n y la evaluaci\u00f3n del estado del recurso. Los tableros de control se encuentran dentro de la pagina en la pesta\u00f1a de informaci\u00f3n.<\/p>\n<p><strong>Mantenimiento de la infraestructura inform\u00e1tica.<\/strong><br \/>\nEl seguimiento de la capacidad de proceso y almacenamiento de datos del Sistema Estatal de Informaci\u00f3n se efect\u00faa por medio de una base de datos din\u00e1mica donde se integran todos los equipos que participan en el sistema, asi mismo se revisan las vigencias y pertinencias del software requerido para realizar los procesos anteriores y el trabajo cotidiano de la Comisi\u00f3n Estatal del Agua de Tamaulipas y organismos operadores.<\/p>\n","protected":false},"excerpt":{"rendered":"<p>El Sistema Estatal de Informaci\u00f3n de la CEAT. Esta contemplado en la LAET en el art\u00edculo 88 y es la fuente oficial de informaci\u00f3n del\u2026<\/p>\n","protected":false},"author":7,"featured_media":0,"parent":68,"menu_order":0,"comment_status":"closed","ping_status":"closed","template":"","meta":{"footnotes":""},"class_list":["post-78","page","type-page","status-publish","hentry"],"publishpress_future_action":{"enabled":false,"date":"2026-05-23 23:49:49","action":"change-status","newStatus":"draft","terms":[],"taxonomy":""},"_links":{"self":[{"href":"https:\/\/www.tamaulipas.gob.mx\/recursoshidraulicos\/wp-json\/wp\/v2\/pages\/78"}],"collection":[{"href":"https:\/\/www.tamaulipas.gob.mx\/recursoshidraulicos\/wp-json\/wp\/v2\/pages"}],"about":[{"href":"https:\/\/www.tamaulipas.gob.mx\/recursoshidraulicos\/wp-json\/wp\/v2\/types\/page"}],"author":[{"embeddable":true,"href":"https:\/\/www.tamaulipas.gob.mx\/recursoshidraulicos\/wp-json\/wp\/v2\/users\/7"}],"replies":[{"embeddable":true,"href":"https:\/\/www.tamaulipas.gob.mx\/recursoshidraulicos\/wp-json\/wp\/v2\/comments?post=78"}],"version-history":[{"count":2,"href":"https:\/\/www.tamaulipas.gob.mx\/recursoshidraulicos\/wp-json\/wp\/v2\/pages\/78\/revisions"}],"predecessor-version":[{"id":993,"href":"https:\/\/www.tamaulipas.gob.mx\/recursoshidraulicos\/wp-json\/wp\/v2\/pages\/78\/revisions\/993"}],"up":[{"embeddable":true,"href":"https:\/\/www.tamaulipas.gob.mx\/recursoshidraulicos\/wp-json\/wp\/v2\/pages\/68"}],"wp:attachment":[{"href":"https:\/\/www.tamaulipas.gob.mx\/recursoshidraulicos\/wp-json\/wp\/v2\/media?parent=78"}],"curies":[{"name":"wp","href":"https:\/\/api.w.org\/{rel}","templated":true}]}}