{"id":7,"date":"2017-04-27T19:08:40","date_gmt":"2017-04-28T00:08:40","guid":{"rendered":"http:\/\/www.tamaulipas.gob.mx\/ceat\/?page_id=7"},"modified":"2023-08-10T15:53:51","modified_gmt":"2023-08-10T21:53:51","slug":"estructura","status":"publish","type":"page","link":"https:\/\/www.tamaulipas.gob.mx\/recursoshidraulicos\/estructura\/","title":{"rendered":"Estructura Org\u00e1nica"},"content":{"rendered":"<h4><strong>Secretar\u00eda de Recursos Hidr\u00e1ulicos para el Desarrollo Social.<\/strong><\/h4>\n<ul>\n<li><strong>Secretar\u00eda Particular.<\/strong><br \/>\n<em>&#8211; Departamento de Atenci\u00f3n Ciudadana.<\/em><\/li>\n<li><strong>Secretar\u00eda T\u00e9cnica.<\/strong><br \/>\n&#8211; Departamento de Comunicaci\u00f3n Social.<\/li>\n<li><strong>Direcci\u00f3n de Planeaci\u00f3n e Inform\u00e1tica.<\/strong><br \/>\n&#8211; Departamento de Gesti\u00f3n Inform\u00e1tica.<br \/>\n&#8211; Departamento de Planeaci\u00f3n.<\/li>\n<li><strong>Direcci\u00f3n de Administraci\u00f3n y Finanzas.<br \/>\n<\/strong>&#8211; Departamento de Recursos Humanos.<br \/>\n&#8211; Departamento de Recursos Materiales y Servicios Generales.<br \/>\n&#8211; Departamento de Recursos Financieros.<\/li>\n<li><strong>Coordinaci\u00f3n General Jur\u00eddica.<\/strong><\/li>\n<li><strong>Direcci\u00f3n de lo Consultivo.<br \/>\n<\/strong>&#8211; Subdirecci\u00f3n de Transparencia y Control de la Legalidad.<br \/>\n&#8211; Subdirecci\u00f3n de Convenios y Contratos.<\/li>\n<li><strong>Direcci\u00f3n de lo Contencioso.<\/strong><br \/>\n&#8211; Subdirecci\u00f3n de Litigios y Asuntos Penales.<br \/>\n&#8211; Subdirecci\u00f3n de Atenci\u00f3n a Procedimientos Administrativos.<\/li>\n<li><span style=\"font-size: 16px;\"><em><span style=\"text-decoration: underline;\"><strong>Subsecretar\u00eda de Operaci\u00f3n y Fortalecimiento a Organismos Operadores.<\/strong><\/span><\/em><\/span><\/li>\n<li><strong>Coordinaci\u00f3n T\u00e9cnico Administrativo.<\/strong><\/li>\n<li><strong>Direcci\u00f3n de Vinculaci\u00f3n y Fortalecimiento a Organismos Operadores.<\/strong><br \/>\n<em>&#8211; Subdirecci\u00f3n de Vinculaci\u00f3n y Fortalecimiento.<\/em><br \/>\n&#8211; Departamento de Apoyo Comercial y Financiero.<br \/>\n&#8211; Departamento de Vinculaci\u00f3n y Apoyo a Sistemas Rurales.<br \/>\n<em>&#8211; Subdirecci\u00f3n de Calidad del Agua<br \/>\n<\/em>&#8211; Departamento de Agua Potable<br \/>\n&#8211; Departamento de Saneamiento.<br \/>\n&#8211; Departamento de Cultura del Agua y Capacitaci\u00f3n.<\/li>\n<li><strong>Direcci\u00f3n de Estudios y Proyectos.<\/strong><br \/>\n&#8211; Departamento de Proyectos.<br \/>\n&#8211; Departamento de Expedientes de Factibilidad.<br \/>\n&#8211; Departamento de Especificaciones y Normalizaci\u00f3n<\/li>\n<li><strong>Direcci\u00f3n de Agua Potable y Saneamiento.<\/strong><br \/>\n<em>&#8211; Subdirecci\u00f3n de Agua Potable y Drenaje.<\/em><br \/>\n&#8211; Departamento de Planeaci\u00f3n Hidr\u00e1ulica.<br \/>\n&#8211; Departamento de Subsidios para la Inversi\u00f3n.<br \/>\n<em>&#8211; Subdirecci\u00f3n de Programas Rurales y Participaci\u00f3n Social.<\/em><br \/>\n&#8211; Departamento de Atenci\u00f3n Social y Participaci\u00f3n Ciudadana.<br \/>\n&#8211; Departamento de Seguimiento y Evaluaci\u00f3n.<br \/>\n&#8211; Departamento de Tr\u00e1mites y Permisos.<br \/>\n&#8211; Subdirecci\u00f3n de Seguimiento y Control de Inversiones.<br \/>\n&#8211; Departamento de Seguimiento de la Inversi\u00f3n.<br \/>\n&#8211; Departamento de Control y Transparencia.<\/li>\n<li><em><span style=\"text-decoration: underline;\"><strong>Subsecretar\u00eda de Infraestructura Hidr\u00e1ulica<\/strong><\/span><\/em><\/li>\n<li><strong>Coordinaci\u00f3n T\u00e9cnico Administrativo<\/strong><\/li>\n<li><strong>Direcci\u00f3n de Consejos de Cuenca<\/strong><br \/>\n<em>&#8211; Subdirecci\u00f3n de Organismos Auxiliares.<\/em><br \/>\n&#8211; Departamento de Consejo de Cuenca San Fernando-Soto la Marina.<br \/>\n&#8211; Departamento de Comisi\u00f3n de Cuenca del R\u00edo Guayalejo-Tames\u00ed.<br \/>\n&#8211; Departamento de Cotas Tula-Bustamante.<\/li>\n<li><strong>Direcci\u00f3n de Distritos y Unidades de Riego.<\/strong><br \/>\n<em>&#8211; Subdirecci\u00f3n de Distritos de Riego.<\/em><br \/>\n&#8211; Departamento de Operaci\u00f3n.<br \/>\n&#8211; Departamento de Conservaci\u00f3n.<br \/>\n&#8211; Departamento de Ingenier\u00eda de Riego y Drenaje.<br \/>\n<em>&#8211; Subdirecci\u00f3n de Unidades de Riego.<\/em><br \/>\n&#8211; Departamento de Aprovechamiento de Aguas Superficiales y Subterr\u00e1neas.<br \/>\n&#8211; Departamento de Organizaci\u00f3n, Capacitaci\u00f3n y Asistencia T\u00e9cnica.<br \/>\n<em>&#8211; Subdirecci\u00f3n de Programas Estatales y Federalizados.<\/em><br \/>\n&#8211; Departamento de Rehabilitaci\u00f3n y Tecnificaci\u00f3n de Unidades de Riego.<br \/>\n&#8211; Departamento de Rehabilitaci\u00f3n y Tecnificaci\u00f3n de Distritos de Riego.<\/li>\n<li><strong>Direcci\u00f3n de Administraci\u00f3n y Control de Sistemas Hidrol\u00f3gicos.<\/strong><br \/>\n<em>&#8211; Subdirecci\u00f3n de Aguas Superficiales y Subterr\u00e1neas.<\/em><br \/>\n&#8211; Departamento de Ingenier\u00eda de R\u00edos, Hidrometr\u00eda y Estad\u00edstica.<br \/>\n&#8211; Departamento de Medici\u00f3n de Aguas Subterr\u00e1neas.<br \/>\n<em>&#8211; Subdirecci\u00f3n de Infraestructura y Seguridad de Presas.<\/em><br \/>\n&#8211; Departamento de Presas y Plantas de Bombeo.<br \/>\n<em>&#8211; Subdirecci\u00f3n de Calidad del Agua.<\/em><br \/>\n&#8211; Departamento de Monitoreo de Calidad del Agua.<\/li>\n<li><strong><span style=\"text-decoration: underline;\"><em>Subsecretar\u00eda de Desarrollo y Fomento Industrial.<\/em><\/span><\/strong><\/li>\n<li><strong>Coordinaci\u00f3n T\u00e9cnico Administrativo.<\/strong><\/li>\n<li><strong>Direcci\u00f3n de Apoyo y Servicios a la Industria.<\/strong><br \/>\n&#8211; Departamento de Normatividad para el Fomento Industrial.<br \/>\n&#8211; Departamento de Vinculaci\u00f3n Interinstitucional.<\/li>\n<li><strong>Direcci\u00f3n de Calidad del Agua y Re\u00faso.<\/strong><br \/>\n&#8211; Departamento de Supervisi\u00f3n de Calidad del Agua.<br \/>\n&#8211; Departamento de Tratamiento y Re\u00faso del Agua<\/li>\n<\/ul>\n","protected":false},"excerpt":{"rendered":"<p>Secretar\u00eda de Recursos Hidr\u00e1ulicos para el Desarrollo Social. Secretar\u00eda Particular. &#8211; Departamento de Atenci\u00f3n Ciudadana. Secretar\u00eda T\u00e9cnica. &#8211; Departamento de Comunicaci\u00f3n Social. Direcci\u00f3n de Planeaci\u00f3n\u2026<\/p>\n","protected":false},"author":7,"featured_media":0,"parent":0,"menu_order":0,"comment_status":"closed","ping_status":"closed","template":"","meta":{"footnotes":""},"class_list":["post-7","page","type-page","status-publish","hentry"],"publishpress_future_action":{"enabled":false,"date":"2026-05-23 23:41:25","action":"change-status","newStatus":"draft","terms":[],"taxonomy":""},"_links":{"self":[{"href":"https:\/\/www.tamaulipas.gob.mx\/recursoshidraulicos\/wp-json\/wp\/v2\/pages\/7"}],"collection":[{"href":"https:\/\/www.tamaulipas.gob.mx\/recursoshidraulicos\/wp-json\/wp\/v2\/pages"}],"about":[{"href":"https:\/\/www.tamaulipas.gob.mx\/recursoshidraulicos\/wp-json\/wp\/v2\/types\/page"}],"author":[{"embeddable":true,"href":"https:\/\/www.tamaulipas.gob.mx\/recursoshidraulicos\/wp-json\/wp\/v2\/users\/7"}],"replies":[{"embeddable":true,"href":"https:\/\/www.tamaulipas.gob.mx\/recursoshidraulicos\/wp-json\/wp\/v2\/comments?post=7"}],"version-history":[{"count":8,"href":"https:\/\/www.tamaulipas.gob.mx\/recursoshidraulicos\/wp-json\/wp\/v2\/pages\/7\/revisions"}],"predecessor-version":[{"id":1957,"href":"https:\/\/www.tamaulipas.gob.mx\/recursoshidraulicos\/wp-json\/wp\/v2\/pages\/7\/revisions\/1957"}],"wp:attachment":[{"href":"https:\/\/www.tamaulipas.gob.mx\/recursoshidraulicos\/wp-json\/wp\/v2\/media?parent=7"}],"curies":[{"name":"wp","href":"https:\/\/api.w.org\/{rel}","templated":true}]}}