{"id":699,"date":"2019-09-04T09:36:49","date_gmt":"2019-09-04T14:36:49","guid":{"rendered":"https:\/\/www.tamaulipas.gob.mx\/ceat\/?page_id=699"},"modified":"2026-05-13T08:08:30","modified_gmt":"2026-05-13T14:08:30","slug":"proagua","status":"publish","type":"page","link":"https:\/\/www.tamaulipas.gob.mx\/recursoshidraulicos\/proagua\/","title":{"rendered":"PROAGUA"},"content":{"rendered":"<h1><strong><u>PROAGUA<\/u><\/strong><\/h1>\n<h3><strong>Programa de Agua Potable, Drenaje y Tratamiento<\/strong><\/h3>\n<h3>ANTECEDENTES<\/h3>\n<p>El PROAGUA tiene como objetivo\u00a0contribuir a\u00a0incrementar y sostener la cobertura y eficiencia de los servicios\u00a0p\u00fablicos de agua potable, alcantarillado y saneamiento,\u00a0mediante apoyos financieros y de fortalecimiento\u00a0t\u00e9cnico y comercial, as\u00ed como mediante acciones de\u00a0supervisi\u00f3n\u00a0para la ejecuci\u00f3n de obras p\u00fablicas en localidades urbanas y rurales del pa\u00eds, mediante convenios de coordinaci\u00f3n suscritos cada a\u00f1o con las entidades federativas.<\/p>\n<p>En <strong>2016<\/strong>, con motivo de las disposiciones de austeridad y disciplina presupuestal implementadas por la SHCP, los 4 programas federales de agua potable y saneamiento que exist\u00edan hasta 2015 (APAZU, PROSSAPYS, Agua Limpia y PROTAR) fueron compactados en el <strong>PROAGUA<\/strong> y en el PROSAN.<\/p>\n<p>En Tamaulipas, la <strong><em>Secretar\u00eda de Recursos Hidr\u00e1ulicos para el Desarrollo Social (SRHDS)<\/em><\/strong> es la instancia responsable del PROAGUA, encargada de suscribir los convenios Federaci\u00f3n-Estado, o bien Federaci\u00f3n-Estado-Municipios, y de <strong>coordinar la ejecuci\u00f3n de todas las acciones convenidas en el programa<\/strong>, que en su mayor\u00eda son obras p\u00fablicas de construcci\u00f3n y\/o rehabilitaci\u00f3n de infraestructura hidr\u00e1ulica. Es la encargada de informar mensual y trimestralmente a la CONAGUA, los avances f\u00edsicos y financieros de las acciones, as\u00ed como de presentar el cierre de ejercicio.<\/p>\n<p>La licitaci\u00f3n y contrataci\u00f3n de dichas acciones est\u00e1 a cargo de la <strong><em>Secretar\u00eda de Obras P\u00fablicas<\/em><\/strong>, que adem\u00e1s supervisa los avances reportados por las empresas contratistas durante la etapa de ejecuci\u00f3n y una vez concluidas, elabora y formaliza las actas de entrega-recepci\u00f3n correspondientes. Por su parte, la <strong><em>Secretar\u00eda de Finanzas<\/em><\/strong> es la instancia encargada del manejo de los recursos y del pago de las estimaciones correspondientes, reportando trimestralmente el avance ante la SHCP.<\/p>\n<p>La operaci\u00f3n de este programa se muestra en el siguiente: <a href=\"https:\/\/www.tamaulipas.gob.mx\/recursoshidraulicos\/wp-content\/uploads\/sites\/24\/2025\/02\/diagrama-operacion-proagua.pdf\" target=\"_blank\" rel=\"noopener\"><strong>DIAGRAMA<\/strong>.<\/a><\/p>\n<p>La Ley Federal de Presupuesto y Responsabilidad Hacendaria (LFPRH) se\u00f1ala que las <strong>REGLAS DE OPERACI\u00d3N <\/strong>son las disposiciones a las cuales se sujetan determinados programas y fondos federales, con el objeto de otorgar transparencia y asegurar la aplicaci\u00f3n eficiente, eficaz, oportuna y equitativa de los recursos p\u00fablicos asignados a los mismos. Dichas reglas son revisadas, actualizadas y publicadas anualmente en el Diario Oficial de la Federaci\u00f3n.<\/p>\n<p>Las Reglas de Operaci\u00f3n del PROAGUA, establecen que, para formalizar el programa en el ejercicio fiscal correspondiente, se deber\u00e1 elaborar un <strong>ANEXO DE EJECUCI\u00d3N<\/strong> por beneficiario (entidad federativa) y un <strong>ANEXO T\u00c9CNICO<\/strong> por ejecutor. Dichos instrumentos jur\u00eddicos deber\u00e1n ser firmados por los representantes facultados de las instancias participantes que aporten recursos econ\u00f3micos, as\u00ed como de la instancia ejecutora de cada una de las acciones aprobadas.<\/p>\n<p>En cumplimiento a lo establecido en el <strong><em>Art\u00edculo 7. Transparencia, difusi\u00f3n de la informaci\u00f3n y rendici\u00f3n de cuentas <\/em><\/strong>de las Reglas de Operaci\u00f3n del PROAGUA, y con la finalidad de fomentar la transparencia en el ejercicio y asignaci\u00f3n de los apoyos, se difunde la siguiente informaci\u00f3n, agrupada por ejercicio fiscal:<\/p>\n<h3>EJERCICIO 2025<\/h3>\n<ul>\n<li><a href=\"https:\/\/www.tamaulipas.gob.mx\/recursoshidraulicos\/wp-content\/uploads\/sites\/24\/2025\/08\/rop-2025.pdf\" target=\"_blank\" rel=\"noopener\">Reglas de Operaci\u00f3n<\/a><\/li>\n<li><a href=\"https:\/\/www.tamaulipas.gob.mx\/recursoshidraulicos\/wp-content\/uploads\/sites\/24\/2025\/08\/anexo-ejecucion-2025.pdf\" target=\"_blank\" rel=\"noopener\">Anexo de Ejecuci\u00f3n<\/a><\/li>\n<li><a href=\"https:\/\/www.tamaulipas.gob.mx\/recursoshidraulicos\/wp-content\/uploads\/sites\/24\/2025\/08\/at1-2025-ocgn.pdf\" target=\"_blank\" rel=\"noopener\">Anexo T\u00e9cnico 01\/2025 OCGN<\/a><\/li>\n<li><a href=\"https:\/\/www.tamaulipas.gob.mx\/recursoshidraulicos\/wp-content\/uploads\/sites\/24\/2025\/08\/at2-2025-ocrb.pdf\" target=\"_blank\" rel=\"noopener\">Anexo T\u00e9cnico 02\/2025 OCRB<\/a><\/li>\n<li><a href=\"https:\/\/www.tamaulipas.gob.mx\/recursoshidraulicos\/wp-content\/uploads\/sites\/24\/2025\/08\/at1-2025-desinfeccion.pdf\" target=\"_blank\" rel=\"noopener\">Anexo T\u00e9cnico 01 \/2025 Desinfecci\u00f3n del Agua<\/a><\/li>\n<li><a href=\"https:\/\/www.tamaulipas.gob.mx\/recursoshidraulicos\/wp-content\/uploads\/sites\/24\/2026\/02\/1er-mod-anexo-ejec.pdf\" target=\"_blank\" rel=\"noopener\">Primer Anexo de Ejecuci\u00f3n Modificatorio<\/a><\/li>\n<li><a href=\"https:\/\/www.tamaulipas.gob.mx\/recursoshidraulicos\/wp-content\/uploads\/sites\/24\/2026\/02\/1er-mod-anexo-1.pdf\" target=\"_blank\" rel=\"noopener\">Primer Anexo T\u00e9cnico Modificatorio al N\u00fam. 01\/2025<\/a><\/li>\n<li><a href=\"https:\/\/www.tamaulipas.gob.mx\/recursoshidraulicos\/wp-content\/uploads\/sites\/24\/2025\/08\/acta-corese-instalacion-18-jun-25.pdf\" target=\"_blank\" rel=\"noopener\">CORESE Acta de Instalaci\u00f3n 18-Jun-25<\/a><\/li>\n<li><a href=\"https:\/\/www.tamaulipas.gob.mx\/recursoshidraulicos\/wp-content\/uploads\/sites\/24\/2025\/08\/acta-corese-1a-ord-18-jun-25.pdf\" target=\"_blank\" rel=\"noopener\">CORESE Acta 1a Ordinaria 18-Jun-25<\/a><\/li>\n<li><a href=\"https:\/\/www.tamaulipas.gob.mx\/recursoshidraulicos\/wp-content\/uploads\/sites\/24\/2026\/02\/acta-corese-1a-extraord-07-ago-25.pdf\" target=\"_blank\" rel=\"noopener\">CORESE Acta 1\u00aa Extraordinaria 07-Agosto-2025<\/a><\/li>\n<li><a href=\"https:\/\/www.tamaulipas.gob.mx\/recursoshidraulicos\/wp-content\/uploads\/sites\/24\/2026\/02\/acta-corese-2a-ord-24-nov-25.pdf\" target=\"_blank\" rel=\"noopener\">CORESE Acta 2\u00aa Ordinaria 24-Noviembre-2025<\/a><\/li>\n<li><a href=\"https:\/\/www.tamaulipas.gob.mx\/recursoshidraulicos\/wp-content\/uploads\/sites\/24\/2026\/05\/resumen-proagua-2025.pdf\" target=\"_blank\" rel=\"noopener\">Resumen de recursos Federales y Estatales<\/a><\/li>\n<li><a href=\"https:\/\/www.tamaulipas.gob.mx\/recursoshidraulicos\/wp-content\/uploads\/sites\/24\/2026\/05\/poblacion-atendida-proagua-2025.pdf\" target=\"_blank\" rel=\"noopener\">Relaci\u00f3n de localidades con la Poblaci\u00f3n Atendida<\/a><\/li>\n<\/ul>\n<div class=\"table-responsive\"><table style=\"border-collapse: collapse; width: 100%; height: 216px;\" class=\" table table-bordered table-gobtam\"><tbody><tr style=\"height: 24px; background-color: #0064a8;\"><td style=\"width: 22.1364%; height: 24px; text-align: center;\"><span style=\"color: #ffffff;\">Anexo 01\/2025 Cuenca Golfo Norte<\/span><\/td>\n<td style=\"width: 22.89%; height: 24px; text-align: center;\"><span style=\"color: #ffffff;\">Anexo 02\/2025 Cuenca R&#xED;o Bravo<\/span><\/td>\n<td style=\"width: 24.2465%; height: 24px; text-align: center;\"><span style=\"color: #ffffff;\">Anexo 01\/2025 Desinfecci&#xF3;n del agua<\/span><\/td>\n<\/tr><tr style=\"height: 24px;\"><td style=\"width: 22.1364%; height: 24px; text-align: center;\"><a href=\"https:\/\/www.tamaulipas.gob.mx\/recursoshidraulicos\/wp-content\/uploads\/sites\/24\/2025\/09\/reporte-av-gn-01-jun-1.pdf\" target=\"_blank\" rel=\"noopener\">Junio<\/a><\/td>\n<td style=\"width: 22.89%; height: 24px; text-align: center;\"><a href=\"https:\/\/www.tamaulipas.gob.mx\/recursoshidraulicos\/wp-content\/uploads\/sites\/24\/2025\/09\/reporte-av-rb-01-jun-1.pdf\" target=\"_blank\" rel=\"noopener\">Junio<\/a><\/td>\n<td style=\"width: 24.2465%; height: 24px; text-align: center;\"><a href=\"https:\/\/www.tamaulipas.gob.mx\/recursoshidraulicos\/wp-content\/uploads\/sites\/24\/2025\/09\/reporte-desinfeccion-01-jun-1.pdf\" target=\"_blank\" rel=\"noopener\">Junio<\/a><\/td>\n<\/tr><tr style=\"height: 24px;\"><td style=\"width: 22.1364%; height: 24px; text-align: center;\"><a href=\"https:\/\/www.tamaulipas.gob.mx\/recursoshidraulicos\/wp-content\/uploads\/sites\/24\/2025\/09\/reporte-av-gn-02-jul-1.pdf\" target=\"_blank\" rel=\"noopener\">Julio<\/a><\/td>\n<td style=\"width: 22.89%; height: 24px; text-align: center;\"><a href=\"https:\/\/www.tamaulipas.gob.mx\/recursoshidraulicos\/wp-content\/uploads\/sites\/24\/2025\/09\/reporte-av-rb-02-jul-1.pdf\" target=\"_blank\" rel=\"noopener\">Julio<\/a><\/td>\n<td style=\"width: 24.2465%; height: 24px; text-align: center;\"><a href=\"https:\/\/www.tamaulipas.gob.mx\/recursoshidraulicos\/wp-content\/uploads\/sites\/24\/2025\/09\/reporte-desinfeccion-02-jul-1.pdf\" target=\"_blank\" rel=\"noopener\">Julio<\/a><\/td>\n<\/tr><tr style=\"height: 24px;\"><td style=\"width: 22.1364%; text-align: center; height: 24px;\"><a href=\"https:\/\/www.tamaulipas.gob.mx\/recursoshidraulicos\/wp-content\/uploads\/sites\/24\/2025\/09\/reporte-av-gn-03-ago.pdf\" target=\"_blank\" rel=\"noopener\">Agosto<\/a><\/td>\n<td style=\"width: 22.89%; text-align: center; height: 24px;\"><a href=\"https:\/\/www.tamaulipas.gob.mx\/recursoshidraulicos\/wp-content\/uploads\/sites\/24\/2025\/09\/reporte-av-rb-03-ago.pdf\" target=\"_blank\" rel=\"noopener\">Agosto<\/a><\/td>\n<td style=\"width: 24.2465%; text-align: center; height: 24px;\"><a href=\"https:\/\/www.tamaulipas.gob.mx\/recursoshidraulicos\/wp-content\/uploads\/sites\/24\/2025\/09\/reporte-desinfeccion-03-ago.pdf\" target=\"_blank\" rel=\"noopener\">Agosto<\/a><\/td>\n<\/tr><tr style=\"height: 24px;\"><td style=\"width: 22.1364%; text-align: center; height: 24px;\"><a href=\"https:\/\/www.tamaulipas.gob.mx\/recursoshidraulicos\/wp-content\/uploads\/sites\/24\/2026\/02\/reporte-av-gn-04-sep.pdf\" target=\"_blank\" rel=\"noopener\">Septiembre<\/a><\/td>\n<td style=\"width: 22.89%; text-align: center; height: 24px;\"><a href=\"https:\/\/www.tamaulipas.gob.mx\/recursoshidraulicos\/wp-content\/uploads\/sites\/24\/2026\/02\/reporte-av-rb-04-sep.pdf\" target=\"_blank\" rel=\"noopener\">Septiembre<\/a><\/td>\n<td style=\"width: 24.2465%; text-align: center; height: 24px;\"><a href=\"https:\/\/www.tamaulipas.gob.mx\/recursoshidraulicos\/wp-content\/uploads\/sites\/24\/2026\/02\/reporte-desinfeccion-04-sep.pdf\" target=\"_blank\" rel=\"noopener\">Septiembre<\/a><\/td>\n<\/tr><tr style=\"height: 24px;\"><td style=\"width: 22.1364%; text-align: center; height: 24px;\"><a href=\"https:\/\/www.tamaulipas.gob.mx\/recursoshidraulicos\/wp-content\/uploads\/sites\/24\/2026\/02\/reporte-av-gn-05-oct.pdf\" target=\"_blank\" rel=\"noopener\">Octubre<\/a><\/td>\n<td style=\"width: 22.89%; text-align: center; height: 24px;\"><a href=\"https:\/\/www.tamaulipas.gob.mx\/recursoshidraulicos\/wp-content\/uploads\/sites\/24\/2026\/02\/reporte-av-rb-05-oct.pdf\" target=\"_blank\" rel=\"noopener\">Octubre<\/a><\/td>\n<td style=\"width: 24.2465%; text-align: center; height: 24px;\"><a href=\"https:\/\/www.tamaulipas.gob.mx\/recursoshidraulicos\/wp-content\/uploads\/sites\/24\/2026\/02\/reporte-desinfeccion-05-oct.pdf\" target=\"_blank\" rel=\"noopener\">Octubre<\/a><\/td>\n<\/tr><tr style=\"height: 24px;\"><td style=\"width: 22.1364%; text-align: center; height: 24px;\"><a href=\"https:\/\/www.tamaulipas.gob.mx\/recursoshidraulicos\/wp-content\/uploads\/sites\/24\/2026\/02\/reporte-av-gn-06-nov.pdf\" target=\"_blank\" rel=\"noopener\">Noviembre<\/a><\/td>\n<td style=\"width: 22.89%; text-align: center; height: 24px;\"><a href=\"https:\/\/www.tamaulipas.gob.mx\/recursoshidraulicos\/wp-content\/uploads\/sites\/24\/2026\/02\/reporte-av-rb-06-nov.pdf\" target=\"_blank\" rel=\"noopener\">Noviembre<\/a><\/td>\n<td style=\"width: 24.2465%; text-align: center; height: 24px;\"><a href=\"https:\/\/www.tamaulipas.gob.mx\/recursoshidraulicos\/wp-content\/uploads\/sites\/24\/2026\/02\/reporte-desinfeccion-06-nov.pdf\" target=\"_blank\" rel=\"noopener\">Noviembre<\/a><\/td>\n<\/tr><tr style=\"height: 24px;\"><td style=\"width: 22.1364%; text-align: center; height: 24px;\"><a href=\"https:\/\/www.tamaulipas.gob.mx\/recursoshidraulicos\/wp-content\/uploads\/sites\/24\/2026\/02\/reporte-av-gn-07-dic.pdf\" target=\"_blank\" rel=\"noopener\">Diciembre<\/a><\/td>\n<td style=\"width: 22.89%; text-align: center; height: 24px;\"><a href=\"https:\/\/www.tamaulipas.gob.mx\/recursoshidraulicos\/wp-content\/uploads\/sites\/24\/2026\/02\/reporte-av-rb-07-dic.pdf\" target=\"_blank\" rel=\"noopener\">Diciembre<\/a><\/td>\n<td style=\"width: 24.2465%; text-align: center; height: 24px;\"><a href=\"https:\/\/www.tamaulipas.gob.mx\/recursoshidraulicos\/wp-content\/uploads\/sites\/24\/2026\/02\/reporte-desinfeccion-07-dic.pdf\" target=\"_blank\" rel=\"noopener\">Diciembre<\/a><\/td>\n<\/tr><tr style=\"height: 24px;\"><td style=\"width: 22.1364%; text-align: center; height: 24px;\"><a href=\"https:\/\/www.tamaulipas.gob.mx\/recursoshidraulicos\/wp-content\/uploads\/sites\/24\/2026\/05\/cierre-a-dic-at1-gn.pdf\" target=\"_blank\" rel=\"noopener\">Cierre a Diciembre<\/a><\/td>\n<td style=\"width: 22.89%; text-align: center; height: 24px;\"><a href=\"https:\/\/www.tamaulipas.gob.mx\/recursoshidraulicos\/wp-content\/uploads\/sites\/24\/2026\/05\/cierre-a-dic-at2-rb.pdf\" target=\"_blank\" rel=\"noopener\">Cierre a Diciembre<\/a><\/td>\n<td style=\"width: 24.2465%; text-align: center; height: 24px;\"><a href=\"https:\/\/www.tamaulipas.gob.mx\/recursoshidraulicos\/wp-content\/uploads\/sites\/24\/2026\/05\/cierre-desinf-2025.pdf\" target=\"_blank\" rel=\"noopener\">Cierre a Diciembre<\/a><\/td>\n<\/tr><tr style=\"height: 24px;\"><td style=\"width: 22.1364%; text-align: center; height: 24px;\"><a href=\"https:\/\/www.tamaulipas.gob.mx\/recursoshidraulicos\/wp-content\/uploads\/sites\/24\/2026\/05\/reporte-av-gn-08-ene.pdf\" target=\"_blank\" rel=\"noopener\">Enero<\/a><\/td>\n<td style=\"width: 22.89%; text-align: center; height: 24px;\"><a href=\"https:\/\/www.tamaulipas.gob.mx\/recursoshidraulicos\/wp-content\/uploads\/sites\/24\/2026\/05\/reporte-av-rb-08-ene.pdf\" target=\"_blank\" rel=\"noopener\">Enero<\/a><\/td>\n<td style=\"width: 24.2465%; text-align: center; height: 24px;\"><\/td>\n<\/tr><tr style=\"height: 24px;\"><td style=\"width: 22.1364%; text-align: center; height: 24px;\"><a href=\"https:\/\/www.tamaulipas.gob.mx\/recursoshidraulicos\/wp-content\/uploads\/sites\/24\/2026\/05\/reporte-av-gn-09-feb.pdf\" target=\"_blank\" rel=\"noopener\">Febrero<\/a><\/td>\n<td style=\"width: 22.89%; text-align: center; height: 24px;\"><a href=\"https:\/\/www.tamaulipas.gob.mx\/recursoshidraulicos\/wp-content\/uploads\/sites\/24\/2026\/05\/reporte-av-rb-09-feb.pdf\" target=\"_blank\" rel=\"noopener\">Febrero<\/a><\/td>\n<td style=\"width: 24.2465%; text-align: center; height: 24px;\"><\/td>\n<\/tr><tr style=\"height: 24px;\"><td style=\"width: 22.1364%; text-align: center; height: 24px;\"><a href=\"https:\/\/www.tamaulipas.gob.mx\/recursoshidraulicos\/wp-content\/uploads\/sites\/24\/2026\/05\/reporte-av-gn-10-mar.pdf\" target=\"_blank\" rel=\"noopener\">Marzo<\/a><\/td>\n<td style=\"width: 22.89%; text-align: center; height: 24px;\"><a href=\"https:\/\/www.tamaulipas.gob.mx\/recursoshidraulicos\/wp-content\/uploads\/sites\/24\/2026\/05\/reporte-av-rb-10-mar.pdf\" target=\"_blank\" rel=\"noopener\">Marzo<\/a><\/td>\n<td style=\"width: 24.2465%; text-align: center; height: 24px;\"><\/td>\n<\/tr><\/tbody><\/table><\/div>\n<h3>EJERCICIO 2024<\/h3>\n<ul>\n<li><a href=\"https:\/\/www.tamaulipas.gob.mx\/recursoshidraulicos\/wp-content\/uploads\/sites\/24\/2025\/02\/rop-2024-1.pdf\" target=\"_blank\" rel=\"noopener\"><strong>Reglas de Operaci\u00f3n<\/strong><\/a><\/li>\n<li><a href=\"https:\/\/www.tamaulipas.gob.mx\/recursoshidraulicos\/wp-content\/uploads\/sites\/24\/2025\/02\/anexo-ejecucion-.pdf\" target=\"_blank\" rel=\"noopener\"><strong>Anexo de Ejecuci\u00f3n<\/strong><\/a><\/li>\n<li><a href=\"https:\/\/www.tamaulipas.gob.mx\/recursoshidraulicos\/wp-content\/uploads\/sites\/24\/2025\/02\/anexo-tec-1-24.pdf\" target=\"_blank\" rel=\"noopener\"><strong>Anexo T\u00e9cnico 01\/2024 OCGN<\/strong><\/a><\/li>\n<li><a href=\"https:\/\/www.tamaulipas.gob.mx\/recursoshidraulicos\/wp-content\/uploads\/sites\/24\/2025\/02\/anexo-tec-2-24.pdf\" target=\"_blank\" rel=\"noopener\"><strong>Anexo T\u00e9cnico 02\/2024 OCRB<\/strong><\/a><\/li>\n<li><a href=\"https:\/\/www.tamaulipas.gob.mx\/recursoshidraulicos\/wp-content\/uploads\/sites\/24\/2025\/02\/anexo-tec-3-24.pdf\" target=\"_blank\" rel=\"noopener\"><strong>Anexo T\u00e9cnico 03\/2024 OCCCN<\/strong><\/a><\/li>\n<li><a href=\"https:\/\/www.tamaulipas.gob.mx\/recursoshidraulicos\/wp-content\/uploads\/sites\/24\/2025\/02\/anexo-tec-4-24.pdf\" target=\"_blank\" rel=\"noopener\"><strong>Anexo T\u00e9cnico 04\/2024 Desinfecci\u00f3n del Agua<\/strong><\/a><\/li>\n<li><a href=\"https:\/\/www.tamaulipas.gob.mx\/recursoshidraulicos\/wp-content\/uploads\/sites\/24\/2025\/02\/acta-1-10-jun-1e.pdf\" target=\"_blank\" rel=\"noopener\"><strong>CORESE Acta 1a Extraord. 10-Jun-24 <\/strong><\/a><\/li>\n<li><strong><a href=\"https:\/\/www.tamaulipas.gob.mx\/recursoshidraulicos\/wp-content\/uploads\/sites\/24\/2025\/02\/acta-2-26-sep-1o.pdf\" target=\"_blank\" rel=\"noopener\">CORESE Acta 1a Ordinaria 26-Sep-24<\/a>\u00a0<\/strong><\/li>\n<li><a href=\"https:\/\/www.tamaulipas.gob.mx\/recursoshidraulicos\/wp-content\/uploads\/sites\/24\/2025\/02\/acta-3-15-oct-2e.pdf\" target=\"_blank\" rel=\"noopener\"><strong> CORESE Acta 2a Extraord. 15-Oct-24<\/strong><\/a><\/li>\n<li><a href=\"https:\/\/www.tamaulipas.gob.mx\/recursoshidraulicos\/wp-content\/uploads\/sites\/24\/2025\/02\/resumen-2024.pdf\" target=\"_blank\" rel=\"noopener\"><strong>Resumen de inversi\u00f3n.<\/strong><\/a><\/li>\n<li><a href=\"https:\/\/www.tamaulipas.gob.mx\/recursoshidraulicos\/wp-content\/uploads\/sites\/24\/2026\/02\/poe-acuerdo-pob-atendida-proagua24.pdf\" target=\"_blank\" rel=\"noopener\"><strong>Relaci\u00f3n de localidades con la Poblaci\u00f3n Atendida<\/strong><\/a><\/li>\n<\/ul>\n<p><strong>INFORMES DE AVANCE:<\/strong><br \/>\n<div class=\"table-responsive\"><table style=\"border-collapse: collapse; width: 100%; height: 120px;\" class=\" table table-bordered table-gobtam\"><tbody><tr style=\"height: 24px; background-color: #0064a8;\"><td style=\"width: 22.1364%; height: 24px; text-align: center;\"><span style=\"color: #ffffff;\">Anexo 01\/2024<\/span><\/td>\n<td style=\"width: 22.89%; height: 24px; text-align: center;\"><span style=\"color: #ffffff;\">Anexo 02\/2024<\/span><\/td>\n<td style=\"width: 24.2465%; height: 24px; text-align: center;\"><span style=\"color: #ffffff;\">Anexo 03\/2024<\/span><\/td>\n<td style=\"width: 30.7271%; height: 24px; text-align: center;\"><span style=\"color: #ffffff;\">Anexo 04\/2024<\/span><\/td>\n<\/tr><tr style=\"height: 24px;\"><td style=\"width: 22.1364%; height: 24px; text-align: center;\"><a href=\"https:\/\/www.tamaulipas.gob.mx\/recursoshidraulicos\/wp-content\/uploads\/sites\/24\/2025\/02\/anexo1-trim2.pdf\" target=\"_blank\" rel=\"noopener\">2do Trim<\/a><\/td>\n<td style=\"width: 22.89%; height: 24px; text-align: center;\"><a href=\"https:\/\/www.tamaulipas.gob.mx\/recursoshidraulicos\/wp-content\/uploads\/sites\/24\/2025\/05\/anexo2-trim2.pdf\" target=\"_blank\" rel=\"noopener\">2do Trim<\/a><\/td>\n<td style=\"width: 24.2465%; height: 24px; text-align: center;\"><a href=\"https:\/\/www.tamaulipas.gob.mx\/recursoshidraulicos\/wp-content\/uploads\/sites\/24\/2025\/02\/anexo3-trim2.pdf\" target=\"_blank\" rel=\"noopener\">2do Trim<\/a><\/td>\n<td style=\"width: 30.7271%; height: 24px; text-align: center;\"><a href=\"https:\/\/www.tamaulipas.gob.mx\/recursoshidraulicos\/wp-content\/uploads\/sites\/24\/2025\/02\/anexo4-trim2.pdf\" target=\"_blank\" rel=\"noopener\">2do Trim<\/a><\/td>\n<\/tr><tr style=\"height: 24px;\"><td style=\"width: 22.1364%; height: 24px; text-align: center;\"><a href=\"https:\/\/www.tamaulipas.gob.mx\/recursoshidraulicos\/wp-content\/uploads\/sites\/24\/2025\/02\/anexo1-trim3.pdf\" target=\"_blank\" rel=\"noopener\">3er Trim<\/a><\/td>\n<td style=\"width: 22.89%; height: 24px; text-align: center;\"><a href=\"https:\/\/www.tamaulipas.gob.mx\/recursoshidraulicos\/wp-content\/uploads\/sites\/24\/2025\/05\/anexo2-trim3.pdf\" target=\"_blank\" rel=\"noopener\">3er Trim<\/a><\/td>\n<td style=\"width: 24.2465%; height: 24px; text-align: center;\"><a href=\"https:\/\/www.tamaulipas.gob.mx\/recursoshidraulicos\/wp-content\/uploads\/sites\/24\/2025\/02\/anexo3-trim3.pdf\" target=\"_blank\" rel=\"noopener\">3er Trim<\/a><\/td>\n<td style=\"width: 30.7271%; height: 24px; text-align: center;\"><a href=\"https:\/\/www.tamaulipas.gob.mx\/recursoshidraulicos\/wp-content\/uploads\/sites\/24\/2025\/02\/anexo4-trim3.pdf\" target=\"_blank\" rel=\"noopener\">3er Trim<\/a><\/td>\n<\/tr><tr style=\"height: 24px;\"><td style=\"width: 22.1364%; height: 24px; text-align: center;\"><a href=\"https:\/\/www.tamaulipas.gob.mx\/recursoshidraulicos\/wp-content\/uploads\/sites\/24\/2025\/02\/anexo1-trim4.pdf\" target=\"_blank\" rel=\"noopener\">4to Trim<\/a><\/td>\n<td style=\"width: 22.89%; height: 24px; text-align: center;\"><a href=\"https:\/\/www.tamaulipas.gob.mx\/recursoshidraulicos\/wp-content\/uploads\/sites\/24\/2025\/05\/anexo2-trim4.pdf\" target=\"_blank\" rel=\"noopener\">4to Trim<\/a><\/td>\n<td style=\"width: 24.2465%; height: 24px; text-align: center;\"><a href=\"https:\/\/www.tamaulipas.gob.mx\/recursoshidraulicos\/wp-content\/uploads\/sites\/24\/2025\/02\/anexo3-trim4.pdf\" target=\"_blank\" rel=\"noopener\">4to Trim<\/a><\/td>\n<td style=\"width: 30.7271%; height: 24px; text-align: center;\"><\/td>\n<\/tr><tr style=\"height: 24px;\"><td style=\"width: 22.1364%; height: 24px; text-align: center;\"><a href=\"https:\/\/www.tamaulipas.gob.mx\/recursoshidraulicos\/wp-content\/uploads\/sites\/24\/2025\/02\/anexo1-u-cierre.pdf\" target=\"_blank\" rel=\"noopener\">Cierre de Ejercicio<\/a><\/td>\n<td style=\"width: 22.89%; height: 24px; text-align: center;\"><a href=\"https:\/\/www.tamaulipas.gob.mx\/recursoshidraulicos\/wp-content\/uploads\/sites\/24\/2025\/06\/anexo2-cierre-modif.pdf\" target=\"_blank\" rel=\"noopener\">Cierre de Ejercicio<\/a><\/td>\n<td style=\"width: 24.2465%; height: 24px; text-align: center;\"><a href=\"https:\/\/www.tamaulipas.gob.mx\/recursoshidraulicos\/wp-content\/uploads\/sites\/24\/2025\/02\/anexo3-u-cierre.pdf\" target=\"_blank\" rel=\"noopener\">Cierre de Ejercicio<\/a><\/td>\n<td style=\"width: 30.7271%; height: 24px; text-align: center;\"><a href=\"https:\/\/www.tamaulipas.gob.mx\/recursoshidraulicos\/wp-content\/uploads\/sites\/24\/2025\/02\/anexo4-u-cierre-1.pdf\" target=\"_blank\" rel=\"noopener\">Cierre de Ejercicio<\/a><\/td>\n<\/tr><\/tbody><\/table><\/div>\n<p>&nbsp;<\/p>\n","protected":false},"excerpt":{"rendered":"<p>PROAGUA Programa de Agua Potable, Drenaje y Tratamiento ANTECEDENTES El PROAGUA tiene como objetivo\u00a0contribuir a\u00a0incrementar y sostener la cobertura y eficiencia de los servicios\u00a0p\u00fablicos de\u2026<\/p>\n","protected":false},"author":62,"featured_media":0,"parent":0,"menu_order":0,"comment_status":"closed","ping_status":"closed","template":"","meta":{"footnotes":""},"class_list":["post-699","page","type-page","status-publish","hentry"],"publishpress_future_action":{"enabled":false,"date":"2026-05-23 23:42:17","action":"change-status","newStatus":"draft","terms":[],"taxonomy":""},"_links":{"self":[{"href":"https:\/\/www.tamaulipas.gob.mx\/recursoshidraulicos\/wp-json\/wp\/v2\/pages\/699"}],"collection":[{"href":"https:\/\/www.tamaulipas.gob.mx\/recursoshidraulicos\/wp-json\/wp\/v2\/pages"}],"about":[{"href":"https:\/\/www.tamaulipas.gob.mx\/recursoshidraulicos\/wp-json\/wp\/v2\/types\/page"}],"author":[{"embeddable":true,"href":"https:\/\/www.tamaulipas.gob.mx\/recursoshidraulicos\/wp-json\/wp\/v2\/users\/62"}],"replies":[{"embeddable":true,"href":"https:\/\/www.tamaulipas.gob.mx\/recursoshidraulicos\/wp-json\/wp\/v2\/comments?post=699"}],"version-history":[{"count":68,"href":"https:\/\/www.tamaulipas.gob.mx\/recursoshidraulicos\/wp-json\/wp\/v2\/pages\/699\/revisions"}],"predecessor-version":[{"id":3416,"href":"https:\/\/www.tamaulipas.gob.mx\/recursoshidraulicos\/wp-json\/wp\/v2\/pages\/699\/revisions\/3416"}],"wp:attachment":[{"href":"https:\/\/www.tamaulipas.gob.mx\/recursoshidraulicos\/wp-json\/wp\/v2\/media?parent=699"}],"curies":[{"name":"wp","href":"https:\/\/api.w.org\/{rel}","templated":true}]}}