{"id":689,"date":"2019-09-04T10:32:39","date_gmt":"2019-09-04T15:32:39","guid":{"rendered":"https:\/\/www.tamaulipas.gob.mx\/ceat\/?page_id=689"},"modified":"2020-06-23T13:57:38","modified_gmt":"2020-06-23T18:57:38","slug":"infraestructura-hidraulica-2019","status":"publish","type":"page","link":"https:\/\/www.tamaulipas.gob.mx\/recursoshidraulicos\/infraestructura-hidraulica-2019\/","title":{"rendered":"Infraestructura Hidr\u00e1ulica"},"content":{"rendered":"<p><span style=\"font-weight: 400;\">La <\/span><b>Direcci\u00f3n de Infraestructura Hidr\u00e1ulica (DIH)<\/b><span style=\"font-weight: 400;\"> depende directamente de la Direcci\u00f3n General de la Comisi\u00f3n Estatal del Agua.<\/span><\/p>\n<p><span style=\"font-weight: 400;\">Se compone de 3 Subdirecciones:<\/span><\/p>\n<ul>\n<li><i><span style=\"font-weight: 400;\">Subdirecci\u00f3n de Seguimiento, Control de Inversiones y Verificaci\u00f3n de Obra<\/span><\/i><\/li>\n<li><span style=\"font-weight: 400;\">Subdirecci\u00f3n T\u00e9cnica<\/span><\/li>\n<li><i><span style=\"font-weight: 400;\">Subdirecci\u00f3n de Desarrollo Institucional<\/span><\/i><\/li>\n<\/ul>\n<p><strong><em>Su funci\u00f3n principal es:<br \/>\n<\/em><\/strong><span style=\"font-weight: 400;\">Planear, programar y promover con las dependencias federales, estatales y municipales, as\u00ed como con los organismos operadores estatales y municipales, e instancias internacionales correspondiente, las acciones de infraestructura hidr\u00e1ulica, para mantener y ampliar la cobertura de los servicios de agua potable, alcantarillado, drenaje pluvial, saneamiento y re\u00faso de las aguas residuales tratadas.<\/span><\/p>\n<p><span style=\"font-weight: 400;\">Actualmente, la DIH est\u00e1 a cargo de los siguientes PROGRAMAS:<\/span><\/p>\n<ul>\n<li><span style=\"font-size: 16px;\"><b><i>Programa de Agua Potable, Drenaje y Tratamiento PROAGUA (federalizado)<\/i><\/b><\/span><\/li>\n<li><span style=\"font-size: 16px;\"><b><i><\/i><\/b><b><i>Programa de Perforaci\u00f3n de Pozos y Aforos <\/i><\/b><b><i>(estatal)<\/i><\/b><\/span><\/li>\n<\/ul>\n","protected":false},"excerpt":{"rendered":"<p>La Direcci\u00f3n de Infraestructura Hidr\u00e1ulica (DIH) depende directamente de la Direcci\u00f3n General de la Comisi\u00f3n Estatal del Agua. Se compone de 3 Subdirecciones: Subdirecci\u00f3n de\u2026<\/p>\n","protected":false},"author":62,"featured_media":0,"parent":0,"menu_order":0,"comment_status":"closed","ping_status":"closed","template":"","meta":{"footnotes":""},"class_list":["post-689","page","type-page","status-publish","hentry"],"publishpress_future_action":{"enabled":false,"date":"2026-04-12 15:33:13","action":"change-status","newStatus":"draft","terms":[],"taxonomy":""},"_links":{"self":[{"href":"https:\/\/www.tamaulipas.gob.mx\/recursoshidraulicos\/wp-json\/wp\/v2\/pages\/689"}],"collection":[{"href":"https:\/\/www.tamaulipas.gob.mx\/recursoshidraulicos\/wp-json\/wp\/v2\/pages"}],"about":[{"href":"https:\/\/www.tamaulipas.gob.mx\/recursoshidraulicos\/wp-json\/wp\/v2\/types\/page"}],"author":[{"embeddable":true,"href":"https:\/\/www.tamaulipas.gob.mx\/recursoshidraulicos\/wp-json\/wp\/v2\/users\/62"}],"replies":[{"embeddable":true,"href":"https:\/\/www.tamaulipas.gob.mx\/recursoshidraulicos\/wp-json\/wp\/v2\/comments?post=689"}],"version-history":[{"count":20,"href":"https:\/\/www.tamaulipas.gob.mx\/recursoshidraulicos\/wp-json\/wp\/v2\/pages\/689\/revisions"}],"predecessor-version":[{"id":1111,"href":"https:\/\/www.tamaulipas.gob.mx\/recursoshidraulicos\/wp-json\/wp\/v2\/pages\/689\/revisions\/1111"}],"wp:attachment":[{"href":"https:\/\/www.tamaulipas.gob.mx\/recursoshidraulicos\/wp-json\/wp\/v2\/media?parent=689"}],"curies":[{"name":"wp","href":"https:\/\/api.w.org\/{rel}","templated":true}]}}