{"id":53,"date":"2017-05-02T19:59:48","date_gmt":"2017-05-02T19:59:48","guid":{"rendered":"http:\/\/www.tamaulipas.gob.mx\/ceat\/?page_id=53"},"modified":"2024-08-06T14:19:48","modified_gmt":"2024-08-06T20:19:48","slug":"presas","status":"publish","type":"page","link":"https:\/\/www.tamaulipas.gob.mx\/recursoshidraulicos\/sector-agua\/presas\/","title":{"rendered":"Presas"},"content":{"rendered":"<p><strong>Presas de almacenamiento de Tamaulipas.<\/strong><\/p>\n<p>El objetivo de las presas es regular el flujo h\u00eddrico embals\u00e1ndolo para utilizarlo en diferentes usos, compensando la abundancia de agua en algunas \u00e9pocas del a\u00f1o con otras de escasas lluvias.<\/p>\n<p>Permite controlar flujos en \u00e9pocas de excesivas lluvias o en zonas de lluvias torrenciales y as\u00ed evitar avenidas e inundaciones.<\/p>\n<p>Evita la p\u00e9rdida de agua al capturar los escurrimientos, que de otro modo ir\u00edan al mar directamente, al embalsarla aumenta efectivamente la oferta de agua para la agricultura, el uso urbano, generaci\u00f3n de electricidad y la industria, con el relativamente alto nivel de la presa con relaci\u00f3n a la llanura permite el riego por gravedad el las \u00e1reas agr\u00edcolas.<\/p>\n<p>Las presas de Tamaulipas, tiene un almacenamiento al Nivel de Agua M\u00e1ximo Extraordinario (NAME) de 13,813.38 millones de metros c\u00fabicos y al Nivel de Agua M\u00e1ximo Ordinario (NAMO) de 8,883.91 millones de metros c\u00fabicos.<\/p>\n<p><strong>Principales Presas<\/strong><\/p>\n<ul>\n<li><a href=\"https:\/\/www.tamaulipas.gob.mx\/recursoshidraulicos\/wp-content\/uploads\/sites\/24\/2024\/08\/emilio-portes-gil.pdf\" target=\"_blank\" rel=\"noopener\">Emilio Portes Gil<\/a><\/li>\n<li><a href=\"https:\/\/www.tamaulipas.gob.mx\/recursoshidraulicos\/wp-content\/uploads\/sites\/24\/2024\/08\/falcon.pdf\" target=\"_blank\" rel=\"noopener\">Falc\u00f3n<\/a><\/li>\n<li><a href=\"https:\/\/www.tamaulipas.gob.mx\/recursoshidraulicos\/wp-content\/uploads\/sites\/24\/2024\/08\/patria-es-primero.pdf\" target=\"_blank\" rel=\"noopener\">La Patria es Primero<\/a><\/li>\n<li><a href=\"https:\/\/www.tamaulipas.gob.mx\/recursoshidraulicos\/wp-content\/uploads\/sites\/24\/2024\/08\/marte-r-gomez.pdf\" target=\"_blank\" rel=\"noopener\">Marte R. G\u00f3mez<\/a><\/li>\n<li><a href=\"https:\/\/www.tamaulipas.gob.mx\/recursoshidraulicos\/wp-content\/uploads\/sites\/24\/2024\/08\/pedro-jose-mendez.pdf\" target=\"_blank\" rel=\"noopener\">Pedro Jos\u00e9 M\u00e9ndez<\/a><\/li>\n<li><a href=\"https:\/\/www.tamaulipas.gob.mx\/recursoshidraulicos\/wp-content\/uploads\/sites\/24\/2024\/08\/ramiro-caballero-durante.pdf\" target=\"_blank\" rel=\"noopener\">Ramiro Caballero<\/a><\/li>\n<li><a href=\"https:\/\/www.tamaulipas.gob.mx\/recursoshidraulicos\/wp-content\/uploads\/sites\/24\/2024\/08\/republica-espanola.pdf\" target=\"_blank\" rel=\"noopener\">Rep\u00fablica Espa\u00f1ola<\/a><\/li>\n<li><a href=\"https:\/\/www.tamaulipas.gob.mx\/recursoshidraulicos\/wp-content\/uploads\/sites\/24\/2024\/08\/vicente-guerrero.pdf\" target=\"_blank\" rel=\"noopener\">Vicente Guerrero<\/a><\/li>\n<\/ul>\n<p>&nbsp;<\/p>\n","protected":false},"excerpt":{"rendered":"<p>Presas de almacenamiento de Tamaulipas. El objetivo de las presas es regular el flujo h\u00eddrico embals\u00e1ndolo para utilizarlo en diferentes usos, compensando la abundancia de\u2026<\/p>\n","protected":false},"author":7,"featured_media":0,"parent":32,"menu_order":0,"comment_status":"closed","ping_status":"closed","template":"","meta":{"footnotes":""},"class_list":["post-53","page","type-page","status-publish","hentry"],"publishpress_future_action":{"enabled":false,"date":"2026-04-26 10:10:14","action":"change-status","newStatus":"draft","terms":[],"taxonomy":""},"_links":{"self":[{"href":"https:\/\/www.tamaulipas.gob.mx\/recursoshidraulicos\/wp-json\/wp\/v2\/pages\/53"}],"collection":[{"href":"https:\/\/www.tamaulipas.gob.mx\/recursoshidraulicos\/wp-json\/wp\/v2\/pages"}],"about":[{"href":"https:\/\/www.tamaulipas.gob.mx\/recursoshidraulicos\/wp-json\/wp\/v2\/types\/page"}],"author":[{"embeddable":true,"href":"https:\/\/www.tamaulipas.gob.mx\/recursoshidraulicos\/wp-json\/wp\/v2\/users\/7"}],"replies":[{"embeddable":true,"href":"https:\/\/www.tamaulipas.gob.mx\/recursoshidraulicos\/wp-json\/wp\/v2\/comments?post=53"}],"version-history":[{"count":17,"href":"https:\/\/www.tamaulipas.gob.mx\/recursoshidraulicos\/wp-json\/wp\/v2\/pages\/53\/revisions"}],"predecessor-version":[{"id":2497,"href":"https:\/\/www.tamaulipas.gob.mx\/recursoshidraulicos\/wp-json\/wp\/v2\/pages\/53\/revisions\/2497"}],"up":[{"embeddable":true,"href":"https:\/\/www.tamaulipas.gob.mx\/recursoshidraulicos\/wp-json\/wp\/v2\/pages\/32"}],"wp:attachment":[{"href":"https:\/\/www.tamaulipas.gob.mx\/recursoshidraulicos\/wp-json\/wp\/v2\/media?parent=53"}],"curies":[{"name":"wp","href":"https:\/\/api.w.org\/{rel}","templated":true}]}}