{"id":45,"date":"2017-05-02T18:59:26","date_gmt":"2017-05-02T23:59:26","guid":{"rendered":"http:\/\/www.tamaulipas.gob.mx\/ceat\/?page_id=45"},"modified":"2023-09-14T13:01:53","modified_gmt":"2023-09-14T19:01:53","slug":"hidrologicas","status":"publish","type":"page","link":"https:\/\/www.tamaulipas.gob.mx\/recursoshidraulicos\/sector-agua\/hidrologicas\/","title":{"rendered":"Regiones Hidrol\u00f3gicas"},"content":{"rendered":"<p>La regi\u00f3n hidrol\u00f3gica es la agrupaci\u00f3n de varias cuencas hidrol\u00f3gicas con niveles de escurrimiento superficial muy similares.<\/p>\n<p>Para hacer m\u00e1s eficiente la administraci\u00f3n de los recursos hidr\u00e1ulicos, la Comisi\u00f3n Nacional del Agua ha agrupado las cuencas hidrol\u00f3gicas de la Rep\u00fablica Mexicana en 37 Regiones Hidrogr\u00e1ficas.<\/p>\n<ul>\n<li>Regi\u00f3n Hidrol\u00f3gica N\u00fam. 24, Cuenca del Rio Bravo.<\/li>\n<li>Regi\u00f3n Hidrol\u00f3gica N\u00fam. 25, San Fernando Soto la Marina.<\/li>\n<li>Regi\u00f3n Hidrol\u00f3gica N\u00fam. 26, R\u00edo P\u00e1nuco<\/li>\n<li>Regi\u00f3n Hidrol\u00f3gica N\u00fam.. 37, Cuenca El Salado<\/li>\n<\/ul>\n","protected":false},"excerpt":{"rendered":"<p>La regi\u00f3n hidrol\u00f3gica es la agrupaci\u00f3n de varias cuencas hidrol\u00f3gicas con niveles de escurrimiento superficial muy similares. Para hacer m\u00e1s eficiente la administraci\u00f3n de los\u2026<\/p>\n","protected":false},"author":7,"featured_media":0,"parent":32,"menu_order":0,"comment_status":"closed","ping_status":"closed","template":"","meta":{"footnotes":""},"class_list":["post-45","page","type-page","status-publish","hentry"],"publishpress_future_action":{"enabled":false,"date":"2026-05-23 23:49:50","action":"change-status","newStatus":"draft","terms":[],"taxonomy":""},"_links":{"self":[{"href":"https:\/\/www.tamaulipas.gob.mx\/recursoshidraulicos\/wp-json\/wp\/v2\/pages\/45"}],"collection":[{"href":"https:\/\/www.tamaulipas.gob.mx\/recursoshidraulicos\/wp-json\/wp\/v2\/pages"}],"about":[{"href":"https:\/\/www.tamaulipas.gob.mx\/recursoshidraulicos\/wp-json\/wp\/v2\/types\/page"}],"author":[{"embeddable":true,"href":"https:\/\/www.tamaulipas.gob.mx\/recursoshidraulicos\/wp-json\/wp\/v2\/users\/7"}],"replies":[{"embeddable":true,"href":"https:\/\/www.tamaulipas.gob.mx\/recursoshidraulicos\/wp-json\/wp\/v2\/comments?post=45"}],"version-history":[{"count":12,"href":"https:\/\/www.tamaulipas.gob.mx\/recursoshidraulicos\/wp-json\/wp\/v2\/pages\/45\/revisions"}],"predecessor-version":[{"id":2030,"href":"https:\/\/www.tamaulipas.gob.mx\/recursoshidraulicos\/wp-json\/wp\/v2\/pages\/45\/revisions\/2030"}],"up":[{"embeddable":true,"href":"https:\/\/www.tamaulipas.gob.mx\/recursoshidraulicos\/wp-json\/wp\/v2\/pages\/32"}],"wp:attachment":[{"href":"https:\/\/www.tamaulipas.gob.mx\/recursoshidraulicos\/wp-json\/wp\/v2\/media?parent=45"}],"curies":[{"name":"wp","href":"https:\/\/api.w.org\/{rel}","templated":true}]}}