{"id":3063,"date":"2025-05-19T13:07:05","date_gmt":"2025-05-19T19:07:05","guid":{"rendered":"https:\/\/www.tamaulipas.gob.mx\/recursoshidraulicos\/?page_id=3063"},"modified":"2026-02-16T14:54:49","modified_gmt":"2026-02-16T20:54:49","slug":"guardianes-del-agua","status":"publish","type":"page","link":"https:\/\/www.tamaulipas.gob.mx\/recursoshidraulicos\/guardianes-del-agua\/","title":{"rendered":"Guardianes del Agua"},"content":{"rendered":"<p style=\"text-align: justify;\"><strong>Muy pronto! Llega Guardianes del Agua, una nueva propuesta educativa para ni\u00f1as y ni\u00f1os de Tamaulipas<\/strong><\/p>\n<p style=\"text-align: justify;\">La Secretar\u00eda de Recursos Hidr\u00e1ulicos para el Desarrollo Social lanza Guardianes del Agua, una iniciativa que busca fomentar en la ni\u00f1ez tamaulipeca una cultura de cuidado y uso responsable del agua.<\/p>\n<p style=\"text-align: justify;\">Como parte de esta iniciativa, presentamos a <strong>Tamau, Lipas y Gotita<\/strong>, tres personajes educativos que acompa\u00f1ar\u00e1n a las ni\u00f1as y ni\u00f1os en una serie de aventuras y retos para aprender buenas pr\u00e1cticas relacionadas con el uso, conservaci\u00f3n y protecci\u00f3n del agua.<\/p>\n<p style=\"text-align: justify;\">Tamau y Lipas son dos ni\u00f1os tamaulipecos comprometidos con el medio ambiente, mientras que Gotita representa simb\u00f3licamente el agua del estado. Juntos invitan a todas las ni\u00f1as y ni\u00f1os a convertirse en verdaderos <strong>Guardianes del Agua<\/strong>, promoviendo acciones positivas en su casa, escuela y comunidad.<\/p>\n<p style=\"text-align: justify;\">Pero no todo ser\u00e1 f\u00e1cil. Pr\u00f3ximamente, nuestros personajes se enfrentar\u00e1n a una serie de <strong>enemigos simb\u00f3licos<\/strong> que representan las malas pr\u00e1cticas en torno al agua, como el desperdicio, la contaminaci\u00f3n y el uso irresponsable de los recursos h\u00eddricos. A trav\u00e9s de historietas, videos, retos y materiales educativos, ni\u00f1as y ni\u00f1os aprender\u00e1n de manera divertida c\u00f3mo proteger el agua y por qu\u00e9 es tan importante hacerlo.<\/p>\n<p style=\"text-align: justify;\">Muy pronto, podr\u00e1s conocer m\u00e1s sobre esta propuesta en nuestros <strong>canales oficiales y materiales de difusi\u00f3n<\/strong>, donde estar\u00e1 disponible todo el contenido educativo: videos animados, historietas y mucho m\u00e1s.<\/p>\n<p style=\"text-align: justify;\">&#x1f4a7; <strong>\u00a1Prep\u00e1rate para unirte a la misi\u00f3n y ser parte de los Guardianes del Agua!<\/strong><br \/>\nSigue nuestras redes y visita nuestra p\u00e1gina para m\u00e1s informaci\u00f3n.<\/p>\n<p>&nbsp;<\/p>\n<p>&nbsp;<\/p>\n<table style=\"border-collapse: collapse; width: 100%; height: 254px;\">\n<tbody>\n<tr style=\"height: 230px;\">\n<td style=\"width: 11.1111%; height: 230px;\"><a href=\"https:\/\/www.tamaulipas.gob.mx\/recursoshidraulicos\/wp-content\/uploads\/sites\/24\/2025\/10\/comic_1.jpg\" target=\"_blank\" rel=\"noopener\"><img loading=\"lazy\" decoding=\"async\" class=\"alignnone wp-image-3220 aligncenter\" src=\"https:\/\/www.tamaulipas.gob.mx\/recursoshidraulicos\/wp-content\/uploads\/sites\/24\/2025\/10\/comic_1.jpg\" alt=\"\" width=\"136\" height=\"211\" \/><\/a><\/td>\n<td style=\"width: 11.1111%; height: 230px; text-align: center;\"><strong style=\"text-align: justify;\"><a href=\"https:\/\/www.tamaulipas.gob.mx\/recursoshidraulicos\/wp-content\/uploads\/sites\/24\/2025\/10\/villanos.jpg\" target=\"_blank\" rel=\"noopener\"><img loading=\"lazy\" decoding=\"async\" class=\"alignnone wp-image-3223\" src=\"https:\/\/www.tamaulipas.gob.mx\/recursoshidraulicos\/wp-content\/uploads\/sites\/24\/2025\/10\/villanos.jpg\" alt=\"\" width=\"134\" height=\"207\" \/><\/a><\/strong><\/td>\n<td style=\"width: 11.1111%; height: 230px; text-align: center;\"><strong style=\"text-align: justify;\"><a href=\"https:\/\/www.tamaulipas.gob.mx\/recursoshidraulicos\/wp-content\/uploads\/sites\/24\/2026\/01\/3.1-lila-sequia.jpg\" target=\"_blank\" rel=\"noopener\"><img loading=\"lazy\" decoding=\"async\" class=\"alignnone wp-image-3261\" src=\"https:\/\/www.tamaulipas.gob.mx\/recursoshidraulicos\/wp-content\/uploads\/sites\/24\/2026\/01\/3.1-lila-sequia.jpg\" alt=\"\" width=\"134\" height=\"207\" \/><\/a><\/strong><\/td>\n<td style=\"width: 11.1111%; height: 230px; text-align: center;\"><strong style=\"text-align: justify;\"><a href=\"https:\/\/www.tamaulipas.gob.mx\/recursoshidraulicos\/wp-content\/uploads\/sites\/24\/2026\/01\/3.2-lila-sequia.jpg\" target=\"_blank\" rel=\"noopener\"><img loading=\"lazy\" decoding=\"async\" class=\"alignnone wp-image-3262\" src=\"https:\/\/www.tamaulipas.gob.mx\/recursoshidraulicos\/wp-content\/uploads\/sites\/24\/2026\/01\/3.2-lila-sequia.jpg\" alt=\"\" width=\"134\" height=\"207\" \/><\/a><\/strong><\/td>\n<td style=\"width: 11.1111%; height: 230px; text-align: center;\"><strong style=\"text-align: justify;\"><a href=\"https:\/\/www.tamaulipas.gob.mx\/recursoshidraulicos\/wp-content\/uploads\/sites\/24\/2026\/01\/4.-1-plasti-buu.jpg\" target=\"_blank\" rel=\"noopener\"><img loading=\"lazy\" decoding=\"async\" class=\"alignnone wp-image-3263\" src=\"https:\/\/www.tamaulipas.gob.mx\/recursoshidraulicos\/wp-content\/uploads\/sites\/24\/2026\/01\/4.-1-plasti-buu.jpg\" alt=\"\" width=\"134\" height=\"207\" \/><\/a><\/strong><\/td>\n<\/tr>\n<tr style=\"height: 24px;\">\n<td style=\"width: 11.1111%; height: 24px; text-align: center;\"><strong style=\"text-align: justify;\"><a href=\"https:\/\/www.tamaulipas.gob.mx\/recursoshidraulicos\/wp-content\/uploads\/sites\/24\/2026\/01\/ee.-lavado-de-manos.jpeg\" target=\"_blank\" rel=\"noopener\"><img loading=\"lazy\" decoding=\"async\" class=\"alignnone wp-image-3264\" src=\"https:\/\/www.tamaulipas.gob.mx\/recursoshidraulicos\/wp-content\/uploads\/sites\/24\/2026\/01\/ee.-lavado-de-manos.jpeg\" alt=\"\" width=\"133\" height=\"206\" \/><\/a><\/strong><\/td>\n<td style=\"width: 11.1111%; height: 24px; text-align: center;\"><strong style=\"text-align: justify;\"><a href=\"https:\/\/www.tamaulipas.gob.mx\/recursoshidraulicos\/wp-content\/uploads\/sites\/24\/2026\/01\/ee.-navidad.jpg\" target=\"_blank\" rel=\"noopener\"><img loading=\"lazy\" decoding=\"async\" class=\"alignnone wp-image-3265\" src=\"https:\/\/www.tamaulipas.gob.mx\/recursoshidraulicos\/wp-content\/uploads\/sites\/24\/2026\/01\/ee.-navidad.jpg\" alt=\"\" width=\"133\" height=\"206\" \/><\/a><\/strong><\/td>\n<td style=\"width: 11.1111%; height: 24px; text-align: center;\"><strong style=\"text-align: justify;\"><a href=\"https:\/\/www.tamaulipas.gob.mx\/recursoshidraulicos\/wp-content\/uploads\/sites\/24\/2026\/01\/ee.-reyes-magos.png\" target=\"_blank\" rel=\"noopener\"><img loading=\"lazy\" decoding=\"async\" class=\"alignnone wp-image-3266\" src=\"https:\/\/www.tamaulipas.gob.mx\/recursoshidraulicos\/wp-content\/uploads\/sites\/24\/2026\/01\/ee.-reyes-magos.png\" alt=\"\" width=\"136\" height=\"211\" \/><\/a><\/strong><\/td>\n<td style=\"width: 11.1111%; height: 24px; text-align: center;\"><a href=\"https:\/\/www.tamaulipas.gob.mx\/recursoshidraulicos\/wp-content\/uploads\/sites\/24\/2026\/02\/comic-san-valentin.png\" target=\"_blank\" rel=\"noopener\"><img loading=\"lazy\" decoding=\"async\" class=\"alignnone  wp-image-3346\" src=\"https:\/\/www.tamaulipas.gob.mx\/recursoshidraulicos\/wp-content\/uploads\/sites\/24\/2026\/02\/comic-san-valentin.png\" alt=\"\" width=\"140\" height=\"216\" \/><\/a><\/td>\n<td style=\"width: 11.1111%; height: 24px; text-align: center;\"><\/td>\n<\/tr>\n<\/tbody>\n<\/table>\n<p><strong style=\"text-align: justify;\">\u00a0 \u00a0\u00a0 \u00a0 \u00a0 \u00a0 \u00a0 \u00a0 \u00a0 \u00a0 \u00a0 \u00a0\u00a0<\/strong><\/p>\n","protected":false},"excerpt":{"rendered":"<p>Muy pronto! Llega Guardianes del Agua, una nueva propuesta educativa para ni\u00f1as y ni\u00f1os de Tamaulipas La Secretar\u00eda de Recursos Hidr\u00e1ulicos para el Desarrollo Social\u2026<\/p>\n","protected":false},"author":62,"featured_media":0,"parent":0,"menu_order":0,"comment_status":"closed","ping_status":"closed","template":"","meta":{"footnotes":""},"class_list":["post-3063","page","type-page","status-publish","hentry"],"publishpress_future_action":{"enabled":false,"date":"2026-05-04 05:40:19","action":"change-status","newStatus":"draft","terms":[],"taxonomy":""},"_links":{"self":[{"href":"https:\/\/www.tamaulipas.gob.mx\/recursoshidraulicos\/wp-json\/wp\/v2\/pages\/3063"}],"collection":[{"href":"https:\/\/www.tamaulipas.gob.mx\/recursoshidraulicos\/wp-json\/wp\/v2\/pages"}],"about":[{"href":"https:\/\/www.tamaulipas.gob.mx\/recursoshidraulicos\/wp-json\/wp\/v2\/types\/page"}],"author":[{"embeddable":true,"href":"https:\/\/www.tamaulipas.gob.mx\/recursoshidraulicos\/wp-json\/wp\/v2\/users\/62"}],"replies":[{"embeddable":true,"href":"https:\/\/www.tamaulipas.gob.mx\/recursoshidraulicos\/wp-json\/wp\/v2\/comments?post=3063"}],"version-history":[{"count":10,"href":"https:\/\/www.tamaulipas.gob.mx\/recursoshidraulicos\/wp-json\/wp\/v2\/pages\/3063\/revisions"}],"predecessor-version":[{"id":3348,"href":"https:\/\/www.tamaulipas.gob.mx\/recursoshidraulicos\/wp-json\/wp\/v2\/pages\/3063\/revisions\/3348"}],"wp:attachment":[{"href":"https:\/\/www.tamaulipas.gob.mx\/recursoshidraulicos\/wp-json\/wp\/v2\/media?parent=3063"}],"curies":[{"name":"wp","href":"https:\/\/api.w.org\/{rel}","templated":true}]}}