{"id":2963,"date":"2025-02-21T11:23:39","date_gmt":"2025-02-21T17:23:39","guid":{"rendered":"https:\/\/www.tamaulipas.gob.mx\/recursoshidraulicos\/?page_id=2963"},"modified":"2026-04-10T14:57:41","modified_gmt":"2026-04-10T20:57:41","slug":"boletin-tecnico-mensual","status":"publish","type":"page","link":"https:\/\/www.tamaulipas.gob.mx\/recursoshidraulicos\/boletin-tecnico-mensual\/","title":{"rendered":"Bolet\u00edn T\u00e9cnico Mensual"},"content":{"rendered":"<p style=\"text-align: justify;\">El presente bolet\u00edn tiene el prop\u00f3sito de contar con un mecanismo de comunicaci\u00f3n que permita compilar y difundir, de manera clara y accesible, la informaci\u00f3n relevante sobre la gesti\u00f3n integral del agua en Tamaulipas, como una iniciativa del C Gobernador del Estado, Dr. Am\u00e9rico Villarreal Anaya.<br \/>\n<a href=\"https:\/\/www.tamaulipas.gob.mx\/recursoshidraulicos\/wp-content\/uploads\/sites\/24\/2025\/02\/bases-boletin.pdf\" target=\"_blank\" rel=\"noopener\">(Bases para participar)<\/a><\/p>\n<div class=\"panel-group\" id=\"custom-collapse-0\"><\/div>\n<div class=\"panel panel-default\">\n\t\t\t\t<div class=\"panel-heading\">\n\t\t\t\t\t<h4 class=\"panel-title\">\n\t\t\t\t\t\t<a class=\"collapsed\" data-toggle=\"collapse\" data-parent=\"#custom-collapse-0\" href=\"#custom-collapse-0-0\">2025<\/a>\n\t\t\t\t\t<\/h4>\n\t\t\t\t<\/div>\n\t\t\t\t<div id=\"custom-collapse-0-0\" class=\"panel-collapse collapse\">\n\t\t\t\t\t<div class=\"panel-body\">\n<ul style=\"list-style-type: square;\">\n<li><a href=\"https:\/\/www.tamaulipas.gob.mx\/recursoshidraulicos\/wp-content\/uploads\/sites\/24\/2025\/03\/boletin-final-web.pdf\" target=\"_blank\" rel=\"noopener\">Enero 2025<\/a><\/li>\n<li><a href=\"https:\/\/www.tamaulipas.gob.mx\/recursoshidraulicos\/wp-content\/uploads\/sites\/24\/2025\/04\/boletin_febrero_2025-1.pdf\" target=\"_blank\" rel=\"noopener\">Febrero 2025<\/a><\/li>\n<li><a href=\"https:\/\/www.tamaulipas.gob.mx\/recursoshidraulicos\/wp-content\/uploads\/sites\/24\/2025\/05\/boletin-marzo-final.2.pdf\" target=\"_blank\" rel=\"noopener\">Marzo 2025<\/a><\/li>\n<li><a href=\"https:\/\/www.tamaulipas.gob.mx\/recursoshidraulicos\/wp-content\/uploads\/sites\/24\/2025\/06\/boletin-abril-2025-vf.pdf\" target=\"_blank\" rel=\"noopener\">Abril 2025<\/a><\/li>\n<li><a href=\"https:\/\/www.tamaulipas.gob.mx\/recursoshidraulicos\/wp-content\/uploads\/sites\/24\/2026\/01\/mayo.pdf\" target=\"_blank\" rel=\"noopener\">Mayo 2025<\/a><\/li>\n<li><a href=\"https:\/\/www.tamaulipas.gob.mx\/recursoshidraulicos\/wp-content\/uploads\/sites\/24\/2026\/01\/boletin-junio-2025-version-final.pdf\" target=\"_blank\" rel=\"noopener\">Junio 2025<\/a><\/li>\n<li><a href=\"https:\/\/www.tamaulipas.gob.mx\/recursoshidraulicos\/wp-content\/uploads\/sites\/24\/2026\/01\/boletin-julio-2025-version-final.pdf\" target=\"_blank\" rel=\"noopener\">Julio 2025<\/a><\/li>\n<li><a href=\"https:\/\/www.tamaulipas.gob.mx\/recursoshidraulicos\/wp-content\/uploads\/sites\/24\/2026\/01\/boletin-agosto-2025-version-final-1.pdf\" target=\"_blank\" rel=\"noopener\">Agosto 2025<\/a><\/li>\n<li><a href=\"https:\/\/www.tamaulipas.gob.mx\/recursoshidraulicos\/wp-content\/uploads\/sites\/24\/2026\/01\/boletin-septiembre-2025-version-final.pdf\" target=\"_blank\" rel=\"noopener\">Septiembre 2025<\/a><\/li>\n<li><a href=\"https:\/\/www.tamaulipas.gob.mx\/recursoshidraulicos\/wp-content\/uploads\/sites\/24\/2026\/01\/boletin-octubre-2025-version-final.pdf\" target=\"_blank\" rel=\"noopener\">Octubre 2025<\/a><\/li>\n<li><a href=\"https:\/\/www.tamaulipas.gob.mx\/recursoshidraulicos\/wp-content\/uploads\/sites\/24\/2026\/01\/boletin-noviembre-2025-version-final.pdf\" target=\"_blank\" rel=\"noopener\">Noviembre 2025<\/a><\/li>\n<li><a href=\"https:\/\/www.tamaulipas.gob.mx\/recursoshidraulicos\/wp-content\/uploads\/sites\/24\/2026\/01\/boletin-diciembre-2025-version-final.pdf\" target=\"_blank\" rel=\"noopener\">Diciembre 2025<\/a><\/li>\n<\/ul>\n<\/div>\n\t\t\t\t<\/div>\n\t\t\t<\/div>\n<div class=\"panel panel-default\">\n\t\t\t\t<div class=\"panel-heading\">\n\t\t\t\t\t<h4 class=\"panel-title\">\n\t\t\t\t\t\t<a class=\"collapsed\" data-toggle=\"collapse\" data-parent=\"#custom-collapse-0\" href=\"#custom-collapse-0-1\">2026<\/a>\n\t\t\t\t\t<\/h4>\n\t\t\t\t<\/div>\n\t\t\t\t<div id=\"custom-collapse-0-1\" class=\"panel-collapse collapse\">\n\t\t\t\t\t<div class=\"panel-body\">\n<ul style=\"list-style-type: square;\">\n<li><a href=\"https:\/\/www.tamaulipas.gob.mx\/recursoshidraulicos\/wp-content\/uploads\/sites\/24\/2026\/04\/boletin-enero-2026-version-final.pdf\" target=\"_blank\" rel=\"noopener\">Enero 2026<\/a><\/li>\n<\/ul>\n<\/div>\n\t\t\t\t<\/div>\n\t\t\t<\/div>\n<p>&nbsp;<\/p>\n","protected":false},"excerpt":{"rendered":"<p>El presente bolet\u00edn tiene el prop\u00f3sito de contar con un mecanismo de comunicaci\u00f3n que permita compilar y difundir, de manera clara y accesible, la informaci\u00f3n\u2026<\/p>\n","protected":false},"author":62,"featured_media":0,"parent":0,"menu_order":0,"comment_status":"closed","ping_status":"closed","template":"","meta":{"footnotes":""},"class_list":["post-2963","page","type-page","status-publish","hentry"],"publishpress_future_action":{"enabled":false,"date":"2026-05-23 23:50:04","action":"change-status","newStatus":"draft","terms":[],"taxonomy":""},"_links":{"self":[{"href":"https:\/\/www.tamaulipas.gob.mx\/recursoshidraulicos\/wp-json\/wp\/v2\/pages\/2963"}],"collection":[{"href":"https:\/\/www.tamaulipas.gob.mx\/recursoshidraulicos\/wp-json\/wp\/v2\/pages"}],"about":[{"href":"https:\/\/www.tamaulipas.gob.mx\/recursoshidraulicos\/wp-json\/wp\/v2\/types\/page"}],"author":[{"embeddable":true,"href":"https:\/\/www.tamaulipas.gob.mx\/recursoshidraulicos\/wp-json\/wp\/v2\/users\/62"}],"replies":[{"embeddable":true,"href":"https:\/\/www.tamaulipas.gob.mx\/recursoshidraulicos\/wp-json\/wp\/v2\/comments?post=2963"}],"version-history":[{"count":30,"href":"https:\/\/www.tamaulipas.gob.mx\/recursoshidraulicos\/wp-json\/wp\/v2\/pages\/2963\/revisions"}],"predecessor-version":[{"id":3396,"href":"https:\/\/www.tamaulipas.gob.mx\/recursoshidraulicos\/wp-json\/wp\/v2\/pages\/2963\/revisions\/3396"}],"wp:attachment":[{"href":"https:\/\/www.tamaulipas.gob.mx\/recursoshidraulicos\/wp-json\/wp\/v2\/media?parent=2963"}],"curies":[{"name":"wp","href":"https:\/\/api.w.org\/{rel}","templated":true}]}}