{"id":228,"date":"2018-05-02T11:08:10","date_gmt":"2018-05-02T16:08:10","guid":{"rendered":"http:\/\/www.tamaulipas.gob.mx\/ceat\/?page_id=228"},"modified":"2018-05-16T14:22:32","modified_gmt":"2018-05-16T19:22:32","slug":"pedro-jose-mendez","status":"publish","type":"page","link":"https:\/\/www.tamaulipas.gob.mx\/recursoshidraulicos\/sector-agua\/presas\/pedro-jose-mendez\/","title":{"rendered":"Pedro Jos\u00e9 M\u00e9ndez"},"content":{"rendered":"[googlepdf url=\u00bbhttps:\/\/www.tamaulipas.gob.mx\/recursoshidraulicos\/wp-content\/uploads\/sites\/24\/2017\/05\/presa-pedro-j-mendez.pdf\u00bb download=\u00bbDescargar\u00bb width=\u00bb100%\u00bb height=\u00bb800&#8243;]\n<hr \/>\n<p><strong>Principales Presas<\/strong><\/p>\n<ul>\n<li><a href=\"https:\/\/www.tamaulipas.gob.mx\/recursoshidraulicos\/informacion-sector-agua\/presas\/emilio-portes-gil\/\" rel=\"noopener\">Emilio Portes Gil<\/a><\/li>\n<li><a href=\"https:\/\/www.tamaulipas.gob.mx\/recursoshidraulicos\/informacion-sector-agua\/presas\/falcon\/\" rel=\"noopener\">Falc\u00f3n<\/a><\/li>\n<li><a href=\"https:\/\/www.tamaulipas.gob.mx\/recursoshidraulicos\/informacion-sector-agua\/presas\/la-patria-es-primero\/\" rel=\"noopener\">La Patria es Primero<\/a><\/li>\n<li><a href=\"https:\/\/www.tamaulipas.gob.mx\/recursoshidraulicos\/informacion-sector-agua\/presas\/marte-r-gomez\/\" rel=\"noopener\">Marte R. G\u00f3mez<\/a><\/li>\n<li><a href=\"https:\/\/www.tamaulipas.gob.mx\/recursoshidraulicos\/informacion-sector-agua\/presas\/pedro-jose-mendez\/\" rel=\"noopener\">Pedro Jos\u00e9 M\u00e9ndez<\/a><\/li>\n<li><a href=\"https:\/\/www.tamaulipas.gob.mx\/recursoshidraulicos\/informacion-sector-agua\/presas\/ramiro-caballero\/\" rel=\"noopener\">Ramiro Caballero<\/a><\/li>\n<li><a href=\"https:\/\/www.tamaulipas.gob.mx\/recursoshidraulicos\/informacion-sector-agua\/presas\/republica-espanola\/\" rel=\"noopener\">Rep\u00fablica Espa\u00f1ola<\/a><\/li>\n<li><a href=\"https:\/\/www.tamaulipas.gob.mx\/recursoshidraulicos\/informacion-sector-agua\/presas\/vicente-guerrero\/\" rel=\"noopener\">Vicente Guerrero<\/a><\/li>\n<\/ul>\n","protected":false},"excerpt":{"rendered":"<p>[googlepdf url=\u00bbhttps:\/\/www.tamaulipas.gob.mx\/recursoshidraulicos\/wp-content\/uploads\/sites\/24\/2017\/05\/presa-pedro-j-mendez.pdf\u00bb download=\u00bbDescargar\u00bb width=\u00bb100%\u00bb height=\u00bb800&#8243;] Principales Presas Emilio Portes Gil Falc\u00f3n La Patria es Primero Marte R. G\u00f3mez Pedro Jos\u00e9 M\u00e9ndez Ramiro Caballero Rep\u00fablica Espa\u00f1ola\u2026<\/p>\n","protected":false},"author":59,"featured_media":0,"parent":53,"menu_order":0,"comment_status":"closed","ping_status":"closed","template":"","meta":{"footnotes":""},"class_list":["post-228","page","type-page","status-publish","hentry"],"publishpress_future_action":{"enabled":false,"date":"2026-05-23 23:50:04","action":"change-status","newStatus":"draft","terms":[],"taxonomy":""},"_links":{"self":[{"href":"https:\/\/www.tamaulipas.gob.mx\/recursoshidraulicos\/wp-json\/wp\/v2\/pages\/228"}],"collection":[{"href":"https:\/\/www.tamaulipas.gob.mx\/recursoshidraulicos\/wp-json\/wp\/v2\/pages"}],"about":[{"href":"https:\/\/www.tamaulipas.gob.mx\/recursoshidraulicos\/wp-json\/wp\/v2\/types\/page"}],"author":[{"embeddable":true,"href":"https:\/\/www.tamaulipas.gob.mx\/recursoshidraulicos\/wp-json\/wp\/v2\/users\/59"}],"replies":[{"embeddable":true,"href":"https:\/\/www.tamaulipas.gob.mx\/recursoshidraulicos\/wp-json\/wp\/v2\/comments?post=228"}],"version-history":[{"count":4,"href":"https:\/\/www.tamaulipas.gob.mx\/recursoshidraulicos\/wp-json\/wp\/v2\/pages\/228\/revisions"}],"predecessor-version":[{"id":542,"href":"https:\/\/www.tamaulipas.gob.mx\/recursoshidraulicos\/wp-json\/wp\/v2\/pages\/228\/revisions\/542"}],"up":[{"embeddable":true,"href":"https:\/\/www.tamaulipas.gob.mx\/recursoshidraulicos\/wp-json\/wp\/v2\/pages\/53"}],"wp:attachment":[{"href":"https:\/\/www.tamaulipas.gob.mx\/recursoshidraulicos\/wp-json\/wp\/v2\/media?parent=228"}],"curies":[{"name":"wp","href":"https:\/\/api.w.org\/{rel}","templated":true}]}}