{"id":215,"date":"2018-05-02T10:37:53","date_gmt":"2018-05-02T15:37:53","guid":{"rendered":"http:\/\/www.tamaulipas.gob.mx\/ceat\/?page_id=215"},"modified":"2018-05-16T12:29:04","modified_gmt":"2018-05-16T17:29:04","slug":"cuenca-el-salado","status":"publish","type":"page","link":"https:\/\/www.tamaulipas.gob.mx\/recursoshidraulicos\/sector-agua\/hidrologicas\/cuenca-el-salado\/","title":{"rendered":"Regi\u00f3n Hidrologica Num. 37 (Cuenca El Salado)"},"content":{"rendered":"[googlepdf url=\u00bbhttps:\/\/www.tamaulipas.gob.mx\/recursoshidraulicos\/wp-content\/uploads\/sites\/24\/2017\/05\/rh-37-el-salado.pdf\u00bb download=\u00bbDescargar\u00bb width=\u00bb100%\u00bb height=\u00bb800&#8243;]\n<ul>\n<li><a href=\"https:\/\/www.tamaulipas.gob.mx\/recursoshidraulicos\/informacion-sector-agua\/regiones-hidrologicas\/cuenca-del-rio-bravo\/\" rel=\"noopener\">Regi\u00f3n Hidrol\u00f3gica N\u00fam. 24, Cuenca del Rio Bravo.<\/a><\/li>\n<li><a href=\"https:\/\/www.tamaulipas.gob.mx\/recursoshidraulicos\/informacion-sector-agua\/regiones-hidrologicas\/san-fernando-soto-la-marina\/\" rel=\"noopener\">Regi\u00f3n Hidrol\u00f3gica N\u00fam. 25, San Fernando Soto la Marina.<\/a><\/li>\n<li><a href=\"https:\/\/www.tamaulipas.gob.mx\/recursoshidraulicos\/informacion-sector-agua\/regiones-hidrologicas\/rio-panuco\/\" rel=\"noopener\">Regi\u00f3n Hidrol\u00f3gica N\u00fam. 26, R\u00edo P\u00e1nuco<\/a><\/li>\n<li><a href=\"https:\/\/www.tamaulipas.gob.mx\/recursoshidraulicos\/informacion-sector-agua\/regiones-hidrologicas\/cuenca-el-salado\/\" rel=\"noopener\">Regi\u00f3n Hidrologica Num. 37, Cuenca El Salado<\/a><\/li>\n<\/ul>\n","protected":false},"excerpt":{"rendered":"<p>[googlepdf url=\u00bbhttps:\/\/www.tamaulipas.gob.mx\/recursoshidraulicos\/wp-content\/uploads\/sites\/24\/2017\/05\/rh-37-el-salado.pdf\u00bb download=\u00bbDescargar\u00bb width=\u00bb100%\u00bb height=\u00bb800&#8243;] Regi\u00f3n Hidrol\u00f3gica N\u00fam. 24, Cuenca del Rio Bravo. Regi\u00f3n Hidrol\u00f3gica N\u00fam. 25, San Fernando Soto la Marina. Regi\u00f3n Hidrol\u00f3gica N\u00fam.\u2026<\/p>\n","protected":false},"author":59,"featured_media":0,"parent":45,"menu_order":0,"comment_status":"closed","ping_status":"closed","template":"","meta":{"footnotes":""},"class_list":["post-215","page","type-page","status-publish","hentry"],"publishpress_future_action":{"enabled":false,"date":"2026-05-21 11:11:52","action":"change-status","newStatus":"draft","terms":[],"taxonomy":""},"_links":{"self":[{"href":"https:\/\/www.tamaulipas.gob.mx\/recursoshidraulicos\/wp-json\/wp\/v2\/pages\/215"}],"collection":[{"href":"https:\/\/www.tamaulipas.gob.mx\/recursoshidraulicos\/wp-json\/wp\/v2\/pages"}],"about":[{"href":"https:\/\/www.tamaulipas.gob.mx\/recursoshidraulicos\/wp-json\/wp\/v2\/types\/page"}],"author":[{"embeddable":true,"href":"https:\/\/www.tamaulipas.gob.mx\/recursoshidraulicos\/wp-json\/wp\/v2\/users\/59"}],"replies":[{"embeddable":true,"href":"https:\/\/www.tamaulipas.gob.mx\/recursoshidraulicos\/wp-json\/wp\/v2\/comments?post=215"}],"version-history":[{"count":2,"href":"https:\/\/www.tamaulipas.gob.mx\/recursoshidraulicos\/wp-json\/wp\/v2\/pages\/215\/revisions"}],"predecessor-version":[{"id":519,"href":"https:\/\/www.tamaulipas.gob.mx\/recursoshidraulicos\/wp-json\/wp\/v2\/pages\/215\/revisions\/519"}],"up":[{"embeddable":true,"href":"https:\/\/www.tamaulipas.gob.mx\/recursoshidraulicos\/wp-json\/wp\/v2\/pages\/45"}],"wp:attachment":[{"href":"https:\/\/www.tamaulipas.gob.mx\/recursoshidraulicos\/wp-json\/wp\/v2\/media?parent=215"}],"curies":[{"name":"wp","href":"https:\/\/api.w.org\/{rel}","templated":true}]}}