{"id":18,"date":"2017-05-02T15:37:38","date_gmt":"2017-05-02T15:37:38","guid":{"rendered":"http:\/\/www.tamaulipas.gob.mx\/ceat\/?page_id=18"},"modified":"2022-11-28T15:21:09","modified_gmt":"2022-11-28T21:21:09","slug":"cultura","status":"publish","type":"page","link":"https:\/\/www.tamaulipas.gob.mx\/recursoshidraulicos\/cultura\/","title":{"rendered":"Cultura del Agua"},"content":{"rendered":"<p><strong>\u00bfQue es Cultura del Agua?<\/strong><br \/>\nEs el conocimiento consciente de la importancia del agua como recurso natural limitado, para generar en la poblaci\u00f3n el uso, aprovechamiento y conservaci\u00f3n adecuada y razonable, su valor econ\u00f3mico, social y ambiental.<\/p>\n<p>La poblaci\u00f3n desconoce los esfuerzos t\u00e9cnicos, administrativos\u00a0 y financieros para suministrar el agua potable en cantidad y calidad para el consumo humano, as\u00ed como su tratamiento posterior<\/p>\n<p>&nbsp;<\/p>\n<p><strong>\u00bfC\u00f3mo nace?<\/strong><br \/>\nA principios de los 90, por problemas de salud p\u00fablica por el consumo del agua tuvieron en el pa\u00eds uno de los \u00edndices m\u00e1s altos a nivel mundial. Se crea en abril del 91 el programa agua limpia, con objetivos y estrategias espec\u00edficas para garantizar la calidad adecuada del recurso h\u00eddrico para los diversos usos.<\/p>\n<p>Se establece un convenio de colaboraci\u00f3n con CONAGUA y SSA (secretar\u00eda de salud) y se d\u00e1 origen al componente \u201ccultura del agua\u201d.<\/p>\n<p>Actualmente el programa cultura del agua, tiene el car\u00e1cter de prioritario.<\/p>\n<p>&nbsp;<\/p>\n<p><strong>\u00bfQue hace?<\/strong><br \/>\nFomentar la cultura del agua con campa\u00f1as de concientizaci\u00f3n para su uso racional, dirigidas a la poblaci\u00f3n.<\/p>\n<p>El programa federalizado de cultura del agua, se encarga de crear espacios en los organismos operadores municipales y en sitios p\u00fablicos, se fortalecen, capacita a los encargados, para que a trav\u00e9s de diversas t\u00e9cnicas docentes, se forme la conciencia del cuidado del agua en las nuevas generaciones.<\/p>\n<p>Se realizan eventos culturales, deportivos y escolares que involucren la participaci\u00f3n de la mayor cantidad posible de personas.<\/p>\n<p>Generar conciencia en la poblaci\u00f3n que el elemento agua es un recurso: vital, escaso y finito, que debe aprovecharse con racionalidad y eficiencia.<\/p>\n<p>Generar \u00a0conciencia en el pago por la prestaci\u00f3n del servicio del agua y de derechos por extracci\u00f3n, descarga y servicios ambientales.<\/p>\n<p>Promover la utilizaci\u00f3n de aparatos ahorradores de agua.<\/p>\n<p>&nbsp;<\/p>\n<p><strong>\u00bfA qui\u00e9n beneficia?<\/strong><br \/>\nA la sociedad en general, con \u00e9nfasis en la poblaci\u00f3n estudiantil.<\/p>\n","protected":false},"excerpt":{"rendered":"<p>\u00bfQue es Cultura del Agua? Es el conocimiento consciente de la importancia del agua como recurso natural limitado, para generar en la poblaci\u00f3n el uso,\u2026<\/p>\n","protected":false},"author":7,"featured_media":0,"parent":0,"menu_order":0,"comment_status":"closed","ping_status":"closed","template":"","meta":{"footnotes":""},"class_list":["post-18","page","type-page","status-publish","hentry"],"publishpress_future_action":{"enabled":false,"date":"2026-05-23 23:49:49","action":"change-status","newStatus":"draft","terms":[],"taxonomy":""},"_links":{"self":[{"href":"https:\/\/www.tamaulipas.gob.mx\/recursoshidraulicos\/wp-json\/wp\/v2\/pages\/18"}],"collection":[{"href":"https:\/\/www.tamaulipas.gob.mx\/recursoshidraulicos\/wp-json\/wp\/v2\/pages"}],"about":[{"href":"https:\/\/www.tamaulipas.gob.mx\/recursoshidraulicos\/wp-json\/wp\/v2\/types\/page"}],"author":[{"embeddable":true,"href":"https:\/\/www.tamaulipas.gob.mx\/recursoshidraulicos\/wp-json\/wp\/v2\/users\/7"}],"replies":[{"embeddable":true,"href":"https:\/\/www.tamaulipas.gob.mx\/recursoshidraulicos\/wp-json\/wp\/v2\/comments?post=18"}],"version-history":[{"count":4,"href":"https:\/\/www.tamaulipas.gob.mx\/recursoshidraulicos\/wp-json\/wp\/v2\/pages\/18\/revisions"}],"predecessor-version":[{"id":1807,"href":"https:\/\/www.tamaulipas.gob.mx\/recursoshidraulicos\/wp-json\/wp\/v2\/pages\/18\/revisions\/1807"}],"wp:attachment":[{"href":"https:\/\/www.tamaulipas.gob.mx\/recursoshidraulicos\/wp-json\/wp\/v2\/media?parent=18"}],"curies":[{"name":"wp","href":"https:\/\/api.w.org\/{rel}","templated":true}]}}