{"id":141,"date":"2017-05-03T14:57:38","date_gmt":"2017-05-03T19:57:38","guid":{"rendered":"http:\/\/www.tamaulipas.gob.mx\/ceat\/?page_id=141"},"modified":"2025-06-26T12:33:27","modified_gmt":"2025-06-26T18:33:27","slug":"programas-federalizados","status":"publish","type":"page","link":"https:\/\/www.tamaulipas.gob.mx\/recursoshidraulicos\/transparencia\/programas-federalizados\/","title":{"rendered":"Programas Federalizados"},"content":{"rendered":"<p>Con base en los programas autorizados en el Presupuesto de Egresos de la Federaci\u00f3n, la Comisi\u00f3n Nacional del Agua (<strong>CONAGUA<\/strong>) distribuye a las entidades del pa\u00eds, recursos econ\u00f3micos federales a trav\u00e9s de subsidios, cuyo otorgamiento se realiza conforme a Reglas de Operaci\u00f3n, las cuales prev\u00e9n como requisito, la suscripci\u00f3n de un <strong>Convenio Marco de Coordinaci\u00f3n<\/strong> que establece las acciones espec\u00edficas a realizarse.<\/p>\n<p>En cumplimiento a lo anterior, la CONAGUA y el Estado de Tamaulipas han formalizado lo siguiente:<\/p>\n<p><strong><em>CONVENIO MARCO DE COORDINACI\u00d3N QUE CELEBRA POR UNA PARTE EL EJECUTIVO FEDERAL, POR CONDUCTO DE LA SECRETAR\u00cdA DE MEDIO AMBIENTE Y RECURSOS NATURALES, A TRAV\u00c9S DE LA COMISI\u00d3N NACIONAL DEL AGUA, Y POR LA OTRA, EL EJECUTIVO DEL ESTADO LIBRE Y SOBERANO DE TAMAULIPAS, CON EL OBJETO DE ESTABLECER LOS LINEAMIENTOS PARA CONJUNTAR RECURSOS Y FORMALIZAR ACCIONES EN LAS MATERIAS DE INFRAESTRUCTURA HIDROAGR\u00cdCOLA, AGUA POTABLE, ALCANTARILLADO Y SANEAMIENTO, Y CULTURA DEL AGUA, EN BENEFICIO DE LA ENTIDAD.<\/em><\/strong><\/p>\n<p>A continuaci\u00f3n, puedes consultar este documento, de acuerdo a su periodo de vigencia:<\/p>\n<p><a href=\"https:\/\/www.tamaulipas.gob.mx\/recursoshidraulicos\/wp-content\/uploads\/sites\/24\/2017\/05\/convenio-de-coordinacion-15012014.pdf\" target=\"_blank\" rel=\"noopener noreferrer\">Convenio de coordinaci\u00f3n Marco Federaci\u00f3n \u2013 Estado<\/a> (vigente del 15 Enero 2014 al 31 Diciembre 2018)<\/p>\n<p><a href=\"https:\/\/www.tamaulipas.gob.mx\/recursoshidraulicos\/wp-content\/uploads\/sites\/24\/2019\/08\/02-convenio-marco-2019.pdf\" target=\"_blank\" rel=\"noopener noreferrer\">Convenio Marco de Coordinaci\u00f3n<\/a>\u00a0(vigencia 14-Feb-2019 al 31-Dic-2019)<\/p>\n<p><a href=\"https:\/\/www.tamaulipas.gob.mx\/recursoshidraulicos\/wp-content\/uploads\/sites\/24\/2020\/06\/convenio-marco-de-coordinacion-2020-2021.pdf\" target=\"_blank\" rel=\"noopener noreferrer\">Convenio Marco de Coordinaci\u00f3n<\/a>\u00a0(vigencia 24-Feb-2020 al 30-Sep-2022)<\/p>\n<p><a href=\"https:\/\/www.tamaulipas.gob.mx\/recursoshidraulicos\/wp-content\/uploads\/sites\/24\/2023\/04\/1.-convenio-marco-22-24-1.pdf\" target=\"_blank\" rel=\"noopener\">Convenio Marco de Coordinaci\u00f3n<\/a> (vigencia 05-Dic-2022 al 30-Sep-2024)<\/p>\n<p><a href=\"https:\/\/www.tamaulipas.gob.mx\/recursoshidraulicos\/wp-content\/uploads\/sites\/24\/2025\/04\/convenio-marco-tamaulipas-2025.pdf\" target=\"_blank\" rel=\"noopener\">Convenio Marco de Coordinaci\u00f3n\u00a0<\/a>(vigencia 18-Feb-2025 al 31-Dic-2025)<\/p>\n<p>Dicho instrumento jur\u00eddico sustenta la formalizaci\u00f3n de los Anexos de Ejecuci\u00f3n y T\u00e9cnicos de los siguientes Programas Federalizados, que son de competencia de la Secretar\u00eda de Recursos Hidr\u00e1ulicos para el Desarrollo Social (<strong>SRHDS<\/strong>):<\/p>\n<ul>\n<li><strong>PROGRAMA DE APOYO A LA INFRAESTRUCTURA HIDROAGR\u00cdCOLA<\/strong><\/li>\n<li><a href=\"https:\/\/www.tamaulipas.gob.mx\/recursoshidraulicos\/proagua\/\"><strong>PROGRAMA DE AGUA POTABLE, DRENAJE Y TRATAMIENTO (PROAGUA)<\/strong><\/a><\/li>\n<li><a href=\"https:\/\/www.tamaulipas.gob.mx\/recursoshidraulicos\/cultura\/\"><strong>CULTURA DEL AGUA\u00a0<\/strong><\/a><\/li>\n<\/ul>\n<p><span style=\"text-decoration: underline; font-size: 20px;\"><strong>INFRAESTRUCTURA\u00a0<\/strong><\/span><span style=\"font-size: 20px;\"><b><u>HIDROAGR\u00cdCOLA<\/u><\/b><\/span><\/p>\n<p class=\"p1\"><div class=\"panel-group\" id=\"custom-collapse-0\">\n<div class=\"panel panel-default\">\n\t\t\t\t<div class=\"panel-heading\">\n\t\t\t\t\t<h4 class=\"panel-title\">\n\t\t\t\t\t\t<a class=\"collapsed\" data-toggle=\"collapse\" data-parent=\"#custom-collapse-0\" href=\"#custom-collapse-0-0\">Ejercicio 2025<\/a>\n\t\t\t\t\t<\/h4>\n\t\t\t\t<\/div>\n\t\t\t\t<div id=\"custom-collapse-0-0\" class=\"panel-collapse collapse\">\n\t\t\t\t\t<div class=\"panel-body\">\n<p><strong>PROGRAMA DE APOYO A LA INFRAESTRUCTURA HIDROAGR\u00cdCOLA 2025<\/strong><\/p>\n<p><strong>Subprograma Rehabilitaci\u00f3n, Tecnificaci\u00f3n y Equipamiento de Unidades de Riego<\/strong><\/p>\n<ul>\n<li><a href=\"https:\/\/www.tamaulipas.gob.mx\/recursoshidraulicos\/wp-content\/uploads\/sites\/24\/2025\/06\/2.1-anexo-de-ejecucion-y-tecnicos-rteur-2025.pdf\" target=\"_blank\" rel=\"noopener\">Anexos de ejecuci\u00f3n y t\u00e9cnicos<\/a><\/li>\n<\/ul>\n<p><strong>Subprograma Apoyos Especiales y Estrat\u00e9gicos<\/strong><\/p>\n<ul>\n<li><a href=\"https:\/\/www.tamaulipas.gob.mx\/recursoshidraulicos\/wp-content\/uploads\/sites\/24\/2025\/06\/convenio-de-colaboracion-no.-28-db.-01_25-dr026.pdf\" target=\"_blank\" rel=\"noopener\">Convenio de Colaboraci\u00f3n 28-DB.-01\/25<\/a><\/li>\n<li><a href=\"https:\/\/www.tamaulipas.gob.mx\/recursoshidraulicos\/wp-content\/uploads\/sites\/24\/2025\/06\/anexo-1-del-convenio.pdf\" target=\"_blank\" rel=\"noopener\">Anexo al Convenio de Colaboraci\u00f3n 28-DB.-01\/25<\/a><\/li>\n<li><a href=\"https:\/\/www.tamaulipas.gob.mx\/recursoshidraulicos\/wp-content\/uploads\/sites\/24\/2025\/06\/especificaciones-al-convenio-de-colaboracion.pdf\" target=\"_blank\" rel=\"noopener\">Especificaciones al Convenio de Colaboraci\u00f3n 28-DB.-01\/25<\/a><\/li>\n<\/ul>\n<\/div>\n\t\t\t\t<\/div>\n\t\t\t<\/div>\n<div class=\"panel panel-default\">\n\t\t\t\t<div class=\"panel-heading\">\n\t\t\t\t\t<h4 class=\"panel-title\">\n\t\t\t\t\t\t<a class=\"collapsed\" data-toggle=\"collapse\" data-parent=\"#custom-collapse-0\" href=\"#custom-collapse-0-1\">Ejercicio 2024<\/a>\n\t\t\t\t\t<\/h4>\n\t\t\t\t<\/div>\n\t\t\t\t<div id=\"custom-collapse-0-1\" class=\"panel-collapse collapse\">\n\t\t\t\t\t<div class=\"panel-body\">\n<p><strong>PROGRAMA DE APOYO A LA INFRAESTRUCTURA HIDROAGR\u00cdCOLA 2024<\/strong><\/p>\n<p><strong>Subprograma Rehabilitaci\u00f3n, Tecnificaci\u00f3n y Equipamiento de Unidades de Riego<\/strong><\/p>\n<ul>\n<li><a href=\"https:\/\/www.tamaulipas.gob.mx\/recursoshidraulicos\/wp-content\/uploads\/sites\/24\/2024\/06\/2.-anexos-de-ejecucion-y-tecnicos-rteur-2024.pdf\" target=\"_blank\" rel=\"noopener\">Anexos de ejecuci\u00f3n y t\u00e9cnicos<\/a><\/li>\n<li><a href=\"https:\/\/www.tamaulipas.gob.mx\/recursoshidraulicos\/wp-content\/uploads\/sites\/24\/2024\/06\/2.1-primer-modificatorio-a-los-anexos-rteur-2024.pdf\" target=\"_blank\" rel=\"noopener\">Primer modificatorio a los anexos de ejecuci\u00f3n y t\u00e9cnicos<\/a><\/li>\n<\/ul>\n<p><strong>Subprograma Apoyos Especiales y Estrat\u00e9gicos<\/strong><\/p>\n<ul>\n<li><a href=\"https:\/\/www.tamaulipas.gob.mx\/recursoshidraulicos\/wp-content\/uploads\/sites\/24\/2024\/06\/1.1-convenio-de-colaboracion-no-28-db-01-24.pdf\" target=\"_blank\" rel=\"noopener\">Convenio de Colaboraci\u00f3n 28-DB.-01\/24<\/a><\/li>\n<li><a href=\"https:\/\/www.tamaulipas.gob.mx\/recursoshidraulicos\/wp-content\/uploads\/sites\/24\/2024\/06\/1.2-anexo-al-convenio-de-colaboracion-no-28-db-01-24.pdf\" target=\"_blank\" rel=\"noopener\">Anexo al Convenio de Colaboraci\u00f3n 28-DB.-01\/24<\/a><\/li>\n<li><a href=\"https:\/\/www.tamaulipas.gob.mx\/recursoshidraulicos\/wp-content\/uploads\/sites\/24\/2024\/06\/1.3-especicifaciones-al-convenio-de-colaboracion-no-28-db-01-24.pdf\" target=\"_blank\" rel=\"noopener\">Especificaciones al Convenio de Colaboraci\u00f3n 28-DB.-01\/24<\/a><\/li>\n<\/ul>\n<\/div>\n\t\t\t\t<\/div>\n\t\t\t<\/div>\n<p class=\"p1\"><div class=\"panel panel-default\">\n\t\t\t\t<div class=\"panel-heading\">\n\t\t\t\t\t<h4 class=\"panel-title\">\n\t\t\t\t\t\t<a class=\"collapsed\" data-toggle=\"collapse\" data-parent=\"#custom-collapse-0\" href=\"#custom-collapse-0-2\">Ejercicio 2023<\/a>\n\t\t\t\t\t<\/h4>\n\t\t\t\t<\/div>\n\t\t\t\t<div id=\"custom-collapse-0-2\" class=\"panel-collapse collapse\">\n\t\t\t\t\t<div class=\"panel-body\">\n<p><strong>PROGRAMA DE APOYO A LA INFRAESTRUCTURA HIDROAGR\u00cdCOLA 2023.<\/strong><\/p>\n<p><strong>Subprograma Rehabilitaci\u00f3n, Tecnificaci\u00f3n y Equipamiento de Distritos de Riego<\/strong><\/p>\n<ul>\n<li><a href=\"https:\/\/www.tamaulipas.gob.mx\/recursoshidraulicos\/wp-content\/uploads\/sites\/24\/2023\/04\/1.1-anexos-de-ejecucion-y-tecnicos-dr-28-a-01-23.pdf\" target=\"_blank\" rel=\"noopener\"><strong>Anexos de ejecuci\u00f3n y t\u00e9cnicos<\/strong><\/a><\/li>\n<\/ul>\n<p><strong>Subprograma Rehabilitaci\u00f3n, Tecnificaci\u00f3n y Equipamiento de Unidades de Riego<\/strong><\/p>\n<ul>\n<li><a href=\"https:\/\/www.tamaulipas.gob.mx\/recursoshidraulicos\/wp-content\/uploads\/sites\/24\/2023\/04\/1.2-anexos-de-ejecucion-y-tecnicos-ur-28-c-01-23.pdf\" target=\"_blank\" rel=\"noopener\"><strong>Anexos de ejecuci\u00f3n y t\u00e9cnicos<\/strong><\/a><\/li>\n<\/ul>\n<p><strong>Subprograma Apoyos Especiales y Estrat\u00e9gicos<\/strong><\/p>\n<ul>\n<li><a href=\"https:\/\/www.tamaulipas.gob.mx\/recursoshidraulicos\/wp-content\/uploads\/sites\/24\/2024\/06\/1.-convenio-de-colaboracion-28-db-01-23.pdf\" target=\"_blank\" rel=\"noopener\">Convenio de Colaboraci\u00f3n 28-DB.-01\/23<\/a><\/li>\n<li><a href=\"https:\/\/www.tamaulipas.gob.mx\/recursoshidraulicos\/wp-content\/uploads\/sites\/24\/2024\/06\/2.-anexo-al-convenio-de-colaboracion.pdf\" target=\"_blank\" rel=\"noopener\">Anexo al Convenio de Colaboraci\u00f3n 28-DB.-01\/23<\/a><\/li>\n<li><a href=\"https:\/\/www.tamaulipas.gob.mx\/recursoshidraulicos\/wp-content\/uploads\/sites\/24\/2024\/06\/3.-especificaciones-del-convenio-de-colaboracion.pdf\" target=\"_blank\" rel=\"noopener\">Especificaciones al Convenio de Colaboraci\u00f3n 28-DB.-01\/23<\/a><\/li>\n<\/ul>\n<p class=\"p1\"><\/div>\n\t\t\t\t<\/div>\n\t\t\t<\/div>\n<p class=\"p1\"><div class=\"panel panel-default\">\n\t\t\t\t<div class=\"panel-heading\">\n\t\t\t\t\t<h4 class=\"panel-title\">\n\t\t\t\t\t\t<a class=\"collapsed\" data-toggle=\"collapse\" data-parent=\"#custom-collapse-0\" href=\"#custom-collapse-0-3\">Ejercicio 2022<\/a>\n\t\t\t\t\t<\/h4>\n\t\t\t\t<\/div>\n\t\t\t\t<div id=\"custom-collapse-0-3\" class=\"panel-collapse collapse\">\n\t\t\t\t\t<div class=\"panel-body\">\n<p><strong>PROGRAMA DE APOYO A LA INFRAESTRUCTURA HIDROAGR\u00cdCOLA 2022.<\/strong><\/p>\n<p><strong>Subprograma Rehabilitaci\u00f3n, Tecnificaci\u00f3n y Equipamiento de Distritos de Riego<\/strong><\/p>\n<ul>\n<li><a href=\"https:\/\/www.tamaulipas.gob.mx\/recursoshidraulicos\/wp-content\/uploads\/sites\/24\/2023\/04\/1.1-anexos-de-ejecucion-y-tecnicos-dr-2022.pdf\" target=\"_blank\" rel=\"noopener\"><strong>Anexos de ejecuci\u00f3n y t\u00e9cnicos<\/strong><\/a><\/li>\n<\/ul>\n<p><strong>Subprograma Rehabilitaci\u00f3n, Tecnificaci\u00f3n y Equipamiento de Unidades de Riego<\/strong><\/p>\n<ul>\n<li><a href=\"https:\/\/www.tamaulipas.gob.mx\/recursoshidraulicos\/wp-content\/uploads\/sites\/24\/2023\/04\/1.2-anexos-de-ejecucion-y-tecnicos-ur-2022.pdf\" target=\"_blank\" rel=\"noopener\"><strong>Anexos de ejecuci\u00f3n y t\u00e9cnicos<\/strong><\/a><\/li>\n<\/ul>\n<p><strong>Subprograma\u00a0Apoyos Especiales y Estrat\u00e9gicos<\/strong><\/p>\n<ul>\n<li><a href=\"https:\/\/www.tamaulipas.gob.mx\/recursoshidraulicos\/wp-content\/uploads\/sites\/24\/2023\/04\/convenio-28-db.-01-22.pdf\" target=\"_blank\" rel=\"noopener\">Convenio de Colaboraci\u00f3n No. 28.-DB.-01\/22<\/a><\/li>\n<li><a href=\"https:\/\/www.tamaulipas.gob.mx\/recursoshidraulicos\/wp-content\/uploads\/sites\/24\/2023\/04\/especificaciones-conv.-28-db.-01-22.pdf\" target=\"_blank\" rel=\"noopener\">Especificaciones al Convenio de Colaboraci\u00f3n<\/a><\/li>\n<\/ul>\n<p class=\"p1\"><\/div>\n\t\t\t\t<\/div>\n\t\t\t<\/div>\n<p class=\"p1\"><div class=\"panel panel-default\">\n\t\t\t\t<div class=\"panel-heading\">\n\t\t\t\t\t<h4 class=\"panel-title\">\n\t\t\t\t\t\t<a class=\"collapsed\" data-toggle=\"collapse\" data-parent=\"#custom-collapse-0\" href=\"#custom-collapse-0-4\">Ejercicio 2021<\/a>\n\t\t\t\t\t<\/h4>\n\t\t\t\t<\/div>\n\t\t\t\t<div id=\"custom-collapse-0-4\" class=\"panel-collapse collapse\">\n\t\t\t\t\t<div class=\"panel-body\">\n<p class=\"p1\"><span class=\"s1\"><b>PROGRAMA DE APOYO A LA INFRAESTRUCTURA HIDROAGR\u00cdCOLA 2021.<\/b><\/span><b><br \/>\n<\/b><\/p>\n<p class=\"p1\"><b>Subprograma Rehabilitaci\u00f3n, Tecnificaci\u00f3n y Equipamiento de Distritos de Riego<\/b><\/p>\n<ul class=\"ul1\">\n<li class=\"li2\"><a href=\"https:\/\/www.tamaulipas.gob.mx\/recursoshidraulicos\/wp-content\/uploads\/sites\/24\/2021\/05\/1-anexos-de-ejecucion-y-tecnicos-dr-21.pdf\" target=\"_blank\" rel=\"noopener\"><span class=\"s2\"><span class=\"s3\">Anexos de ejecuci\u00f3n y t\u00e9cnicos<\/span><\/span><\/a><\/li>\n<li class=\"li2\"><a href=\"https:\/\/www.tamaulipas.gob.mx\/recursoshidraulicos\/wp-content\/uploads\/sites\/24\/2022\/02\/primer-modificatorio-a-los-anexos-dr-21.pdf\" target=\"_blank\" rel=\"noopener\">Primer modificatorio a los anexos de ejecuci\u00f3n y t\u00e9cnicos<\/a><\/li>\n<li class=\"li2\"><a href=\"https:\/\/www.tamaulipas.gob.mx\/recursoshidraulicos\/wp-content\/uploads\/sites\/24\/2022\/02\/segundo-modificatorio-a-los-anexos-dr-21.pdf\" target=\"_blank\" rel=\"noopener\">Segundo modificatorio a los anexos de ejecuci\u00f3n y t\u00e9cnicos<\/a><\/li>\n<\/ul>\n<p class=\"p1\"><b>Subprograma Rehabilitaci\u00f3n, Tecnificaci\u00f3n y Equipamiento de Unidades de Riego<\/b><\/p>\n<ul class=\"ul1\">\n<li class=\"li2\"><a href=\"https:\/\/www.tamaulipas.gob.mx\/recursoshidraulicos\/wp-content\/uploads\/sites\/24\/2021\/05\/2-anexos-de-ejecucion-y-tecnicos-ur-21.pdf\" target=\"_blank\" rel=\"noopener\"><span class=\"s2\"><span class=\"s3\">Anexos de ejecuci\u00f3n y t\u00e9cnicos<\/span><\/span><\/a><\/li>\n<li><a href=\"https:\/\/www.tamaulipas.gob.mx\/recursoshidraulicos\/wp-content\/uploads\/sites\/24\/2021\/10\/0.2.1-primer-modificatorio-anejos-de-ejecucion-y-tecnicos-ur-21.pdf\" target=\"_blank\" rel=\"noopener\">Primer modificatorio a los anexos de ejecuci\u00f3n y t\u00e9cnicos <\/a><\/li>\n<li><a href=\"https:\/\/www.tamaulipas.gob.mx\/recursoshidraulicos\/wp-content\/uploads\/sites\/24\/2022\/02\/segundo-modificatorio-a-los-anexos-ur-21.pdf\" target=\"_blank\" rel=\"noopener\">Segundo modificatorio a los anexos de ejecuci\u00f3n y t\u00e9cnicos<\/a><\/li>\n<\/ul>\n<p><b>Subprograma <strong>Apoyos Especiales y Estrat\u00e9gicos<\/strong><\/b><\/p>\n<ul>\n<li><span class=\"s2\"><span class=\"s3\"><a href=\"https:\/\/www.tamaulipas.gob.mx\/recursoshidraulicos\/wp-content\/uploads\/sites\/24\/2021\/10\/convenio-de-colaboracion-28-db-02-21.pdf\" target=\"_blank\" rel=\"noopener\">Convenio de Colaboraci\u00f3n No. 28.-DB.-02\/21<\/a><\/span><\/span><\/li>\n<li><a href=\"https:\/\/www.tamaulipas.gob.mx\/recursoshidraulicos\/wp-content\/uploads\/sites\/24\/2021\/10\/especificaciones-al-convenio-de-colaboracion.pdf\" target=\"_blank\" rel=\"noopener\">Especificaciones al Convenio de Colaboraci\u00f3n<\/a><\/li>\n<\/ul>\n<p class=\"p1\"><\/div>\n\t\t\t\t<\/div>\n\t\t\t<\/div>\n<p class=\"p1\"><div class=\"panel-group\" id=\"custom-collapse-1\"><\/div>\n<p class=\"p1\"><div class=\"panel panel-default\">\n\t\t\t\t<div class=\"panel-heading\">\n\t\t\t\t\t<h4 class=\"panel-title\">\n\t\t\t\t\t\t<a class=\"collapsed\" data-toggle=\"collapse\" data-parent=\"#custom-collapse-1\" href=\"#custom-collapse-1-5\">Ejercicio 2020<\/a>\n\t\t\t\t\t<\/h4>\n\t\t\t\t<\/div>\n\t\t\t\t<div id=\"custom-collapse-1-5\" class=\"panel-collapse collapse\">\n\t\t\t\t\t<div class=\"panel-body\">\n<p class=\"p1\"><span class=\"s1\"><b>PROGRAMA DE APOYO A LA INFRAESTRUCTURA HIDROAGR\u00cdCOLA 2020.<\/b><\/span><b><br \/>\n<\/b><\/p>\n<p class=\"p1\"><b>Subprograma Rehabilitaci\u00f3n, Tecnificaci\u00f3n y Equipamiento de Distritos de Riego<\/b><\/p>\n<ul class=\"ul1\">\n<li class=\"li2\"><span class=\"s2\"><a href=\"https:\/\/www.tamaulipas.gob.mx\/recursoshidraulicos\/wp-content\/uploads\/sites\/24\/2020\/05\/anexo-de-ejecucion-y-tecnico-dr-2020.pdf\"><span class=\"s3\">Anexos de ejecuci\u00f3n y t\u00e9cnicos<\/span><\/a><\/span><\/li>\n<li><a href=\"https:\/\/www.tamaulipas.gob.mx\/recursoshidraulicos\/wp-content\/uploads\/sites\/24\/2020\/11\/0.1-primer-modificatorio-anexo-de-ej-y-tec-dr-2020.pdf\" target=\"_blank\" rel=\"noopener noreferrer\">Primer modificatorio a los Anexos de ejecuci\u00f3n y t\u00e9cnicos\u00a0<\/a><\/li>\n<li><a href=\"https:\/\/www.tamaulipas.gob.mx\/recursoshidraulicos\/wp-content\/uploads\/sites\/24\/2021\/08\/1-segundo-modificatorio-anexo-de-ej-y-tec-dr-2020.pdf\" target=\"_blank\" rel=\"noopener\">Segundo modificatorio a los Anexos de ejecuci\u00f3n y t\u00e9cnicos<\/a><\/li>\n<\/ul>\n<p class=\"p1\"><b>Subprograma Rehabilitaci\u00f3n, Tecnificaci\u00f3n y Equipamiento de Unidades de Riego<\/b><\/p>\n<ul class=\"ul1\">\n<li class=\"li2\"><span class=\"s2\"><a href=\"https:\/\/www.tamaulipas.gob.mx\/recursoshidraulicos\/wp-content\/uploads\/sites\/24\/2020\/05\/anexo-de-ejecucion-y-tecnico-ur-2020.pdf\"><span class=\"s3\">Anexos de ejecuci\u00f3n y t\u00e9cnicos<\/span><\/a><\/span><\/li>\n<li><a href=\"https:\/\/www.tamaulipas.gob.mx\/recursoshidraulicos\/wp-content\/uploads\/sites\/24\/2021\/08\/2-primer-modificatorio-anexo-de-ej-y-tec-ur-2020.pdf\" target=\"_blank\" rel=\"noopener\">Primer modificatorio a los Anexos de ejecuci\u00f3n y t\u00e9cnicos<\/a><\/li>\n<\/ul>\n<p><strong>Subprograma Apoyos Especiales y Estrat\u00e9gicos<\/strong><\/p>\n<ul>\n<li><a href=\"https:\/\/www.tamaulipas.gob.mx\/recursoshidraulicos\/wp-content\/uploads\/sites\/24\/2020\/11\/1-convenio-de-colaboracion.pdf\" target=\"_blank\" rel=\"noopener noreferrer\">Convenio de Colaboraci\u00f3n<\/a><\/li>\n<li><a href=\"https:\/\/www.tamaulipas.gob.mx\/recursoshidraulicos\/wp-content\/uploads\/sites\/24\/2020\/11\/2-especificaciones-del-convenio.pdf\" target=\"_blank\" rel=\"noopener noreferrer\">Especificaciones al Convenio de Colaboraci\u00f3n<\/a><\/li>\n<li><a href=\"https:\/\/www.tamaulipas.gob.mx\/recursoshidraulicos\/wp-content\/uploads\/sites\/24\/2021\/05\/3-adendum-a-las-especificaciones.pdf\" target=\"_blank\" rel=\"noopener\">Adendum a las Especificaciones al Convenio de Colaboraci\u00f3n<\/a><\/li>\n<\/ul>\n<p class=\"p1\"><\/div>\n\t\t\t\t<\/div>\n\t\t\t<\/div>\n<div class=\"panel-group\" id=\"custom-collapse-2\"><\/div>\n<div class=\"panel panel-default\">\n\t\t\t\t<div class=\"panel-heading\">\n\t\t\t\t\t<h4 class=\"panel-title\">\n\t\t\t\t\t\t<a class=\"collapsed\" data-toggle=\"collapse\" data-parent=\"#custom-collapse-2\" href=\"#custom-collapse-2-6\">Ejercicio 2019<\/a>\n\t\t\t\t\t<\/h4>\n\t\t\t\t<\/div>\n\t\t\t\t<div id=\"custom-collapse-2-6\" class=\"panel-collapse collapse\">\n\t\t\t\t\t<div class=\"panel-body\">\n<p><span style=\"text-decoration: underline;\"><strong>PROGRAMA DE APOYO A LA INFRAESTRUCTURA HIDROAGR\u00cdCOLA\u00a0 2019<\/strong><\/span><\/p>\n<p><strong>Subprograma Rehabilitaci\u00f3n, Modernizaci\u00f3n, Tecnificaci\u00f3n y Equipamiento de Distritos de Riego.<\/strong><\/p>\n<ul>\n<li><a href=\"https:\/\/www.tamaulipas.gob.mx\/recursoshidraulicos\/wp-content\/uploads\/sites\/24\/2019\/08\/anexo-de-ejecucion-distritos-de-riego-2019.pdf\" target=\"_blank\" rel=\"noopener noreferrer\">Anexos de ejecuci\u00f3n y t\u00e9cnicos<\/a><\/li>\n<li class=\"li1\"><span class=\"s1\"><a href=\"https:\/\/www.tamaulipas.gob.mx\/recursoshidraulicos\/wp-content\/uploads\/sites\/24\/2020\/05\/primer-modificatorio-distritos-de-riego-2019.pdf\"><span class=\"s2\">Primer modificatorio a los anexos de ejecuci\u00f3n y t\u00e9cnicos<\/span><\/a><\/span><\/li>\n<\/ul>\n<p><strong>Subprograma Rehabilitaci\u00f3n, Modernizaci\u00f3n, Tecnificaci\u00f3n y Equipamiento de Unidades de Riego.<\/strong><\/p>\n<ul>\n<li><a href=\"https:\/\/www.tamaulipas.gob.mx\/recursoshidraulicos\/wp-content\/uploads\/sites\/24\/2019\/08\/anexos-de-ejecucion-y-tecnicos-uni-rieg.pdf\" target=\"_blank\" rel=\"noopener noreferrer\">Anexos de ejecuci\u00f3n y t\u00e9cnicos<\/a><\/li>\n<li class=\"li1\"><span class=\"s1\"><a href=\"https:\/\/www.tamaulipas.gob.mx\/recursoshidraulicos\/wp-content\/uploads\/sites\/24\/2020\/05\/primer-modificatorio-unidades-de-riego-2019.pdf\"><span class=\"s2\">Primer modificatorio a los anexos de ejecuci\u00f3n y t\u00e9cnicos<\/span><\/a><\/span><\/li>\n<\/ul>\n<p><strong>Subprograma Apoyos Especiales y Estrat\u00e9gicos.<\/strong><\/p>\n<ul>\n<li><a href=\"https:\/\/www.tamaulipas.gob.mx\/recursoshidraulicos\/wp-content\/uploads\/sites\/24\/2019\/09\/convenio-de-colaboracion-dr-026-brsj.pdf\" target=\"_blank\" rel=\"noopener noreferrer\">Convenio de Colaboraci\u00f3n<\/a><\/li>\n<li><a href=\"https:\/\/www.tamaulipas.gob.mx\/recursoshidraulicos\/wp-content\/uploads\/sites\/24\/2019\/09\/anexo-tecnico-del-convenio-de-colaboracion.pdf\" target=\"_blank\" rel=\"noopener noreferrer\">Anexo t\u00e9cnico al Convenio de Colaboraci\u00f3n<\/a><\/li>\n<\/ul>\n<\/div>\n\t\t\t\t<\/div>\n\t\t\t<\/div>\n<div class=\"panel panel-default\">\n\t\t\t\t<div class=\"panel-heading\">\n\t\t\t\t\t<h4 class=\"panel-title\">\n\t\t\t\t\t\t<a class=\"collapsed\" data-toggle=\"collapse\" data-parent=\"#custom-collapse-2\" href=\"#custom-collapse-2-7\">Ejercicio 2018<\/a>\n\t\t\t\t\t<\/h4>\n\t\t\t\t<\/div>\n\t\t\t\t<div id=\"custom-collapse-2-7\" class=\"panel-collapse collapse\">\n\t\t\t\t\t<div class=\"panel-body\">\n<p><span style=\"text-decoration: underline;\"><strong>PROGRAMA DE APOYO A LA INFRAESTRUCTURA HIDROAGR\u00cdCOLA\u00a0 2018<\/strong><\/span><\/p>\n<p style=\"font-weight: 400;\"><strong>Subprograma Rehabilitaci\u00f3n, Modernizaci\u00f3n, Tecnificaci\u00f3n y Equipamiento de Distritos de Riego.<\/strong><\/p>\n<ul>\n<li style=\"font-weight: 400;\"><a href=\"https:\/\/www.tamaulipas.gob.mx\/recursoshidraulicos\/wp-content\/uploads\/sites\/24\/2019\/07\/1-anexo-de-ejecucion-num-a.-01-18.pdf\" target=\"_blank\" rel=\"noopener noreferrer\">Anexos de ejecuci\u00f3n y t\u00e9cnicos<\/a><\/li>\n<li style=\"font-weight: 400;\"><a href=\"https:\/\/www.tamaulipas.gob.mx\/recursoshidraulicos\/wp-content\/uploads\/sites\/24\/2019\/07\/2-primer-modificatorio-al-anexo-de-ejecucion-num-a.-01-18.pdf\" target=\"_blank\" rel=\"noopener noreferrer\">Primer Modificatorio a los Anexos de ejecuci\u00f3n y t\u00e9cnicos<\/a><\/li>\n<li style=\"font-weight: 400;\"><a href=\"https:\/\/www.tamaulipas.gob.mx\/recursoshidraulicos\/wp-content\/uploads\/sites\/24\/2019\/07\/3-segundo-modificatorio-al-anexo-de-ejecucion-num-a.-01-18.pdf\" target=\"_blank\" rel=\"noopener noreferrer\">Segundo Modificatorio a los Anexos de ejecuci\u00f3n y t\u00e9cnicos<\/a><\/li>\n<li style=\"font-weight: 400;\"><a href=\"https:\/\/www.tamaulipas.gob.mx\/recursoshidraulicos\/wp-content\/uploads\/sites\/24\/2019\/07\/4-tercer-modificatorio-al-anexo-de-ejecucion-num-a.-01-18.pdf\" target=\"_blank\" rel=\"noopener noreferrer\">Tercer Modificatorio a los Anexos de ejecuci\u00f3n y t\u00e9cnicos<\/a><\/li>\n<\/ul>\n<p style=\"font-weight: 400;\"><strong>Subprograma Rehabilitaci\u00f3n, Modernizaci\u00f3n, Tecnificaci\u00f3n y Equipamiento de Unidades de Riego.<\/strong><\/p>\n<ul>\n<li style=\"font-weight: 400;\"><a href=\"https:\/\/www.tamaulipas.gob.mx\/recursoshidraulicos\/wp-content\/uploads\/sites\/24\/2019\/07\/1-anexo-de-ejecucion-num-c.-01-18.pdf\" target=\"_blank\" rel=\"noopener noreferrer\">Anexos de ejecuci\u00f3n y t\u00e9cnicos<\/a><\/li>\n<li style=\"font-weight: 400;\"><a href=\"https:\/\/www.tamaulipas.gob.mx\/recursoshidraulicos\/wp-content\/uploads\/sites\/24\/2019\/07\/2-primer-modificatorio-al-anexo-de-ejecucion-num-c.-01-18.pdf\" target=\"_blank\" rel=\"noopener noreferrer\">Primer Modificatorio a los Anexos de ejecuci\u00f3n y t\u00e9cnicos<\/a><\/li>\n<li style=\"font-weight: 400;\"><a href=\"https:\/\/www.tamaulipas.gob.mx\/recursoshidraulicos\/wp-content\/uploads\/sites\/24\/2019\/07\/3-segundo-modificatorio-al-anexo-de-ejecucion-num-c.-01-18.pdf\" target=\"_blank\" rel=\"noopener noreferrer\">Segundo Modificatorio a los Anexos de ejecuci\u00f3n y t\u00e9cnicos<\/a><\/li>\n<li style=\"font-weight: 400;\"><a href=\"https:\/\/www.tamaulipas.gob.mx\/recursoshidraulicos\/wp-content\/uploads\/sites\/24\/2019\/07\/4-tercer-modificatorio-al-anexo-de-ejecucion-num-c.-01-18.pdf\" target=\"_blank\" rel=\"noopener noreferrer\">Tercer Modificatorio a los Anexos de ejecuci\u00f3n y t\u00e9cnicos<\/a><\/li>\n<\/ul>\n<p style=\"font-weight: 400;\"><strong>Subprograma de Apoyos Especiales y Estrat\u00e9gicos (Distrito de Riego 026 Bajo Rio San Juan).<\/strong><\/p>\n<ul>\n<li><a href=\"https:\/\/www.tamaulipas.gob.mx\/recursoshidraulicos\/wp-content\/uploads\/sites\/24\/2019\/07\/2-convenio-de-colaboracin-2018-aguas-tratadas-no-retornadas-dr026.pdf\" target=\"_blank\" rel=\"noopener noreferrer\">Convenio de Colaboraci\u00f3n<\/a><\/li>\n<li><a href=\"https:\/\/www.tamaulipas.gob.mx\/recursoshidraulicos\/wp-content\/uploads\/sites\/24\/2019\/07\/1-anexo-tcnico-del-convenio-de-colaboracin-2018-aguas-tartadas-no-retornadas-dr026.pdf\" target=\"_blank\" rel=\"noopener noreferrer\">Anexo de t\u00e9cnico<\/a><\/li>\n<li><a href=\"https:\/\/www.tamaulipas.gob.mx\/recursoshidraulicos\/wp-content\/uploads\/sites\/24\/2019\/07\/3-adendum-al-convenio-de-colaboracion.pdf\" target=\"_blank\" rel=\"noopener noreferrer\">Adendum Modificatorio al Convenio de Colaboraci\u00f3n<\/a><\/li>\n<\/ul>\n<\/div>\n\t\t\t\t<\/div>\n\t\t\t<\/div>\n<\/div>\n","protected":false},"excerpt":{"rendered":"<p>Con base en los programas autorizados en el Presupuesto de Egresos de la Federaci\u00f3n, la Comisi\u00f3n Nacional del Agua (CONAGUA) distribuye a las entidades del\u2026<\/p>\n","protected":false},"author":7,"featured_media":0,"parent":492,"menu_order":0,"comment_status":"closed","ping_status":"closed","template":"","meta":{"footnotes":""},"class_list":["post-141","page","type-page","status-publish","hentry"],"publishpress_future_action":{"enabled":false,"date":"2026-05-23 23:50:05","action":"change-status","newStatus":"draft","terms":[],"taxonomy":""},"_links":{"self":[{"href":"https:\/\/www.tamaulipas.gob.mx\/recursoshidraulicos\/wp-json\/wp\/v2\/pages\/141"}],"collection":[{"href":"https:\/\/www.tamaulipas.gob.mx\/recursoshidraulicos\/wp-json\/wp\/v2\/pages"}],"about":[{"href":"https:\/\/www.tamaulipas.gob.mx\/recursoshidraulicos\/wp-json\/wp\/v2\/types\/page"}],"author":[{"embeddable":true,"href":"https:\/\/www.tamaulipas.gob.mx\/recursoshidraulicos\/wp-json\/wp\/v2\/users\/7"}],"replies":[{"embeddable":true,"href":"https:\/\/www.tamaulipas.gob.mx\/recursoshidraulicos\/wp-json\/wp\/v2\/comments?post=141"}],"version-history":[{"count":62,"href":"https:\/\/www.tamaulipas.gob.mx\/recursoshidraulicos\/wp-json\/wp\/v2\/pages\/141\/revisions"}],"predecessor-version":[{"id":1621,"href":"https:\/\/www.tamaulipas.gob.mx\/recursoshidraulicos\/wp-json\/wp\/v2\/pages\/141\/revisions\/1621"}],"up":[{"embeddable":true,"href":"https:\/\/www.tamaulipas.gob.mx\/recursoshidraulicos\/wp-json\/wp\/v2\/pages\/492"}],"wp:attachment":[{"href":"https:\/\/www.tamaulipas.gob.mx\/recursoshidraulicos\/wp-json\/wp\/v2\/media?parent=141"}],"curies":[{"name":"wp","href":"https:\/\/api.w.org\/{rel}","templated":true}]}}