{"id":129,"date":"2017-05-03T14:26:05","date_gmt":"2017-05-03T19:26:05","guid":{"rendered":"http:\/\/www.tamaulipas.gob.mx\/ceat\/?page_id=129"},"modified":"2018-05-14T15:24:53","modified_gmt":"2018-05-14T20:24:53","slug":"tramites","status":"publish","type":"page","link":"https:\/\/www.tamaulipas.gob.mx\/recursoshidraulicos\/transparencia\/informacion-publica-de-oficio\/tramites\/","title":{"rendered":"Tr\u00e1mites y Servicios"},"content":{"rendered":"<p><strong>Desazolve de sistemas de drenaje sanitario.<\/strong><br \/>\nLimpieza de tuber\u00edas de alcantarillado sanitario y fosas s\u00e9pticas con equipo mec\u00e1nico de presi\u00f3n y vac\u00edo.<\/p>\n<p><strong>Rehabilitaci\u00f3n de equipos de cloraci\u00f3n.<\/strong><br \/>\nRehabilitaci\u00f3n y mantenimiento de equipos de cloraci\u00f3n a los organismos operadores de agua potable.<\/p>\n<p><strong>Reparto de Agua en Comunidades Rurales.<\/strong><br \/>\nSuministro de agua para consumo humano, por casa en cami\u00f3n cisterna.<\/p>\n<p><strong>Solicitud de apoyo para el programa de rehabilitaci\u00f3n, modernizaci\u00f3n y equipamiento de distritos de riego.<\/strong><br \/>\nSolicitud requerida para someter a consideraci\u00f3n del Subcomit\u00e9 Hidroagr\u00edcola la petici\u00f3n de apoyo en obras de rehabilitaci\u00f3n, modernizaci\u00f3n y equipamiento de infraestructura hidroagr\u00edcola en distritos de riego.<\/p>\n<p><strong>Solicitud para el programa de modernizaci\u00f3n y tecnificaci\u00f3n de unidades de riego.<\/strong><br \/>\nSe reciben solicitudes para otorgar apoyos a los productores agr\u00edcolas de las unidades de riego con aprovechamientos superficiales y subterr\u00e1neos a los propietarios de pozos particulares, para la modernizaci\u00f3n y tecnificaci\u00f3n de la infraestructura hidrol\u00f3gica.<\/p>\n<p><strong>Suministro e instalaci\u00f3n de hipocloradores tipo tableta.<\/strong><br \/>\nEquipar a los organismos operadores de agua potable que no cuenten con el proceso de desinfecci\u00f3n.<\/p>\n<p><strong>Traslado de cilindros de 65 kg. de gas cloro a los organismos operadores de agua potable.<\/strong><\/p>\n<p>&nbsp;<\/p>\n<p>Para acceder a los requisitos y formatos de los Tr\u00e1mites y Servicios que este organismo presta, <a href=\"http:\/\/www.tamaulipas.gob.mx\/tramites\/ciudadano\/\" target=\"_blank\" rel=\"noopener\">haz click aqu\u00ed<\/a><\/p>\n","protected":false},"excerpt":{"rendered":"<p>Desazolve de sistemas de drenaje sanitario. Limpieza de tuber\u00edas de alcantarillado sanitario y fosas s\u00e9pticas con equipo mec\u00e1nico de presi\u00f3n y vac\u00edo. Rehabilitaci\u00f3n de equipos\u2026<\/p>\n","protected":false},"author":7,"featured_media":0,"parent":80,"menu_order":0,"comment_status":"closed","ping_status":"closed","template":"","meta":{"footnotes":""},"class_list":["post-129","page","type-page","status-publish","hentry"],"publishpress_future_action":{"enabled":false,"date":"2026-05-24 00:50:11","action":"change-status","newStatus":"draft","terms":[],"taxonomy":""},"_links":{"self":[{"href":"https:\/\/www.tamaulipas.gob.mx\/recursoshidraulicos\/wp-json\/wp\/v2\/pages\/129"}],"collection":[{"href":"https:\/\/www.tamaulipas.gob.mx\/recursoshidraulicos\/wp-json\/wp\/v2\/pages"}],"about":[{"href":"https:\/\/www.tamaulipas.gob.mx\/recursoshidraulicos\/wp-json\/wp\/v2\/types\/page"}],"author":[{"embeddable":true,"href":"https:\/\/www.tamaulipas.gob.mx\/recursoshidraulicos\/wp-json\/wp\/v2\/users\/7"}],"replies":[{"embeddable":true,"href":"https:\/\/www.tamaulipas.gob.mx\/recursoshidraulicos\/wp-json\/wp\/v2\/comments?post=129"}],"version-history":[{"count":2,"href":"https:\/\/www.tamaulipas.gob.mx\/recursoshidraulicos\/wp-json\/wp\/v2\/pages\/129\/revisions"}],"predecessor-version":[{"id":507,"href":"https:\/\/www.tamaulipas.gob.mx\/recursoshidraulicos\/wp-json\/wp\/v2\/pages\/129\/revisions\/507"}],"up":[{"embeddable":true,"href":"https:\/\/www.tamaulipas.gob.mx\/recursoshidraulicos\/wp-json\/wp\/v2\/pages\/80"}],"wp:attachment":[{"href":"https:\/\/www.tamaulipas.gob.mx\/recursoshidraulicos\/wp-json\/wp\/v2\/media?parent=129"}],"curies":[{"name":"wp","href":"https:\/\/api.w.org\/{rel}","templated":true}]}}