{"id":122,"date":"2017-05-03T14:20:53","date_gmt":"2017-05-03T19:20:53","guid":{"rendered":"http:\/\/www.tamaulipas.gob.mx\/ceat\/?page_id=122"},"modified":"2018-05-14T15:20:22","modified_gmt":"2018-05-14T20:20:22","slug":"informacion","status":"publish","type":"page","link":"https:\/\/www.tamaulipas.gob.mx\/recursoshidraulicos\/transparencia\/informacion-publica-de-oficio\/informacion\/","title":{"rendered":"Unidad de Informaci\u00f3n P\u00fablica"},"content":{"rendered":"<p>En cumplimiento a lo dispuesto por los art\u00edculos 1\u00b0, 2\u00b0, 3\u00b0, 5\u00b0 inciso b), 6\u00b0 inciso u), 7\u00b0, 9\u00b0, 10, 11, 12, 14, 44, 55, 56, 57 y dem\u00e1s relativos y aplicables de la Ley de Transparencia y Acceso a la Informaci\u00f3n P\u00fablica del Estado de Tamaulipas, esta Comisi\u00f3n Estatal del Agua de Tamaulipas cuenta con la correspondiente Unidad de Informaci\u00f3n P\u00fablica, para atenci\u00f3n\u00a0 de las solicitudes de informaci\u00f3n, a trav\u00e9s del siguiente servidor p\u00fablico:<\/p>\n<p><strong>Subdirectora Jur\u00eddica y Titular de la Unidad de Informaci\u00f3n P\u00fablica de la Comisi\u00f3n Estatal del Agua de Tamaulipas.<\/strong><\/p>\n<p>Horario de atenci\u00f3n: 9:00 a.m. a 2:00 p.m. y de 4:00 p.m. a 7:00 p.m.<\/p>\n<p>Domicilio oficial:\u00a0Centro Gubernamental de Oficinas \u2013 Piso 07\u00a0Parque Bicentenario \u2013 Cd. Victoria, Tamaulipas, M\u00e9xico CP 87078<\/p>\n<p>Tel\u00e9fono Oficina: 01 (834) 107 83 18 ext. 42807<\/p>\n<p>Para presentar una solicitud de informaci\u00f3n p\u00fablica dirigida a este Organismo Descentralizado, acceder <a href=\"http:\/\/transparencia.tamaulipas.gob.mx\/solicitud-de-informacion-publica\/\" target=\"_blank\" rel=\"noopener\">aqui<\/a>.<\/p>\n","protected":false},"excerpt":{"rendered":"<p>En cumplimiento a lo dispuesto por los art\u00edculos 1\u00b0, 2\u00b0, 3\u00b0, 5\u00b0 inciso b), 6\u00b0 inciso u), 7\u00b0, 9\u00b0, 10, 11, 12, 14, 44, 55,\u2026<\/p>\n","protected":false},"author":7,"featured_media":0,"parent":80,"menu_order":0,"comment_status":"closed","ping_status":"closed","template":"","meta":{"footnotes":""},"class_list":["post-122","page","type-page","status-publish","hentry"],"publishpress_future_action":{"enabled":false,"date":"2026-05-24 01:08:58","action":"change-status","newStatus":"draft","terms":[],"taxonomy":""},"_links":{"self":[{"href":"https:\/\/www.tamaulipas.gob.mx\/recursoshidraulicos\/wp-json\/wp\/v2\/pages\/122"}],"collection":[{"href":"https:\/\/www.tamaulipas.gob.mx\/recursoshidraulicos\/wp-json\/wp\/v2\/pages"}],"about":[{"href":"https:\/\/www.tamaulipas.gob.mx\/recursoshidraulicos\/wp-json\/wp\/v2\/types\/page"}],"author":[{"embeddable":true,"href":"https:\/\/www.tamaulipas.gob.mx\/recursoshidraulicos\/wp-json\/wp\/v2\/users\/7"}],"replies":[{"embeddable":true,"href":"https:\/\/www.tamaulipas.gob.mx\/recursoshidraulicos\/wp-json\/wp\/v2\/comments?post=122"}],"version-history":[{"count":4,"href":"https:\/\/www.tamaulipas.gob.mx\/recursoshidraulicos\/wp-json\/wp\/v2\/pages\/122\/revisions"}],"predecessor-version":[{"id":503,"href":"https:\/\/www.tamaulipas.gob.mx\/recursoshidraulicos\/wp-json\/wp\/v2\/pages\/122\/revisions\/503"}],"up":[{"embeddable":true,"href":"https:\/\/www.tamaulipas.gob.mx\/recursoshidraulicos\/wp-json\/wp\/v2\/pages\/80"}],"wp:attachment":[{"href":"https:\/\/www.tamaulipas.gob.mx\/recursoshidraulicos\/wp-json\/wp\/v2\/media?parent=122"}],"curies":[{"name":"wp","href":"https:\/\/api.w.org\/{rel}","templated":true}]}}