{"id":12,"date":"2017-05-02T15:30:57","date_gmt":"2017-05-02T15:30:57","guid":{"rendered":"http:\/\/www.tamaulipas.gob.mx\/ceat\/?page_id=12"},"modified":"2017-05-02T15:30:57","modified_gmt":"2017-05-02T15:30:57","slug":"mision-y-vision","status":"publish","type":"page","link":"https:\/\/www.tamaulipas.gob.mx\/recursoshidraulicos\/mision-y-vision\/","title":{"rendered":"Misi\u00f3n y Visi\u00f3n"},"content":{"rendered":"<p><strong>Misi\u00f3n.<\/strong><br \/>\nPromover acciones encaminadas a mejorar la sustantividad del recurso hidr\u00f3pico, promoviendo el uso racional y eficiente tanto en el uso p\u00fablico urbano como en el agr\u00edcola.<\/p>\n<p><strong>Visi\u00f3n.<\/strong><br \/>\nSer un organismo rector en el Estado, promover el logro de los objetivos, la descentralizaci\u00f3n de funciones para alcanzar el nivel local mas proximo al usuario del agua; garantizar la participacion, la organizaci\u00f3n y la construcci\u00f3n de consensos y el manejo de conflictos en el tema del agua.<\/p>\n<p><strong>Valores.<\/strong><\/p>\n<ul>\n<li>Cortes\u00eda<\/li>\n<li>Compromiso<\/li>\n<li>Seriedad<\/li>\n<li>Calidad<\/li>\n<li>Responsabilidad<\/li>\n<\/ul>\n","protected":false},"excerpt":{"rendered":"<p>Misi\u00f3n. Promover acciones encaminadas a mejorar la sustantividad del recurso hidr\u00f3pico, promoviendo el uso racional y eficiente tanto en el uso p\u00fablico urbano como en\u2026<\/p>\n","protected":false},"author":7,"featured_media":0,"parent":0,"menu_order":0,"comment_status":"closed","ping_status":"closed","template":"","meta":{"footnotes":""},"class_list":["post-12","page","type-page","status-publish","hentry"],"publishpress_future_action":{"enabled":false,"date":"2026-05-23 23:49:49","action":"change-status","newStatus":"draft","terms":[],"taxonomy":""},"_links":{"self":[{"href":"https:\/\/www.tamaulipas.gob.mx\/recursoshidraulicos\/wp-json\/wp\/v2\/pages\/12"}],"collection":[{"href":"https:\/\/www.tamaulipas.gob.mx\/recursoshidraulicos\/wp-json\/wp\/v2\/pages"}],"about":[{"href":"https:\/\/www.tamaulipas.gob.mx\/recursoshidraulicos\/wp-json\/wp\/v2\/types\/page"}],"author":[{"embeddable":true,"href":"https:\/\/www.tamaulipas.gob.mx\/recursoshidraulicos\/wp-json\/wp\/v2\/users\/7"}],"replies":[{"embeddable":true,"href":"https:\/\/www.tamaulipas.gob.mx\/recursoshidraulicos\/wp-json\/wp\/v2\/comments?post=12"}],"version-history":[{"count":1,"href":"https:\/\/www.tamaulipas.gob.mx\/recursoshidraulicos\/wp-json\/wp\/v2\/pages\/12\/revisions"}],"predecessor-version":[{"id":13,"href":"https:\/\/www.tamaulipas.gob.mx\/recursoshidraulicos\/wp-json\/wp\/v2\/pages\/12\/revisions\/13"}],"wp:attachment":[{"href":"https:\/\/www.tamaulipas.gob.mx\/recursoshidraulicos\/wp-json\/wp\/v2\/media?parent=12"}],"curies":[{"name":"wp","href":"https:\/\/api.w.org\/{rel}","templated":true}]}}