{"id":1089,"date":"2020-05-27T15:06:14","date_gmt":"2020-05-27T20:06:14","guid":{"rendered":"https:\/\/www.tamaulipas.gob.mx\/ceat\/?page_id=1089"},"modified":"2020-05-27T15:06:14","modified_gmt":"2020-05-27T20:06:14","slug":"distritos-y-unidades-de-riego-para-el-desarrollo-rural","status":"publish","type":"page","link":"https:\/\/www.tamaulipas.gob.mx\/recursoshidraulicos\/distritos-y-unidades-de-riego-para-el-desarrollo-rural\/","title":{"rendered":"Distritos y Unidades de Riego para el Desarrollo Rural"},"content":{"rendered":"<p><strong>Rehabilitaci\u00f3n, Modernizaci\u00f3n y Equipamiento de Distritos de Riego (RMyEDR).<\/strong><br \/>\nEste programa opera con participaci\u00f3n de recursos federales, estatales y usuarios, en dos componentes:<\/p>\n<p><em>Rehabilitaci\u00f3n y Modernizaci\u00f3n de Distritos de Riego.<\/em><br \/>\nMejorar el uso eficiente del agua, mediante acciones de rehabilitaci\u00f3n y modernizaci\u00f3n de la infraestructura hidroagr\u00edcola concesionada a los usuarios, as\u00ed como la tecnificaci\u00f3n del riego, con las siguientes expectativas:<\/p>\n<ul>\n<li>Reducir p\u00e9rdidas de agua en redes de conducci\u00f3n y distribuci\u00f3n parcelaria.<\/li>\n<li>Aumentar disponibilidad del agua.<\/li>\n<li>Mejorar la eficiencia y aprovechamiento de dotaci\u00f3n.<\/li>\n<li>Mejorar la calidad y oportunidad del servicio de riego.<\/li>\n<li>Incrementar la producci\u00f3n agr\u00edcola y productividad del agua.<\/li>\n<\/ul>\n<p><em>Equipamiento de Distritos de Riego.<\/em><br \/>\nMantener en condiciones \u00f3ptimas de servicio y funcionamiento la infraestructura hidr\u00e1ulica, concesionada a los usuarios, mediante:<\/p>\n<ul>\n<li>Adquisici\u00f3n de maquinaria y equipo.<\/li>\n<li>Rehabilitaci\u00f3n de maquinaria existente.<\/li>\n<li>Equipamiento de talleres de mantenimiento preventivo.<\/li>\n<\/ul>\n<p>&nbsp;<\/p>\n<p><strong>Rehabilitaci\u00f3n, Modernizaci\u00f3n y Equipamiento de Unidades de Riego (RMyEUR).<\/strong><\/p>\n<p>Otorgar apoyos a los productores para rehabilitaci\u00f3n, modernizaci\u00f3n y equipamiento de la infraestructura hidroagr\u00edcola de las unidades de riego, para mejorar la productividad y el uso eficiente del agua.<\/p>\n<p>Lo anterior con el objeto de mantener en condiciones de operaci\u00f3n la infraestructura hidroagricola, as\u00ed como la nivelaci\u00f3n de tierras y equipamiento necesario, que contribuyen en mejorar el servicio de riego a nivel parcelario para incrementar la productividad en beneficio de los usuarios.<\/p>\n<p><strong>\u00a0<\/strong><\/p>\n","protected":false},"excerpt":{"rendered":"<p>Rehabilitaci\u00f3n, Modernizaci\u00f3n y Equipamiento de Distritos de Riego (RMyEDR). Este programa opera con participaci\u00f3n de recursos federales, estatales y usuarios, en dos componentes: Rehabilitaci\u00f3n y\u2026<\/p>\n","protected":false},"author":62,"featured_media":0,"parent":0,"menu_order":0,"comment_status":"closed","ping_status":"closed","template":"","meta":{"footnotes":""},"class_list":["post-1089","page","type-page","status-publish","hentry"],"publishpress_future_action":{"enabled":false,"date":"2026-05-05 04:15:15","action":"change-status","newStatus":"draft","terms":[],"taxonomy":""},"_links":{"self":[{"href":"https:\/\/www.tamaulipas.gob.mx\/recursoshidraulicos\/wp-json\/wp\/v2\/pages\/1089"}],"collection":[{"href":"https:\/\/www.tamaulipas.gob.mx\/recursoshidraulicos\/wp-json\/wp\/v2\/pages"}],"about":[{"href":"https:\/\/www.tamaulipas.gob.mx\/recursoshidraulicos\/wp-json\/wp\/v2\/types\/page"}],"author":[{"embeddable":true,"href":"https:\/\/www.tamaulipas.gob.mx\/recursoshidraulicos\/wp-json\/wp\/v2\/users\/62"}],"replies":[{"embeddable":true,"href":"https:\/\/www.tamaulipas.gob.mx\/recursoshidraulicos\/wp-json\/wp\/v2\/comments?post=1089"}],"version-history":[{"count":1,"href":"https:\/\/www.tamaulipas.gob.mx\/recursoshidraulicos\/wp-json\/wp\/v2\/pages\/1089\/revisions"}],"predecessor-version":[{"id":1090,"href":"https:\/\/www.tamaulipas.gob.mx\/recursoshidraulicos\/wp-json\/wp\/v2\/pages\/1089\/revisions\/1090"}],"wp:attachment":[{"href":"https:\/\/www.tamaulipas.gob.mx\/recursoshidraulicos\/wp-json\/wp\/v2\/media?parent=1089"}],"curies":[{"name":"wp","href":"https:\/\/api.w.org\/{rel}","templated":true}]}}