{"id":1081,"date":"2020-05-27T14:47:21","date_gmt":"2020-05-27T19:47:21","guid":{"rendered":"https:\/\/www.tamaulipas.gob.mx\/ceat\/?page_id=1081"},"modified":"2025-07-01T08:09:31","modified_gmt":"2025-07-01T14:09:31","slug":"1081-2","status":"publish","type":"page","link":"https:\/\/www.tamaulipas.gob.mx\/recursoshidraulicos\/1081-2\/","title":{"rendered":"Subprograma  Rehabilitaci\u00f3n, Tecnificaci\u00f3n y Equipamiento de Unidades de Riego."},"content":{"rendered":"<p><strong>COMPONENTE REHABILITACION, TECNIFICACI\u00d3N Y EQUIPAMIENTO DE UNIDADES DE RIEGO.<\/strong><\/p>\n<p>Las acciones comprendidas en esta componente est\u00e1n dirigidas a los usuarios hidroagr\u00edcolas que soliciten apoyos y cumplan con los requisitos generales, espec\u00edficos y procedimiento de selecci\u00f3n, sujeto a disponibilidad presupuestal.<\/p>\n<p><strong>Tipos de Apoyo.<\/strong><\/p>\n<ul>\n<li>Elaboraci\u00f3n de proyectos ejecutivos y estudios para infraestructura hidroagr\u00edcola y acciones de supervisi\u00f3n.<\/li>\n<li>Rehabilitaci\u00f3n de infraestructura hidroagr\u00edcola.<\/li>\n<li>Las relocalizaciones de pozos se apoyar\u00e1n por etapas, en funci\u00f3n de la disponibilidad<br \/>\npresupuestaria y demanda de recursos de las unidades de riego.<\/li>\n<li>Tecnificaci\u00f3n de infraestructura hidroagr\u00edcola y de riego.<\/li>\n<li>Control de maleza acu\u00e1tica.<\/li>\n<li>Sustituci\u00f3n de elementos de infraestructura, para atender acciones urgentes que eviten la<br \/>\np\u00e9rdida de cosechas.<\/li>\n<\/ul>\n<p><strong>Montos de Apoyo.<\/strong><\/p>\n<p>Mediante una participaci\u00f3n tripartita de Federaci\u00f3n-Estado-Usuarios se puede apoyar hasta los siguientes porcentajes de la inversi\u00f3n:<\/p>\n<p><strong>Aportaci\u00f3n Federal:<\/strong> en funci\u00f3n de la tipolog\u00eda de la unidad de riego solicitante, podr\u00e1 aportar hasta el siguiente porcentaje del presupuesto base para las acciones que se enlistan:<\/p>\n<div class=\"table-responsive\"><table class=\" table table-bordered table-gobtam\"><tbody><tr><td rowspan=\"2\" width=\"330\">Tipo<\/td>\n<td colspan=\"3\" width=\"258\">Porcentajes de apoyos<\/td>\n<\/tr><tr><td width=\"85\">Subsistencia<\/td>\n<td width=\"85\">Transici&#xF3;n<\/td>\n<td width=\"88\">Comercial<\/td>\n<\/tr><tr><td width=\"330\">Rehabilitaci&#xF3;n y tecnificaci&#xF3;n de infraestructura hidroagr&#xED;cola<\/td>\n<td width=\"85\">90<\/td>\n<td width=\"85\">60<\/td>\n<td width=\"88\">40<\/td>\n<\/tr><tr><td width=\"330\">Tecnificaci&#xF3;n de riego parcelario<\/td>\n<td width=\"85\">90<\/td>\n<td width=\"85\">60<\/td>\n<td width=\"88\">40<\/td>\n<\/tr><tr><td width=\"330\">Proyectos ejecutivos<\/td>\n<td width=\"85\">100<\/td>\n<td width=\"85\">70<\/td>\n<td width=\"88\">0<\/td>\n<\/tr><tr><td width=\"330\">Supervisi&#xF3;n<\/td>\n<td width=\"85\">100<\/td>\n<td width=\"85\">100<\/td>\n<td width=\"88\">50<\/td>\n<\/tr><tr><td width=\"330\">Control de maleza acu&#xE1;tica<\/td>\n<td width=\"85\">90<\/td>\n<td width=\"85\">60<\/td>\n<td width=\"88\">40<\/td>\n<\/tr><tr><td width=\"330\">Sustituci&#xF3;n de elementos de infraestructura, para atender acciones urgentes que eviten la perdida de las cosechas<\/td>\n<td width=\"85\">100<\/td>\n<td width=\"85\">70<\/td>\n<td width=\"88\">50<\/td>\n<\/tr><\/tbody><\/table><\/div>\n<ul>\n<li>Para equipamiento, reposici\u00f3n o relocalizaci\u00f3n de pozos. La relocalizaci\u00f3n, sin exceder una aportaci\u00f3n federal de $1,800,000.00 por etapa.<\/li>\n<li>Construcci\u00f3n de ramales de energ\u00eda el\u00e9ctrica para aprovechamientos subterr\u00e1neos y superficiales, con una longitud no mayor a 500 m.<\/li>\n<li>Para las acciones de supervisi\u00f3n, sin exceder un m\u00e1ximo de 10% de la asignaci\u00f3n autorizada a la entidad federativa en esta componente.<\/li>\n<li>Para la adquisici\u00f3n e instalaci\u00f3n de medidores, preferentemente tomando en consideraci\u00f3n la norma NMX-AA-179-SCFI-2018 hasta un 100%.<\/li>\n<li>Para el suministro e instalaci\u00f3n de paneles solares como fuentes de energ\u00eda renovable para equipos de bombeo hasta un 100%, sin exceder un monto de $53,035.57 por hect\u00e1rea.<\/li>\n<li>Se podr\u00e1 autorizar hasta el 100% del presupuesto base a las unidades de riego que se ubiquen en municipios del listado publicado en el Decreto por el que se formula la Declaratoria de las Zonas de Atenci\u00f3n Prioritaria Vigente; o cuando el proyecto se ubique en comunidades o localidades con 40% y m\u00e1s de poblaci\u00f3n ind\u00edgena, acorde al cat\u00e1logo de localidades ind\u00edgenas que publique la autoridad competente; as\u00ed como para proyectos presidenciales; los que se ubiquen en pobreza extrema pueblos originarios y comunidades afromexicanas, en grupos de mujeres y para pueblos y comunidades ind\u00edgenas que presenten documento que acredite dicha denominaci\u00f3n.<\/li>\n<\/ul>\n<p><strong>Aportaci\u00f3n Estatal: <\/strong>De acuerdo a la disponibilidad presupuestal y en funci\u00f3n a la aportaci\u00f3n federal autorizada para la solicitud presentada, podr\u00e1 aportar hasta el <strong>30% del presupuesto base<\/strong>.<\/p>\n<p><strong>Aportaci\u00f3n Usuarios: <\/strong>Deber\u00e1n aportar el porcentaje restante al 100% del presupuesto base, resultante de las aportaciones autorizadas federal y estatal.<\/p>\n<p>La aportaci\u00f3n que les corresponde a los usuarios puede ser integrada con recursos econ\u00f3micos, mano de obra, materiales de construcci\u00f3n, maquinaria o equipo relacionado con las acciones establecidas en el proyecto ejecutivo y\/o cualquier tipo de apoyo estatal y\/o municipal, previo visto bueno de la Direcci\u00f3n de la Comisi\u00f3n Nacional del Agua.<\/p>\n<p>Las personas f\u00edsicas ser\u00e1n susceptibles de apoyo conforme a lo siguiente:<\/p>\n<div class=\"table-responsive\"><table class=\" table table-bordered table-gobtam\"><tbody><tr><td width=\"196\">Ubicaci&#xF3;n de la Obra<\/td>\n<td width=\"196\">Tipo de apoyo<\/td>\n<td width=\"196\">Superficie m&#xE1;xima<\/td>\n<\/tr><tr><td rowspan=\"5\" width=\"196\">En zonas de atenci&#xF3;n prioritaria en un municipio de alto y muy alto grado de marginaci&#xF3;n.\n<p>En comunidades o localidades con 40% y m&#xE1;s de poblaci&#xF3;n ind&#xED;gena.<\/p>\n<p>En pueblos originarios.<\/p><\/td>\n<td width=\"196\">Tecnificaci&#xF3;n del riego parcelario en acu&#xED;feros sobre explotados.<\/td>\n<td width=\"196\">10 hect&#xE1;reas<\/td>\n<\/tr><tr><td width=\"196\">Tecnificaci&#xF3;n del riego parcelario en otros acu&#xED;feros.<\/td>\n<td width=\"196\">5 hect&#xE1;reas<\/td>\n<\/tr><tr><td width=\"196\">Tecnificaci&#xF3;n de infraestructura hidroagr&#xED;cola.<\/td>\n<td width=\"196\">20 hect&#xE1;reas<\/td>\n<\/tr><tr><td width=\"196\">Rehabilitaci&#xF3;n de infraestructura hidroagr&#xED;cola.<\/td>\n<td width=\"196\">20 hect&#xE1;reas<\/td>\n<\/tr><tr><td width=\"196\">Elaboraci&#xF3;n de Proyectos Ejecutivos<\/td>\n<td width=\"196\">20 hect&#xE1;reas<\/td>\n<\/tr><tr><td rowspan=\"3\" width=\"196\">Otra ubicaci&#xF3;n<\/td>\n<td width=\"196\">Tecnificaci&#xF3;n del riego parcelario.<\/td>\n<td width=\"196\">5 hect&#xE1;reas<\/td>\n<\/tr><tr><td width=\"196\">Tecnificaci&#xF3;n de infraestructura hidroagr&#xED;cola.<\/td>\n<td width=\"196\">5 hect&#xE1;reas<\/td>\n<\/tr><tr><td width=\"196\">Rehabilitaci&#xF3;n de infraestructura hidroagr&#xED;cola.<\/td>\n<td width=\"196\">5 hect&#xE1;reas<\/td>\n<\/tr><\/tbody><\/table><\/div>\n<p><strong>Actividades y Plazos.<\/strong><\/p>\n<div class=\"table-responsive\"><table width=\"603\" class=\" table table-bordered table-gobtam\"><tbody><tr><td width=\"184\"><strong>Actividad<\/strong><\/td>\n<td width=\"85\"><strong>Fecha Inicio<\/strong><\/td>\n<td width=\"93\"><strong>Fecha Limite<\/strong><\/td>\n<td width=\"118\"><strong>Responsable<\/strong><\/td>\n<td width=\"123\"><strong>Apoyo T&#xE9;cnico<\/strong><\/td>\n<\/tr><tr><td width=\"184\">Recepci&#xF3;n de solicitudes<\/td>\n<td width=\"85\">01\/03\/2025<\/td>\n<td width=\"93\">24\/04\/2025<\/td>\n<td width=\"118\">Usuarios, Jefaturas de distritos de riego y DIH CONAGUA<\/td>\n<td rowspan=\"3\" width=\"123\">Personal de la Direcci&#xF3;n de Distritos y Unidades de Riego de la Secretar&#xED;a de Recursos Hidr&#xE1;ulicos para el Desarrollo Social<\/td>\n<\/tr><\/tbody><\/table><\/div>\n<p><strong>Requisitos.<\/strong><\/p>\n<p><strong>Requisitos Generales:<\/strong><\/p>\n<ul>\n<li>Acreditaci\u00f3n de la personalidad jur\u00eddica:<\/li>\n<\/ul>\n<p><strong><u>Personas F\u00edsica:<\/u><\/strong> Identificaci\u00f3n oficial vigente (credencial de elector, pasaporte o cartilla militar) o Acta de Nacimiento.<\/p>\n<p><strong><u>Persona Moral: <\/u><\/strong>Escritura o documento que acredite su constituci\u00f3n, as\u00ed como la personalidad del representante legal.<\/p>\n<p><strong><u>Productores Hidroagr\u00edcola No Constituidos Formalmente: <\/u><\/strong>Nombramiento de representaci\u00f3n e identificaci\u00f3n oficial vigente de cada integrante del grupo (credencial de elector, pasaporte o cartilla militar).<\/p>\n<p>Cundo el momento federal solicitado no exceda el equivalente a mil veces el salario m\u00ednimo general vigente en la Ciudad de M\u00e9xico, por cada uno de los productores o productoras hidroagr\u00edcolas, como documento de representaci\u00f3n, deben presentar el modelo de carta poder, que se encuentra en la p\u00e1gina electr\u00f3nica que se indica en la Relaci\u00f3n de Anexos del presente manual.<\/p>\n<p>Cundo el momento federal solicitado sea superior al equivalente a mil veces el salario m\u00ednimo general vigente en la Ciudad de M\u00e9xico, por cada uno de los productores o productoras hidroagr\u00edcolas, como documento de representaci\u00f3n, deben presentar escritura publica o carta poder firmada ante dos testigos y ratificadas las firmas del otorgante y testigos ante notario, antes los jueces o autoridades administrativas correspondientes.<\/p>\n<p><strong>Requisitos Espec\u00edficos:<\/strong><\/p>\n<ul>\n<li>Solicitud para inscribirse a la componente.<\/li>\n<li>Copia t\u00edtulo de concesi\u00f3n de aguas nacionales vigente o resoluci\u00f3n favorable o constancia del tr\u00e1mite de pr\u00f3rroga de t\u00edtulo ingresada dentro de los plazos establecidos en la Ley de Aguas Nacionales o cuando aplique seg\u00fan sea el caso:<\/li>\n<\/ul>\n<p>&#8211;\u00a0 Constancia de registro de obra de libre alumbramiento emitido por la CONAGUA.<br \/>\n&#8211; Aviso para usar aguas residuales por un tercero distinto al concesionario o asignatario y permiso para descargar aguas residuales, el cual podr\u00e1 realizarse a trav\u00e9s de la p\u00e1gina: http:\/\/www.gob.mx\/tramites<br \/>\n&#8211; Documentaci\u00f3n que acredite la dotaci\u00f3n de agua ejidal o comunal para uso agr\u00edcola, previo dictamen que acredite el regular aprovechamiento de las aguas nacionales, emitido en sentido positivo a trav\u00e9s de la unidad administrativa de la Direcci\u00f3n de la CONAGUA, facultada, podr\u00e1 dictaminar la documentaci\u00f3n presentada por los solicitantes.<\/p>\n<p>El titulo de concesi\u00f3n podr\u00e1 estar a nombre de la unidad de riego solicitante del apoyo, constituida por usuarios hidroagr\u00edcolas que proporcione servicios de riego agr\u00edcola a diversos usuarios o a nombre de alguna de las personas que integren dicha unidad de riego o en su cas a nombre del ejido al cual pertenecen.<\/p>\n<p>En caso de que el t\u00edtulo de concesi\u00f3n concluya su vigencia en el 2025, deber\u00e1 acompa\u00f1ar la copia de dicho titulo con la constancia del tramite de pr\u00f3rroga ingresa dentro de los plazos establecidos en la Ley de Aguas Nacionales.<\/p>\n<p>Cuando se trate de t\u00edtulos de concesi\u00f3n comunitaria, que apliquen en una comunidad ind\u00edgena o territorio especifico, la persona solicitante deber\u00e1 acreditar, estar incluida en dicho t\u00edtulo, presentado el padr\u00f3n de beneficiarios del volumen de agua concesionado, vigente y registrado ante la correspondiente Direcci\u00f3n de Administraci\u00f3n del Agua, de la CONAGUA. En dicho padr\u00f3n deber\u00e1 se\u00f1alarse el volumen asignado al solicitante, en caso de no contar con dicha asignaci\u00f3n, deber\u00e1 tramitar ante los representantes de la comunidad ind\u00edgena, el volumen asignado.<\/p>\n<ul>\n<li>Copia del RFC, cuando se trate de personas morales o copia de la CURP de la persona f\u00edsica solicitante. Para el caso de grupos de productores hidroagr\u00edcolas no constituidos formalmente, deber\u00e1 presentar copia de la CURP del representante de estos.<\/li>\n<li>Copia de comprobante de domicilio, puede presentar cualquiera de los siguientes documentos:<\/li>\n<\/ul>\n<p>Estado de cuenta a nombre de la persona solicitante, que proporcionen las instituciones del sistema financiero, el mismo no debe tener una antig\u00fcedad no mayo a 4 meses, no es necesario que lo exhiba pagado.<\/p>\n<p>Ultimo recibo del impuesto predial a nombre de la persona solicitante, el mismo no debe tener una antig\u00fcedad mayo a 4 meses, trat\u00e1ndose de recibo anual debe corresponder al ejercicio en curso, no es necesario que lo exhiba pagado.<\/p>\n<p>Ultimo recibo de los servicios de luz, gas, televisi\u00f3n de paga, internet, tel\u00e9fono o de agua, a nombre de la persona solicitante, el mismo no debe tener una antig\u00fcedad mayor a 4 meses, no es necesario que lo exhiba pagado.<\/p>\n<p>Carta de radicaci\u00f3n o de residencia a nombre de la persona f\u00edsica solicitante, expedida por los gobiernos estatal, municipal o sus similares en la Ciudad de M\u00e9xico, conforme a su \u00e1mbito territorial, que no tenga una antig\u00fcedad mayor a 4 meses.<\/p>\n<p>Para los tr\u00e1mites que realicen las personas morales, los comprobantes de domicilio pueden estar a nombre de una persona f\u00edsica, siempre y cuando la direcci\u00f3n coincida con la registrada en su acta constitutiva.<\/p>\n<p>Para los tramites que realicen grupos de productoras y productores hidroagr\u00edcolas no constituidos formalmente, los comprobantes de domicilio pueden estar a nombre de su representante.<\/p>\n<ul>\n<li>Padr\u00f3n de usuarios activo de la unidad de riego (usuarios con derecho de riego, que hayan producido en al menos una ocasi\u00f3n en los \u00faltimos tres a\u00f1os, salvo los casos plenamente justificados), utilizando el Formato 2. Padr\u00f3n de usuarios (no aplica para personas f\u00edsicas).<br \/>\nEn el caso de personas morales y grupos de productores no constituidos formalmente, se deber\u00e1 presentar la relaci\u00f3n actualizada de los integrantes de la unidad de riego, debidamente protocolizada ante notario o corredor p\u00fablico.<\/li>\n<li>Para obras de infraestructura deber\u00e1n presentar el proyecto ejecutivo de las obras a realizar.<br \/>\nEl proyecto ejecutivo deber\u00e1 presentarse conforme a lo establecido en los requerimientos para proyectos ejecutivos, los cuales se encuentran en la relaci\u00f3n de anexos.<br \/>\nEn aquellas unidades de riego que no cuenten con proyecto ejecutivo y las en las que se determine que el proyecto ejecutivo no cumple con los requisitos referidos en el p\u00e1rrafo anterior, se podr\u00e1 incluir en la solicitud de inscripci\u00f3n, el apoyo para la elaboraci\u00f3n de dicho proyecto ejecutivo.<\/li>\n<li>Para apoyos de tecnificaci\u00f3n de riego parcelario, se deber\u00e1 presentar documento que acredite la propiedad, posesi\u00f3n o derecho de uso de las tierras agr\u00edcolas a beneficiar.<\/li>\n<li>Para los apoyos de sustituci\u00f3n de elementos de infraestructura para atender acciones urgentes que eviten la perdida de cosechas, deber\u00e1n presentar 3 cotizaciones de los elementos que desean sustituir.<\/li>\n<li>Los dem\u00e1s que se\u00f1alen las reglas y manual de operaci\u00f3n.<\/li>\n<\/ul>\n<p>En las unidades de riego que en a\u00f1os anteriores hayan recibido apoyo de programas federales en las mismas acciones, se requiere dictamen t\u00e9cnico de la Direcci\u00f3n de la Comisi\u00f3n especificando que la vida \u00fatil de la infraestructura ha concluido.<br \/>\nLas unidades de riego que en a\u00f1os anteriores hayan recibido apoyos de esta componente, como grupo de usuarios no constituidos formalmente, para ser susceptibles de apoyo en este ejercicio fiscal, deben presentar RFC y acta constitutiva o deber\u00e1n solicitar apoyo para la organizaci\u00f3n de la unidad de riego, a trav\u00e9s del componente Organizaci\u00f3n y Fortalecimiento de Unidades de Riego.<\/p>\n<p>Los formatos de la componente pueden ser descargados:<\/p>\n<p><a href=\"https:\/\/www.gob.mx\/conagua\/documentos\/manuales-de-operacion-y-especificaciones-tecnicas\" target=\"_blank\" rel=\"noopener\">https:\/\/www.gob.mx\/conagua\/documentos\/manuales-de-operacion-y-especificaciones-tecnicas<\/a><\/p>\n<p><strong>Donde Presentar la Solicitud:<\/strong><\/p>\n<ul>\n<li><strong>Direcci\u00f3n de la Comisi\u00f3n Nacional del Agua Organismo de Cuenca Golfo Norte.<\/strong><\/li>\n<\/ul>\n<p>Libramiento Naciones Unidas No. 200 Col. Miguel Alem\u00e1n CP 87030 Cd. Victoria, Tam. Tel\u00e9fono (834)120-00-00<\/p>\n<p>Con la finalidad de brindar apoyo en los aspectos t\u00e9cnicos cuando as\u00ed lo soliciten y dar seguimiento puntual a las solicitudes se deber\u00e1 presentar una copia de la solicitud y de su expediente al Subcomit\u00e9 Hidroagr\u00edcola en:<\/p>\n<ul>\n<li><strong>Secretaria de Recursos Hidr\u00e1ulicos para el Desarrollo Social.<\/strong><\/li>\n<\/ul>\n<p>Direcci\u00f3n de Distritos y Unidades de Riego para el Desarrollo Rural. Amp. Praxedis Balboa con Libramiento Naciones Unidas Piso 7 Parque Bicentenario C.P. 87083\u00a0 Cd. Victoria, Tam.\u00a0 Tel\u00e9fono (834)107-83-18<\/p>\n<p>\u201cEstos apoyos est\u00e1n financiados con recursos p\u00fablicos aprobados por la C\u00e1mara de Diputados y queda prohibido su uso para fines partidistas, electorales o de promoci\u00f3n personal de los funcionarios\u201d<\/p>\n","protected":false},"excerpt":{"rendered":"<p>COMPONENTE REHABILITACION, TECNIFICACI\u00d3N Y EQUIPAMIENTO DE UNIDADES DE RIEGO. Las acciones comprendidas en esta componente est\u00e1n dirigidas a los usuarios hidroagr\u00edcolas que soliciten apoyos y\u2026<\/p>\n","protected":false},"author":62,"featured_media":0,"parent":0,"menu_order":0,"comment_status":"closed","ping_status":"closed","template":"","meta":{"footnotes":""},"class_list":["post-1081","page","type-page","status-publish","hentry"],"publishpress_future_action":{"enabled":false,"date":"2026-05-24 00:50:15","action":"change-status","newStatus":"draft","terms":[],"taxonomy":""},"_links":{"self":[{"href":"https:\/\/www.tamaulipas.gob.mx\/recursoshidraulicos\/wp-json\/wp\/v2\/pages\/1081"}],"collection":[{"href":"https:\/\/www.tamaulipas.gob.mx\/recursoshidraulicos\/wp-json\/wp\/v2\/pages"}],"about":[{"href":"https:\/\/www.tamaulipas.gob.mx\/recursoshidraulicos\/wp-json\/wp\/v2\/types\/page"}],"author":[{"embeddable":true,"href":"https:\/\/www.tamaulipas.gob.mx\/recursoshidraulicos\/wp-json\/wp\/v2\/users\/62"}],"replies":[{"embeddable":true,"href":"https:\/\/www.tamaulipas.gob.mx\/recursoshidraulicos\/wp-json\/wp\/v2\/comments?post=1081"}],"version-history":[{"count":10,"href":"https:\/\/www.tamaulipas.gob.mx\/recursoshidraulicos\/wp-json\/wp\/v2\/pages\/1081\/revisions"}],"predecessor-version":[{"id":1095,"href":"https:\/\/www.tamaulipas.gob.mx\/recursoshidraulicos\/wp-json\/wp\/v2\/pages\/1081\/revisions\/1095"}],"wp:attachment":[{"href":"https:\/\/www.tamaulipas.gob.mx\/recursoshidraulicos\/wp-json\/wp\/v2\/media?parent=1081"}],"curies":[{"name":"wp","href":"https:\/\/api.w.org\/{rel}","templated":true}]}}