{"id":1079,"date":"2020-05-27T14:44:39","date_gmt":"2020-05-27T19:44:39","guid":{"rendered":"https:\/\/www.tamaulipas.gob.mx\/ceat\/?page_id=1079"},"modified":"2020-05-27T14:44:39","modified_gmt":"2020-05-27T19:44:39","slug":"subprograma-rehabilitacion-tecnificacion-y-equipamiento-de-distritos-de-riego-2","status":"publish","type":"page","link":"https:\/\/www.tamaulipas.gob.mx\/recursoshidraulicos\/subprograma-rehabilitacion-tecnificacion-y-equipamiento-de-distritos-de-riego-2\/","title":{"rendered":"SUBPROGRAMA REHABILITACION, TECNIFICACI\u00d3N Y EQUIPAMIENTO DE DISTRITOS DE RIEGO"},"content":{"rendered":"<p><strong>COMPONENTE EQUIPAMIENTO DE DISTRITOS DE RIEGO<\/strong><\/p>\n<p><strong>Metas.<\/strong><\/p>\n<p>Mantener en condiciones \u00f3ptimas de servicio y operaci\u00f3n la infraestructura hidroagr\u00edcola mediante apoyos\u00a0a las ACU y SRL para la adquisici\u00f3n de maquinaria, equipo nuevo y seminuevo, as\u00ed como para su\u00a0rehabilitaci\u00f3n.<\/p>\n<p><strong>Acceso a los apoyos.<\/strong><\/p>\n<p><strong>Requisitos.<\/strong><\/p>\n<p>Podr\u00e1n participar las ACU y SRL que presenten, en las oficinas\u00a0de la jefatura de distrito de riego\u00a0correspondiente, la documentaci\u00f3n siguiente:<\/p>\n<ol>\n<li>Solicitud de inscripci\u00f3n a la componente para el equipamiento de distritos de riego.<\/li>\n<li>Carta compromiso de aportaci\u00f3n de los recursos que les corresponden para las acciones a\u00a0desarrollar.<\/li>\n<li>Programa de trabajo durante la vida \u00fatil de la unidad que se pretende adquirir o rehabilitar, autorizado\u00a0por la Direcci\u00f3n de la Comisi\u00f3n conforme al diagn\u00f3stico de necesidades y al balance de maquinaria.<\/li>\n<li>Para el equipamiento de talleres, presentar la relaci\u00f3n de equipo\/herramienta, con base en los\u00a0lineamientos determinados por la Direcci\u00f3n de la Comisi\u00f3n.<\/li>\n<li>Carta-compromiso de solvencia econ\u00f3mica de la ACU o SRL para la operaci\u00f3n, mantenimiento y\u00a0aseguramiento de la unidad a adquirir, lo que se deber\u00e1 mantener durante su vida \u00fatil.<\/li>\n<\/ol>\n<p><strong>Criterios de selecci\u00f3n.<\/strong><\/p>\n<p>La maquinaria y equipo susceptible de adquirir en esta componente se seleccionar\u00e1 tomando en cuenta el\u00a0diagn\u00f3stico de necesidades de cada ACU o SRL y su respectivo balance e inventario de maquinaria y equipo.<\/p>\n<p>Primeramente, deber\u00e1 beneficiarse a las ACU y SRL que cuenten con el menor n\u00famero de unidades\u00a0respecto de su parque de maquinaria \u00f3ptimo.<\/p>\n<p>Cuando las solicitudes excedan el monto anual asignado a esta componente se priorizar\u00e1n las ACU y SRL\u00a0bajo el orden siguiente:<\/p>\n<ol>\n<li>a)\u00a0\u00a0\u00a0\u00a0Faltante: no existe la unidad.<\/li>\n<\/ol>\n<p>Dando preferencia al uso que se destinar\u00e1 en la infraestructura, esto es, para trabajar en:<\/p>\n<p>&#8211;\u00a0\u00a0\u00a0\u00a0\u00a0Canales y fuentes de abastecimiento.<\/p>\n<p>&#8211;\u00a0\u00a0\u00a0\u00a0\u00a0Drenes.<\/p>\n<p><strong>&#8211;\u00a0\u00a0\u00a0\u00a0\u00a0<\/strong>Caminos.<\/p>\n<p>&#8211;\u00a0\u00a0\u00a0\u00a0\u00a0Nivelaci\u00f3n de tierras.<\/p>\n<p>&#8211;\u00a0\u00a0\u00a0\u00a0\u00a0Transporte.<\/p>\n<p>&#8211;\u00a0\u00a0\u00a0\u00a0\u00a0Otros.<\/p>\n<ol>\n<li>b)\u00a0\u00a0\u00a0\u00a0Sustituci\u00f3n: baja de la unidad por mal estado u obsolescencia.<\/li>\n<li>c)\u00a0\u00a0\u00a0\u00a0Modernizaci\u00f3n: mejora de caracter\u00edsticas por innovaciones tecnol\u00f3gicas.<\/li>\n<\/ol>\n<p>Caracter\u00edsticas de los apoyos.<\/p>\n<p>Tipos.<\/p>\n<p>Los apoyos se otorgar\u00e1n hasta completar el parque de maquinaria \u00f3ptimo y equipo estrictamente\u00a0necesarios, o en su caso, para reponer aquellos que hayan concluido su vida \u00fatil, lo que estar\u00e1 sujeto al\u00a0dictamen t\u00e9cnico que emita la Comisi\u00f3n para las acciones siguientes:<\/p>\n<ol>\n<li><strong>a)\u00a0Adquisici\u00f3n de maquinaria y equipo de conservaci\u00f3n, nueva o seminueva, del siguiente tipo:<\/strong><\/li>\n<\/ol>\n<p><strong>Maquinaria y equipo de conservaci\u00f3n:<\/strong> tractor de orugas, excavadora hidr\u00e1ulica de largo,\u00a0mediano y corto alcance, draga de arrastre, excavadora anfibia, retroexcavadora\/cargadora,\u00a0motoconformadora, minicargador, cargador frontal, cami\u00f3n de volteo, gr\u00faa hidr\u00e1ulica sobre\u00a0cami\u00f3n; cami\u00f3n con cama baja, cama baja, tractor agr\u00edcola con equipo ligero de conservaci\u00f3n de\u00a0canales y drenes; equipo ligero de conservaci\u00f3n de canales y drenes; cami\u00f3n para\u00a0mantenimiento de pozos profundos; cami\u00f3n para mantenimiento de infraestructura con secci\u00f3n\u00a0cerrada; cami\u00f3n para servicio de maquinaria; cami\u00f3n para mantenimiento de maquinaria\u00a0(orquesta); cami\u00f3n pipa; trituradora de piedra para mantenimiento de caminos; equipo ligero tipo\u00a0mariposa y compactador de suelos.<\/p>\n<p><strong>La maquinaria seminueva que se adquiera\u00a0deber\u00e1 contar con un m\u00e1ximo de 2,000 horas efectivas de uso.<\/strong><\/p>\n<ol>\n<li><strong>b)\u00a0\u00a0Maquinaria y equipo para nivelaci\u00f3n de tierras:<\/strong>\u00abTractor agr\u00edcola con escrepas y transmisor-receptor\u00a0l\u00e1ser o GPS\u00bb;\u00a0\u00abGPS para nivelaci\u00f3n\u00bb;\u00a0\u00abescrepas con transmisor-receptor l\u00e1ser o GPS\u00bb<\/li>\n<li><strong>c)\u00a0\u00a0\u00a0\u00a0\u00a0Equipo especializado de medici\u00f3n y control<\/strong> para las obras de conservaci\u00f3n, de medici\u00f3n\u00a0especializado (GPS, estaci\u00f3n total, etc.), equipo de medici\u00f3n a\u00e9reo no tripulado y equipo de\u00a0inspecci\u00f3n para pozo profundo.<\/li>\n<li><strong>d)\u00a0\u00a0\u00a0\u00a0Dispositivos de localizaci\u00f3n satelital<\/strong>, as\u00ed como elementos para la sistematizaci\u00f3n que permitan el\u00a0control y seguimiento de la maquinaria y equipo de conservaci\u00f3n, y dispositivos para ahorro de\u00a0combustible para maquinaria.<\/li>\n<li><strong>e)\u00a0\u00a0\u00a0\u00a0Rehabilitaci\u00f3n integral de maquinaria y equipo de conservaci\u00f3n concesionado y subsidiado con m\u00e1s\u00a0de 10,000 horas efectivas de uso.<\/strong><\/li>\n<li><strong>f)\u00a0\u00a0\u00a0\u00a0\u00a0Equipamiento de talleres para servicio y mantenimiento de maquinaria y equipo de conservaci\u00f3n\u00a0<\/strong>consistente en elementos y herramienta apropiada y exclusiva para ser usada en el taller, lo cual\u00a0incluye, sujeto a justificaci\u00f3n, obra civil.<\/li>\n<li><strong>g)\u00a0\u00a0\u00a0\u00a0Capacitaci\u00f3n a trav\u00e9s de instituciones, organizaciones, personas f\u00edsicas o morales calificadas y\u00a0acreditadas en el campo de la ense\u00f1anza relacionada con los temas y aspectos inherentes a la\u00a0infraestructura, maquinaria y equipo a tratar.<\/strong> Para este apoyo, en casos especiales, desde el punto\u00a0de vista integral del manejo del recurso agua, se podr\u00e1n realizar cursos de capacitaci\u00f3n dirigidos a\u00a0las ACU y SRL, con cargo a los gastos de operaci\u00f3n de esta componente, el cual ser\u00e1 autorizado por\u00a0las \u00e1reas facultadas de la Comisi\u00f3n, a trav\u00e9s de la Subdirecci\u00f3n General de Infraestructura\u00a0Hidroagr\u00edcola.<\/li>\n<\/ol>\n<p><strong>Montos m\u00e1ximos y m\u00ednimos.<\/strong><\/p>\n<p>Para los apoyos contemplados en esta componente:<\/p>\n<p>La Comisi\u00f3n podr\u00e1 aportar hasta el 50% del costo del equipo, conforme a lo se\u00f1alado en el\u00a0manual de operaci\u00f3n correspondiente.<\/p>\n<p>La suma de la aportaci\u00f3n federal no podr\u00e1 ser mayor que $4&#8217;326,000.00, por a\u00f1o para cada ACU\u00a0o SRL.<\/p>\n<p><strong>Del 50% que corresponde aportar a los usuarios de riego, el Gobierno del Estado de Tamaulipas a trav\u00e9s del Fideicomiso Fondo de Fomento Agropecuario del Estado de Tamaulipas aportar\u00e1 un 20% y el otro 30% lo aportar\u00e1n los usuarios.<\/strong><\/p>\n<p>&nbsp;<\/p>\n<p>En el manual de operaci\u00f3n de esta componente se establecen los lineamientos, criterios, especificaciones\u00a0y consideraciones t\u00e9cnicas generales para la ejecuci\u00f3n de las acciones, as\u00ed como los procesos de\u00a0contrataci\u00f3n y mec\u00e1nica operativa a la que deber\u00e1n apegarse los beneficiarios.<\/p>\n<p>&nbsp;<\/p>\n<p><strong>\u00a0<\/strong><\/p>\n<p><strong>\u00a0<\/strong><\/p>\n","protected":false},"excerpt":{"rendered":"<p>COMPONENTE EQUIPAMIENTO DE DISTRITOS DE RIEGO Metas. Mantener en condiciones \u00f3ptimas de servicio y operaci\u00f3n la infraestructura hidroagr\u00edcola mediante apoyos\u00a0a las ACU y SRL para\u2026<\/p>\n","protected":false},"author":62,"featured_media":0,"parent":0,"menu_order":0,"comment_status":"closed","ping_status":"closed","template":"","meta":{"footnotes":""},"class_list":["post-1079","page","type-page","status-publish","hentry"],"publishpress_future_action":{"enabled":false,"date":"2026-05-24 01:08:59","action":"change-status","newStatus":"draft","terms":[],"taxonomy":""},"_links":{"self":[{"href":"https:\/\/www.tamaulipas.gob.mx\/recursoshidraulicos\/wp-json\/wp\/v2\/pages\/1079"}],"collection":[{"href":"https:\/\/www.tamaulipas.gob.mx\/recursoshidraulicos\/wp-json\/wp\/v2\/pages"}],"about":[{"href":"https:\/\/www.tamaulipas.gob.mx\/recursoshidraulicos\/wp-json\/wp\/v2\/types\/page"}],"author":[{"embeddable":true,"href":"https:\/\/www.tamaulipas.gob.mx\/recursoshidraulicos\/wp-json\/wp\/v2\/users\/62"}],"replies":[{"embeddable":true,"href":"https:\/\/www.tamaulipas.gob.mx\/recursoshidraulicos\/wp-json\/wp\/v2\/comments?post=1079"}],"version-history":[{"count":1,"href":"https:\/\/www.tamaulipas.gob.mx\/recursoshidraulicos\/wp-json\/wp\/v2\/pages\/1079\/revisions"}],"predecessor-version":[{"id":1080,"href":"https:\/\/www.tamaulipas.gob.mx\/recursoshidraulicos\/wp-json\/wp\/v2\/pages\/1079\/revisions\/1080"}],"wp:attachment":[{"href":"https:\/\/www.tamaulipas.gob.mx\/recursoshidraulicos\/wp-json\/wp\/v2\/media?parent=1079"}],"curies":[{"name":"wp","href":"https:\/\/api.w.org\/{rel}","templated":true}]}}