{"id":1077,"date":"2020-05-27T14:44:12","date_gmt":"2020-05-27T19:44:12","guid":{"rendered":"https:\/\/www.tamaulipas.gob.mx\/ceat\/?page_id=1077"},"modified":"2020-05-27T14:49:12","modified_gmt":"2020-05-27T19:49:12","slug":"subprograma-rehabilitacion-tecnificacion-y-equipamiento-de-distritos-de-riego","status":"publish","type":"page","link":"https:\/\/www.tamaulipas.gob.mx\/recursoshidraulicos\/subprograma-rehabilitacion-tecnificacion-y-equipamiento-de-distritos-de-riego\/","title":{"rendered":"SUBPROGRAMA REHABILITACION, TECNIFICACI\u00d3N Y EQUIPAMIENTO DE DISTRITOS DE RIEGO"},"content":{"rendered":"<p><strong>\u00a0<\/strong><strong>COMPONENTE REHABILITACI\u00d3N Y TECNIFICACI\u00d3N DE DISTRITOS DE RIEGO<\/strong><\/p>\n<p><strong>Metas.<\/strong><\/p>\n<p>Mejorar la capacidad productiva de los distritos de riego mediante apoyos a las Asociaciones Civiles de Usuarios (ACU) \u00a0y Sociedad de Responsabilidad Limitada (SRL), para que\u00a0realicen acciones de rehabilitaci\u00f3n o tecnificaci\u00f3n de la infraestructura hidroagr\u00edcola que administran y tienen\u00a0concesionada las organizaciones de usuarios.<\/p>\n<p>Acceso a los apoyos.<\/p>\n<p><strong>Requisitos.<\/strong><\/p>\n<p>Podr\u00e1n participar las ACU y SRL que presenten, en las oficinas\u00a0de la jefatura del distrito de riego\u00a0correspondiente, la documentaci\u00f3n siguiente:<\/p>\n<ol>\n<li>Solicitud de incorporaci\u00f3n a la componente para la rehabilitaci\u00f3n y tecnificaci\u00f3n de distritos de riego.<\/li>\n<li>Carta compromiso especificando la aportaci\u00f3n de los recursos que destinar\u00e1n para realizar las\u00a0acciones solicitadas.<\/li>\n<li>Proyecto ejecutivo de las obras a realizar, integrado con la documentaci\u00f3n que se especifique en el\u00a0manual de operaci\u00f3n de esta componente.<\/li>\n<li>Cuando corresponda, la autorizaci\u00f3n de la Comisi\u00f3n para la relocalizaci\u00f3n o reposici\u00f3n de pozos.<\/li>\n<\/ol>\n<p>&nbsp;<\/p>\n<p><strong>Caracter\u00edsticas de los apoyos.<\/strong><\/p>\n<p><strong>Tipos.\u00a0\u00a0\u00a0\u00a0\u00a0\u00a0\u00a0\u00a0\u00a0\u00a0\u00a0\u00a0\u00a0\u00a0\u00a0\u00a0\u00a0\u00a0\u00a0 <\/strong><\/p>\n<p>Los apoyos se pueden aplicar en los rubros que se describen a continuaci\u00f3n:<\/p>\n<ol>\n<li><strong>a)<\/strong><\/li>\n<\/ol>\n<p>Rehabilitar o tecnificar infraestructura hidroagr\u00edcola, incluyendo automatizaci\u00f3n y telemetr\u00eda.<\/p>\n<p>Relocalizar y reponer pozos de propiedad federal o particular ubicados dentro de la jurisdicci\u00f3n\u00a0de un distrito de riego.<\/p>\n<p>Controlar maleza acu\u00e1tica en presas, canales y cuerpos de agua de los distritos de riego.<\/p>\n<p>Instalar drenaje superficial o subterr\u00e1neo.<\/p>\n<p>Tecnificaci\u00f3n del riego priorizando sistemas colectivos.<\/p>\n<p>Sustituir fuentes de energ\u00eda convencional por renovables.<\/p>\n<ol>\n<li><strong>b)<\/strong><strong>Capacitaci\u00f3n.<\/strong><\/li>\n<\/ol>\n<p>Proporcionar cursos, talleres y asistencia t\u00e9cnica.<\/p>\n<ol>\n<li><strong>c)<\/strong><\/li>\n<\/ol>\n<p>Adquirir e instalar estructuras, equipo y mecanismos para el control, automatizaci\u00f3n y medici\u00f3n\u00a0volum\u00e9trica del agua en canales, conductos presurizados, plantas de bombeo y pozos.<\/p>\n<ol>\n<li><strong>d)\u00a0\u00a0\u00a0\u00a0Estudios, proyectos ejecutivos y supervisi\u00f3n.<\/strong><\/li>\n<\/ol>\n<p>Elaborar estudios de factibilidad.<\/p>\n<p>Elaborar proyectos ejecutivos de las obras correspondientes.<\/p>\n<p>Supervisar acciones de esta componente conforme al manual de operaci\u00f3n.<\/p>\n<p><strong>Montos m\u00e1ximos y m\u00ednimos.<\/strong><\/p>\n<p>Para ejecutar las acciones a que se refiere la fracci\u00f3n anterior, la Comisi\u00f3n podr\u00e1 aportar hasta el 50% de\u00a0la inversi\u00f3n autorizada, sin rebasar el presupuesto base establecido por la propia Comisi\u00f3n, conforme a lo\u00a0se\u00f1alado en el manual de operaci\u00f3n de la componente.<\/p>\n<p>En proyectos y acciones que se desarrollen en las zonas de atenci\u00f3n prioritaria, previamente justificados\u00a0por las ACU y verificados por la Direcci\u00f3n de la Comisi\u00f3n, se podr\u00e1 destinar hasta el 90% de la aportaci\u00f3n\u00a0federal de la inversi\u00f3n autorizada.<\/p>\n<p>Los presupuestos base de las acciones de esta componente deber\u00e1n ser elaborados con precios unitarios\u00a0regionalizados, mismos que deber\u00e1n ser revisados y sancionados con la informaci\u00f3n que tenga la Direcci\u00f3n\u00a0de la Comisi\u00f3n.<\/p>\n<p>Las aportaciones de la Comisi\u00f3n se ajustar\u00e1n a los criterios siguientes:<\/p>\n<p><strong>Hasta $22,279.00 por hect\u00e1rea<\/strong> para acciones de rehabilitaci\u00f3n y tecnificaci\u00f3n de infraestructura\u00a0hidroagr\u00edcola, relocalizaci\u00f3n y reposici\u00f3n de pozos, tecnificaci\u00f3n del riego, control de maleza\u00a0acu\u00e1tica, drenaje parcelario, adquisici\u00f3n e instalaci\u00f3n de equipo y mecanismos para estructuras de\u00a0control, automatizaci\u00f3n y medici\u00f3n volum\u00e9trica del agua en canales, conductos presurizados, plantas\u00a0de bombeo y pozos; as\u00ed como el almacenamiento, procesamiento y env\u00edo de datos, derivados de la\u00a0medici\u00f3n, manejo, control y uso del agua para riego.<\/p>\n<p><strong>Hasta $83,543.00 por hect\u00e1rea<\/strong> para acciones de tecnificaci\u00f3n de redes de riego colectivas hasta\u00a0nivel parcelario, que incluyan conceptos de automatizaci\u00f3n y telemetr\u00eda.<\/p>\n<p>Con la finalidad de dar prioridad a las acciones para mitigar los efectos del cambio clim\u00e1tico, se\u00a0apoyar\u00e1 hasta con el 50% del costo total del proyecto autorizado para el cambio a fuentes de energ\u00eda\u00a0renovable en equipos de bombeo y de operaci\u00f3n y control.<\/p>\n<p>Para las acciones de rehabilitaci\u00f3n de caminos de operaci\u00f3n y drenes, se podr\u00e1 destinar hasta el\u00a030% del apoyo federal asignado a cada distrito de riego y de manera excepcional hasta el 50% en los\u00a0distritos de riego por bombeo, previo dictamen de la Direcci\u00f3n de la Comisi\u00f3n.<\/p>\n<p>Para la elaboraci\u00f3n de estudios, proyectos ejecutivos y supervisi\u00f3n, la Comisi\u00f3n aportar\u00e1 hasta el\u00a050%.<\/p>\n<p>Para las acciones de proyectos ejecutivos se podr\u00e1 destinar hasta el 10% y para supervisi\u00f3n hasta el\u00a05% del apoyo federal asignado a cada distrito de riego.<\/p>\n<p><strong>Del 50% que corresponde aportar a los usuarios de riego el Gobierno del Estado de Tamaulipas a trav\u00e9s del Fideicomiso Fondo de Fomento Agropecuario del Estado de Tamaulipas aportar\u00e1 un 20% y el otro 30% lo aportar\u00e1n los usuarios.<\/strong><\/p>\n<p>En el manual de operaci\u00f3n de esta componente se indica el procedimiento de selecci\u00f3n para la\u00a0jerarquizaci\u00f3n de las solicitudes; los lineamientos, criterios, especificaciones y consideraciones t\u00e9cnicas\u00a0generales para la ejecuci\u00f3n de las acciones, as\u00ed como los procesos de contrataci\u00f3n y la mec\u00e1nica operativa a\u00a0la que deber\u00e1n apegarse los beneficiarios.<\/p>\n<p><strong>\u00a0<\/strong><\/p>\n<p><strong>\u00a0<\/strong><\/p>\n","protected":false},"excerpt":{"rendered":"<p>\u00a0COMPONENTE REHABILITACI\u00d3N Y TECNIFICACI\u00d3N DE DISTRITOS DE RIEGO Metas. Mejorar la capacidad productiva de los distritos de riego mediante apoyos a las Asociaciones Civiles de\u2026<\/p>\n","protected":false},"author":62,"featured_media":0,"parent":0,"menu_order":0,"comment_status":"closed","ping_status":"closed","template":"","meta":{"footnotes":""},"class_list":["post-1077","page","type-page","status-publish","hentry"],"publishpress_future_action":{"enabled":false,"date":"2026-05-24 01:08:58","action":"change-status","newStatus":"draft","terms":[],"taxonomy":""},"_links":{"self":[{"href":"https:\/\/www.tamaulipas.gob.mx\/recursoshidraulicos\/wp-json\/wp\/v2\/pages\/1077"}],"collection":[{"href":"https:\/\/www.tamaulipas.gob.mx\/recursoshidraulicos\/wp-json\/wp\/v2\/pages"}],"about":[{"href":"https:\/\/www.tamaulipas.gob.mx\/recursoshidraulicos\/wp-json\/wp\/v2\/types\/page"}],"author":[{"embeddable":true,"href":"https:\/\/www.tamaulipas.gob.mx\/recursoshidraulicos\/wp-json\/wp\/v2\/users\/62"}],"replies":[{"embeddable":true,"href":"https:\/\/www.tamaulipas.gob.mx\/recursoshidraulicos\/wp-json\/wp\/v2\/comments?post=1077"}],"version-history":[{"count":2,"href":"https:\/\/www.tamaulipas.gob.mx\/recursoshidraulicos\/wp-json\/wp\/v2\/pages\/1077\/revisions"}],"predecessor-version":[{"id":1084,"href":"https:\/\/www.tamaulipas.gob.mx\/recursoshidraulicos\/wp-json\/wp\/v2\/pages\/1077\/revisions\/1084"}],"wp:attachment":[{"href":"https:\/\/www.tamaulipas.gob.mx\/recursoshidraulicos\/wp-json\/wp\/v2\/media?parent=1077"}],"curies":[{"name":"wp","href":"https:\/\/api.w.org\/{rel}","templated":true}]}}