{"id":913,"date":"2024-10-03T11:50:36","date_gmt":"2024-10-03T17:50:36","guid":{"rendered":"https:\/\/www.tamaulipas.gob.mx\/radio\/?page_id=913"},"modified":"2024-10-03T11:50:36","modified_gmt":"2024-10-03T17:50:36","slug":"2023-cuentas-publicas","status":"publish","type":"page","link":"https:\/\/www.tamaulipas.gob.mx\/radio\/2023-cuentas-publicas\/","title":{"rendered":"2023 &#8211; Cuentas P\u00fablicas"},"content":{"rendered":"<div class=\"panel-body\">\n<ul>\n<li><a href=\"https:\/\/www.tamaulipas.gob.mx\/radio\/wp-content\/uploads\/sites\/31\/2024\/10\/estado-analitico-del-ejercicio-del-presupuesto-de-egresos-clasificacion-por-objeto-del-gasto-capitulo-y-concepto.pdf\" target=\"_blank\" rel=\"noopener\">Estado Analitico de Egresos por Clasificacion por Objeto del Gasto<\/a><\/li>\n<li><a href=\"https:\/\/www.tamaulipas.gob.mx\/radio\/wp-content\/uploads\/sites\/31\/2024\/10\/estado-analitico-del-ejercicio-del-presupuesto-de-egresos-flujo-de-fondos.pdf\">Estado Analitico de Egresos por Flujo de Fondos<\/a><\/li>\n<li><a href=\"https:\/\/www.tamaulipas.gob.mx\/radio\/wp-content\/uploads\/sites\/31\/2024\/10\/estado-analitico-del-ejercicio-del-presupuesto-de-egresos-clasificacion-administrativa.pdf\">Estado Analitico del Ejercicio del Presupuesto de Egresos Clasificaci\u00f3n Administrativa<\/a><\/li>\n<li><a href=\"https:\/\/www.tamaulipas.gob.mx\/radio\/wp-content\/uploads\/sites\/31\/2024\/10\/estado-analitico-del-ejercicio-del-presupuesto-de-egresos-clasificacion-economica-por-tipo-de-gasto.pdf\">Estado An\u00e1litico del Ejercicio del Presupuesto de Egresos Clasificaci\u00f3n Economica (Por Tipo de Gasto)<\/a><\/li>\n<li><a href=\"https:\/\/www.tamaulipas.gob.mx\/radio\/wp-content\/uploads\/sites\/31\/2024\/10\/estado-analitico-del-ejercicio-del-presupuesto-de-egresos-clasificacion-funcional-finalidad-y-funcion.pdf\">Estado Analitico del Ejercicio del Presupuesto de Egresos Clasificaci\u00f3n Funcional (Finalidad y Funci\u00f3n)<\/a><\/li>\n<li><a href=\"https:\/\/www.tamaulipas.gob.mx\/radio\/wp-content\/uploads\/sites\/31\/2024\/10\/estado-analitico-del-ejercicio-del-presupuesto-de-egresos-clasificacion-por-objeto-del-gasto-capitulo-y-concepto-2.pdf\">Estado An\u00e1litico del Ejercicio del Presupuesto de Egresos de Clasificaci\u00f3n por Objeto del Gasto (Capitulo y Concepto)<\/a><\/li>\n<li><a href=\"https:\/\/www.tamaulipas.gob.mx\/radio\/wp-content\/uploads\/sites\/31\/2024\/10\/estado-analitico-del-ejercicio-del-presupuesto-de-egresos-detallado-ldf-clasificacion-administrativa.pdf\">Estado An\u00e1litico del Ejercicio del Presupuesto de Egresos Detallado &#8211; LFD Clasificaci\u00f3n Administrativa<\/a><\/li>\n<li><a href=\"https:\/\/www.tamaulipas.gob.mx\/radio\/wp-content\/uploads\/sites\/31\/2024\/10\/estado-analitico-del-ejercicio-del-presupuesto-de-egresos-detallado-ldf-clasificacion-funcional-finalidad-y-funcion.pdf\">Estado An\u00e1litico del Ejercicio del Presupuesto de Egresos Detallado &#8211; LDF Clasificaci\u00f3n Funcional (Finalidad y Funci\u00f3n)<\/a><\/li>\n<li><a href=\"https:\/\/www.tamaulipas.gob.mx\/radio\/wp-content\/uploads\/sites\/31\/2024\/10\/estado-analitico-del-ejercicio-del-presupuesto-de-egresos-detallado-ldf.pdf\">Estado An\u00e1litico del Ejercicio del Presupuesto de Egresos Detallado &#8211; LDF<\/a><\/li>\n<li><a href=\"https:\/\/www.tamaulipas.gob.mx\/radio\/wp-content\/uploads\/sites\/31\/2024\/10\/estado-analitico-del-ejercicio-del-presupuesto-de-egresos-detallado-ldf-clasificacion-de-servicios-personales-por-categoria.pdf\">Estado An\u00e1litico del Ejercicio del Presupuesto de Egresos Detallado &#8211; LDF Clasificaci\u00f3n de Servicios Personales Por Categor\u00eda<\/a><\/li>\n<li><a href=\"https:\/\/www.tamaulipas.gob.mx\/radio\/wp-content\/uploads\/sites\/31\/2024\/10\/estado-de-actividades.pdf\">Estado de Actividades<\/a><\/li>\n<li><a href=\"https:\/\/www.tamaulipas.gob.mx\/radio\/wp-content\/uploads\/sites\/31\/2024\/10\/estado-de-flujos-de-efectivo.pdf\">Estado de Flujos de Efectivo<\/a><\/li>\n<li><a href=\"https:\/\/www.tamaulipas.gob.mx\/radio\/wp-content\/uploads\/sites\/31\/2024\/10\/estado-de-variacion-en-la-hacienda-publica.pdf\">Estado de Variaci\u00f3n en la Hacienda P\u00fablica<\/a><\/li>\n<li><a href=\"https:\/\/www.tamaulipas.gob.mx\/radio\/wp-content\/uploads\/sites\/31\/2024\/10\/estado-de-situacion-financiera-detallado-ldf.pdf\">Estado de Situaci\u00f3n Financiera Detallado &#8211; LDF<\/a><\/li>\n<li><a href=\"https:\/\/www.tamaulipas.gob.mx\/radio\/wp-content\/uploads\/sites\/31\/2024\/10\/estado-de-situacion-financiera.pdf\">Estado de Situaci\u00f3n Financiera<\/a><\/li>\n<li><a href=\"https:\/\/www.tamaulipas.gob.mx\/radio\/wp-content\/uploads\/sites\/31\/2024\/10\/gasto-por-categoria-programatica.pdf\">Gasto por Categoria Programatica<\/a><\/li>\n<li><a href=\"https:\/\/www.tamaulipas.gob.mx\/radio\/wp-content\/uploads\/sites\/31\/2024\/10\/guia-de-cumplimiento-de-la-ley-de-disciplina-financiera-de-las-entidades-federativas-y-municipios.pdf\">Guia de Cumplimiento de La Ley de Disciplina Financiera de las Entidades Federativas y Municipios<\/a><\/li>\n<li><a href=\"https:\/\/www.tamaulipas.gob.mx\/radio\/wp-content\/uploads\/sites\/31\/2024\/10\/indicadores-de-postura-fiscal.pdf\">Indicadores de Postura Fiscal<\/a><\/li>\n<li><a href=\"https:\/\/www.tamaulipas.gob.mx\/radio\/wp-content\/uploads\/sites\/31\/2024\/10\/informe-analitico-de-la-deuda-publica-y-otros-pasivos-ldf.pdf\">Informe An\u00e1litico de la Deuda P\u00fablica y Otros Pasivos &#8211; LDF<\/a><\/li>\n<li><a href=\"https:\/\/www.tamaulipas.gob.mx\/radio\/wp-content\/uploads\/sites\/31\/2024\/10\/indicadores-de-resultados.pdf\">Indicadores de Resultados<\/a><\/li>\n<li><a href=\"https:\/\/www.tamaulipas.gob.mx\/radio\/wp-content\/uploads\/sites\/31\/2024\/10\/informe-analitico-de-obligaciones-diferentes-de-financiamientos-ldf.pdf\">Informe An\u00e1litico de Obligaciones Diferentes de Financiamientos<\/a><\/li>\n<li><a href=\"https:\/\/www.tamaulipas.gob.mx\/radio\/wp-content\/uploads\/sites\/31\/2024\/10\/informe-de-pasivos-contingentes.pdf\">Informe de Pasivos Contingentes<\/a><\/li>\n<li><a href=\"https:\/\/www.tamaulipas.gob.mx\/radio\/wp-content\/uploads\/sites\/31\/2024\/10\/intereses-de-la-deuda.pdf\">Intereses de la Deuda<\/a><\/li>\n<li><a href=\"https:\/\/www.tamaulipas.gob.mx\/radio\/wp-content\/uploads\/sites\/31\/2024\/10\/orden-de-formatos-para-la-entrega-de-la-cuenta-publica-2023.pdf\">Orden de Formatos Para la Entrega de la Cuenta Publica<\/a><\/li>\n<li><a href=\"https:\/\/www.tamaulipas.gob.mx\/radio\/wp-content\/uploads\/sites\/31\/2024\/10\/programa-de-obra-publica.pdf\">Programa de Obra Publica<\/a><\/li>\n<li><a href=\"https:\/\/www.tamaulipas.gob.mx\/radio\/wp-content\/uploads\/sites\/31\/2024\/10\/programas-y-proyectos-de-inversion.pdf\">Programas y Proyectos de Inversi\u00f3n<\/a><\/li>\n<li><a href=\"https:\/\/www.tamaulipas.gob.mx\/radio\/wp-content\/uploads\/sites\/31\/2024\/10\/relacion-de-bienes-inmuebles-que-componen-el-patrimonio-2.pdf\">Relaci\u00f3n de Bienes Inmuebles que Componen el Patrimonio<\/a><\/li>\n<li><a href=\"https:\/\/www.tamaulipas.gob.mx\/radio\/wp-content\/uploads\/sites\/31\/2024\/10\/notas-a-los-estados-financieros.pdf\">Notas a los Estados Financieros<\/a><\/li>\n<li><a href=\"https:\/\/www.tamaulipas.gob.mx\/radio\/wp-content\/uploads\/sites\/31\/2024\/10\/relacion-de-bienes-inmuebles-que-componen-el-patrimonio.pdf\">Relacion de Bienes Inmuebles que Componen el Patrimonio<\/a><\/li>\n<li><a href=\"https:\/\/www.tamaulipas.gob.mx\/radio\/wp-content\/uploads\/sites\/31\/2024\/10\/relacion-de-bienes-muebles-que-componen-el-patrimonio.pdf\">Relacion de Bienes Muebles que Componen el Patrimonio<\/a><\/li>\n<li><a href=\"https:\/\/www.tamaulipas.gob.mx\/radio\/wp-content\/uploads\/sites\/31\/2024\/10\/relacion-de-esquemas-bursatiles-y-de-coberturas-financieras.pdf\">Relacion de Esquemas Bursatiles y de Coberturas Financieras<\/a><\/li>\n<li><a href=\"https:\/\/www.tamaulipas.gob.mx\/radio\/wp-content\/uploads\/sites\/31\/2024\/10\/relacion-de-cuentas-bancarias-productivas-especificas.pdf\">Relacion de Cuentas Bancarias Productivos Especificas<\/a><\/li>\n<\/ul>\n<\/div>\n","protected":false},"excerpt":{"rendered":"<p>Estado Analitico de Egresos por Clasificacion por Objeto del Gasto Estado Analitico de Egresos por Flujo de Fondos Estado Analitico del Ejercicio del Presupuesto de\u2026<\/p>\n","protected":false},"author":281,"featured_media":0,"parent":0,"menu_order":0,"comment_status":"closed","ping_status":"closed","template":"","meta":{"footnotes":""},"class_list":["post-913","page","type-page","status-publish","hentry"],"publishpress_future_action":{"enabled":false,"date":"2026-04-14 23:24:41","action":"change-status","newStatus":"draft","terms":[],"taxonomy":""},"_links":{"self":[{"href":"https:\/\/www.tamaulipas.gob.mx\/radio\/wp-json\/wp\/v2\/pages\/913"}],"collection":[{"href":"https:\/\/www.tamaulipas.gob.mx\/radio\/wp-json\/wp\/v2\/pages"}],"about":[{"href":"https:\/\/www.tamaulipas.gob.mx\/radio\/wp-json\/wp\/v2\/types\/page"}],"author":[{"embeddable":true,"href":"https:\/\/www.tamaulipas.gob.mx\/radio\/wp-json\/wp\/v2\/users\/281"}],"replies":[{"embeddable":true,"href":"https:\/\/www.tamaulipas.gob.mx\/radio\/wp-json\/wp\/v2\/comments?post=913"}],"version-history":[{"count":1,"href":"https:\/\/www.tamaulipas.gob.mx\/radio\/wp-json\/wp\/v2\/pages\/913\/revisions"}],"predecessor-version":[{"id":947,"href":"https:\/\/www.tamaulipas.gob.mx\/radio\/wp-json\/wp\/v2\/pages\/913\/revisions\/947"}],"wp:attachment":[{"href":"https:\/\/www.tamaulipas.gob.mx\/radio\/wp-json\/wp\/v2\/media?parent=913"}],"curies":[{"name":"wp","href":"https:\/\/api.w.org\/{rel}","templated":true}]}}