{"id":755,"date":"2024-07-18T07:18:04","date_gmt":"2024-07-18T13:18:04","guid":{"rendered":"https:\/\/www.tamaulipas.gob.mx\/radio\/?page_id=755"},"modified":"2024-08-09T15:31:45","modified_gmt":"2024-08-09T21:31:45","slug":"2do-informe-trimestral-2024","status":"publish","type":"page","link":"https:\/\/www.tamaulipas.gob.mx\/radio\/2do-informe-trimestral-2024\/","title":{"rendered":"2do Informe Trimestral 2024"},"content":{"rendered":"<div id=\"custom-collapse-0\" class=\"panel-group\">\n<div class=\"panel panel-default\">\n<div class=\"panel-heading\">\n<h4 class=\"panel-title\"><a class=\"collapsed\" href=\"#custom-collapse-0-0\" data-toggle=\"collapse\" data-parent=\"#custom-collapse-0\" aria-expanded=\"false\">Informaci\u00f3n Contable A\u00f1o 2024<\/a><\/h4>\n<\/div>\n<div id=\"custom-collapse-0-0\" class=\"panel-collapse collapse\" style=\"height: 0px;\" aria-expanded=\"false\">\n<div class=\"panel-body\">\n<ul>\n<li><a href=\"https:\/\/www.tamaulipas.gob.mx\/radio\/wp-content\/uploads\/sites\/31\/2024\/07\/1.-estado-de-situacion-financiera.pdf\" target=\"_blank\" rel=\"noopener\">Estado de situaci\u00f3n financiera<\/a><\/li>\n<li><a href=\"https:\/\/www.tamaulipas.gob.mx\/radio\/wp-content\/uploads\/sites\/31\/2024\/07\/2.-estado-de-actividades.pdf\" target=\"_blank\" rel=\"noopener\">Estado de actividades<\/a>\n<ul>\n<li><a href=\"https:\/\/www.tamaulipas.gob.mx\/radio\/wp-content\/uploads\/sites\/31\/2024\/07\/2.1-estado-de-actividades-analitico.pdf\" target=\"_blank\" rel=\"noopener\">Estado de actividades anal\u00edtico<\/a><\/li>\n<\/ul>\n<\/li>\n<li><a href=\"https:\/\/www.tamaulipas.gob.mx\/radio\/wp-content\/uploads\/sites\/31\/2024\/07\/3.-estado-de-variacion-en-la-hacienda-publica.pdf\" target=\"_blank\" rel=\"noopener\">Estado de variaci\u00f3n en la hacienda p\u00fablica<\/a><\/li>\n<li><a href=\"https:\/\/www.tamaulipas.gob.mx\/radio\/wp-content\/uploads\/sites\/31\/2024\/07\/4.-estado-de-cambios-en-la-situacion-financiera.pdf\" target=\"_blank\" rel=\"noopener\">Estado de cambios en la situaci\u00f3n financiera<\/a><\/li>\n<li><a href=\"https:\/\/www.tamaulipas.gob.mx\/radio\/wp-content\/uploads\/sites\/31\/2024\/07\/5.-estado-de-flujos-de-efectivo.pdf\" target=\"_blank\" rel=\"noopener\">Estado de flujos de efectivo<\/a><\/li>\n<li><a href=\"https:\/\/www.tamaulipas.gob.mx\/radio\/wp-content\/uploads\/sites\/31\/2024\/07\/6.-estado-analitico-del-activo.pdf\" target=\"_blank\" rel=\"noopener\">Estado anal\u00edtico del activo<\/a>\n<ul>\n<li><a href=\"https:\/\/www.tamaulipas.gob.mx\/radio\/wp-content\/uploads\/sites\/31\/2024\/07\/6.1-analitico-de-derechos-a-recibir-efetivo-o-equivalentes.pdf\" target=\"_blank\" rel=\"noopener\">Anal\u00edtico de derechos a recibir efectivo o equivalentes<\/a><\/li>\n<li><a href=\"https:\/\/www.tamaulipas.gob.mx\/radio\/wp-content\/uploads\/sites\/31\/2024\/07\/6.2-analitico-de-derechos-a-recibir-bienes-o-servicios.pdf\" target=\"_blank\" rel=\"noopener\">Anal\u00edtico de derechos a recibir bienes o servicios<\/a><\/li>\n<li><a href=\"https:\/\/www.tamaulipas.gob.mx\/radio\/wp-content\/uploads\/sites\/31\/2024\/07\/6.3-relacion-de-adquisiciones-de-bienes-muebles-e-inmuebles.pdf\" target=\"_blank\" rel=\"noopener\">Relaci\u00f3n de adquisiciones de bienes muebles o inmuebles<\/a><\/li>\n<\/ul>\n<\/li>\n<li><a href=\"https:\/\/www.tamaulipas.gob.mx\/radio\/wp-content\/uploads\/sites\/31\/2024\/07\/7.-estado-analitico-de-la-deuda-y-otros-pasivos.pdf\" target=\"_blank\" rel=\"noopener\">Estado anal\u00edtico de la deuda y otros pasivos<\/a>\n<ul>\n<li><a href=\"https:\/\/www.tamaulipas.gob.mx\/radio\/wp-content\/uploads\/sites\/31\/2024\/07\/7.1-reporte-analitico-del-pasivo.pdf\" target=\"_blank\" rel=\"noopener\">Reporte anal\u00edtico del pasivo<\/a><\/li>\n<li><a href=\"https:\/\/www.tamaulipas.gob.mx\/radio\/wp-content\/uploads\/sites\/31\/2024\/07\/7.2-analitico-de-cuentas-por-pagar-corto-y-largo-plazo.pdf\" target=\"_blank\" rel=\"noopener\">Anal\u00edtico de cuentas por pagar (corto y largo plazo)<\/a><\/li>\n<\/ul>\n<\/li>\n<li><a href=\"https:\/\/www.tamaulipas.gob.mx\/radio\/wp-content\/uploads\/sites\/31\/2024\/07\/8.-informe-sobre-pasivos-contingentes.pdf\" target=\"_blank\" rel=\"noopener\">Informe sobre pasivos contingentes<\/a><\/li>\n<li><a href=\"https:\/\/www.tamaulipas.gob.mx\/radio\/wp-content\/uploads\/sites\/31\/2024\/07\/9.-notas-a-los-estados-financieros.pdf\" target=\"_blank\" rel=\"noopener\">Notas a los estados financieros<\/a><\/li>\n<\/ul>\n<\/div>\n<\/div>\n<\/div>\n<div class=\"panel panel-default\">\n<div class=\"panel-heading\">\n<h4 class=\"panel-title\"><a class=\"collapsed\" href=\"#custom-collapse-0-1\" data-toggle=\"collapse\" data-parent=\"#custom-collapse-0\" aria-expanded=\"false\">Informaci\u00f3n Presupuestaria<\/a><\/h4>\n<\/div>\n<div id=\"custom-collapse-0-1\" class=\"panel-collapse collapse\" aria-expanded=\"false\">\n<div class=\"panel-body\">\n<ul>\n<li><a href=\"https:\/\/www.tamaulipas.gob.mx\/radio\/wp-content\/uploads\/sites\/31\/2024\/07\/10.-estado-analitico-de-ingresos-clasificador-rubro-de-ingreso-y-por-fuente-de-financiamiento.pdf\" target=\"_blank\" rel=\"noopener\">Estado anl\u00edtico de ingresos<\/a><\/li>\n<li><a href=\"https:\/\/www.tamaulipas.gob.mx\/radio\/wp-content\/uploads\/sites\/31\/2024\/07\/11.-estado-analitico-del-ejercicio-del-presupuesto-de-egresos-clasificacion-por-objeto-del-gasto-capitulo-y-concepto.pdf\" target=\"_blank\" rel=\"noopener\">Estado anal\u00edtico del ejercicio del presupuesto de egresos clasificaci\u00f3n por objeto del gasto<\/a><\/li>\n<li>\n<ul>\n<li><a href=\"https:\/\/www.tamaulipas.gob.mx\/radio\/wp-content\/uploads\/sites\/31\/2024\/07\/11.1-reporte-analitico-del-ejercicio-del-presupuesto-de-egresos-por-partida-hasta-4-nivel.pdf\" target=\"_blank\" rel=\"noopener\">Reporte anal\u00edtico del ejercicio del presupuesto de egresos (por partida hasta el 4\u00b0 nivel)<\/a><\/li>\n<\/ul>\n<\/li>\n<li><a href=\"https:\/\/www.tamaulipas.gob.mx\/radio\/wp-content\/uploads\/sites\/31\/2024\/07\/12.-estado-analitico-del-ejercicio-del-presupuesto-de-egresos-clasificacion-economica-por-tipo-de-gasto.pdf\" target=\"_blank\" rel=\"noopener\">Estado anal\u00edtico del ejercicio del presupuesto de egresos clasificaci\u00f3n econ\u00f3mica<\/a><\/li>\n<li><a href=\"https:\/\/www.tamaulipas.gob.mx\/radio\/wp-content\/uploads\/sites\/31\/2024\/07\/13.-estado-analitico-del-ejercicio-del-presupuesto-de-egresos-clasificacion-administrativa.pdf\" target=\"_blank\" rel=\"noopener\">Estado anal\u00edtico del ejercicio del presupuesto de egresos clasificaci\u00f3n administrativa<\/a><\/li>\n<\/ul>\n<\/div>\n<div class=\"panel-body\">\n<ul>\n<li><a href=\"https:\/\/www.tamaulipas.gob.mx\/radio\/wp-content\/uploads\/sites\/31\/2024\/07\/14.-estado-analitico-del-ejercicio-del-presupuesto-de-egresos-clasificacion-funcional-finalidad-y-funcion.pdf\" target=\"_blank\" rel=\"noopener\">Estado anal\u00edtico del ejercicio del presupuesto de egresos clasificaci\u00f3n funcional<\/a><\/li>\n<li><a href=\"https:\/\/www.tamaulipas.gob.mx\/radio\/wp-content\/uploads\/sites\/31\/2024\/07\/15.-endeudamiento-neto.pdf\" target=\"_blank\" rel=\"noopener\">Endeudamiento neto<\/a><\/li>\n<li><a href=\"https:\/\/www.tamaulipas.gob.mx\/radio\/wp-content\/uploads\/sites\/31\/2024\/07\/16.-intereses-de-la-deuda.pdf\" target=\"_blank\" rel=\"noopener\">Intereses de la deuda<\/a><\/li>\n<li><a href=\"https:\/\/www.tamaulipas.gob.mx\/radio\/wp-content\/uploads\/sites\/31\/2024\/07\/17.-deuda-publica.pdf\" target=\"_blank\" rel=\"noopener\">Deuda publica<\/a><\/li>\n<\/ul>\n<\/div>\n<\/div>\n<\/div>\n<div class=\"panel panel-default\">\n<div class=\"panel-heading\">\n<h4 class=\"panel-title\"><a class=\"collapsed\" href=\"#custom-collapse-0-2\" data-toggle=\"collapse\" data-parent=\"#custom-collapse-0\" aria-expanded=\"false\">Informaci\u00f3n Program\u00e1tica<\/a><\/h4>\n<\/div>\n<div id=\"custom-collapse-0-2\" class=\"panel-collapse collapse\" aria-expanded=\"false\">\n<div class=\"panel-body\">\n<ul>\n<li><a href=\"https:\/\/www.tamaulipas.gob.mx\/radio\/wp-content\/uploads\/sites\/31\/2024\/07\/18.-gasto-por-categoria-programatica.pdf\" target=\"_blank\" rel=\"noopener\">Gasto por categor\u00eda program\u00e1tica<\/a><\/li>\n<li><a href=\"https:\/\/www.tamaulipas.gob.mx\/radio\/wp-content\/uploads\/sites\/31\/2024\/07\/19.-programas-y-proyectos-de-inversion.pdf\" target=\"_blank\" rel=\"noopener\">Programas y proyectos de inversi\u00f3n<\/a><\/li>\n<li><a href=\"https:\/\/www.tamaulipas.gob.mx\/radio\/wp-content\/uploads\/sites\/31\/2024\/07\/20.-indicadores-de-resultados.pdf\" target=\"_blank\" rel=\"noopener\">Indicadores de resultados<\/a><\/li>\n<\/ul>\n<\/div>\n<\/div>\n<\/div>\n<div class=\"panel panel-default\">\n<div class=\"panel-heading\">\n<h4 class=\"panel-title\"><a class=\"collapsed\" href=\"#custom-collapse-0-3\" data-toggle=\"collapse\" data-parent=\"#custom-collapse-0\" aria-expanded=\"false\">Informaci\u00f3n Adicional<\/a><\/h4>\n<\/div>\n<div id=\"custom-collapse-0-3\" class=\"panel-collapse collapse\" aria-expanded=\"false\">\n<div class=\"panel-body\">\n<ul>\n<li><a href=\"https:\/\/www.tamaulipas.gob.mx\/radio\/wp-content\/uploads\/sites\/31\/2024\/07\/21.-informe-y-avance-de-obras-publicas-y-servicios-relacionados.pdf\" target=\"_blank\" rel=\"noopener\">Informe y avance de obras publicas y servicios relacionados con las mismas<\/a><\/li>\n<li><a href=\"https:\/\/www.tamaulipas.gob.mx\/radio\/wp-content\/uploads\/sites\/31\/2024\/07\/22.-factibilidades.pdf\" target=\"_blank\" rel=\"noopener\">Factibilidades<\/a><\/li>\n<\/ul>\n<\/div>\n<\/div>\n<\/div>\n<div class=\"panel panel-default\">\n<div class=\"panel-heading\">\n<h4 class=\"panel-title\"><a class=\"collapsed\" href=\"#custom-collapse-0-4\" data-toggle=\"collapse\" data-parent=\"#custom-collapse-0\" aria-expanded=\"false\">Disciplina Financiera<\/a><\/h4>\n<\/div>\n<div id=\"custom-collapse-0-4\" class=\"panel-collapse collapse\" aria-expanded=\"false\">\n<div class=\"panel-body\">\n<ul>\n<li><a href=\"https:\/\/www.tamaulipas.gob.mx\/radio\/wp-content\/uploads\/sites\/31\/2024\/07\/1.-estado-de-situacion-financiera-detallado-ldf.pdf\" target=\"_blank\" rel=\"noopener\">LDF Estado de situaci\u00f3n financiera detallado<\/a><\/li>\n<li><a href=\"https:\/\/www.tamaulipas.gob.mx\/radio\/wp-content\/uploads\/sites\/31\/2024\/07\/2.-informe-analitico-de-la-deuda-publica-y-otros-pasivos-ldf.pdf\" target=\"_blank\" rel=\"noopener\">LDF Informe anal\u00edtico de la deuda p\u00fablica y otros pasivos<\/a><\/li>\n<li><a href=\"https:\/\/www.tamaulipas.gob.mx\/radio\/wp-content\/uploads\/sites\/31\/2024\/07\/3.-informe-analitico-de-obligaciones-diferente-de-financiamientos-ldf.pdf\" target=\"_blank\" rel=\"noopener\">LDF Informe anal\u00edtico de obligaciones diferentes de financiamiento<\/a><\/li>\n<li><a href=\"https:\/\/www.tamaulipas.gob.mx\/radio\/wp-content\/uploads\/sites\/31\/2024\/07\/4.-balance-presupuestario-ldf.pdf\" target=\"_blank\" rel=\"noopener\">LDF Balance presupuestario<\/a><\/li>\n<li><a href=\"https:\/\/www.tamaulipas.gob.mx\/radio\/wp-content\/uploads\/sites\/31\/2024\/07\/5.-estado-analitico-de-ingresos-detallado-ldf.pdf\" target=\"_blank\" rel=\"noopener\">LDF Estado anal\u00edtico de ingresos detallado<\/a><\/li>\n<li><a href=\"https:\/\/www.tamaulipas.gob.mx\/radio\/wp-content\/uploads\/sites\/31\/2024\/07\/6a.-estado-analitico-del-ejercicio-del-presupuesto-de-egresos-detallado-clasificacion-por-objeto-del-gasto-capitulo-y-concepto-ldf.pdf\" target=\"_blank\" rel=\"noopener\">LDF Estado anal\u00edtico del ejercicio del presupuesto de egresos detallado por objeto del gasto<\/a><\/li>\n<li><a href=\"https:\/\/www.tamaulipas.gob.mx\/radio\/wp-content\/uploads\/sites\/31\/2024\/07\/6b.-estado-analitico-del-ejercicio-del-presupuesto-de-egresos-detallado-clasificacion-administrativa-ldf.pdf\" target=\"_blank\" rel=\"noopener\">LDF Estado anal\u00edtico del ejercicio del presupuesto de egresos detallado por clasificaci\u00f3n administrativa<\/a><\/li>\n<li><a href=\"https:\/\/www.tamaulipas.gob.mx\/radio\/wp-content\/uploads\/sites\/31\/2024\/07\/6c.-estado-analitico-del-ejercicio-del-presupuesto-de-egresos-detallado-clasificacion-funcional-finalidad-y-funcion-ldf.pdf\" target=\"_blank\" rel=\"noopener\">LDF Estado anal\u00edtico del ejercicio del presupuesto de egresos detallado por clasificaci\u00f3n funcional<\/a><\/li>\n<li><a href=\"https:\/\/www.tamaulipas.gob.mx\/radio\/wp-content\/uploads\/sites\/31\/2024\/07\/6d.-estado-analitico-del-ejercicio-del-presupuesto-de-egresos-detallado-clasificacion-de-servicios-personales-categoria-ldf.pdf\" target=\"_blank\" rel=\"noopener\">LDF Estado anal\u00edtico del ejercicio del presupuesto de egresos detallado clasificaci\u00f3n de servicios personales por categor\u00eda<\/a><\/li>\n<\/ul>\n<\/div>\n<\/div>\n<\/div>\n<div class=\"panel panel-default\">\n<div class=\"panel-heading\">\n<h4 class=\"panel-title\"><a class=\"collapsed\" href=\"#custom-collapse-0-5\" data-toggle=\"collapse\" data-parent=\"#custom-collapse-0\" aria-expanded=\"false\">Anexos<\/a><\/h4>\n<\/div>\n<div id=\"custom-collapse-0-5\" class=\"panel-collapse collapse\" aria-expanded=\"false\">\n<div class=\"panel-body\">\n<ul>\n<li><a href=\"https:\/\/www.tamaulipas.gob.mx\/radio\/wp-content\/uploads\/sites\/31\/2024\/07\/subsidios-y-ayudas-2024.pdf\" target=\"_blank\" rel=\"noopener\">Subsidios y ayudas<\/a><\/li>\n<li><a target=\"_blank\" rel=\"noopener\">Manual de contabilidad<\/a><\/li>\n<li><a href=\"https:\/\/www.tamaulipas.gob.mx\/radio\/wp-content\/uploads\/sites\/31\/2024\/08\/01-relacion-de-bienes-inmuebles-al-30-jun-2024.pdf\" target=\"_blank\" rel=\"noopener\">Relaci\u00f3n de Bienes Inmuebles al 30 de Jun 2024<\/a><\/li>\n<li><a href=\"https:\/\/www.tamaulipas.gob.mx\/radio\/wp-content\/uploads\/sites\/31\/2024\/08\/02-relacion-de-bienes-muebles-al-30-jun-2024.pdf\" target=\"_blank\" rel=\"noopener\">Relaci\u00f3n de Bienes Inmuebles al 30 de Jun 2024<\/a><\/li>\n<\/ul>\n<\/div>\n<\/div>\n<\/div>\n<\/div>\n","protected":false},"excerpt":{"rendered":"<p>Informaci\u00f3n Contable A\u00f1o 2024 Estado de situaci\u00f3n financiera Estado de actividades Estado de actividades anal\u00edtico Estado de variaci\u00f3n en la hacienda p\u00fablica Estado de cambios\u2026<\/p>\n","protected":false},"author":281,"featured_media":0,"parent":0,"menu_order":0,"comment_status":"closed","ping_status":"closed","template":"","meta":{"footnotes":""},"class_list":["post-755","page","type-page","status-publish","hentry"],"publishpress_future_action":{"enabled":false,"date":"2026-04-14 23:24:42","action":"change-status","newStatus":"draft","terms":[],"taxonomy":""},"_links":{"self":[{"href":"https:\/\/www.tamaulipas.gob.mx\/radio\/wp-json\/wp\/v2\/pages\/755"}],"collection":[{"href":"https:\/\/www.tamaulipas.gob.mx\/radio\/wp-json\/wp\/v2\/pages"}],"about":[{"href":"https:\/\/www.tamaulipas.gob.mx\/radio\/wp-json\/wp\/v2\/types\/page"}],"author":[{"embeddable":true,"href":"https:\/\/www.tamaulipas.gob.mx\/radio\/wp-json\/wp\/v2\/users\/281"}],"replies":[{"embeddable":true,"href":"https:\/\/www.tamaulipas.gob.mx\/radio\/wp-json\/wp\/v2\/comments?post=755"}],"version-history":[{"count":11,"href":"https:\/\/www.tamaulipas.gob.mx\/radio\/wp-json\/wp\/v2\/pages\/755\/revisions"}],"predecessor-version":[{"id":813,"href":"https:\/\/www.tamaulipas.gob.mx\/radio\/wp-json\/wp\/v2\/pages\/755\/revisions\/813"}],"wp:attachment":[{"href":"https:\/\/www.tamaulipas.gob.mx\/radio\/wp-json\/wp\/v2\/media?parent=755"}],"curies":[{"name":"wp","href":"https:\/\/api.w.org\/{rel}","templated":true}]}}