{"id":5,"date":"2017-09-06T14:42:20","date_gmt":"2017-09-06T14:42:20","guid":{"rendered":"http:\/\/www.tamaulipas.gob.mx\/radio\/?page_id=5"},"modified":"2018-11-28T14:00:46","modified_gmt":"2018-11-28T20:00:46","slug":"historia","status":"publish","type":"page","link":"https:\/\/www.tamaulipas.gob.mx\/radio\/historia\/","title":{"rendered":"Historia"},"content":{"rendered":"<p><strong>Antecedentes<\/strong><\/p>\n<p>Radio Tamaulipas es un medio de comunicaci\u00f3n con car\u00e1cter social, un enlace entre la poblaci\u00f3n con los tamaulipecos; por primera vez sali\u00f3 al aire el d\u00eda 23 de octubre de 1983, cuando en la capital del Estado, Cd. Victoria, se escucha en su periodo de pruebas bajo las siglas XHVIC, el 107.9 de la Frecuencia Modulada, siendo Gobernador del Estado de Tamaulipas, el Dr. Emilio Mart\u00ednez Manautou.<\/p>\n<p>Es hasta el a\u00f1o de 1991, cuando se logran sumar varias frecuencias, bajo la denominaci\u00f3n de Sistema Estatal Radio Tamaulipas, esto con el objetivo que la se\u00f1al radiof\u00f3nica pudiera ser sintonizada en cualquier punto del Estado.<\/p>\n<p>Desde sus inicios el Sistema Estatal Radio Tamaulipas se ha distinguido por presentar una propuesta radiof\u00f3nica plural e incluyente. Brindando espacios a la pluralidad cultural del Estado, M\u00e9xico y el mundo, siempre con un irrenunciable respeto a los valores universales que norman la convivencia de los seres humanos.<\/p>\n<p>Actualmente, tiene a su cargo las estaciones de que es concesionario p\u00fablico el Gobierno del Estado de Tamaulipas, en diversos municipios entre los que se encuentran: Altamira, Camargo, El Mante, Nuevo Laredo, Soto la Marina, Tampico, Tula, Victoria y Villagr\u00e1n, prestando un servicio p\u00fablico de radiodifusi\u00f3n de alta calidad y de contenidos que contribuyen al fortalecimiento de la integraci\u00f3n nacional, de la vida democr\u00e1tica y la formaci\u00f3n de la ciudadan\u00eda.<\/p>\n<p>Mediante el Decreto Gubernamental publicado en el Peri\u00f3dico Oficial del Estado de Tamaulipas No. 96 de fecha 10 de agosto de 2017, se establece que el Sistema Estatal Radio Tamaulipas tiene por objeto operar las estaciones de radio concesionadas al Gobierno del Estado de Tamaulipas y que se le confieren con car\u00e1cter exclusivo: su organizaci\u00f3n y supervisi\u00f3n; la planeaci\u00f3n, producci\u00f3n y transmisi\u00f3n, con recursos propios y externos de obras de radio que promuevan el desarrollo del Estado.<\/p>\n<p><strong>Presentaci\u00f3n<\/strong><\/p>\n<p>La responsabilidad de los medios de comunicaci\u00f3n sobre todo de la radio p\u00fablica, va m\u00e1s all\u00e1 de una comunicaci\u00f3n unilateral de solo emisores, cada sonido y silencio que es emitido debe realizarse con el fin de interactuar con los radioescuchas, de hacerles pensar, sentir, crecer\u00a0 y hablar.<\/p>\n<p>La radio es parte de una comunicaci\u00f3n social, en la que se tiene la oportunidad de relacionarse con diversos grupos y cada ciudadano debe ser part\u00edcipe de ella. Una Radio en la cual los ciudadanos puedan ejercer su libertad de expresi\u00f3n y sobre todo su derecho a la informaci\u00f3n. Los ciudadanos requieren de propuestas radiof\u00f3nicas \u00a0\u00a0acordes a esta \u00e9poca de globalizaci\u00f3n e innovaci\u00f3n constante de tecnolog\u00eda. La radio p\u00fablica debe ser referente, ejemplo de imparcialidad, de vocaci\u00f3n de servicio y \u00e9tica.<\/p>\n<p>Los cambios \u00a0que marcan la Reforma Constitucional en la Ley Federal de Telecomunicaciones y Radiodifusi\u00f3n publicada el 14 de julio de 2014 en el Diario Oficial de la Federaci\u00f3n, m\u00e1s que un reto, son una oportunidad para los creadores de radio y los ciudadanos en general, para hacer una radio p\u00fablica m\u00e1s humana.<\/p>\n<p>En la actualidad, el aspecto \u00e9tico moral debe tener una importancia relevante en el proceso de formaci\u00f3n integral de las personas, ya que de ello depender\u00e1 el buen desarrollo de principios y valores, considerados como la base fundamental de la superaci\u00f3n personal y social.<\/p>\n<p>La \u00e9tica en las organizaciones dicta que, todos los miembros de la organizaci\u00f3n y no solo el l\u00edder, entreguen a la sociedad y a sus miembros, resultados y acciones correctas que la hagan una entidad confiable; esto se logra por medio de la confianza y la responsabilidad reflejadas en el trabajo, es decir, una responsabilidad \u00a0por convicci\u00f3n y \u00e9tica.<\/p>\n<p>Asimismo, la \u00e9tica ha sido siempre un requisito indispensable en las instituciones, ya que \u00e9sta genera confianza y clima laboral saludable.<\/p>\n<p>No basta cumplir las normas, hay que entender el compromiso y el trabajo como el fin de la satisfacci\u00f3n de la sociedad. Es necesario pasar de una calidad de controles a la calidad entendida como servicio y \u00e9tica social.<\/p>\n<p>El reto de construir un buen gobierno implica tambi\u00e9n contar con servidores p\u00fablicos con una s\u00f3lida cultura \u00e9tica y de servicio a la sociedad, que est\u00e9n absolutamente convencidos de la dignidad e importancia del servicio que prestan.<\/p>\n<p>El prop\u00f3sito de cualquier ente p\u00fablico es servir a la sociedad, ese es el camino y el fin que se pretende alcanzar.<\/p>\n<p>En el Sistema Estatal Radio Tamaulipas trabajamos para que a trav\u00e9s de nuestras frecuencias se escuchen todas las voces, es el tiempo de todos.<\/p>\n<p>Por lo que, a fin de establecer un marco de conducta profesional y de responsabilidades en el Sistema Estatal Radio Tamaulipas, se crea el presente C\u00f3digo de \u00c9tica como un documento que refleja el compromiso social, las convicciones del servicio p\u00fablico y las decisiones diarias del quehacer de la radio para promover la diversidad cultural en el Estado de Tamaulipas y garantizar a los radioescuchas contenidos de calidad en los que se respete la diversidad de las ideas, la libertad de expresi\u00f3n de los ciudadanos y el respeto a la vida privada; con la finalidad de preservar la credibilidad y la confianza, la estaci\u00f3n asume un compromiso con su p\u00fablico y la obligaci\u00f3n de informar con veracidad y responsabilidad sobre los asuntos de inter\u00e9s general.<\/p>\n<p>Con este documento se consolida otra base para edificar una comunicaci\u00f3n p\u00fablica incluyente, participativa y plural, donde la intervenci\u00f3n ciudadana se hace presente en las decisiones p\u00fablicas fundamentales, garantizada \u00e9sta por el Defensor de Audiencia.<\/p>\n","protected":false},"excerpt":{"rendered":"<p>Antecedentes Radio Tamaulipas es un medio de comunicaci\u00f3n con car\u00e1cter social, un enlace entre la poblaci\u00f3n con los tamaulipecos; por primera vez sali\u00f3 al aire\u2026<\/p>\n","protected":false},"author":7,"featured_media":0,"parent":0,"menu_order":0,"comment_status":"closed","ping_status":"closed","template":"","meta":{"footnotes":""},"class_list":["post-5","page","type-page","status-publish","hentry"],"publishpress_future_action":{"enabled":false,"date":"2026-04-14 23:03:28","action":"change-status","newStatus":"draft","terms":[],"taxonomy":""},"_links":{"self":[{"href":"https:\/\/www.tamaulipas.gob.mx\/radio\/wp-json\/wp\/v2\/pages\/5"}],"collection":[{"href":"https:\/\/www.tamaulipas.gob.mx\/radio\/wp-json\/wp\/v2\/pages"}],"about":[{"href":"https:\/\/www.tamaulipas.gob.mx\/radio\/wp-json\/wp\/v2\/types\/page"}],"author":[{"embeddable":true,"href":"https:\/\/www.tamaulipas.gob.mx\/radio\/wp-json\/wp\/v2\/users\/7"}],"replies":[{"embeddable":true,"href":"https:\/\/www.tamaulipas.gob.mx\/radio\/wp-json\/wp\/v2\/comments?post=5"}],"version-history":[{"count":8,"href":"https:\/\/www.tamaulipas.gob.mx\/radio\/wp-json\/wp\/v2\/pages\/5\/revisions"}],"predecessor-version":[{"id":118,"href":"https:\/\/www.tamaulipas.gob.mx\/radio\/wp-json\/wp\/v2\/pages\/5\/revisions\/118"}],"wp:attachment":[{"href":"https:\/\/www.tamaulipas.gob.mx\/radio\/wp-json\/wp\/v2\/media?parent=5"}],"curies":[{"name":"wp","href":"https:\/\/api.w.org\/{rel}","templated":true}]}}