{"id":34,"date":"2018-01-31T15:52:23","date_gmt":"2018-01-31T21:52:23","guid":{"rendered":"http:\/\/www.tamaulipas.gob.mx\/radio\/?page_id=34"},"modified":"2023-11-22T15:02:39","modified_gmt":"2023-11-22T21:02:39","slug":"defensor-de-audiencia","status":"publish","type":"page","link":"https:\/\/www.tamaulipas.gob.mx\/radio\/legal\/defensor-de-audiencia\/","title":{"rendered":"Defensoria de las Audiencias"},"content":{"rendered":"<div class=\"row\">\n<div class=\"col-lg-2 col-sm-3 col-xs-12\">\n<img loading=\"lazy\" decoding=\"async\" class=\"alignnone wp-image-641 size-full img-thumbnail  img-responsive\" src=\"https:\/\/www.tamaulipas.gob.mx\/radio\/wp-content\/uploads\/sites\/31\/2023\/11\/img_9718.jpg\" alt=\"\" width=\"446\" height=\"579\">\n<\/div>\n<div class=\"col-lg-10 col-sm-9 col-xs-12\">\n<p><strong>Doctora Roc\u00edo Jazm\u00edn \u00c1vila S\u00e1nchez<\/strong><\/p>\n<p><em>Defensora de audiencias del Sistema Estatal Radio Tamaulipas periodo <strong>2023-2025<\/strong><\/em><\/p>\n<p><span style=\"color: #0000ff;\">defensoria@radiotamaulipas.mx<\/span><\/p>\n<\/div>\n<\/div>\n<div class=\"panel-group\" id=\"custom-collapse-0\">\n<div class=\"panel panel-default\">\n\t\t\t\t<div class=\"panel-heading\">\n\t\t\t\t\t<h4 class=\"panel-title\">\n\t\t\t\t\t\t<a class=\"\" data-toggle=\"collapse\" data-parent=\"#custom-collapse-0\" href=\"#custom-collapse-0-0\">Trayectoria<\/a>\n\t\t\t\t\t<\/h4>\n\t\t\t\t<\/div>\n\t\t\t\t<div id=\"custom-collapse-0-0\" class=\"panel-collapse in\">\n\t\t\t\t\t<div class=\"panel-body\">\n<p>Doctora en Teor\u00eda Pol\u00edtica, Democr\u00e1tica y Administraci\u00f3n P\u00fablica, por la Universidad Aut\u00f3noma de Madrid, maestra en Ciencia Pol\u00edtica por la Universidad Nacional Aut\u00f3noma de M\u00e9xico y licenciada en Comunicaci\u00f3n Social por la Universidad Aut\u00f3noma Metropolitana \u2013 Xochimilco.<\/p>\n<p>Perfil Deseable Prodep en 2016 y pertenece al Sistema Nacional de Investigadores SNI-Conacyt desde el a\u00f1o 2020.<\/p>\n<p>Ha ejercido la docencia desde 1999, participando en programas de licenciatura en Ciencias de la Comunicaci\u00f3n de la Universidad Tecnol\u00f3gica, campus Ermita, Ciudad de M\u00e9xico y de la Universidad Aut\u00f3noma de Tamaulipas, ha impartido clases en los Posgrados de Comunicaci\u00f3n, as\u00ed como de Ciencia Pol\u00edtica y Administraci\u00f3n P\u00fablica de la Facultad de Derecho y Ciencias Sociales de la Universidad Aut\u00f3noma de Tamaulipas; adem\u00e1s del Centro Regional de Formaci\u00f3n Docente e Investigaci\u00f3n Educativa y El Colegio de Tamaulipas.<br \/>\nSus art\u00edculos m\u00e1s recientes son: \u201cPol\u00edtica educativa y precarizaci\u00f3n de la \u00a0educaci\u00f3n p\u00fablica en M\u00e9xico\u201d, \u00abLa educaci\u00f3n remota durante la pandemia, una \u00a0nueva manifestaci\u00f3n de violencia estructural y simb\u00f3lica en M\u00e9xico\u00bb y \u201cDesigualdad \u00a0educativa en la frontera norte de M\u00e9xico: Reproducci\u00f3n social y violencia.\u201d Este \u00a0\u00faltimo en coautor\u00eda con la Dra. M\u00f3nica Ch\u00e1vez Gonz\u00e1lez y realizado en el marco de \u00a0la investigaci\u00f3n posdoctoral en la ENES-UNAM Morelia, con el proyecto \u00a0\u201cDesigualdad educativa en contextos de violencia\u201d que forma parte del Laboratorio de Estudios Sociales Aplicados de la misma instituci\u00f3n.<\/p>\n<\/div>\n\t\t\t\t<\/div>\n\t\t\t<\/div>\n<div class=\"panel panel-default\">\n\t\t\t\t<div class=\"panel-heading\">\n\t\t\t\t\t<h4 class=\"panel-title\">\n\t\t\t\t\t\t<a class=\"collapsed\" data-toggle=\"collapse\" data-parent=\"#custom-collapse-0\" href=\"#custom-collapse-0-1\">Atribuciones<\/a>\n\t\t\t\t\t<\/h4>\n\t\t\t\t<\/div>\n\t\t\t\t<div id=\"custom-collapse-0-1\" class=\"panel-collapse collapse\">\n\t\t\t\t\t<div class=\"panel-body\">\n<p>&nbsp;<\/p>\n<div>\u2022\u00a0Ser un\u00a0v\u00ednculo\u00a0entre las audiencias y\u00a0el\u00a0Sistema Estatal Radio Tamaulipas (SERT)<\/div>\n<div>\u2022\u00a0Vigilar\u00a0el\u00a0cumplimiento\u00a0del C\u00f3digo de \u00c9tica del SERT<\/div>\n<div>\u2022\u00a0Motivar\u00a0la participaci\u00f3n de la audiencia para que\u00a0expresen\u00a0su\u00a0sentir\u00a0respect<wbr \/>o\u00a0los\u00a0servicios,\u00a0contenidos,\u00a0p<wbr \/>rogramaci\u00f3n,\u00a0responsabilidades<wbr \/>,\u00a0objetivos\u00a0y\u00a0criterios\u00a0operat<wbr \/>ivos\u00a0del Sistema Estatal Radio Tamaulipas.<\/div>\n<div>\u2022\u00a0Analizar\u00a0la\u00a0imparcialidad,\u00a0v<wbr \/>eracidad,\u00a0calidad\u00a0y\u00a0equilibrio<wbr \/>\u00a0de\u00a0los\u00a0contenidos\u00a0del Sistema Estatal Radio Tamaulipas.<\/div>\n<div>\u2022\u00a0Emitir\u00a0recomendaciones\u00a0y\u00a0obs<wbr \/>ervaciones\u00a0al titular de la Direcci\u00f3n General\u00a0del SERT\u00a0sobre\u00a0los\u00a0contenidos\u00a0y\u00a0pr<wbr \/>ogramaci\u00f3n\u00a0del Sistema Estatal Radio Tamaulipas\u00a0a\u00a0partir\u00a0de\u00a0su\u00a0inte<wbr \/>racci\u00f3n\u00a0con laS\u00a0audienciaS<\/div>\n<div>\u2022\u00a0Promover\u00a0la\u00a0educaci\u00f3n\u00a0medi\u00e1t<wbr \/>ica\u00a0en\u00a0las audiencias.<\/div>\n<div>\u2022\u00a0Atender\u00a0las\u00a0reclamaciones,\u00a0s<wbr \/>ugerencias\u00a0y\u00a0quejas\u00a0de las audiencias\u00a0sobre\u00a0contenidos\u00a0y programaci\u00f3n.<\/div>\n<div>\u2022\u00a0Tramitar,\u00a0una\u00a0vez\u00a0recibidas, las\u00a0reclamaciones,\u00a0quejas\u00a0o\u00a0su<wbr \/>gerencias\u00a0en\u00a0las\u00a0\u00e1reas\u00a0o\u00a0depar<wbr \/>tamentosresponsables,\u00a0requirie<wbr \/>ndo\u00a0las\u00a0explicaciones\u00a0que\u00a0cons<wbr \/>idere\u00a0pertinentes.<\/div>\n<div>\u2022\u00a0Tener\u00a0claridad\u00a0y\u00a0precisi\u00f3n\u00a0e<wbr \/>n\u00a0la\u00a0rectificaci\u00f3n,\u00a0recomendac<wbr \/>i\u00f3n\u00a0o\u00a0propuesta\u00a0de\u00a0acci\u00f3n\u00a0corr<wbr \/>ectiva\u00a0que\u00a0en\u00a0su\u00a0casocorrespon<wbr \/>da.<\/div>\n<div>\u2022\u00a0Abstenerse\u00a0de\u00a0atender\u00a0coment<wbr \/>arios\u00a0que\u00a0contengan\u00a0lenguaje\u00a0s<wbr \/>oez\u00a0o\u00a0altisonante, o\u00a0cuya\u00a0naturaleza\u00a0vulnere\u00a0losd<wbr \/>erechos de\u00a0terceras\u00a0personas.<\/div>\n<div>\u2022\u00a0Revisar\u00a0que las\u00a0quejas\u00a0u\u00a0observaciones\u00a0se\u00a0<wbr \/>originen\u00a0de\u00a0situaciones\u00a0concre<wbr \/>tas\u00a0y\u00a0est\u00e9n\u00a0fundamentadas\u00a0con\u00a0<wbr \/>argumentos\u00a0objetivos.<\/div>\n<div>\u2022\u00a0Abstenerse\u00a0de resolver\u00a0asuntos\u00a0internos\u00a0de\u00a0d<wbr \/>el medio de\u00a0comunicaci\u00f3n,\u00a0ni\u00a0de\u00a0temas\u00a0q<wbr \/>ue\u00a0remitan\u00a0a\u00a0relacioneslaboral<wbr \/>es\u00a0internas\u00a0del SERT.<\/div>\n<div>\u2022\u00a0Las\u00a0dem\u00e1s\u00a0que le\u00a0sean\u00a0se\u00f1aladas\u00a0por\u00a0el\u00a0Siste<wbr \/>ma Estatal Radio Tamaulipas y\u00a0por\u00a0los\u00a0ordenamientos\u00a0legale<wbr \/>saplicables.<\/div>\n<\/div>\n\t\t\t\t<\/div>\n\t\t\t<\/div>\n<\/div>\n<p>&nbsp;<\/p>\n<p><strong><em>Periodos anteriores<\/em><\/strong><\/p>\n<div class=\"panel-group\" id=\"custom-collapse-1\"><\/div>\n<div class=\"panel panel-default\">\n\t\t\t\t<div class=\"panel-heading\">\n\t\t\t\t\t<h4 class=\"panel-title\">\n\t\t\t\t\t\t<a class=\"collapsed\" data-toggle=\"collapse\" data-parent=\"#custom-collapse-1\" href=\"#custom-collapse-1-2\">Periodo 2019-2023<\/a>\n\t\t\t\t\t<\/h4>\n\t\t\t\t<\/div>\n\t\t\t\t<div id=\"custom-collapse-1-2\" class=\"panel-collapse collapse\">\n\t\t\t\t\t<div class=\"panel-body\">\n<div class=\"col-lg-2 col-sm-3 col-xs-12\">\n<img loading=\"lazy\" decoding=\"async\" class=\"size-full wp-image-112 alignleft img-thumbnail  img-responsive\" src=\"https:\/\/www.tamaulipas.gob.mx\/radio\/wp-content\/uploads\/sites\/31\/2018\/11\/defensor.jpg\" alt=\"\" width=\"135\" height=\"147\">\n<\/div>\n<div class=\"col-lg-10 col-sm-9 col-xs-12\"><\/div>\n<p><strong>Lic. Jos\u00e9 Nereo Zamorano Garc\u00eda<\/strong><\/p>\n<p><em>Defensor de audiencias del Sistema Estatal Radio Tamaulipas periodo <strong>2019-2023<\/strong><\/em><\/p>\n<p>defensoraudiencia39@gmail.com<\/p>\n<p>Licenciado en Ciencias de la Educaci\u00f3n con Especialidad en Administraci\u00f3n y Planificaci\u00f3n Educativa. Naci\u00f3 en Cd. Valles, S.L.P. el 12 de Mayo de 1959.<\/p>\n<p>Destacando en su desarrollo profesional su amplia experiencia en la comunicaci\u00f3n; en el a\u00f1o de 1984 le fue conferida la Coordinaci\u00f3n de Radio de Extensi\u00f3n Universitaria, donde fue productor y conductor del programa La Voz de la Universidad, \u201cNoti UAT\u201d, \u201cLa Universidad en el Campo\u201d y \u201cDi\u00e1logos Universitarios. A\u00f1os despu\u00e9s trabaj\u00f3 en el proyecto de una frecuencia radiof\u00f3nica para la Universidad Aut\u00f3noma de Tamaulipas, misma que sali\u00f3 al aire por primera vez en Cd Victoria en diciembre de 1991. En el a\u00f1o de 1998 culmina un proyecto m\u00e1s al sumar cinco frecuencias a Radio Universidad: Nuevo Laredo, Reynosa, Cd Mante, Matamoros, Tampico, culminando en el a\u00f1o 2003 su labor en la Radio Universitaria.<\/p>\n<p>Se ha desarrollado en la docencia dando clases en diversas Instituciones como lo han sido la Escuela Normal de Educadoras, la Escuela Normal Superior de Tamaulipas, Facultad de Ciencias de la Educaci\u00f3n, Unidad Acad\u00e9mica Multidisciplinaria de Ciencias, Educaci\u00f3n y Humanidades, ha sido Asesor del Sistema de preparatoria abierta de la SEP.<\/p>\n<p>Ha participado como ponente en Congresos, Encuentros de Radio y Productores de la frontera del Norte de M\u00e9xico, en el Foro Nacional sobre la Radio en M\u00e9xico (UNAM), Medios de Comunicaci\u00f3n y Literatura, el Encuentro Fronterizo sobre Medios de Comunicaci\u00f3n, en la Segunda Reuni\u00f3n Nacional de la Red Universitaria de Televisi\u00f3n y Video, en el Primer Taller Regional de Investigaciones para la Planeaci\u00f3n de la Educaci\u00f3n Superior y en Producci\u00f3n Radiof\u00f3nica de la UAT.<\/p>\n<p>Con base en sus estudios y preparaci\u00f3n, ha publicado m\u00e1s de 20 trabajos a lo largo de su trayectoria como lo son los Manuales titulados \u201cTaller de Evaluaci\u00f3n Educativa\u201d, \u201cCurso de Dise\u00f1o Curricular\u201d, \u201cTaller de Recursos Did\u00e1cticos\u201d, \u201cCurso de Did\u00e1ctica General\u201d entre otros. Ha producido m\u00e1s de 6 series radiof\u00f3nicas, difundiendo m\u00e1s de 1000 programas de radio.<\/p>\n<p>Actualmente y desde hace 16 a\u00f1os, ejerce como Asesor de la Secretar\u00eda Ejecutiva del IETAM.<\/p>\n<div class=\"panel panel-default\">\n\t\t\t\t<div class=\"panel-heading\">\n\t\t\t\t\t<h4 class=\"panel-title\">\n\t\t\t\t\t\t<a class=\"collapsed\" data-toggle=\"collapse\" data-parent=\"#custom-collapse-1\" href=\"#custom-collapse-1-3\">Atribuciones<\/a>\n\t\t\t\t\t<\/h4>\n\t\t\t\t<\/div>\n\t\t\t\t<div id=\"custom-collapse-1-3\" class=\"panel-collapse collapse\">\n\t\t\t\t\t<div class=\"panel-body\"><\/div>\n\t\t\t\t<\/div>\n\t\t\t<\/div>\n<ul>\n<li>Ser un v\u00ednculo entre las audiencias y el Sistema Estatal Radio Tamaulipas;<\/li>\n<li>Vigilar el cumplimiento del presente C\u00f3digo de \u00c9tica;<\/li>\n<li>Motivar la participaci\u00f3n de los ciudadanos para que expresen su sentir respecto al desempe\u00f1o de los medios de comunicaci\u00f3n, los servicios, contenidos, programaci\u00f3n, responsabilidades, objetivos y criterios operativos del Sistema Estatal Radio Tamaulipas;<\/li>\n<li>Analizar la imparcialidad, veracidad, calidad y equilibrio de los contenidos del Sistema Estatal Radio Tamaulipas;<\/li>\n<li>Emitir recomendaciones y observaciones al titular de la Direcci\u00f3n General sobre los contenidos y programaci\u00f3n del Sistema Estatal Radio Tamaulipas;<\/li>\n<li>Promover la educaci\u00f3n en las audiencias;<\/li>\n<li>Atender las reclamaciones, sugerencias y quejas de las audiencias sobre contenidos y programaci\u00f3n;<\/li>\n<li>Tramitar, una vez recibidas, las reclamaciones, quejas o sugerencias en las \u00e1reas o departamentos responsables, requiriendo las explicaciones que considere pertinentes;<\/li>\n<li>Tener claridad y precisi\u00f3n en la rectificaci\u00f3n, recomendaci\u00f3n o propuesta de acci\u00f3n correctiva que en su caso corresponda;<\/li>\n<li>Abstenerse de atender comentarios que contengan lenguaje soez o altisonante, o cuya naturaleza vulnere los derechos de terceras personas;<\/li>\n<li>Revisar que las quejas u observaciones se originen de situaciones concretas y est\u00e9n fundamentadas con argumentos objetivos;<\/li>\n<li>Abstenerse de resolver asuntos internos de ning\u00fan tipo, mucho menos cuestiones que remitan a relaciones laborales; y<\/li>\n<li>Las dem\u00e1s que le sean se\u00f1aladas por el Sistema Estatal Radio Tamaulipas y por los ordenamientos legales aplicables.<\/li>\n<\/ul>\n<\/div>\n\t\t\t\t<\/div>\n\t\t\t<\/div>\n<p>&nbsp;<\/p>\n","protected":false},"excerpt":{"rendered":"<p>&nbsp; Periodos anteriores &nbsp;<\/p>\n","protected":false},"author":54,"featured_media":0,"parent":25,"menu_order":0,"comment_status":"closed","ping_status":"closed","template":"","meta":{"footnotes":""},"class_list":["post-34","page","type-page","status-publish","hentry"],"publishpress_future_action":{"enabled":false,"date":"2026-04-14 23:23:15","action":"change-status","newStatus":"draft","terms":[],"taxonomy":""},"_links":{"self":[{"href":"https:\/\/www.tamaulipas.gob.mx\/radio\/wp-json\/wp\/v2\/pages\/34"}],"collection":[{"href":"https:\/\/www.tamaulipas.gob.mx\/radio\/wp-json\/wp\/v2\/pages"}],"about":[{"href":"https:\/\/www.tamaulipas.gob.mx\/radio\/wp-json\/wp\/v2\/types\/page"}],"author":[{"embeddable":true,"href":"https:\/\/www.tamaulipas.gob.mx\/radio\/wp-json\/wp\/v2\/users\/54"}],"replies":[{"embeddable":true,"href":"https:\/\/www.tamaulipas.gob.mx\/radio\/wp-json\/wp\/v2\/comments?post=34"}],"version-history":[{"count":13,"href":"https:\/\/www.tamaulipas.gob.mx\/radio\/wp-json\/wp\/v2\/pages\/34\/revisions"}],"predecessor-version":[{"id":644,"href":"https:\/\/www.tamaulipas.gob.mx\/radio\/wp-json\/wp\/v2\/pages\/34\/revisions\/644"}],"up":[{"embeddable":true,"href":"https:\/\/www.tamaulipas.gob.mx\/radio\/wp-json\/wp\/v2\/pages\/25"}],"wp:attachment":[{"href":"https:\/\/www.tamaulipas.gob.mx\/radio\/wp-json\/wp\/v2\/media?parent=34"}],"curies":[{"name":"wp","href":"https:\/\/api.w.org\/{rel}","templated":true}]}}