{"id":283,"date":"2023-05-22T10:02:47","date_gmt":"2023-05-22T16:02:47","guid":{"rendered":"https:\/\/www.tamaulipas.gob.mx\/radio\/?page_id=283"},"modified":"2023-05-22T13:51:08","modified_gmt":"2023-05-22T19:51:08","slug":"informacion-contable-ano-2023","status":"publish","type":"page","link":"https:\/\/www.tamaulipas.gob.mx\/radio\/informacion-contable-ano-2023\/","title":{"rendered":"1ER TRIMESTRE 2023"},"content":{"rendered":"<div class=\"panel-group\" id=\"custom-collapse-0\">\n<div class=\"panel panel-default\">\n<div class=\"panel-heading\">\n<h4 class=\"panel-title\">\n\t\t\t\t\t\t<a class=\"collapsed\" data-toggle=\"collapse\" data-parent=\"#custom-collapse-0\" href=\"#custom-collapse-0-0\" aria-expanded=\"false\">Informaci\u00f3n Contable A\u00f1o 2023<\/a><br \/>\n\t\t\t\t\t<\/h4>\n<\/p><\/div>\n<div id=\"custom-collapse-0-0\" class=\"panel-collapse collapse\" aria-expanded=\"false\" style=\"height: 0px;\">\n<div class=\"panel-body\">\n<ul>\n<li><a href=\"https:\/\/www.tamaulipas.gob.mx\/radio\/wp-content\/uploads\/sites\/31\/2023\/05\/1-estado-de-situacion-financiera.pdf\" target=\"_blank\" rel=\"noopener\">Estado de situaci\u00f3n financiera<\/a><\/li>\n<li><a href=\"https:\/\/www.tamaulipas.gob.mx\/radio\/wp-content\/uploads\/sites\/31\/2023\/05\/2-estado-de-actividades.pdf\" target=\"_blank\" rel=\"noopener\">Estado de actividades<\/a>\n<ul>\n<li><a href=\"https:\/\/www.tamaulipas.gob.mx\/radio\/wp-content\/uploads\/sites\/31\/2023\/05\/2.1-estado-de-actividades-analitico.pdf\" target=\"_blank\" rel=\"noopener\">Estado de actividades anal\u00edtico<\/a><\/li>\n<\/ul>\n<\/li>\n<li><a href=\"https:\/\/www.tamaulipas.gob.mx\/radio\/wp-content\/uploads\/sites\/31\/2023\/05\/3-estado-de-variacion-en-la-hacienda-publica.pdf\" target=\"_blank\" rel=\"noopener\">Estado de variaci\u00f3n en la hacienda p\u00fablica<\/a><\/li>\n<li><a href=\"https:\/\/www.tamaulipas.gob.mx\/radio\/wp-content\/uploads\/sites\/31\/2023\/05\/4-estado-de-cambios-en-la-situacion-financiera.pdf\" target=\"_blank\" rel=\"noopener\">Estado de cambios en la situaci\u00f3n financiera<\/a><\/li>\n<li><a href=\"https:\/\/www.tamaulipas.gob.mx\/radio\/wp-content\/uploads\/sites\/31\/2023\/05\/5-estado-de-flujos-de-efectivo.pdf\" target=\"_blank\" rel=\"noopener\">Estado de flujos de efectivo<\/a><\/li>\n<li><a href=\"https:\/\/www.tamaulipas.gob.mx\/radio\/wp-content\/uploads\/sites\/31\/2023\/05\/6-estado-analitico-del-activo.pdf\" target=\"_blank\" rel=\"noopener\">Estado anal\u00edtico del activo<\/a>\n<ul>\n<li><a href=\"https:\/\/www.tamaulipas.gob.mx\/radio\/wp-content\/uploads\/sites\/31\/2023\/05\/6.1-analitico-de-derechos-a-recibir-efvo.pdf\" target=\"_blank\" rel=\"noopener\">Anal\u00edtico de derechos a recibir efectivo o equivalentes<\/a><\/li>\n<li><a href=\"https:\/\/www.tamaulipas.gob.mx\/radio\/wp-content\/uploads\/sites\/31\/2023\/05\/6.2-analitico-de-derechos-a-recibir-bienes-o.pdf\" target=\"_blank\" rel=\"noopener\">Anal\u00edtico de derechos a recibir bienes o servicios<\/a><\/li>\n<li><a href=\"https:\/\/www.tamaulipas.gob.mx\/radio\/wp-content\/uploads\/sites\/31\/2023\/05\/6.3-relacion-de-adquisiciones-de-bienes-muebles-e-inm..pdf\" target=\"_blank\" rel=\"noopener\">Relaci\u00f3n de adquisiciones de bienes muebles e inmuebles<\/a><\/li>\n<\/ul>\n<\/li>\n<li><a href=\"https:\/\/www.tamaulipas.gob.mx\/radio\/wp-content\/uploads\/sites\/31\/2023\/05\/7-estado-analitico-de-la-deuda.pdf\" target=\"_blank\" rel=\"noopener\">Estado anal\u00edtico de la deuda y otros pasivos<\/a>\n<ul>\n<li><a href=\"https:\/\/www.tamaulipas.gob.mx\/radio\/wp-content\/uploads\/sites\/31\/2023\/05\/7.1-reporte-analitico-del-pasivo.pdf\" target=\"_blank\" rel=\"noopener\">Reporte anal\u00edtico del pasivo<\/a><\/li>\n<li><a href=\"https:\/\/www.tamaulipas.gob.mx\/radio\/wp-content\/uploads\/sites\/31\/2023\/05\/7.2-analitico-de-cuentas-por-pagar.pdf\" target=\"_blank\" rel=\"noopener\">Anal\u00edtico de cuentas por pagar (corto y largo plazo)<\/a><\/li>\n<\/ul>\n<\/li>\n<li><a href=\"https:\/\/www.tamaulipas.gob.mx\/radio\/wp-content\/uploads\/sites\/31\/2023\/05\/8-informe-sobre-pasivos-contingentes.pdf\" target=\"_blank\" rel=\"noopener\">Informe sobre pasivos contingentes<\/a><\/li>\n<li><a href=\"https:\/\/www.tamaulipas.gob.mx\/radio\/wp-content\/uploads\/sites\/31\/2023\/05\/9-notas-a-los-estados-financieros.pdf\" target=\"_blank\" rel=\"noopener\">Notas a los estados financieros<\/a><\/li>\n<\/ul>\n<\/div><\/div>\n<\/p><\/div>\n<div class=\"panel panel-default\">\n<div class=\"panel-heading\">\n<h4 class=\"panel-title\">\n\t\t\t\t\t\t<a class=\"collapsed\" data-toggle=\"collapse\" data-parent=\"#custom-collapse-0\" href=\"#custom-collapse-0-1\" aria-expanded=\"false\">Informaci\u00f3n Presupuestaria<\/a><br \/>\n\t\t\t\t\t<\/h4>\n<\/p><\/div>\n<div id=\"custom-collapse-0-1\" class=\"panel-collapse collapse\" aria-expanded=\"false\">\n<div class=\"panel-body\">\n<ul>\n<li><a href=\"https:\/\/www.tamaulipas.gob.mx\/radio\/wp-content\/uploads\/sites\/31\/2023\/05\/10-estado-analitico-de-ingresos.pdf\" target=\"_blank\" rel=\"noopener\">Estado anal\u00edtico de ingresos<\/a><\/li>\n<li><a href=\"https:\/\/www.tamaulipas.gob.mx\/radio\/wp-content\/uploads\/sites\/31\/2023\/05\/11-estado-analitico-del-ejerc-del-presup.pdf\" target=\"_blank\" rel=\"noopener\">Estado anal\u00edtico del ejercicio del presupuesto de egresos clasificaci\u00f3n por objeto del gasto<\/a>\n<ul>\n<li><a href=\"https:\/\/www.tamaulipas.gob.mx\/radio\/wp-content\/uploads\/sites\/31\/2023\/05\/11.1-reporte-analitico-eje.presupue.pdf\" target=\"_blank\" rel=\"noopener\">Reporte anal\u00edtico del ejercicio del presupuesto de egresos (por partida hasta el 4\u00b0 nivel)<\/a><\/li>\n<\/ul>\n<\/li>\n<li><a href=\"https:\/\/www.tamaulipas.gob.mx\/radio\/wp-content\/uploads\/sites\/31\/2023\/05\/12-estado-analitico-del-ejercicio-de-presupuesto.pdf\" target=\"_blank\" rel=\"noopener\">Estado anal\u00edtico del ejercicio del presupuesto de egresos clasificaci\u00f3n econ\u00f3mica<\/a><\/li>\n<li><a href=\"https:\/\/www.tamaulipas.gob.mx\/radio\/wp-content\/uploads\/sites\/31\/2023\/05\/13-estado-analitico-del-ejercicio-del-presup.pdf\" target=\"_blank\" rel=\"noopener\">Estado anal\u00edtico del ejercicio del presupuesto de egresos clasificaci\u00f3n administrativa<\/a><\/li>\n<li><a href=\"https:\/\/www.tamaulipas.gob.mx\/radio\/wp-content\/uploads\/sites\/31\/2023\/05\/14-estado-analitico-del-ejercicio-egresos.pdf\" target=\"_blank\" rel=\"noopener\">Estado anal\u00edtico del ejercicio del presupuesto de egresos clasificaci\u00f3n funcional<\/a><\/li>\n<li><a href=\"https:\/\/www.tamaulipas.gob.mx\/radio\/wp-content\/uploads\/sites\/31\/2023\/05\/15-endeudamiento-neto.pdf\" target=\"_blank\" rel=\"noopener\">Endeudamiento neto<\/a><\/li>\n<li><a href=\"https:\/\/www.tamaulipas.gob.mx\/radio\/wp-content\/uploads\/sites\/31\/2023\/05\/16-intereses-de-la-deuda.pdf\" target=\"_blank\" rel=\"noopener\">Intereses de la deuda<\/a><\/li>\n<li><a href=\"https:\/\/www.tamaulipas.gob.mx\/radio\/wp-content\/uploads\/sites\/31\/2023\/05\/17-deuda-publica.pdf\" target=\"_blank\" rel=\"noopener\">Deuda publica<\/a><\/li>\n<\/ul>\n<\/div><\/div>\n<\/p><\/div>\n<div class=\"panel panel-default\">\n<div class=\"panel-heading\">\n<h4 class=\"panel-title\">\n\t\t\t\t\t\t<a class=\"collapsed\" data-toggle=\"collapse\" data-parent=\"#custom-collapse-0\" href=\"#custom-collapse-0-2\" aria-expanded=\"false\">Informaci\u00f3n Program\u00e1tica<\/a><br \/>\n\t\t\t\t\t<\/h4>\n<\/p><\/div>\n<div id=\"custom-collapse-0-2\" class=\"panel-collapse collapse\" aria-expanded=\"false\">\n<div class=\"panel-body\">\n<ul>\n<li><a href=\"https:\/\/www.tamaulipas.gob.mx\/radio\/wp-content\/uploads\/sites\/31\/2023\/05\/18-gasto-por-categoria-programatica.pdf\" target=\"_blank\" rel=\"noopener\">Gasto por categor\u00eda program\u00e1tica<\/a><\/li>\n<li><a href=\"https:\/\/www.tamaulipas.gob.mx\/radio\/wp-content\/uploads\/sites\/31\/2023\/05\/19-programas-y-proyectos-de-inversion.pdf\" target=\"_blank\" rel=\"noopener\">Programas y proyectos de inversi\u00f3n<\/a><\/li>\n<li><a href=\"https:\/\/www.tamaulipas.gob.mx\/radio\/wp-content\/uploads\/sites\/31\/2023\/05\/20-indicadores-de-resultados.pdf\" target=\"_blank\" rel=\"noopener\">Indicadores de resultados<\/a><\/li>\n<\/ul>\n<\/div><\/div>\n<\/p><\/div>\n<div class=\"panel panel-default\">\n<div class=\"panel-heading\">\n<h4 class=\"panel-title\">\n\t\t\t\t\t\t<a class=\"collapsed\" data-toggle=\"collapse\" data-parent=\"#custom-collapse-0\" href=\"#custom-collapse-0-3\" aria-expanded=\"false\">Informaci\u00f3n Adicional<\/a><br \/>\n\t\t\t\t\t<\/h4>\n<\/p><\/div>\n<div id=\"custom-collapse-0-3\" class=\"panel-collapse collapse\" aria-expanded=\"false\">\n<div class=\"panel-body\">\n<ul>\n<li><a href=\"https:\/\/www.tamaulipas.gob.mx\/radio\/wp-content\/uploads\/sites\/31\/2023\/05\/21-informe-y-avance-de-obra-publica.pdf\" target=\"_blank\" rel=\"noopener\">Informe y avance de obras publicas y servicios relacionados con las mismas<\/a><\/li>\n<li><a href=\"https:\/\/www.tamaulipas.gob.mx\/radio\/wp-content\/uploads\/sites\/31\/2023\/05\/22-factibilidades.pdf\" target=\"_blank\" rel=\"noopener\">Factibilidades<\/a><\/li>\n<\/ul>\n<\/div><\/div>\n<\/p><\/div>\n<div class=\"panel panel-default\">\n<div class=\"panel-heading\">\n<h4 class=\"panel-title\">\n\t\t\t\t\t\t<a class=\"collapsed\" data-toggle=\"collapse\" data-parent=\"#custom-collapse-0\" href=\"#custom-collapse-0-4\" aria-expanded=\"false\">Disciplina Financiera<\/a><br \/>\n\t\t\t\t\t<\/h4>\n<\/p><\/div>\n<div id=\"custom-collapse-0-4\" class=\"panel-collapse collapse\" aria-expanded=\"false\">\n<div class=\"panel-body\">\n<ul>\n<li><a href=\"https:\/\/www.tamaulipas.gob.mx\/radio\/wp-content\/uploads\/sites\/31\/2023\/05\/1-estado-de-situacion-financiero-detallado.pdf\" target=\"_blank\" rel=\"noopener\">LDF Estado de situaci\u00f3n financiera detallado<\/a><\/li>\n<li><a href=\"https:\/\/www.tamaulipas.gob.mx\/radio\/wp-content\/uploads\/sites\/31\/2023\/05\/2-informe-analitico-de-la-deuda-publica.pdf\" target=\"_blank\" rel=\"noopener\">LDF Informe anal\u00edtico de la deuda publica y otros pasivos<\/a><\/li>\n<li><a href=\"https:\/\/www.tamaulipas.gob.mx\/radio\/wp-content\/uploads\/sites\/31\/2023\/05\/3-informe-analitico-de-obligaciones-diferentes.pdf\" target=\"_blank\" rel=\"noopener\">LDF Informe anal\u00edtico de obligaciones diferentes de financiamiento<\/a><\/li>\n<li><a href=\"https:\/\/www.tamaulipas.gob.mx\/radio\/wp-content\/uploads\/sites\/31\/2023\/05\/4-balance-presupuestario.pdf\" target=\"_blank\" rel=\"noopener\">LDF Balance presupuestario<\/a><\/li>\n<li><a href=\"https:\/\/www.tamaulipas.gob.mx\/radio\/wp-content\/uploads\/sites\/31\/2023\/05\/5-estado-analitico-de-ingresos-detallado.pdf\" target=\"_blank\" rel=\"noopener\">LDF Estado anal\u00edtico de ingresos detallado<\/a><\/li>\n<li><a href=\"https:\/\/www.tamaulipas.gob.mx\/radio\/wp-content\/uploads\/sites\/31\/2023\/05\/6a-estado-analitico-del-ejercicio-del-presupuesto.pdf\" target=\"_blank\" rel=\"noopener\">LDF Estado anal\u00edtico del ejercicio del presupuesto de egresos detallado og<\/a><\/li>\n<li><a href=\"https:\/\/www.tamaulipas.gob.mx\/radio\/wp-content\/uploads\/sites\/31\/2023\/05\/6b-estado-analitico-del-ejercicio-del-presupuesto.pdf\" target=\"_blank\" rel=\"noopener\">LDF Estado anal\u00edtico del ejercicio del presupuesto de egresos detallado ca<\/a><\/li>\n<li><a href=\"https:\/\/www.tamaulipas.gob.mx\/radio\/wp-content\/uploads\/sites\/31\/2023\/05\/6c-estado-analitico-del-ejercicio-del-presupuesto.pdf\" target=\"_blank\" rel=\"noopener\">LDF Estado anal\u00edtico del ejercicio del presupuesto de egresos detallado cf<\/a><\/li>\n<li><a href=\"https:\/\/www.tamaulipas.gob.mx\/radio\/wp-content\/uploads\/sites\/31\/2023\/05\/6d-estado-analitico-del-ejercicio-del-presupuesto-de-egresos.pdf\" target=\"_blank\" rel=\"noopener\">LDF Estado anal\u00edtico del ejercicio del presupuesto de egresos detallado cspc<\/a><\/li>\n<\/ul>\n<\/div><\/div>\n<\/p><\/div>\n<div class=\"panel panel-default\">\n<div class=\"panel-heading\">\n<h4 class=\"panel-title\">\n\t\t\t\t\t\t<a class=\"collapsed\" data-toggle=\"collapse\" data-parent=\"#custom-collapse-0\" href=\"#custom-collapse-0-5\" aria-expanded=\"false\">Anexos<\/a><br \/>\n\t\t\t\t\t<\/h4>\n<\/p><\/div>\n<div id=\"custom-collapse-0-5\" class=\"panel-collapse collapse\" aria-expanded=\"false\">\n<div class=\"panel-body\">\n<ul>\n<li><a href=\"https:\/\/www.tamaulipas.gob.mx\/radio\/wp-content\/uploads\/sites\/31\/2023\/05\/subsidios-y-ayudas.pdf\" target=\"_blank\" rel=\"noopener\">Subsidios y ayudas<\/a><\/li>\n<\/ul>\n<\/div><\/div>\n<\/p><\/div>\n<\/div>\n","protected":false},"excerpt":{"rendered":"<p>Informaci\u00f3n Contable A\u00f1o 2023 Estado de situaci\u00f3n financiera Estado de actividades Estado de actividades anal\u00edtico Estado de variaci\u00f3n en la hacienda p\u00fablica Estado de cambios\u2026<\/p>\n","protected":false},"author":281,"featured_media":0,"parent":0,"menu_order":0,"comment_status":"closed","ping_status":"closed","template":"","meta":{"footnotes":""},"class_list":["post-283","page","type-page","status-publish","hentry"],"publishpress_future_action":{"enabled":false,"date":"2026-04-14 23:22:39","action":"change-status","newStatus":"draft","terms":[],"taxonomy":""},"_links":{"self":[{"href":"https:\/\/www.tamaulipas.gob.mx\/radio\/wp-json\/wp\/v2\/pages\/283"}],"collection":[{"href":"https:\/\/www.tamaulipas.gob.mx\/radio\/wp-json\/wp\/v2\/pages"}],"about":[{"href":"https:\/\/www.tamaulipas.gob.mx\/radio\/wp-json\/wp\/v2\/types\/page"}],"author":[{"embeddable":true,"href":"https:\/\/www.tamaulipas.gob.mx\/radio\/wp-json\/wp\/v2\/users\/281"}],"replies":[{"embeddable":true,"href":"https:\/\/www.tamaulipas.gob.mx\/radio\/wp-json\/wp\/v2\/comments?post=283"}],"version-history":[{"count":10,"href":"https:\/\/www.tamaulipas.gob.mx\/radio\/wp-json\/wp\/v2\/pages\/283\/revisions"}],"predecessor-version":[{"id":317,"href":"https:\/\/www.tamaulipas.gob.mx\/radio\/wp-json\/wp\/v2\/pages\/283\/revisions\/317"}],"wp:attachment":[{"href":"https:\/\/www.tamaulipas.gob.mx\/radio\/wp-json\/wp\/v2\/media?parent=283"}],"curies":[{"name":"wp","href":"https:\/\/api.w.org\/{rel}","templated":true}]}}