{"id":19,"date":"2018-01-31T17:12:31","date_gmt":"2018-01-31T17:12:31","guid":{"rendered":"http:\/\/www.tamaulipas.gob.mx\/radio\/?page_id=19"},"modified":"2018-11-28T14:02:03","modified_gmt":"2018-11-28T20:02:03","slug":"nosotros","status":"publish","type":"page","link":"https:\/\/www.tamaulipas.gob.mx\/radio\/nosotros\/","title":{"rendered":"Nosotros"},"content":{"rendered":"<p><strong>Misi\u00f3n<\/strong><\/p>\n<p>Dise\u00f1ar, producir y difundir programas con contenidos plurales, ver\u00eddicos y de calidad que promuevan el respeto a la diversidad multicultural. \u00a0Adem\u00e1s, coadyuvar al desarrollo integral de la sociedad a trav\u00e9s de la difusi\u00f3n de pol\u00edticas p\u00fablicas y campa\u00f1as de beneficio social, como medio de comunicaci\u00f3n de car\u00e1cter p\u00fablico sin fines lucrativos, que fomenta la riqueza sociocultural del Estado de Tamaulipas.<\/p>\n<p><strong>Visi\u00f3n<\/strong><\/p>\n<p>Colocarnos como un medio de comunicaci\u00f3n garante de veracidad, confiable, abierto a la participaci\u00f3n ciudadana, interactivo y competitivo, a trav\u00e9s de la mejora e innovaci\u00f3n constantes en la producci\u00f3n radiof\u00f3nica, apoy\u00e1ndonos de nuevas tecnolog\u00edas para realizar proyectos que impulsen al desarrollo integral de los diferentes pueblos y comunidades del Estado, con vocaci\u00f3n educativa y de servicio y, formar radioescuchas con pensamiento cr\u00edtico.<\/p>\n<p><strong>Objetivo<\/strong><\/p>\n<p>Como medio de comunicaci\u00f3n p\u00fablico, nuestro objetivo principal es brindar a la ciudadan\u00eda una plataforma de informaci\u00f3n, un micr\u00f3fono abierto a la expresi\u00f3n para opiniones y posturas diversas del acontecer diario, proporcionando espacios a las manifestaciones plurales de nuestra sociedad; y constituirnos como una herramienta de la vida democr\u00e1tica del Estado, buscando en todo momento la equidad en los temas y propuestas o alternativas frente a las diversas problem\u00e1ticas de tipo social, econ\u00f3mico y pol\u00edtico.<\/p>\n","protected":false},"excerpt":{"rendered":"<p>Misi\u00f3n Dise\u00f1ar, producir y difundir programas con contenidos plurales, ver\u00eddicos y de calidad que promuevan el respeto a la diversidad multicultural. \u00a0Adem\u00e1s, coadyuvar al desarrollo\u2026<\/p>\n","protected":false},"author":54,"featured_media":0,"parent":0,"menu_order":0,"comment_status":"closed","ping_status":"closed","template":"","meta":{"footnotes":""},"class_list":["post-19","page","type-page","status-publish","hentry"],"publishpress_future_action":{"enabled":false,"date":"2026-04-14 23:04:09","action":"change-status","newStatus":"draft","terms":[],"taxonomy":""},"_links":{"self":[{"href":"https:\/\/www.tamaulipas.gob.mx\/radio\/wp-json\/wp\/v2\/pages\/19"}],"collection":[{"href":"https:\/\/www.tamaulipas.gob.mx\/radio\/wp-json\/wp\/v2\/pages"}],"about":[{"href":"https:\/\/www.tamaulipas.gob.mx\/radio\/wp-json\/wp\/v2\/types\/page"}],"author":[{"embeddable":true,"href":"https:\/\/www.tamaulipas.gob.mx\/radio\/wp-json\/wp\/v2\/users\/54"}],"replies":[{"embeddable":true,"href":"https:\/\/www.tamaulipas.gob.mx\/radio\/wp-json\/wp\/v2\/comments?post=19"}],"version-history":[{"count":3,"href":"https:\/\/www.tamaulipas.gob.mx\/radio\/wp-json\/wp\/v2\/pages\/19\/revisions"}],"predecessor-version":[{"id":119,"href":"https:\/\/www.tamaulipas.gob.mx\/radio\/wp-json\/wp\/v2\/pages\/19\/revisions\/119"}],"wp:attachment":[{"href":"https:\/\/www.tamaulipas.gob.mx\/radio\/wp-json\/wp\/v2\/media?parent=19"}],"curies":[{"name":"wp","href":"https:\/\/api.w.org\/{rel}","templated":true}]}}