{"id":179,"date":"2018-11-29T14:21:15","date_gmt":"2018-11-29T20:21:15","guid":{"rendered":"https:\/\/www.tamaulipas.gob.mx\/radio\/?page_id=179"},"modified":"2018-11-29T14:25:24","modified_gmt":"2018-11-29T20:25:24","slug":"presupuesto-de-egresos","status":"publish","type":"page","link":"https:\/\/www.tamaulipas.gob.mx\/radio\/presupuesto-de-egresos\/","title":{"rendered":"Presupuesto de egresos"},"content":{"rendered":"<p>El sistema Estatal Radio Tamaulipas durante el 2018 funciona con recursos de la Coordinaci\u00f3n de Comunicaci\u00f3n Social del Ejecutivo del Estado, adscrita a la Oficina del Gobernador.<\/p>\n<p>El Gobierno del Estado de Tamaulipas, asigno al Sistema Estatal Radio Tamaulipas para ejercicio fiscal 2018 por la cantidad de $9,712,120.80 (nueve millones setecientos doce mil ciento veinte pesos con ochenta centavos. XHVIC FM 107.9 ubicada en Cd. Victoria, es la estaci\u00f3n piloto del Sistema Estatal Radio Tamaulipas, el resto de las concesiones son repetidoras, que trasmiten la misma programaci\u00f3n que se produce y emite en la estaci\u00f3n piloto, y que es distribuida v\u00eda sat\u00e9lite al resto de las estaciones.<\/p>\n<p>Las operaciones contables son centralizadas en Cd. Victoria, servicios personales, materiales y suministros, servicios generales y bienes muebles, inmuebles e intangibles, conceptos que integran el presupuesto para la operaci\u00f3n y mantenimiento todas las estaciones de radio de las que es concesionario P\u00fablico el Gobierno del Estado de Tamaulipas.<\/p>\n<p><strong>Presupuesto de Radio Tamaulipas del ejercicio 2018<\/strong><\/p>\n<div class=\"table-responsive\"><table class=\" table table table-gobtam\"><tfoot><tr><td>Total<\/td>\n<td style=\"width: 140px;\">9,712,120.80<\/td>\n<\/tr><\/tfoot><thead><tr><td>Cap&#xED;tulos<\/td>\n<td>Presupuesto<\/td>\n<\/tr><\/thead><tbody><tr><td>Servicios personales<\/td>\n<td>6,491,620.80<\/td>\n<\/tr><tr><td>Materiales y suministros<\/td>\n<td>179,000.00<\/td>\n<\/tr><tr><td>Servicios generales<\/td>\n<td>2,096,500.00<\/td>\n<\/tr><tr><td>Bienes muebles, inmuebles e intangibles<\/td>\n<td>945,000.00<\/td>\n<\/tr><\/tbody><\/table><\/div>\n<p>El Gobierno del Estado de Tamaulipas, asigno al Sistema Estatal Radio Tamaulipas para ejercicio fiscal 2017 por la cantidad de $8,685,313.05 (Ocho millones seiscientos ochenta y cinco mil trescientos trece pesos con cinco centavos). XHVIC FM 107.9 ubicada en Cd. Victoria, es la estaci\u00f3n piloto del Sistema Estatal Radio Tamaulipas, el resto de las concesiones son repetidoras, que trasmiten la misma programaci\u00f3n que se produce y emite en la estaci\u00f3n piloto, y que es distribuida v\u00eda sat\u00e9lite al resto de las estaciones.<\/p>\n<p>Las operaciones contables son centralizadas en Cd. Victoria, servicios personales, materiales y suministros, servicios generales y bienes muebles, inmuebles e intangibles, conceptos que integran el presupuesto para la operaci\u00f3n y mantenimiento todas las estaciones de radio de las que es concesionario P\u00fablico el Gobierno del Estado de Tamaulipas.<\/p>\n<p><strong>Presupuesto de Radio Tamaulipas del ejercicio 2017<\/strong><\/p>\n<div class=\"table-responsive\"><table class=\" table table table-gobtam\"><tfoot><tr><td>Total<\/td>\n<td>8,685,313.05<\/td>\n<\/tr><\/tfoot><thead><tr><td>Cap&#xED;tulos<\/td>\n<td>Presupuesto<\/td>\n<\/tr><\/thead><tbody><tr><td>Servicios personales<\/td>\n<td>6,182,496.00<\/td>\n<\/tr><tr><td>Materiales y suministros<\/td>\n<td>110,193.21<\/td>\n<\/tr><tr><td>Servicios generales<\/td>\n<td>1,685,123.84<\/td>\n<\/tr><tr><td>Bienes muebles, inmuebles e intangibles<\/td>\n<td>707,500.00<\/td>\n<\/tr><\/tbody><\/table><\/div>\n","protected":false},"excerpt":{"rendered":"<p>El sistema Estatal Radio Tamaulipas durante el 2018 funciona con recursos de la Coordinaci\u00f3n de Comunicaci\u00f3n Social del Ejecutivo del Estado, adscrita a la Oficina\u2026<\/p>\n","protected":false},"author":1,"featured_media":0,"parent":0,"menu_order":0,"comment_status":"closed","ping_status":"closed","template":"","meta":{"footnotes":""},"class_list":["post-179","page","type-page","status-publish","hentry"],"publishpress_future_action":{"enabled":false,"date":"2026-04-21 06:15:35","action":"change-status","newStatus":"draft","terms":[],"taxonomy":""},"_links":{"self":[{"href":"https:\/\/www.tamaulipas.gob.mx\/radio\/wp-json\/wp\/v2\/pages\/179"}],"collection":[{"href":"https:\/\/www.tamaulipas.gob.mx\/radio\/wp-json\/wp\/v2\/pages"}],"about":[{"href":"https:\/\/www.tamaulipas.gob.mx\/radio\/wp-json\/wp\/v2\/types\/page"}],"author":[{"embeddable":true,"href":"https:\/\/www.tamaulipas.gob.mx\/radio\/wp-json\/wp\/v2\/users\/1"}],"replies":[{"embeddable":true,"href":"https:\/\/www.tamaulipas.gob.mx\/radio\/wp-json\/wp\/v2\/comments?post=179"}],"version-history":[{"count":4,"href":"https:\/\/www.tamaulipas.gob.mx\/radio\/wp-json\/wp\/v2\/pages\/179\/revisions"}],"predecessor-version":[{"id":183,"href":"https:\/\/www.tamaulipas.gob.mx\/radio\/wp-json\/wp\/v2\/pages\/179\/revisions\/183"}],"wp:attachment":[{"href":"https:\/\/www.tamaulipas.gob.mx\/radio\/wp-json\/wp\/v2\/media?parent=179"}],"curies":[{"name":"wp","href":"https:\/\/api.w.org\/{rel}","templated":true}]}}