{"id":1432,"date":"2026-03-06T14:11:50","date_gmt":"2026-03-06T20:11:50","guid":{"rendered":"https:\/\/www.tamaulipas.gob.mx\/radio\/?page_id=1432"},"modified":"2026-03-06T14:16:00","modified_gmt":"2026-03-06T20:16:00","slug":"mision-y-vision","status":"publish","type":"page","link":"https:\/\/www.tamaulipas.gob.mx\/radio\/mision-y-vision\/","title":{"rendered":"Misi\u00f3n y Visi\u00f3n"},"content":{"rendered":"<h4 class=\"panel-title\"><a class=\"\" href=\"#custom-collapse-0-5\" data-toggle=\"collapse\" data-parent=\"#custom-collapse-0\" aria-expanded=\"true\">2026<\/a><\/h4>\n<div id=\"custom-collapse-0-5\" class=\"panel-collapse collapse in\" aria-expanded=\"true\">\n<div class=\"panel-body\">\n<ul>\n<li><a href=\"https:\/\/www.tamaulipas.gob.mx\/radio\/wp-content\/uploads\/sites\/31\/2026\/03\/mision-vision-sertt.pdf\" target=\"_blank\" rel=\"noopener\">MISI\u00d3N Y VISI\u00d3N DEL SISTEMA ESTATAL DE RADIO Y TELEVISI\u00d3N TAMAULIPAS\u00a0<i class=\"fa fa-external-link\"><\/i><\/a><\/li>\n<\/ul>\n<\/div>\n<\/div>\n","protected":false},"excerpt":{"rendered":"<p>2026 MISI\u00d3N Y VISI\u00d3N DEL SISTEMA ESTATAL DE RADIO Y TELEVISI\u00d3N TAMAULIPAS\u00a0<\/p>\n","protected":false},"author":281,"featured_media":0,"parent":0,"menu_order":0,"comment_status":"closed","ping_status":"closed","template":"","meta":{"footnotes":""},"class_list":["post-1432","page","type-page","status-publish","hentry"],"publishpress_future_action":{"enabled":false,"date":"2026-05-06 20:48:10","action":"change-status","newStatus":"draft","terms":[],"taxonomy":""},"_links":{"self":[{"href":"https:\/\/www.tamaulipas.gob.mx\/radio\/wp-json\/wp\/v2\/pages\/1432"}],"collection":[{"href":"https:\/\/www.tamaulipas.gob.mx\/radio\/wp-json\/wp\/v2\/pages"}],"about":[{"href":"https:\/\/www.tamaulipas.gob.mx\/radio\/wp-json\/wp\/v2\/types\/page"}],"author":[{"embeddable":true,"href":"https:\/\/www.tamaulipas.gob.mx\/radio\/wp-json\/wp\/v2\/users\/281"}],"replies":[{"embeddable":true,"href":"https:\/\/www.tamaulipas.gob.mx\/radio\/wp-json\/wp\/v2\/comments?post=1432"}],"version-history":[{"count":4,"href":"https:\/\/www.tamaulipas.gob.mx\/radio\/wp-json\/wp\/v2\/pages\/1432\/revisions"}],"predecessor-version":[{"id":1440,"href":"https:\/\/www.tamaulipas.gob.mx\/radio\/wp-json\/wp\/v2\/pages\/1432\/revisions\/1440"}],"wp:attachment":[{"href":"https:\/\/www.tamaulipas.gob.mx\/radio\/wp-json\/wp\/v2\/media?parent=1432"}],"curies":[{"name":"wp","href":"https:\/\/api.w.org\/{rel}","templated":true}]}}