{"id":1350,"date":"2026-01-27T13:55:15","date_gmt":"2026-01-27T19:55:15","guid":{"rendered":"https:\/\/www.tamaulipas.gob.mx\/radio\/?page_id=1350"},"modified":"2026-02-24T12:58:13","modified_gmt":"2026-02-24T18:58:13","slug":"4to-trimestre-2026","status":"publish","type":"page","link":"https:\/\/www.tamaulipas.gob.mx\/radio\/4to-trimestre-2026\/","title":{"rendered":"4TO TRIMESTRE 2025"},"content":{"rendered":"<div id=\"custom-collapse-0\" class=\"panel-group\">\n<div class=\"panel panel-default\">\n<div class=\"panel-heading\">\n<h4 class=\"panel-title\">\n                <a class=\"collapsed\" href=\"#collapse-contable\" data-toggle=\"collapse\" data-parent=\"#custom-collapse-0\"><br \/>\n                    Informaci\u00f3n Contable A\u00f1o 2025<br \/>\n                <\/a><br \/>\n            <\/h4>\n<\/p><\/div>\n<div id=\"collapse-contable\" class=\"panel-collapse collapse\">\n<div class=\"panel-body\">\n<ul>\n<li><a href=\"https:\/\/www.tamaulipas.gob.mx\/radio\/wp-content\/uploads\/sites\/31\/2026\/02\/1-estado-de-situacion-financiera.pdf\" target=\"_blank\" rel=\"noopener\">Estado de situaci\u00f3n financiera<\/a><\/li>\n<li>\n                        <a href=\"https:\/\/www.tamaulipas.gob.mx\/radio\/wp-content\/uploads\/sites\/31\/2026\/02\/2-estado-de-actividades.pdf\" target=\"_blank\" rel=\"noopener\">Estado de actividades<\/a><\/p>\n<ul>\n<li><a href=\"https:\/\/www.tamaulipas.gob.mx\/radio\/wp-content\/uploads\/sites\/31\/2026\/02\/2.1-estado-de-actividades-analitico.pdf\" target=\"_blank\" rel=\"noopener\">Estado de actividades anal\u00edtico<\/a><\/li>\n<\/ul>\n<\/li>\n<li><a href=\"https:\/\/www.tamaulipas.gob.mx\/radio\/wp-content\/uploads\/sites\/31\/2026\/02\/3-estado-de-variacion-en-la-hacienda-publica.pdf\" target=\"_blank\" rel=\"noopener\">Estado de variaci\u00f3n en la hacienda p\u00fablica<\/a><\/li>\n<li><a href=\"https:\/\/www.tamaulipas.gob.mx\/radio\/wp-content\/uploads\/sites\/31\/2026\/02\/4-estado-de-cambios-en-la-situacion-financiera.pdf\" target=\"_blank\" rel=\"noopener\">Estado de cambios en la situaci\u00f3n financiera<\/a><\/li>\n<li><a href=\"https:\/\/www.tamaulipas.gob.mx\/radio\/wp-content\/uploads\/sites\/31\/2026\/02\/5-estado-de-flujos-de-efectivo.pdf\" target=\"_blank\" rel=\"noopener\">Estado de flujos de efectivo<\/a><\/li>\n<li>\n                        <a href=\"https:\/\/www.tamaulipas.gob.mx\/radio\/wp-content\/uploads\/sites\/31\/2026\/02\/6-estado-analitico-del-activo.pdf\" target=\"_blank\" rel=\"noopener\">Estado anal\u00edtico del activo<\/a><\/p>\n<ul>\n<li><a href=\"https:\/\/www.tamaulipas.gob.mx\/radio\/wp-content\/uploads\/sites\/31\/2026\/02\/6.1-analitico-de-derechos-a-recibir-efectivo-o-equivalentes.pdf\" target=\"_blank\" rel=\"noopener\">Anal\u00edtico de derechos a recibir efectivo o equivalentes<\/a><\/li>\n<li><a href=\"https:\/\/www.tamaulipas.gob.mx\/radio\/wp-content\/uploads\/sites\/31\/2026\/02\/6.2-analitico-de-derechos-a-recibir-bienes-o-servicios.pdf\" target=\"_blank\" rel=\"noopener\">Anal\u00edtico de derechos a recibir bienes o servicios<\/a><\/li>\n<li><a href=\"https:\/\/www.tamaulipas.gob.mx\/radio\/wp-content\/uploads\/sites\/31\/2026\/02\/6.3-relacion-de-adquisiciones-de-bienes-muebles-e-inmuebles.pdf\" target=\"_blank\" rel=\"noopener\">Relaci\u00f3n de adquisiciones de bienes muebles e inmuebles<\/a><\/li>\n<\/ul>\n<\/li>\n<li>\n                        <a href=\"https:\/\/www.tamaulipas.gob.mx\/radio\/wp-content\/uploads\/sites\/31\/2026\/02\/7-estado-analitico-de-la-deuda.pdf\" target=\"_blank\" rel=\"noopener\">Estado anal\u00edtico de la deuda y otros pasivos<\/a><\/p>\n<ul>\n<li><a href=\"https:\/\/www.tamaulipas.gob.mx\/radio\/wp-content\/uploads\/sites\/31\/2026\/02\/7.1-reporte-analitico-del-pasivo.pdf\" target=\"_blank\" rel=\"noopener\">Reporte anal\u00edtico del pasivo<\/a><\/li>\n<li><a href=\"https:\/\/www.tamaulipas.gob.mx\/radio\/wp-content\/uploads\/sites\/31\/2026\/02\/7.2-analitico-de-cuentas-por-pagar-corto-y-largo-plazo.pdf\" target=\"_blank\" rel=\"noopener\">Anal\u00edtico de cuentas por pagar (corto y largo plazo)<\/a><\/li>\n<\/ul>\n<\/li>\n<li><a href=\"https:\/\/www.tamaulipas.gob.mx\/radio\/wp-content\/uploads\/sites\/31\/2026\/02\/8-informe-sobre-pasivos-contingentes.pdf\" target=\"_blank\" rel=\"noopener\">Informe sobre pasivos contingentes<\/a><\/li>\n<li><a href=\"https:\/\/www.tamaulipas.gob.mx\/radio\/wp-content\/uploads\/sites\/31\/2026\/02\/9-notas-a-los-estados-financieros.pdf\" target=\"_blank\" rel=\"noopener\">Notas a los estados financieros<\/a><\/li>\n<\/ul><\/div>\n<\/p><\/div>\n<\/p><\/div>\n<div class=\"panel panel-default\">\n<div class=\"panel-heading\">\n<h4 class=\"panel-title\">\n                <a class=\"collapsed\" href=\"#collapse-presupuestaria\" data-toggle=\"collapse\" data-parent=\"#custom-collapse-0\"><br \/>\n                    Informaci\u00f3n Presupuestaria<br \/>\n                <\/a><br \/>\n            <\/h4>\n<\/p><\/div>\n<div id=\"collapse-presupuestaria\" class=\"panel-collapse collapse\">\n<div class=\"panel-body\">\n<ul>\n<li><a href=\"https:\/\/www.tamaulipas.gob.mx\/radio\/wp-content\/uploads\/sites\/31\/2026\/02\/10-estado-analitico-de-ingresos.pdf\" target=\"_blank\" rel=\"noopener\">Estado anal\u00edtico de ingresos<\/a><\/li>\n<li>\n                        <a href=\"https:\/\/www.tamaulipas.gob.mx\/radio\/wp-content\/uploads\/sites\/31\/2026\/02\/11-clasificacion-por-objeto-de-gasto.pdf\" target=\"_blank\" rel=\"noopener\">Estado anal\u00edtico del ejercicio del presupuesto de egresos clasificaci\u00f3n por objeto del gasto<\/a><\/p>\n<ul>\n<li><a href=\"https:\/\/www.tamaulipas.gob.mx\/radio\/wp-content\/uploads\/sites\/31\/2026\/02\/11.1-reporte-analitico-del-ejercicio-del-presupuesto-de-egresos.pdf\" target=\"_blank\" rel=\"noopener\">Reporte anal\u00edtico del ejercicio del presupuesto de egresos<\/a><\/li>\n<\/ul>\n<\/li>\n<li><a href=\"https:\/\/www.tamaulipas.gob.mx\/radio\/wp-content\/uploads\/sites\/31\/2026\/02\/12-clasificacion-economica.pdf\" target=\"_blank\" rel=\"noopener\">Estado anal\u00edtico del ejercicio del presupuesto de egresos clasificaci\u00f3n econ\u00f3mica<\/a><\/li>\n<li><a href=\"https:\/\/www.tamaulipas.gob.mx\/radio\/wp-content\/uploads\/sites\/31\/2026\/02\/13-clasificacion-administrativa.pdf\" target=\"_blank\" rel=\"noopener\">Estado anal\u00edtico del ejercicio del presupuesto de egresos clasificaci\u00f3n administrativa<\/a><\/li>\n<li><a href=\"https:\/\/www.tamaulipas.gob.mx\/radio\/wp-content\/uploads\/sites\/31\/2026\/02\/14-clasificacion-funcional-finalidad-y-funcion.pdf\" target=\"_blank\" rel=\"noopener\">Estado anal\u00edtico del ejercicio del presupuesto de egresos clasificaci\u00f3n funcional<\/a><\/li>\n<li><a href=\"https:\/\/www.tamaulipas.gob.mx\/radio\/wp-content\/uploads\/sites\/31\/2026\/02\/15-endeudamiento-neto.pdf\" target=\"_blank\" rel=\"noopener\">Endeudamiento neto<\/a><\/li>\n<li><a href=\"https:\/\/www.tamaulipas.gob.mx\/radio\/wp-content\/uploads\/sites\/31\/2026\/02\/16-intereses-de-la-deuda.pdf\" target=\"_blank\" rel=\"noopener\">Intereses de la deuda<\/a><\/li>\n<li><a href=\"https:\/\/www.tamaulipas.gob.mx\/radio\/wp-content\/uploads\/sites\/31\/2026\/02\/17-deuda-publica.pdf\" target=\"_blank\" rel=\"noopener\">Deuda p\u00fablica<\/a><\/li>\n<\/ul><\/div>\n<\/p><\/div>\n<\/p><\/div>\n<div class=\"panel panel-default\">\n<div class=\"panel-heading\">\n<h4 class=\"panel-title\">\n                <a class=\"collapsed\" href=\"#collapse-ldf\" data-toggle=\"collapse\" data-parent=\"#custom-collapse-0\"><br \/>\n                    Disciplina Financiera (LDF)<br \/>\n                <\/a><br \/>\n            <\/h4>\n<\/p><\/div>\n<div id=\"collapse-ldf\" class=\"panel-collapse collapse\">\n<div class=\"panel-body\">\n<ul>\n<li><a href=\"https:\/\/www.tamaulipas.gob.mx\/radio\/wp-content\/uploads\/sites\/31\/2026\/02\/1-estado-de-situacion-financiera-detallado-ldf.pdf\" target=\"_blank\" rel=\"noopener\">LDF Estado de situaci\u00f3n financiera detallado<\/a><\/li>\n<li><a href=\"https:\/\/www.tamaulipas.gob.mx\/radio\/wp-content\/uploads\/sites\/31\/2026\/02\/2-informe-analitico-de-la-deuda-publica-y-otros-pasivos-ldf.pdf\" target=\"_blank\" rel=\"noopener\">LDF Informe anal\u00edtico de la deuda p\u00fablica y otros pasivos<\/a><\/li>\n<li><a href=\"https:\/\/www.tamaulipas.gob.mx\/radio\/wp-content\/uploads\/sites\/31\/2026\/02\/3-informe-analitico-de-obligaciones-diferentes-de-financiamiento-ldf.pdf\" target=\"_blank\" rel=\"noopener\">LDF Informe anal\u00edtico de obligaciones diferentes de financiamiento<\/a><\/li>\n<li><a href=\"https:\/\/www.tamaulipas.gob.mx\/radio\/wp-content\/uploads\/sites\/31\/2026\/02\/4-balance-presupuestario-ldf.pdf\" target=\"_blank\" rel=\"noopener\">LDF Balance presupuestario<\/a><\/li>\n<li><a href=\"https:\/\/www.tamaulipas.gob.mx\/radio\/wp-content\/uploads\/sites\/31\/2026\/02\/5-estado-analitico-de-ingresos-detallado-ldf.pdf\" target=\"_blank\" rel=\"noopener\">LDF Estado anal\u00edtico de ingresos detallado<\/a><\/li>\n<li><a href=\"https:\/\/www.tamaulipas.gob.mx\/radio\/wp-content\/uploads\/sites\/31\/2026\/02\/6a-clasificacion-por-objeto-del-gasto-ldf.pdf\" target=\"_blank\" rel=\"noopener\">LDF Egresos detallado por objeto del gasto<\/a><\/li>\n<li><a href=\"https:\/\/www.tamaulipas.gob.mx\/radio\/wp-content\/uploads\/sites\/31\/2026\/02\/6b-clasificacion-administrativa-ldf.pdf\" target=\"_blank\" rel=\"noopener\">LDF Egresos detallado por clasificaci\u00f3n administrativa<\/a><\/li>\n<li><a href=\"https:\/\/www.tamaulipas.gob.mx\/radio\/wp-content\/uploads\/sites\/31\/2026\/02\/6c-clasificacion-funcional-ldf.pdf\" target=\"_blank\" rel=\"noopener\">LDF Egresos detallado por clasificaci\u00f3n funcional<\/a><\/li>\n<li><a href=\"https:\/\/www.tamaulipas.gob.mx\/radio\/wp-content\/uploads\/sites\/31\/2026\/02\/6d-clasificacion-de-servicios-personales-por-categoria-ldf.pdf\" target=\"_blank\" rel=\"noopener\">LDF Egresos detallado servicios personales por categor\u00eda<\/a><\/li>\n<\/ul><\/div>\n<\/p><\/div>\n<\/p><\/div>\n<div class=\"panel panel-default\">\n<div class=\"panel-heading\">\n<h4 class=\"panel-title\">\n                <a class=\"collapsed\" href=\"#collapse-anexos\" data-toggle=\"collapse\" data-parent=\"#custom-collapse-0\"><br \/>\n                    Anexos<br \/>\n                <\/a><br \/>\n            <\/h4>\n<\/p><\/div>\n<div id=\"collapse-anexos\" class=\"panel-collapse collapse\">\n<div class=\"panel-body\">\n<ul>\n<li><a href=\"https:\/\/www.tamaulipas.gob.mx\/radio\/wp-content\/uploads\/sites\/31\/2026\/01\/subsidios-y-ayudas.pdf\" target=\"_blank\" rel=\"noopener\">Subsidios y ayudas<\/a><\/li>\n<li><a href=\"https:\/\/www.tamaulipas.gob.mx\/radio\/wp-content\/uploads\/sites\/31\/2025\/11\/01-relacion-de-bienes-inmuebles-al-30-sept-2025.pdf\" target=\"_blank\" rel=\"noopener\">Relaci\u00f3n de Bienes Inmuebles<\/a><\/li>\n<li><a href=\"https:\/\/www.tamaulipas.gob.mx\/radio\/wp-content\/uploads\/sites\/31\/2026\/02\/cp2025-radio-tam-relacion-de-bienes-inmuebles.pdf\" target=\"_blank\" rel=\"noopener\">Relaci\u00f3n de Bienes Muebles<\/a><\/li>\n<\/ul><\/div>\n<\/p><\/div>\n<\/p><\/div>\n<\/div>\n","protected":false},"excerpt":{"rendered":"<p>Informaci\u00f3n Contable A\u00f1o 2025 Estado de situaci\u00f3n financiera Estado de actividades Estado de actividades anal\u00edtico Estado de variaci\u00f3n en la hacienda p\u00fablica Estado de cambios\u2026<\/p>\n","protected":false},"author":281,"featured_media":0,"parent":0,"menu_order":0,"comment_status":"closed","ping_status":"closed","template":"","meta":{"footnotes":""},"class_list":["post-1350","page","type-page","status-publish","hentry"],"publishpress_future_action":{"enabled":false,"date":"2026-04-14 23:24:40","action":"change-status","newStatus":"draft","terms":[],"taxonomy":""},"_links":{"self":[{"href":"https:\/\/www.tamaulipas.gob.mx\/radio\/wp-json\/wp\/v2\/pages\/1350"}],"collection":[{"href":"https:\/\/www.tamaulipas.gob.mx\/radio\/wp-json\/wp\/v2\/pages"}],"about":[{"href":"https:\/\/www.tamaulipas.gob.mx\/radio\/wp-json\/wp\/v2\/types\/page"}],"author":[{"embeddable":true,"href":"https:\/\/www.tamaulipas.gob.mx\/radio\/wp-json\/wp\/v2\/users\/281"}],"replies":[{"embeddable":true,"href":"https:\/\/www.tamaulipas.gob.mx\/radio\/wp-json\/wp\/v2\/comments?post=1350"}],"version-history":[{"count":8,"href":"https:\/\/www.tamaulipas.gob.mx\/radio\/wp-json\/wp\/v2\/pages\/1350\/revisions"}],"predecessor-version":[{"id":1430,"href":"https:\/\/www.tamaulipas.gob.mx\/radio\/wp-json\/wp\/v2\/pages\/1350\/revisions\/1430"}],"wp:attachment":[{"href":"https:\/\/www.tamaulipas.gob.mx\/radio\/wp-json\/wp\/v2\/media?parent=1350"}],"curies":[{"name":"wp","href":"https:\/\/api.w.org\/{rel}","templated":true}]}}