{"id":128,"date":"2018-11-28T15:45:42","date_gmt":"2018-11-28T21:45:42","guid":{"rendered":"https:\/\/www.tamaulipas.gob.mx\/radio\/?page_id=128"},"modified":"2025-11-18T15:40:11","modified_gmt":"2025-11-18T21:40:11","slug":"consejeros","status":"publish","type":"page","link":"https:\/\/www.tamaulipas.gob.mx\/radio\/legal\/consejo-ciudadano\/consejeros\/","title":{"rendered":"Consejeros ciudadanos"},"content":{"rendered":"<p><strong>Consejo Ciudadano del Sistema Estatal de Radio y Televisi\u00f3n Tamaulipas<\/strong><\/p>\n<p>El Sistema Estatal de Radio y Televisi\u00f3n Tamaulipas es un organismo p\u00fablico dedicado a garantizar el acceso de la ciudadan\u00eda a contenidos informativos, educativos y culturales de calidad, que promueven la identidad, la pluralidad y el desarrollo social del estado.<\/p>\n<p>Como parte de su compromiso con la transparencia, la participaci\u00f3n ciudadana y la mejora continua, el Sistema cuenta con un Consejo Ciudadano, integrado por mujeres y hombres tamaulipecos distinguidos por su trayectoria profesional, su vocaci\u00f3n de servicio y su compromiso con la libertad de expresi\u00f3n y el fortalecimiento de los medios p\u00fablicos.<\/p>\n<p>Este Consejo tiene como prop\u00f3sito acompa\u00f1ar, analizar y emitir opiniones sobre la programaci\u00f3n, pol\u00edticas p\u00fablicas de comunicaci\u00f3n, proyectos estrat\u00e9gicos y l\u00edneas editoriales del Sistema Estatal, garantizando que cada contenido responda al inter\u00e9s p\u00fablico y a los valores que rigen a los medios p\u00fablicos del pa\u00eds.<\/p>\n<p>El Consejo Ciudadano est\u00e1 constituido por representantes de diversos sectores de la sociedad, quienes aportan sus conocimientos y experiencias para enriquecer el quehacer radiof\u00f3nico de las siguientes estaciones:<\/p>\n<p>XHVIC-107.9 F.M., X.H.L.D.O.- 88.9- FM, X.H.C.G.O.- 90.5 FM, X.H.V.L.N.- 90.9 FM, X.H.S.O.T.- 91.3 FM, X.E.V.I.C.- 1480-AM, X.E.T.U.T.- 1280 AM, X.H.M.A.E.- 94.9 FM, X.E.E.R.O.- 630 AM y XHTPI.- 90.9 FM.<\/p>\n<p>Con la conformaci\u00f3n de este \u00f3rgano ciudadano, el Sistema Estatal de Radio y Televisi\u00f3n Tamaulipas refrenda su compromiso con la rendici\u00f3n de cuentas, la participaci\u00f3n social y la construcci\u00f3n de una comunicaci\u00f3n p\u00fablica moderna, plural y al servicio de todas y todos los tamaulipecos.<!--more--><\/p>\n<div class=\"row\">\n<div class=\"col-lg-2 col-sm-3 col-xs-12\">\n<img loading=\"lazy\" decoding=\"async\" class=\"size-full wp-image-132 aligncenter img-thumbnail  img-responsive\" src=\"https:\/\/www.tamaulipas.gob.mx\/radio\/wp-content\/uploads\/sites\/31\/2025\/11\/dra.-olga-nacori-lopez.png\" alt=\"\" width=\"200\" height=\"200\">\n<\/div>\n<div class=\"col-lg-10 col-sm-9 col-xs-12\">\n<p><strong>Consejera Presidenta &#8211; Dra. Olga Nacori L\u00f3pez Hern\u00e1ndez<\/strong><\/p>\n<p>La Dra. Olga Nacori L\u00f3pez Hern\u00e1ndez es profesora-investigadora con una amplia trayectoria<br \/>\nacad\u00e9mica y profesional en el estudio de problem\u00e1ticas sociales, derechos humanos, violencia y<br \/>\ng\u00e9nero. Es Doctora en Ciencias Sociales con especialidad en Estudios Regionales por El Colegio de la<br \/>\nFrontera Norte y Maestra en Ciencias Sociales por la Facultad Latinoamericana de Ciencias Sociales<br \/>\n(FLACSO-M\u00e9xico).<br \/>\nActualmente se desempe\u00f1a como profesora-investigadora en El Colegio de Tamaulipas, donde<br \/>\ndesarrolla proyectos de investigaci\u00f3n, imparte docencia y asesora trabajos relacionados con<br \/>\nfen\u00f3menos sociales tales como la violencia, la participaci\u00f3n de las mujeres en el espacio p\u00fablico, los<br \/>\nprocesos pol\u00edticos y la promoci\u00f3n de los derechos humanos. Asimismo, ha colaborado como docente<br \/>\nen la Universidad Aut\u00f3noma de Ciudad Ju\u00e1rez y como investigadora en la Universidad de la Sierra<br \/>\nSur.<br \/>\nEn el \u00e1mbito de la consultor\u00eda, ha coordinado el dise\u00f1o de diversos programas estrat\u00e9gicos de<br \/>\ncar\u00e1cter estatal, entre ellos el Programa para la Prevenci\u00f3n Socioecon\u00f3mica de las Violencias y el<br \/>\nPrograma para la Inclusi\u00f3n y Desarrollo de las Personas con Discapacidad en Tamaulipas, as\u00ed como<br \/>\nlineamientos orientados a fomentar la igualdad sustantiva y a erradicar la discriminaci\u00f3n por sexo o<br \/>\ng\u00e9nero en los sectores p\u00fablico y privado.<br \/>\nSu compromiso con la excelencia acad\u00e9mica le ha permitido formar parte del Sistema Nacional de<br \/>\nInvestigadores (Nivel I) y obtener becas de posgrado para estudios de maestr\u00eda y doctorado,<\/p>\n<p>otorgadas por el entonces CONACYT. Es reconocida por su capacidad de an\u00e1lisis, creatividad, \u00e9tica<br \/>\nprofesional y liderazgo en el trabajo interdisciplinario, contribuyendo de manera significativa a la<br \/>\ngeneraci\u00f3n de conocimiento y al fortalecimiento de pol\u00edticas p\u00fablicas con perspectiva de g\u00e9nero y<br \/>\nderechos humanos.<\/p>\n<\/div>\n<\/div>\n<hr \/>\n<div class=\"row\">\n<div class=\"col-lg-2 col-sm-3 col-xs-12\">\n<img loading=\"lazy\" decoding=\"async\" class=\"aligncenter size-full wp-image-133 img-thumbnail  img-responsive\" src=\"https:\/\/www.tamaulipas.gob.mx\/radio\/wp-content\/uploads\/sites\/31\/2025\/11\/dr.-roberto-zuniga-arias.png\" alt=\"\" width=\"300\" height=\"300\">\n<\/div>\n<div class=\"col-lg-10 col-sm-9 col-xs-12\">\n<p><strong>Consejero Secretario &#8211; Dr. Roberto Z\u00fa\u00f1iga Arias<\/strong><\/p>\n<p>El Dr. Roberto Z\u00fa\u00f1iga Arias, originario de Ciudad Victoria, Tamaulipas (16 de enero de 1969), es<br \/>\nLicenciado en Relaciones P\u00fablicas y Licenciado en Derecho y Ciencias Sociales por la Facultad de<br \/>\nDerecho y Ciencias Sociales de la Universidad Aut\u00f3noma de Tamaulipas (UAT). Cuenta con una s\u00f3lida<br \/>\nformaci\u00f3n de posgrado que incluye Diplomados en Derecho Procesal Civil, Mercantil y Familiar;<br \/>\nDerecho Procesal Penal; y Derechos Humanos; as\u00ed como una Especialidad en Derecho Constitucional<br \/>\ny Amparo. Posee, adem\u00e1s, Maestr\u00eda y Doctorado en Administraci\u00f3n P\u00fablica.<br \/>\nEn el \u00e1mbito profesional, ha desempe\u00f1ado diversos cargos de relevancia en instituciones p\u00fablicas y<br \/>\nprivadas, entre los que destacan: Asesor Jur\u00eddico de la Direcci\u00f3n Jur\u00eddica del Sistema DIF Tamaulipas;<br \/>\nVisitador de Juzgados y Secretario de Acuerdos habilitado en el Poder Judicial del Estado; Abogado<br \/>\nen la Secretar\u00eda de Finanzas y en la Contralor\u00eda Gubernamental del Gobierno de Tamaulipas;<br \/>\nEncargado del \u00c1rea Jur\u00eddica en la empresa Grupo SEPIPSA, S.A. de C.V.; y actualmente se desempe\u00f1a<br \/>\ncomo Abogado del Sindicato \u00danico de Trabajadores Acad\u00e9micos de la Universidad Aut\u00f3noma de<br \/>\nTamaulipas.<br \/>\nEn el \u00e1mbito acad\u00e9mico, cuenta con amplia experiencia como docente en programas de licenciatura<br \/>\ny posgrado en instituciones como la Universidad Aut\u00f3noma de Tamaulipas, Universidad La Salle<\/p>\n<p>Victoria, Universidad del Valle de M\u00e9xico, Universidad ICEST y la Universidad Polit\u00e9cnica de Victoria,<br \/>\nimpartiendo c\u00e1tedra en \u00e1reas vinculadas al Derecho, la Administraci\u00f3n, la Criminolog\u00eda, el Turismo,<br \/>\nla Comunicaci\u00f3n, los Negocios Internacionales y la Ingenier\u00eda.<br \/>\nSu compromiso con la ense\u00f1anza y el desarrollo profesional se refleja en su participaci\u00f3n en<br \/>\nm\u00faltiples cursos, talleres y certificaciones, en temas como comercio internacional, legislaci\u00f3n fiscal,<br \/>\nmetodolog\u00eda de la investigaci\u00f3n, \u00e9tica empresarial, estilos de aprendizaje y did\u00e1ctica virtual. Ha sido<br \/>\nasesor de tesis, presidente de la Academia de Derecho de la Licenciatura en Negocios<br \/>\nInternacionales de la UAT, evaluador en procesos de acreditaci\u00f3n acad\u00e9mica y Acreditador<br \/>\nInternacional de Facultades y Escuelas de Derecho en Am\u00e9rica Latina, a trav\u00e9s del Instituto<br \/>\nInternacional de Acreditaci\u00f3n de Derecho (IIDEA), con sede en Cartagena de Indias, Colombia.<br \/>\nEl Dr. Roberto Z\u00fa\u00f1iga Arias se distingue por su amplia trayectoria, s\u00f3lida formaci\u00f3n jur\u00eddica y<br \/>\nadministrativa, y su compromiso con la educaci\u00f3n superior y el fortalecimiento institucional,<br \/>\naportando su experiencia en el \u00e1mbito acad\u00e9mico, profesional y en el servicio p\u00fablico.<\/p>\n<\/div>\n<\/div>\n<hr \/>\n<div class=\"row\">\n<div class=\"col-lg-2 col-sm-3 col-xs-12\">\n<img loading=\"lazy\" decoding=\"async\" class=\"aligncenter size-full wp-image-134 img-thumbnail  img-responsive\" src=\"https:\/\/www.tamaulipas.gob.mx\/radio\/wp-content\/uploads\/sites\/31\/2025\/11\/lic.-pilar-del-carmen-cortes.png\" alt=\"500\" width=\"500\" height=\"500\">\n<\/div>\n<div class=\"col-lg-10 col-sm-9 col-xs-12\">\n<p><strong>Consejera Vocal &#8211; Lic. Pilar del Carmen Cort\u00e9s Hern\u00e1ndez<\/strong><\/p>\n<p>La Lic. Pilar del Carmen Cort\u00e9s Hern\u00e1ndez es una profesional con amplia trayectoria en los \u00e1mbitos<br \/>\ncomercial, administrativo, log\u00edstico y de ventas, con experiencia en los sectores p\u00fablico y privado. Su<br \/>\ncarrera se ha distinguido por el impulso de proyectos estrat\u00e9gicos, el fortalecimiento de relaciones<br \/>\ncomerciales y su capacidad para coordinar operaciones de manera eficiente.<br \/>\nHa desempe\u00f1ado funciones clave en empresas como CRV Log\u00edstica Inmobiliaria y KW Opciones<br \/>\nInmobiliaria, as\u00ed como en el sector transporte y portuario, destacando su labor como encargada de<br \/>\nla oficina Altamira de Transportes Steel Carriers S.A., donde estuvo a cargo de la asignaci\u00f3n de<br \/>\nunidades, control documental, cobranza y atenci\u00f3n a clientes. En el \u00e1mbito institucional, fungi\u00f3<br \/>\ncomo Jefa del Departamento de Negocios Nacionales e Internacionales del Municipio de Altamira,<br \/>\ndesde donde promovi\u00f3 el puerto ante embajadas, c\u00e1maras e industrias, fortaleciendo la vinculaci\u00f3n<br \/>\ncon el sector empresarial e industrial.<br \/>\nSu experiencia incluye tambi\u00e9n la coordinaci\u00f3n log\u00edstica en Ide Log\u00edstica y la gerencia general en<br \/>\nTransporte y Alianza de Occidente, empresa dedicada al transporte terrestre y manejo de carga<br \/>\nportuaria, en la que lider\u00f3 acciones de promoci\u00f3n, ventas y cobranza.<\/p>\n<p>Cuenta con competencias en el uso de Microsoft Office, veh\u00edculo propio para el desarrollo de sus<br \/>\nactividades y una amplia red de contactos en el \u00e1mbito empresarial. Asimismo, es miembro del<br \/>\nColegio de Comunicaci\u00f3n de Tamaulipas, representante en el sur del estado del Consorcio<br \/>\nBinacional CEPEGAS, y colabora activamente con la asociaci\u00f3n EDUCANCER A.C., reafirmando con<br \/>\nello su compromiso social y profesional.<\/p>\n<\/div>\n<\/div>\n","protected":false},"excerpt":{"rendered":"<p>Consejo Ciudadano del Sistema Estatal de Radio y Televisi\u00f3n Tamaulipas El Sistema Estatal de Radio y Televisi\u00f3n Tamaulipas es un organismo p\u00fablico dedicado a garantizar\u2026<\/p>\n","protected":false},"author":1,"featured_media":0,"parent":146,"menu_order":0,"comment_status":"closed","ping_status":"closed","template":"","meta":{"footnotes":""},"class_list":["post-128","page","type-page","status-publish","hentry"],"publishpress_future_action":{"enabled":false,"date":"2026-04-14 23:23:42","action":"change-status","newStatus":"draft","terms":[],"taxonomy":""},"_links":{"self":[{"href":"https:\/\/www.tamaulipas.gob.mx\/radio\/wp-json\/wp\/v2\/pages\/128"}],"collection":[{"href":"https:\/\/www.tamaulipas.gob.mx\/radio\/wp-json\/wp\/v2\/pages"}],"about":[{"href":"https:\/\/www.tamaulipas.gob.mx\/radio\/wp-json\/wp\/v2\/types\/page"}],"author":[{"embeddable":true,"href":"https:\/\/www.tamaulipas.gob.mx\/radio\/wp-json\/wp\/v2\/users\/1"}],"replies":[{"embeddable":true,"href":"https:\/\/www.tamaulipas.gob.mx\/radio\/wp-json\/wp\/v2\/comments?post=128"}],"version-history":[{"count":14,"href":"https:\/\/www.tamaulipas.gob.mx\/radio\/wp-json\/wp\/v2\/pages\/128\/revisions"}],"predecessor-version":[{"id":1306,"href":"https:\/\/www.tamaulipas.gob.mx\/radio\/wp-json\/wp\/v2\/pages\/128\/revisions\/1306"}],"up":[{"embeddable":true,"href":"https:\/\/www.tamaulipas.gob.mx\/radio\/wp-json\/wp\/v2\/pages\/146"}],"wp:attachment":[{"href":"https:\/\/www.tamaulipas.gob.mx\/radio\/wp-json\/wp\/v2\/media?parent=128"}],"curies":[{"name":"wp","href":"https:\/\/api.w.org\/{rel}","templated":true}]}}