{"id":1202,"date":"2025-08-14T11:39:26","date_gmt":"2025-08-14T17:39:26","guid":{"rendered":"https:\/\/www.tamaulipas.gob.mx\/radio\/?page_id=1202"},"modified":"2025-08-14T12:55:07","modified_gmt":"2025-08-14T18:55:07","slug":"4to-trimestre-2022","status":"publish","type":"page","link":"https:\/\/www.tamaulipas.gob.mx\/radio\/4to-trimestre-2022\/","title":{"rendered":"4TO TRIMESTRE 2022"},"content":{"rendered":"<div id=\"custom-collapse-0\" class=\"panel-group\">\n<div class=\"panel panel-default\">\n<div class=\"panel-heading\">\n<h4 class=\"panel-title\"><a class=\"collapsed\" href=\"#custom-collapse-0-0\" data-toggle=\"collapse\"\n                                        data-parent=\"#custom-collapse-0\" aria-expanded=\"false\">Informaci\u00f3n Contable A\u00f1o<br \/>\n                                        2025<\/a><\/h4>\n<\/p><\/div>\n<div id=\"custom-collapse-0-0\" class=\"panel-collapse collapse\" style=\"height: 0px;\"\n                        aria-expanded=\"false\"><\/p>\n<div class=\"panel-body\">\n<ul>\n<li><a href=\"https:\/\/www.tamaulipas.gob.mx\/radio\/wp-content\/uploads\/sites\/31\/2025\/08\/1.-estado-de-situacion-financiera.pdf\" target=\"_blank\" rel=\"noopener\">Estado de situaci\u00f3n financiera<\/a>\n                                        <\/li>\n<li><a href=\"https:\/\/www.tamaulipas.gob.mx\/radio\/wp-content\/uploads\/sites\/31\/2025\/08\/2.-estado-de-actividades.pdf\" target=\"_blank\" rel=\"noopener\">Estado de actividades<\/a>\n<ul>\n<li><a href=\"https:\/\/www.tamaulipas.gob.mx\/radio\/wp-content\/uploads\/sites\/31\/2025\/08\/2.1-estado-de-actividades-analitico-1.pdf\" target=\"_blank\" rel=\"noopener\">Estado de<br \/>\n                                                                        actividades anal\u00edtico<\/a><\/li>\n<\/ul>\n<\/li>\n<li><a href=\"https:\/\/www.tamaulipas.gob.mx\/radio\/wp-content\/uploads\/sites\/31\/2025\/08\/3.-estado-de-variacion-en-la-hacienda-publica.pdf\" target=\"_blank\" rel=\"noopener\">Estado de variaci\u00f3n en la hacienda<br \/>\n                                                        p\u00fablica<\/a><\/li>\n<li><a href=\"https:\/\/www.tamaulipas.gob.mx\/radio\/wp-content\/uploads\/sites\/31\/2025\/08\/4.-estado-de-cambios-en-la-situacion-financiera.pdf\" target=\"_blank\" rel=\"noopener\">Estado de cambios en la situaci\u00f3n<br \/>\n                                                        financiera<\/a><\/li>\n<li><a href=\"https:\/\/www.tamaulipas.gob.mx\/radio\/wp-content\/uploads\/sites\/31\/2025\/08\/5.-estado-de-flujos-de-efectivo.pdf\" target=\"_blank\" rel=\"noopener\">Estado de flujos de efectivo<\/a>\n                                        <\/li>\n<li><a href=\"https:\/\/www.tamaulipas.gob.mx\/radio\/wp-content\/uploads\/sites\/31\/2025\/08\/6.-estado-analitico-del-activo.pdf\" target=\"_blank\" rel=\"noopener\">Estado anal\u00edtico del activo<\/a>\n<ul>\n<li><a href=\"https:\/\/www.tamaulipas.gob.mx\/radio\/wp-content\/uploads\/sites\/31\/2025\/08\/6.1-analitico-de-derechos-a-recibir-efectivo-o-equivalentes-1.pdf\" target=\"_blank\" rel=\"noopener\">Anal\u00edtico de<br \/>\n                                                                        derechos a recibir efectivo o<br \/>\n                                                                        equivalentes<\/a><\/li>\n<li><a href=\"https:\/\/www.tamaulipas.gob.mx\/radio\/wp-content\/uploads\/sites\/31\/2025\/08\/6.2-analitico-de-derechos-a-recibir-bienes-o-servicios-1.pdf\" target=\"_blank\" rel=\"noopener\">Anal\u00edtico de<br \/>\n                                                                        derechos a recibir bienes o<br \/>\n                                                                        servicios<\/a><\/li>\n<li><a href=\"https:\/\/www.tamaulipas.gob.mx\/radio\/wp-content\/uploads\/sites\/31\/2025\/08\/6.3-relacion-de-adquisiciones-de-bienes-muebles-e-inmuebles-1.pdf\" target=\"_blank\" rel=\"noopener\">Relaci\u00f3n de<br \/>\n                                                                        adquisiciones de bienes muebles e<br \/>\n                                                                        inmuebles<\/a><\/li>\n<\/ul>\n<\/li>\n<li><a href=\"https:\/\/www.tamaulipas.gob.mx\/radio\/wp-content\/uploads\/sites\/31\/2025\/08\/7.-estado-analitico-de-la-deuda-y-otros-pasivos.pdf\" target=\"_blank\" rel=\"noopener\">Estado anal\u00edtico de la deuda y<br \/>\n                                                        otros pasivos<\/a><\/p>\n<ul>\n<li><a href=\"https:\/\/www.tamaulipas.gob.mx\/radio\/wp-content\/uploads\/sites\/31\/2025\/08\/7.1-reporte-analitico-del-pasivo-1.pdf\" target=\"_blank\" rel=\"noopener\">Reporte anal\u00edtico<br \/>\n                                                                        del pasivo<\/a><\/li>\n<li><a href=\"https:\/\/www.tamaulipas.gob.mx\/radio\/wp-content\/uploads\/sites\/31\/2025\/08\/7.2-analitico-de-cuentas-por-pagar-corto-y-largo-plazo-1.pdf\" target=\"_blank\" rel=\"noopener\">Anal\u00edtico de<br \/>\n                                                                        cuentas por pagar (corto y largo<br \/>\n                                                                        plazo)<\/a><\/li>\n<\/ul>\n<\/li>\n<li><a href=\"https:\/\/www.tamaulipas.gob.mx\/radio\/wp-content\/uploads\/sites\/31\/2025\/08\/8.-informe-sobre-pasivos-contingentes.pdf\" target=\"_blank\" rel=\"noopener\">Informe sobre pasivos<br \/>\n                                                        contingentes<\/a><\/li>\n<li><a href=\"https:\/\/www.tamaulipas.gob.mx\/radio\/wp-content\/uploads\/sites\/31\/2025\/08\/9.-notas-a-los-estados-financieros.pdf\" target=\"_blank\" rel=\"noopener\">Notas a los estados<br \/>\n                                                        financieros<\/a><\/li>\n<\/ul><\/div>\n<\/p><\/div>\n<\/p><\/div>\n<div class=\"panel panel-default\">\n<div class=\"panel-heading\">\n<h4 class=\"panel-title\"><a class=\"collapsed\" href=\"#custom-collapse-0-1\" data-toggle=\"collapse\"\n                                        data-parent=\"#custom-collapse-0\" aria-expanded=\"false\">Informaci\u00f3n<br \/>\n                                        Presupuestaria<\/a><\/h4>\n<\/p><\/div>\n<div id=\"custom-collapse-0-1\" class=\"panel-collapse collapse\" aria-expanded=\"false\">\n<div class=\"panel-body\">\n<ul>\n<li><a href=\"https:\/\/www.tamaulipas.gob.mx\/radio\/wp-content\/uploads\/sites\/31\/2025\/08\/10.-estado-analitico-de-ingresos.pdf\" target=\"_blank\" rel=\"noopener\">Estado anal\u00edtico de ingresos<\/a>\n                                        <\/li>\n<li><a href=\"https:\/\/www.tamaulipas.gob.mx\/radio\/wp-content\/uploads\/sites\/31\/2025\/08\/11.-estado-analitico-del-ejercicio-del-prespuesto-de-egresos-clasificacion-por-objeto-del-gasto-capitulo-y-concepto.pdf\" target=\"_blank\" rel=\"noopener\">Estado anal\u00edtico del ejercicio del<br \/>\n                                                        presupuesto de egresos<br \/>\n                                                        clasificaci\u00f3n por objeto del gasto<\/a><\/p>\n<ul>\n<li><a href=\"https:\/\/www.tamaulipas.gob.mx\/radio\/wp-content\/uploads\/sites\/31\/2025\/08\/11.1reporte-analitico-del-ejercicio-del-presupuesto-de-egresos-por-partida-hasta-4-nivel.pdf\" target=\"_blank\" rel=\"noopener\">Reporte anal\u00edtico<br \/>\n                                                                        del ejercicio del presupuesto de<br \/>\n                                                                        egresos (por partida hasta el 4\u00b0 nivel)<\/a><\/li>\n<\/ul>\n<\/li>\n<li><a href=\"https:\/\/www.tamaulipas.gob.mx\/radio\/wp-content\/uploads\/sites\/31\/2025\/08\/12.-estado-analitico-del-ejercicio-del-presupuesto-de-egresos-clasificacion-economica-por-tipo-de-gasto.pdf\" target=\"_blank\" rel=\"noopener\">Estado anal\u00edtico del ejercicio del<br \/>\n                                                        presupuesto de egresos<br \/>\n                                                        clasificaci\u00f3n econ\u00f3mica<\/a><\/li>\n<li><a href=\"https:\/\/www.tamaulipas.gob.mx\/radio\/wp-content\/uploads\/sites\/31\/2025\/08\/13.-estado-analitico-del-ejercicio-del-presupuesto-de-egresos-clasificacion-administrativa.pdf\" target=\"_blank\" rel=\"noopener\">Estado anal\u00edtico del ejercicio del<br \/>\n                                                        presupuesto de egresos<br \/>\n                                                        clasificaci\u00f3n administrativa<\/a><\/li>\n<li><a href=\"https:\/\/www.tamaulipas.gob.mx\/radio\/wp-content\/uploads\/sites\/31\/2025\/08\/14.-estado-analitico-del-ejercicio-del-presupuesto-de-egresos-clasificacion-funcional-finalidad-y-funcion.pdf\" target=\"_blank\" rel=\"noopener\">Estado anal\u00edtico del ejercicio del<br \/>\n                                                        presupuesto de egresos<br \/>\n                                                        clasificaci\u00f3n funcional<\/a><\/li>\n<li><a href=\"https:\/\/www.tamaulipas.gob.mx\/radio\/wp-content\/uploads\/sites\/31\/2025\/08\/15.-endeudamiento-neto.pdf\" target=\"_blank\" rel=\"noopener\">Endeudamiento neto<\/a><\/li>\n<li><a href=\"https:\/\/www.tamaulipas.gob.mx\/radio\/wp-content\/uploads\/sites\/31\/2025\/08\/16.-intereses-de-la-deuda.pdf\" target=\"_blank\" rel=\"noopener\">Intereses de la deuda<\/a><\/li>\n<li><a href=\"https:\/\/www.tamaulipas.gob.mx\/radio\/wp-content\/uploads\/sites\/31\/2025\/08\/17.-deuda-publica.pdf\" target=\"_blank\" rel=\"noopener\">Deuda publica<\/a><\/li>\n<\/ul><\/div>\n<\/p><\/div>\n<\/p><\/div>\n<div class=\"panel panel-default\">\n<div class=\"panel-heading\">\n<h4 class=\"panel-title\"><a class=\"collapsed\" href=\"#custom-collapse-0-2\" data-toggle=\"collapse\"\n                                        data-parent=\"#custom-collapse-0\" aria-expanded=\"false\">Informaci\u00f3n<br \/>\n                                        Program\u00e1tica<\/a><\/h4>\n<\/p><\/div>\n<div id=\"custom-collapse-0-2\" class=\"panel-collapse collapse\" aria-expanded=\"false\">\n<div class=\"panel-body\">\n<ul>\n<li><a href=\"https:\/\/www.tamaulipas.gob.mx\/radio\/wp-content\/uploads\/sites\/31\/2025\/08\/18.-gasto-por-categoria-programatica.pdf\" target=\"_blank\" rel=\"noopener\">Gasto por categor\u00eda<br \/>\n                                                        program\u00e1tica<\/a><\/li>\n<li><a href=\"https:\/\/www.tamaulipas.gob.mx\/radio\/wp-content\/uploads\/sites\/31\/2025\/08\/19.-programas-y-proyectos-de-inversion.pdf\" target=\"_blank\" rel=\"noopener\">Programas y proyectos de<br \/>\n                                                        inversi\u00f3n<\/a><\/li>\n<li><a href=\"https:\/\/www.tamaulipas.gob.mx\/radio\/wp-content\/uploads\/sites\/31\/2025\/08\/20.-indicadores-de-resultados.pdf\" target=\"_blank\" rel=\"noopener\">Indicadores de resultados<\/a><\/li>\n<\/ul><\/div>\n<\/p><\/div>\n<\/p><\/div>\n<div class=\"panel panel-default\">\n<div class=\"panel-heading\">\n<h4 class=\"panel-title\"><a class=\"collapsed\" href=\"#custom-collapse-0-3\" data-toggle=\"collapse\"\n                                        data-parent=\"#custom-collapse-0\" aria-expanded=\"false\">Informaci\u00f3n Adicional<\/a><br \/>\n                        <\/h4>\n<\/p><\/div>\n<div id=\"custom-collapse-0-3\" class=\"panel-collapse collapse\" aria-expanded=\"false\">\n<div class=\"panel-body\">\n<ul>\n<li><a href=\"https:\/\/www.tamaulipas.gob.mx\/radio\/wp-content\/uploads\/sites\/31\/2025\/08\/21.-informe-y-avance-de-obras-publicas.pdf\" target=\"_blank\" rel=\"noopener\">Informe y avance de obras publicas<br \/>\n                                                        y servicios relacionados<br \/>\n                                                        con las mismas<\/a><\/li>\n<li><a href=\"https:\/\/www.tamaulipas.gob.mx\/radio\/wp-content\/uploads\/sites\/31\/2025\/08\/22.-factibilidades.pdf\" target=\"_blank\" rel=\"noopener\">Factibilidades<\/a><\/li>\n<\/ul><\/div>\n<\/p><\/div>\n<\/p><\/div>\n<div class=\"panel panel-default\">\n<div class=\"panel-heading\">\n<h4 class=\"panel-title\"><a class=\"collapsed\" href=\"#custom-collapse-0-4\" data-toggle=\"collapse\"\n                                        data-parent=\"#custom-collapse-0\" aria-expanded=\"false\">Disciplina Financiera<\/a><br \/>\n                        <\/h4>\n<\/p><\/div>\n<div id=\"custom-collapse-0-4\" class=\"panel-collapse collapse\" aria-expanded=\"false\">\n<div class=\"panel-body\">\n<ul>\n<li><a href=\"https:\/\/www.tamaulipas.gob.mx\/radio\/wp-content\/uploads\/sites\/31\/2025\/08\/1.-estado-de-situacion-financiera-detallado-ldf.pdf\">LDF<br \/>\n                                                        Estado de situaci\u00f3n financiera detallado<\/a><\/li>\n<li><a href=\"https:\/\/www.tamaulipas.gob.mx\/radio\/wp-content\/uploads\/sites\/31\/2025\/08\/2.-informe-analitico-de-la-deuda-publica-y-otros-pasivo-ldf.pdf\">LDF<br \/>\n                                                        Informe anal\u00edtico de la deuda p\u00fablica y otros pasivos<\/a><\/li>\n<li><a href=\"https:\/\/www.tamaulipas.gob.mx\/radio\/wp-content\/uploads\/sites\/31\/2025\/08\/3.-informe-analitico-de-obligaciones-diferentes-de-financiamiento-ldf.pdf\">LDF<br \/>\n                                                        Informe anal\u00edtico de obligaciones diferentes de<br \/>\n                                                        financiamiento<\/a><\/li>\n<li><a href=\"https:\/\/www.tamaulipas.gob.mx\/radio\/wp-content\/uploads\/sites\/31\/2025\/08\/4.-balance-presupuestario-ldf.pdf\">LDF<br \/>\n                                                        Balance presupuestario<\/a><\/li>\n<li><a href=\"https:\/\/www.tamaulipas.gob.mx\/radio\/wp-content\/uploads\/sites\/31\/2025\/08\/5.-estado-analitico-de-ingresos-detallado-ldf.pdf\">LDF<br \/>\n                                                        Estado anal\u00edtico de ingresos detallado<\/a><\/li>\n<li><a href=\"https:\/\/www.tamaulipas.gob.mx\/radio\/wp-content\/uploads\/sites\/31\/2025\/08\/6a.-estado-analitico-del-ejercicio-del-presupuesto-de-egresos-detallado-ldf-clasificacion-por-objeto-del-gasto.pdf\">LDF<br \/>\n                                                        Estado anal\u00edtico del ejercicio del presupuesto de egresos<br \/>\n                                                        detallado por objeto del gasto<\/a>\n                                        <\/li>\n<li><a href=\"https:\/\/www.tamaulipas.gob.mx\/radio\/wp-content\/uploads\/sites\/31\/2025\/08\/6b.-estado-analitico-del-ejercicio-del-presupuesto-de-egresos-detallado-ldf-clasificacion-admnistrativa.pdf\">LDF<br \/>\n                                                        Estado anal\u00edtico del ejercicio del presupuesto de egresos<br \/>\n                                                        detallado por clasificaci\u00f3n<br \/>\n                                                        administrativa<\/a><\/li>\n<li><a href=\"https:\/\/www.tamaulipas.gob.mx\/radio\/wp-content\/uploads\/sites\/31\/2025\/08\/6c.-estado-analitico-del-ejercicio-del-presupuesto-de-egresos-detallado-ldf-clasificacion-de-servicios-personales-por-categoria.pdf\">LDF<br \/>\n                                                        Estado anal\u00edtico del ejercicio del presupuesto de egresos<br \/>\n                                                        detallado por clasificaci\u00f3n<br \/>\n                                                        funcional<\/a><\/li>\n<li><a href=\"https:\/\/www.tamaulipas.gob.mx\/radio\/wp-content\/uploads\/sites\/31\/2025\/08\/6d.-estado-analitico-del-ejercicio-del-presupuesto-de-egresos-detallado-ldf-clasificacion-funcional.pdf\">LDF<br \/>\n                                                        Estado anal\u00edtico del ejercicio del presupuesto de egresos<br \/>\n                                                        detallado clasificaci\u00f3n de<br \/>\n                                                        servicios personales por categor\u00eda<\/a><\/li>\n<\/ul><\/div>\n<\/p><\/div>\n<\/p><\/div>\n<div class=\"panel panel-default\">\n<div class=\"panel-heading\">\n<h4 class=\"panel-title\"><a class=\"collapsed\" href=\"#custom-collapse-0-5\" data-toggle=\"collapse\"\n                                        data-parent=\"#custom-collapse-0\" aria-expanded=\"false\">Anexos<\/a><\/h4>\n<\/p><\/div>\n<div id=\"custom-collapse-0-5\" class=\"panel-collapse collapse\" aria-expanded=\"false\">\n<div class=\"panel-body\">\n<ul>\n<li><a href=\"https:\/\/www.tamaulipas.gob.mx\/radio\/wp-content\/uploads\/sites\/31\/2025\/08\/subsidios-y-ayudas-4to-trim-2022.pdf\" target=\"_blank\" rel=\"noopener\">Subsidios y ayudas<\/a><\/li>\n<li><a href=\"https:\/\/www.tamaulipas.gob.mx\/radio\/wp-content\/uploads\/sites\/31\/2025\/08\/relacion-de-bienes-muebles.pdf\" target=\"_blank\" rel=\"noopener\">Relaci\u00f3n de Bienes Inmuebles<\/a>\n                                        <\/li>\n<p>                                        <!-- \n\n<li><a href=\"\" target=\"_blank\" rel=\"noopener\">Relaci\u00f3n de Bienes Muebles<\/a> -->\n                                        <\/li>\n<\/ul><\/div>\n<\/p><\/div>\n<\/p><\/div>\n<\/div>\n","protected":false},"excerpt":{"rendered":"<p>Informaci\u00f3n Contable A\u00f1o 2025 Estado de situaci\u00f3n financiera Estado de actividades Estado de actividades anal\u00edtico Estado de variaci\u00f3n en la hacienda p\u00fablica Estado de cambios\u2026<\/p>\n","protected":false},"author":281,"featured_media":0,"parent":0,"menu_order":0,"comment_status":"closed","ping_status":"closed","template":"","meta":{"footnotes":""},"class_list":["post-1202","page","type-page","status-publish","hentry"],"publishpress_future_action":{"enabled":false,"date":"2026-04-14 23:23:40","action":"change-status","newStatus":"draft","terms":[],"taxonomy":""},"_links":{"self":[{"href":"https:\/\/www.tamaulipas.gob.mx\/radio\/wp-json\/wp\/v2\/pages\/1202"}],"collection":[{"href":"https:\/\/www.tamaulipas.gob.mx\/radio\/wp-json\/wp\/v2\/pages"}],"about":[{"href":"https:\/\/www.tamaulipas.gob.mx\/radio\/wp-json\/wp\/v2\/types\/page"}],"author":[{"embeddable":true,"href":"https:\/\/www.tamaulipas.gob.mx\/radio\/wp-json\/wp\/v2\/users\/281"}],"replies":[{"embeddable":true,"href":"https:\/\/www.tamaulipas.gob.mx\/radio\/wp-json\/wp\/v2\/comments?post=1202"}],"version-history":[{"count":3,"href":"https:\/\/www.tamaulipas.gob.mx\/radio\/wp-json\/wp\/v2\/pages\/1202\/revisions"}],"predecessor-version":[{"id":1247,"href":"https:\/\/www.tamaulipas.gob.mx\/radio\/wp-json\/wp\/v2\/pages\/1202\/revisions\/1247"}],"wp:attachment":[{"href":"https:\/\/www.tamaulipas.gob.mx\/radio\/wp-json\/wp\/v2\/media?parent=1202"}],"curies":[{"name":"wp","href":"https:\/\/api.w.org\/{rel}","templated":true}]}}