{"id":1011,"date":"2025-01-23T13:20:44","date_gmt":"2025-01-23T19:20:44","guid":{"rendered":"https:\/\/www.tamaulipas.gob.mx\/radio\/?page_id=1011"},"modified":"2025-02-20T11:57:50","modified_gmt":"2025-02-20T17:57:50","slug":"cuarto-informe-trimestral","status":"publish","type":"page","link":"https:\/\/www.tamaulipas.gob.mx\/radio\/cuarto-informe-trimestral\/","title":{"rendered":"Cuarto Informe Trimestral"},"content":{"rendered":"<div id=\"custom-collapse-0\" class=\"panel-group\">\n<div class=\"panel panel-default\">\n<div class=\"panel-heading\">\n<h4 class=\"panel-title\"><a class=\"collapsed\" href=\"#custom-collapse-0-0\" data-toggle=\"collapse\" data-parent=\"#custom-collapse-0\" aria-expanded=\"false\">Informaci\u00f3n Contable A\u00f1o 2024<\/a><\/h4>\n<\/p><\/div>\n<div id=\"custom-collapse-0-0\" class=\"panel-collapse collapse\" style=\"height: 0px;\" aria-expanded=\"false\">\n<div class=\"panel-body\">\n<ul>\n<li><a href=\"https:\/\/www.tamaulipas.gob.mx\/radio\/wp-content\/uploads\/sites\/31\/2025\/02\/1-estado-de-situacion-financiera.pdf\" target=\"_blank\" rel=\"noopener\">Estado de situaci\u00f3n financiera<\/a><\/li>\n<li><a href=\"https:\/\/www.tamaulipas.gob.mx\/radio\/wp-content\/uploads\/sites\/31\/2025\/02\/2-estado-de-actividades.pdf\" target=\"_blank\" rel=\"noopener\">Estado de actividades<\/a>\n<ul>\n<li><a href=\"https:\/\/www.tamaulipas.gob.mx\/radio\/wp-content\/uploads\/sites\/31\/2025\/02\/2.1-estado-de-actividades-analitico.pdf\" target=\"_blank\" rel=\"noopener\">Estado de actividades anal\u00edtico<\/a><\/li>\n<\/ul>\n<\/li>\n<li><a href=\"https:\/\/www.tamaulipas.gob.mx\/radio\/wp-content\/uploads\/sites\/31\/2025\/02\/3-estado-de-variacion-en-la-hacienda-publica.pdf\" target=\"_blank\" rel=\"noopener\">Estado de variaci\u00f3n en la hacienda p\u00fablica<\/a><\/li>\n<li><a href=\"https:\/\/www.tamaulipas.gob.mx\/radio\/wp-content\/uploads\/sites\/31\/2025\/02\/4-estado-de-cambios-en-la-situacion-financiera.pdf\" target=\"_blank\" rel=\"noopener\">Estado de cambios en la situaci\u00f3n financiera<\/a><\/li>\n<li><a href=\"https:\/\/www.tamaulipas.gob.mx\/radio\/wp-content\/uploads\/sites\/31\/2025\/02\/5-estados-de-flujos-de-efectivo.pdf\" target=\"_blank\" rel=\"noopener\">Estado de flujos de efectivo<\/a><\/li>\n<li><a href=\"https:\/\/www.tamaulipas.gob.mx\/radio\/wp-content\/uploads\/sites\/31\/2025\/02\/6-estado-analitico-del-activo.pdf\" target=\"_blank\" rel=\"noopener\">Estado anal\u00edtico del activo<\/a>\n<ul>\n<li><a href=\"https:\/\/www.tamaulipas.gob.mx\/radio\/wp-content\/uploads\/sites\/31\/2025\/02\/6.1-analitico-de-derechos-a-recibir-efectivo-o-equivalentes.pdf\" target=\"_blank\" rel=\"noopener\">Anal\u00edtico de derechos a recibir efectivo o equivalentes<\/a><\/li>\n<li><a href=\"https:\/\/www.tamaulipas.gob.mx\/radio\/wp-content\/uploads\/sites\/31\/2025\/02\/6.2-analitico-de-derechos-a-recibir-bienes-o-servicios.pdf\" target=\"_blank\" rel=\"noopener\">Anal\u00edtico de derechos a recibir bienes o servicios<\/a><\/li>\n<li><a href=\"https:\/\/www.tamaulipas.gob.mx\/radio\/wp-content\/uploads\/sites\/31\/2025\/02\/6.3-relacion-de-aquisicion-de-bienesmuebles-e-inmuebles.pdf\" target=\"_blank\" rel=\"noopener\">Relaci\u00f3n de adquisiciones de bienes muebles o inmuebles<\/a><\/li>\n<\/ul>\n<\/li>\n<li><a href=\"https:\/\/www.tamaulipas.gob.mx\/radio\/wp-content\/uploads\/sites\/31\/2025\/02\/7-estado-analitico-de-la-deuda.pdf\" target=\"_blank\" rel=\"noopener\">Estado anal\u00edtico de la deuda y otros pasivos<\/a>\n<ul>\n<li><a href=\"https:\/\/www.tamaulipas.gob.mx\/radio\/wp-content\/uploads\/sites\/31\/2025\/02\/7.1-reporte-analitico-del-pasivo.pdf\" target=\"_blank\" rel=\"noopener\">Reporte anal\u00edtico del pasivo<\/a><\/li>\n<li><a href=\"https:\/\/www.tamaulipas.gob.mx\/radio\/wp-content\/uploads\/sites\/31\/2025\/02\/7.2-analitico-de-cuentas-por-pagar.pdf\" target=\"_blank\" rel=\"noopener\">Anal\u00edtico de cuentas por pagar (corto y largo plazo)<\/a><\/li>\n<\/ul>\n<\/li>\n<li><a href=\"https:\/\/www.tamaulipas.gob.mx\/radio\/wp-content\/uploads\/sites\/31\/2025\/02\/8-informe-sobre-pasivos-y-contingentes.pdf\" target=\"_blank\" rel=\"noopener\">Informe sobre pasivos contingentes<\/a><\/li>\n<li><a href=\"https:\/\/www.tamaulipas.gob.mx\/radio\/wp-content\/uploads\/sites\/31\/2025\/02\/9-notas-a-los-estados-financieros.pdf\" target=\"_blank\" rel=\"noopener\">Notas a los estados financieros<\/a><\/li>\n<\/ul><\/div>\n<\/div>\n<\/div>\n<div class=\"panel panel-default\">\n<div class=\"panel-heading\">\n<h4 class=\"panel-title\"><a class=\"collapsed\" href=\"#custom-collapse-0-1\" data-toggle=\"collapse\" data-parent=\"#custom-collapse-0\" aria-expanded=\"false\">Informaci\u00f3n Presupuestaria<\/a><\/h4>\n<\/p><\/div>\n<div id=\"custom-collapse-0-1\" class=\"panel-collapse collapse\" aria-expanded=\"false\">\n<div class=\"panel-body\">\n<ul>\n<li><a href=\"https:\/\/www.tamaulipas.gob.mx\/radio\/wp-content\/uploads\/sites\/31\/2025\/02\/10-estado-analitico-de-ingresos-clasificador-rubro-de-ingresos-y-por-fuente-de-financiamiento.pdf\" target=\"_blank\" rel=\"noopener\">Estado anal\u00edtico de ingresos<\/a><\/li>\n<li><a href=\"https:\/\/www.tamaulipas.gob.mx\/radio\/wp-content\/uploads\/sites\/31\/2025\/02\/11-estado-analitico-del-ejercicio-del-presupuesto-de-egresos-clasificacion-por-objeto-del-gasto-capitulo-y-concepto.pdf\" target=\"_blank\" rel=\"noopener\">Estado anal\u00edtico del ejercicio del presupuesto de egresos clasificaci\u00f3n por objeto del gasto<\/a><\/li>\n<\/ul>\n<li><a href=\"https:\/\/www.tamaulipas.gob.mx\/radio\/wp-content\/uploads\/sites\/31\/2025\/02\/11.1-reporte-analitico-del-ejercicio-del-presupuesto-de-egresos-por-partida-hasta-4o-nivel.pdf\" target=\"_blank\" rel=\"noopener\">Reporte anal\u00edtico del ejercicio del presupuesto de egresos (por partida hasta el 4\u00b0 nivel)<\/a><\/li>\n<ul>\n<li><a href=\"https:\/\/www.tamaulipas.gob.mx\/radio\/wp-content\/uploads\/sites\/31\/2025\/02\/12-estado-analitico-del-ejercicio-del-presupuesto-de-egresos-clasificacion-economica-por-tipo-de-gasto.pdf\" target=\"_blank\" rel=\"noopener\">Estado anal\u00edtico del ejercicio del presupuesto de egresos clasificaci\u00f3n econ\u00f3mica<\/a><\/li>\n<li><a href=\"https:\/\/www.tamaulipas.gob.mx\/radio\/wp-content\/uploads\/sites\/31\/2025\/02\/13-estado-analitico-del-ejercicio-del-presupuesto-de-egresos-clasificacion-administrativa.pdf\" target=\"_blank\" rel=\"noopener\">Estado anal\u00edtico del ejercicio del presupuesto de egresos clasificaci\u00f3n administrativa<\/a><\/li>\n<\/ul><\/div>\n<div class=\"panel-body\">\n<ul>\n<li><a href=\"https:\/\/www.tamaulipas.gob.mx\/radio\/wp-content\/uploads\/sites\/31\/2025\/02\/14-estado-analitico-del-presupuesto-de-egresos-clasificacion-funcional-finalidad-y-funcion.pdf\" target=\"_blank\" rel=\"noopener\">Estado anal\u00edtico del ejercicio del presupuesto de egresos clasificaci\u00f3n funcional<\/a><\/li>\n<li><a href=\"https:\/\/www.tamaulipas.gob.mx\/radio\/wp-content\/uploads\/sites\/31\/2025\/02\/15-endeudamiento.pdf\" target=\"_blank\" rel=\"noopener\">Endeudamiento neto<\/a><\/li>\n<li><a href=\"https:\/\/www.tamaulipas.gob.mx\/radio\/wp-content\/uploads\/sites\/31\/2025\/02\/16-intereses-de-la-deuda.pdf\" target=\"_blank\" rel=\"noopener\">Intereses de la deuda<\/a><\/li>\n<li><a href=\"https:\/\/www.tamaulipas.gob.mx\/radio\/wp-content\/uploads\/sites\/31\/2025\/02\/17-deuda-publica.pdf\" target=\"_blank\" rel=\"noopener\">Deuda publica<\/a><\/li>\n<\/ul><\/div>\n<\/p><\/div>\n<\/p><\/div>\n<div class=\"panel panel-default\">\n<div class=\"panel-heading\">\n<h4 class=\"panel-title\"><a class=\"collapsed\" href=\"#custom-collapse-0-2\" data-toggle=\"collapse\" data-parent=\"#custom-collapse-0\" aria-expanded=\"false\">Informaci\u00f3n Program\u00e1tica<\/a><\/h4>\n<\/p><\/div>\n<div id=\"custom-collapse-0-2\" class=\"panel-collapse collapse\" aria-expanded=\"false\">\n<div class=\"panel-body\">\n<ul>\n<li><a href=\"https:\/\/www.tamaulipas.gob.mx\/radio\/wp-content\/uploads\/sites\/31\/2025\/02\/18-gasto-por-categoria-programatica.pdf\" target=\"_blank\" rel=\"noopener\">Gasto por categor\u00eda program\u00e1tica<\/a><\/li>\n<li><a href=\"https:\/\/www.tamaulipas.gob.mx\/radio\/wp-content\/uploads\/sites\/31\/2025\/02\/19-programas-y-proyectos-de-inversion.pdf\" target=\"_blank\" rel=\"noopener\">Programas y proyectos de inversi\u00f3n<\/a><\/li>\n<li><a href=\"https:\/\/www.tamaulipas.gob.mx\/radio\/wp-content\/uploads\/sites\/31\/2025\/02\/20-indicadores-de-resultados.pdf\" target=\"_blank\" rel=\"noopener\">Indicadores de resultados<\/a><\/li>\n<\/ul><\/div>\n<\/p><\/div>\n<\/p><\/div>\n<div class=\"panel panel-default\">\n<div class=\"panel-heading\">\n<h4 class=\"panel-title\"><a class=\"collapsed\" href=\"#custom-collapse-0-3\" data-toggle=\"collapse\" data-parent=\"#custom-collapse-0\" aria-expanded=\"false\">Informaci\u00f3n Adicional<\/a><\/h4>\n<\/p><\/div>\n<div id=\"custom-collapse-0-3\" class=\"panel-collapse collapse\" aria-expanded=\"false\">\n<div class=\"panel-body\">\n<ul>\n<li><a href=\"https:\/\/www.tamaulipas.gob.mx\/radio\/wp-content\/uploads\/sites\/31\/2025\/02\/21-informe-y-avance-de-obra-publicas-y-servicios-relacionados-con-las-mismas.pdf\" target=\"_blank\" rel=\"noopener\">Informe y avance de obras publicas y servicios relacionados con las mismas<\/a><\/li>\n<li><a href=\"https:\/\/www.tamaulipas.gob.mx\/radio\/wp-content\/uploads\/sites\/31\/2025\/02\/22-factibilidades.pdf\" target=\"_blank\" rel=\"noopener\">Factibilidades<\/a><\/li>\n<\/ul><\/div>\n<\/p><\/div>\n<\/p><\/div>\n<div class=\"panel panel-default\">\n<div class=\"panel-heading\">\n<h4 class=\"panel-title\"><a class=\"collapsed\" href=\"#custom-collapse-0-4\" data-toggle=\"collapse\" data-parent=\"#custom-collapse-0\" aria-expanded=\"false\">Disciplina Financiera<\/a><\/h4>\n<\/p><\/div>\n<div id=\"custom-collapse-0-4\" class=\"panel-collapse collapse\" aria-expanded=\"false\">\n<div class=\"panel-body\">\n<ul>\n<li><a href=\"\" target=\"_blank\" rel=\"noopener\">LDF Estado de situaci\u00f3n financiera detallado<\/a><\/li>\n<li><a href=\"\" target=\"_blank\" rel=\"noopener\">LDF Informe anal\u00edtico de la deuda p\u00fablica y otros pasivos<\/a><\/li>\n<li><a href=\"\" target=\"_blank\" rel=\"noopener\">LDF Informe anal\u00edtico de obligaciones diferentes de financiamiento<\/a><\/li>\n<li><a href=\"\" target=\"_blank\" rel=\"noopener\">LDF Balance presupuestario<\/a><\/li>\n<li><a href=\"\" target=\"_blank\" rel=\"noopener\">LDF Estado anal\u00edtico de ingresos detallado<\/a><\/li>\n<li><a href=\"\" target=\"_blank\" rel=\"noopener\">LDF Estado anal\u00edtico del ejercicio del presupuesto de egresos detallado por objeto del gasto<\/a><\/li>\n<li><a href=\"\" target=\"_blank\" rel=\"noopener\">LDF Estado anal\u00edtico del ejercicio del presupuesto de egresos detallado por clasificaci\u00f3n administrativa<\/a><\/li>\n<li><a href=\"\" target=\"_blank\" rel=\"noopener\">LDF Estado anal\u00edtico del ejercicio del presupuesto de egresos detallado por clasificaci\u00f3n funcional<\/a><\/li>\n<li><a href=\"\" target=\"_blank\" rel=\"noopener\">LDF Estado anal\u00edtico del ejercicio del presupuesto de egresos detallado clasificaci\u00f3n de servicios personales por categor\u00eda<\/a><\/li>\n<\/ul><\/div>\n<\/p><\/div>\n<\/p><\/div>\n<div class=\"panel panel-default\">\n<div class=\"panel-heading\">\n<h4 class=\"panel-title\"><a class=\"collapsed\" href=\"#custom-collapse-0-5\" data-toggle=\"collapse\" data-parent=\"#custom-collapse-0\" aria-expanded=\"false\">Anexos<\/a><\/h4>\n<\/div>\n<div id=\"custom-collapse-0-5\" class=\"panel-collapse collapse\" aria-expanded=\"false\">\n<div class=\"panel-body\">\n<ul>\n<li><a target=\"_blank\" href=\"https:\/\/www.tamaulipas.gob.mx\/radio\/wp-content\/uploads\/sites\/31\/2025\/02\/subsidios-y-ayudas.pdf\" rel=\"noopener\">Subsidios y Ayudas<\/a><\/li>\n<li><a target=\"_blank\" href=\"https:\/\/www.tamaulipas.gob.mx\/radio\/wp-content\/uploads\/sites\/31\/2025\/02\/02-relacion-de-bienes-muebles-al-31-dic-2024.pdf\" rel=\"noopener\">Relaci\u00f3n de Bienes Muebles al 31 de Diciembre de 2024<\/a><\/li>\n<li><a target=\"_blank\" href=\"https:\/\/www.tamaulipas.gob.mx\/radio\/wp-content\/uploads\/sites\/31\/2025\/02\/01-relacion-de-bienes-inmuebles-al-31-dic-2024.pdf\" rel=\"noopener\">Relaci\u00f3n de Bienes Inmuebles al 31 de Diciembre de 2024<\/a><\/li>\n<\/ul>\n<\/div>\n<\/div>\n<\/div>\n<\/div>\n","protected":false},"excerpt":{"rendered":"<p>Informaci\u00f3n Contable A\u00f1o 2024 Estado de situaci\u00f3n financiera Estado de actividades Estado de actividades anal\u00edtico Estado de variaci\u00f3n en la hacienda p\u00fablica Estado de cambios\u2026<\/p>\n","protected":false},"author":281,"featured_media":0,"parent":0,"menu_order":0,"comment_status":"closed","ping_status":"closed","template":"","meta":{"footnotes":""},"class_list":["post-1011","page","type-page","status-publish","hentry"],"publishpress_future_action":{"enabled":false,"date":"2026-04-14 23:04:52","action":"change-status","newStatus":"draft","terms":[],"taxonomy":""},"_links":{"self":[{"href":"https:\/\/www.tamaulipas.gob.mx\/radio\/wp-json\/wp\/v2\/pages\/1011"}],"collection":[{"href":"https:\/\/www.tamaulipas.gob.mx\/radio\/wp-json\/wp\/v2\/pages"}],"about":[{"href":"https:\/\/www.tamaulipas.gob.mx\/radio\/wp-json\/wp\/v2\/types\/page"}],"author":[{"embeddable":true,"href":"https:\/\/www.tamaulipas.gob.mx\/radio\/wp-json\/wp\/v2\/users\/281"}],"replies":[{"embeddable":true,"href":"https:\/\/www.tamaulipas.gob.mx\/radio\/wp-json\/wp\/v2\/comments?post=1011"}],"version-history":[{"count":8,"href":"https:\/\/www.tamaulipas.gob.mx\/radio\/wp-json\/wp\/v2\/pages\/1011\/revisions"}],"predecessor-version":[{"id":1053,"href":"https:\/\/www.tamaulipas.gob.mx\/radio\/wp-json\/wp\/v2\/pages\/1011\/revisions\/1053"}],"wp:attachment":[{"href":"https:\/\/www.tamaulipas.gob.mx\/radio\/wp-json\/wp\/v2\/media?parent=1011"}],"curies":[{"name":"wp","href":"https:\/\/api.w.org\/{rel}","templated":true}]}}