{"id":9,"date":"2011-12-16T20:31:07","date_gmt":"2011-12-16T20:31:07","guid":{"rendered":"http:\/\/proteccioncivil.tamaulipas.gob.mx\/?page_id=9"},"modified":"2025-11-11T15:32:35","modified_gmt":"2025-11-11T21:32:35","slug":"estructura","status":"publish","type":"page","link":"https:\/\/www.tamaulipas.gob.mx\/proteccioncivil\/estructura\/","title":{"rendered":"Estructura Org\u00e1nica"},"content":{"rendered":"<p>&nbsp;<\/p>\n<table style=\"height: 90px; width: 85.6743%; border-color: #000000;\" border=\"2\" cellpadding=\"1\">\n<tbody>\n<tr style=\"height: 24px; border-color: #000000;\">\n<td style=\"width: 53.2817%; height: 24px;\"><strong>Coordinaci\u00f3n Estatal de Protecci\u00f3n Civil<\/strong><\/td>\n<td style=\"width: 114.23%; height: 24px;\">\u00a0&#8211; Lic. Luis Gerardo Gonz\u00e1lez de la Fuente<\/td>\n<\/tr>\n<tr style=\"height: 24px; border-color: #000000;\">\n<td style=\"width: 53.2817%; height: 24px;\"><strong>Direcci\u00f3n de Planeaci\u00f3n y Estudios<\/strong><\/td>\n<td style=\"width: 114.23%; height: 24px;\">\u00a0&#8211; Lic. Francisco Vizcarra Cant\u00fa<\/td>\n<\/tr>\n<tr style=\"height: 24px; border-color: #000000;\">\n<td style=\"width: 53.2817%; height: 24px;\"><strong>Direcci\u00f3n de Coordinaci\u00f3n con Dependencias,\u00a0 Organismos e \u00a0Instituciones<\/strong><\/td>\n<td style=\"width: 114.23%; height: 24px;\">\u00a0&#8211; Lic. Juan Antonio L\u00f3pez Hern\u00e1ndez<\/td>\n<\/tr>\n<tr style=\"height: 24px; border-color: #000000;\">\n<td style=\"width: 53.2817%; height: 24px;\"><b>Direcci\u00f3n de Coordinaci\u00f3n con Municipios<\/b><\/td>\n<td style=\"width: 114.23%; height: 24px;\">\u00a0&#8211; Dr. Jes\u00fas Rub\u00e9n Navarrete Galv\u00e1n<\/td>\n<\/tr>\n<tr style=\"height: 24px; border-color: #000000;\">\n<td style=\"width: 53.2817%; height: 24px;\"><b>Departamento de Capacitaci\u00f3n e Informaci\u00f3n<\/b><\/td>\n<td style=\"width: 114.23%; height: 24px;\">\u00a0&#8211; Lic. Florentina Guadalupe Lara Balderas<\/td>\n<\/tr>\n<tr style=\"height: 6px; border-color: #000000;\">\n<td style=\"width: 53.2817%; height: 6px;\"><strong>Departamento de Atlas y \u00a0Sistematizaci\u00f3n de Riesgos<\/strong><\/td>\n<td style=\"width: 114.23%; height: 6px;\">\u00a0&#8211; Dra. Anabel Jim\u00e9nez C\u00f3rdova<\/td>\n<\/tr>\n<tr style=\"height: 24px; border-color: #000000;\">\n<td style=\"width: 53.2817%; height: 24px;\"><strong>Departamento Administrativo<\/strong><\/td>\n<td style=\"width: 114.23%; height: 24px;\">\u00a0 &#8211; Lic. Sergio Castillo Honorato<\/td>\n<\/tr>\n<tr>\n<td style=\"width: 53.2817%;\"><strong>Departamento de Control Vehicular, Radiocomunicaci\u00f3n y Equipo Emergente\u00a0<\/strong><\/td>\n<td style=\"width: 114.23%;\">&#8211; Lic. Antonio Bra\u00f1a Mojica<\/td>\n<\/tr>\n<\/tbody>\n<\/table>\n<p>&nbsp;<\/p>\n<p><strong>CENTROS REGIONALES DE PROTECCI\u00d3N CIVIL\u00a0<\/strong><\/p>\n<table style=\"height: 169px; width: 78.2056%; border-color: #000000;\" border=\"2\" cellpadding=\"1\">\n<tbody>\n<tr>\n<td style=\"width: 54.0446%;\"><strong>Subdirector Regional del Centro de \u00a0 \u00a0Emergencias en la\u00a0 Zona Norte del Estado<\/strong><\/td>\n<td style=\"width: 106.594%;\">\u00a0&#8211; Lic. Martin Santiago Cruz<\/td>\n<\/tr>\n<tr>\n<td style=\"width: 54.0446%;\"><strong>Subdirector Regional del Centro de Emergencias en San Fernando<\/strong><\/td>\n<td style=\"width: 106.594%;\">\u00a0&#8211; Ing. Edgar Arnoldo Castillo<\/td>\n<\/tr>\n<tr>\n<td style=\"width: 54.0446%;\"><strong>Subdirector Regional del Centro de \u00a0Emergencias en El Mante<\/strong><\/td>\n<td style=\"width: 106.594%;\">\u00a0&#8211; Lic. Juan Jose Aquino Acu\u00f1a<\/td>\n<\/tr>\n<tr>\n<td style=\"width: 54.0446%;\"><strong>Subdirector Regional del Centro de \u00a0Emergencias en la Zona Sur<\/strong><\/td>\n<td style=\"width: 106.594%;\">\u00a0\u00a0-Lic. Rafael Chirinos Aguilar<\/td>\n<\/tr>\n<\/tbody>\n<\/table>\n","protected":false},"excerpt":{"rendered":"<p>&nbsp; Coordinaci\u00f3n Estatal de Protecci\u00f3n Civil \u00a0&#8211; Lic. Luis Gerardo Gonz\u00e1lez de la Fuente Direcci\u00f3n de Planeaci\u00f3n y Estudios \u00a0&#8211; Lic. Francisco Vizcarra Cant\u00fa Direcci\u00f3n\u2026<\/p>\n","protected":false},"author":59,"featured_media":0,"parent":0,"menu_order":0,"comment_status":"closed","ping_status":"closed","template":"","meta":{"footnotes":""},"class_list":["post-9","page","type-page","status-publish","hentry"],"publishpress_future_action":{"enabled":false,"date":"2026-04-28 12:53:37","action":"change-status","newStatus":"draft","terms":[],"taxonomy":""},"_links":{"self":[{"href":"https:\/\/www.tamaulipas.gob.mx\/proteccioncivil\/wp-json\/wp\/v2\/pages\/9"}],"collection":[{"href":"https:\/\/www.tamaulipas.gob.mx\/proteccioncivil\/wp-json\/wp\/v2\/pages"}],"about":[{"href":"https:\/\/www.tamaulipas.gob.mx\/proteccioncivil\/wp-json\/wp\/v2\/types\/page"}],"author":[{"embeddable":true,"href":"https:\/\/www.tamaulipas.gob.mx\/proteccioncivil\/wp-json\/wp\/v2\/users\/59"}],"replies":[{"embeddable":true,"href":"https:\/\/www.tamaulipas.gob.mx\/proteccioncivil\/wp-json\/wp\/v2\/comments?post=9"}],"version-history":[{"count":17,"href":"https:\/\/www.tamaulipas.gob.mx\/proteccioncivil\/wp-json\/wp\/v2\/pages\/9\/revisions"}],"predecessor-version":[{"id":7014,"href":"https:\/\/www.tamaulipas.gob.mx\/proteccioncivil\/wp-json\/wp\/v2\/pages\/9\/revisions\/7014"}],"wp:attachment":[{"href":"https:\/\/www.tamaulipas.gob.mx\/proteccioncivil\/wp-json\/wp\/v2\/media?parent=9"}],"curies":[{"name":"wp","href":"https:\/\/api.w.org\/{rel}","templated":true}]}}