{"id":7,"date":"2011-12-16T20:00:16","date_gmt":"2011-12-16T20:00:16","guid":{"rendered":"http:\/\/proteccioncivil.tamaulipas.gob.mx\/?page_id=7"},"modified":"2023-03-10T15:31:01","modified_gmt":"2023-03-10T21:31:01","slug":"antecedentes","status":"publish","type":"page","link":"https:\/\/www.tamaulipas.gob.mx\/proteccioncivil\/antecedentes\/","title":{"rendered":"Antecedentes"},"content":{"rendered":"<p>&nbsp;<\/p>\n<p><strong>Historia y significado del logo de Protecci\u00f3n Civil<\/strong><\/p>\n<p>En el a\u00f1o de 1949, posterior al establecimiento de la Organizaci\u00f3n de la Naciones Unidas, la Liga de las Naciones pertenecientes a la Cruz Roja debat\u00eda acerca de la implementaci\u00f3n de tareas espec\u00edficas de protecci\u00f3n civil. Emiti\u00f3 una convocatoria con la finalidad de buscar una imagen que permitiera la identificaci\u00f3n y el reconocimiento de la protecci\u00f3n civil a nivel mundial.<\/p>\n<p>En muchos pa\u00edses se atendi\u00f3 esta convocatoria; la respuesta de Israel, entonces un Estado de nueva creaci\u00f3n, fue la elegida. Esta proposici\u00f3n mostraba una estrella de David de color azul, centrada en un c\u00edrculo anaranjado, el cual a su vez se ubicaba dentro de un cuadrado amarillo.<\/p>\n<p style=\"text-align: left;\">Con base en los antiguos pensadores que observaban los desplazamientos de los planetas, las estrellas y el universo en general, la figura circular significa movimiento y acci\u00f3n. El color anaranjado provoca aceleraci\u00f3n metab\u00f3lica, adem\u00e1s de tener la virtud de proporcionar visibilidad a quien lo porta, a\u00fan cuando la iluminaci\u00f3n sea escasa, hechos que favorecen las actividades durante un desastre<\/p>\n<p style=\"text-align: center;\"><img loading=\"lazy\" decoding=\"async\" class=\"size-thumbnail wp-image-24 aligncenter\" title=\"logo2 art 66\" src=\"http:\/\/www.tamaulipas.gob.mx\/proteccioncivil\/wp-content\/uploads\/sites\/36\/2011\/12\/logo2-art-66-150x150.jpg\" alt=\"\" width=\"150\" height=\"150\" \/><\/p>\n<p style=\"text-align: left;\">La Estrella de David se modific\u00f3, ya que s\u00f3lo representaba a un pueblo, y lo m\u00e1s importante, a una religi\u00f3n, cosa que Protecci\u00f3n Civil no puede admitir por ser imparcial. Por esta raz\u00f3n es modificada, dejando s\u00f3lo el tri\u00e1ngulo superior y se conservaron los colores propuestos originalmente.<\/p>\n<p style=\"text-align: center;\"><a href=\"http:\/\/www.tamaulipas.gob.mx\/proteccioncivil\/wp-content\/uploads\/sites\/36\/2011\/12\/logo3-art-661.jpg\"><img loading=\"lazy\" decoding=\"async\" class=\"size-thumbnail wp-image-34 aligncenter\" title=\"logo3 art 66\" src=\"http:\/\/www.tamaulipas.gob.mx\/proteccioncivil\/wp-content\/uploads\/sites\/36\/2011\/12\/logo3-art-661-150x150.jpg\" alt=\"\" width=\"150\" height=\"150\" \/><\/a><\/p>\n<p>La forma del cuadrado se vincula con el t\u00e9rmino estabilidad, el color amarillo se relaciona directamente como una se\u00f1al de alerta, que indica la posibilidad de peligro inminente. Se podr\u00eda ejemplificar con la luz \u00e1mbar de los sem\u00e1foros conocidos mundialmente, la cual nos advierte de un estado de continuidad (verde), es posible pasar a uno de alerta (\u00e1mbar) y estar preparados para un estado de peligro (rojo). A este color generalmente se le desecha pero quiz\u00e1 sea el de mayor significado, por el estado an\u00edmico de alertamiento que significa; resulta vital para que subconscientemente la poblaci\u00f3n est\u00e9 en condiciones de enfrentar una emergencia con mayor oportunidad.<\/p>\n<p>La presentaci\u00f3n definitiva de este s\u00edmbolo encuentra su marco jur\u00eddico y de sustento en los protocolos adicionales a los convenios Ginebra del 12 de agosto de 1949, cuyo texto oficial se aprob\u00f3 esa fecha por la Conferencia Diplom\u00e1tica relativa a la reafirmaci\u00f3n y del desarrollo del derecho internacional humanitario.<\/p>\n<p>El 10 de junio de 1977, los representantes de los Estados participantes en la conferencia Diplom\u00e1tica firmaron este instrumento jur\u00eddico para autenticarlo. Le anexaron el texto de los dos protocolos adicionales elaborados durante los cuatro per\u00edodos de sesiones de la conferencia celebrados entre 1974 y 1977. Lo relativo a este signo distintivo internacional de protecci\u00f3n civil se inscribe en el art\u00edculo 66 del primer protocolo.<\/p>\n<p>B\u00e1sicamente, estos protocolos definen a la protecci\u00f3n civil como: El conjunto de tareas humanitarias destinadas a proteger a la poblaci\u00f3n civil contra el peligro de las hostilidades y de las cat\u00e1strofes, ayud\u00e1ndola a recuperarse de los efectos inmediatos, as\u00ed como a facilitar las condiciones necesarias para su supervivencia (Protocolo 1 cap\u00edtulo VI).<\/p>\n<p>De lo anterior se deduce que la protecci\u00f3n civil, como tal, se origina en las necesidades de procuraci\u00f3n de seguridad a la poblaci\u00f3n, sobre todo en pa\u00edses ocupados como consecuencia de conflictos b\u00e9licos.<\/p>\n<p>Lo importante para los efectos que nos ocupa es que ya se prev\u00e9 la protecci\u00f3n de la poblaci\u00f3n ante las cat\u00e1strofes en general.<\/p>\n<p>Existe un segundo antecedente: la Organizaci\u00f3n Internacional de Protecci\u00f3n Civil (OIPC); a su vez, a \u00e9sta le preceden la Asociaci\u00f3n de Localidades de Ginebra, creada en 1931. Durante 1958 se estableci\u00f3 como la \u00abOrganizaci\u00f3n Internacional de Protecci\u00f3n Civil, Organizaci\u00f3n no Gubernamental\u00bb. En 1966 se instituy\u00f3 como organizaci\u00f3n intergubernamental; su vigencia se inici\u00f3 el 1\u00b0 de marzo de 1972, despu\u00e9s de la ratificaci\u00f3n por parte de 18 Estados miembros originales de la OIPC.<\/p>\n<p>Seg\u00fan sus principios de creaci\u00f3n, esta organizaci\u00f3n refleja una manera de reconocer que la magnitud y la trascendencia de las consecuencias de las cat\u00e1strofes: \u00abno se limitaba a los conflictos armados: que estos son cada vez m\u00e1s numerosos y que frecuentemente exceden los medios de lucha de un estado considerado aisladamente. Habida cuenta que las cat\u00e1strofes no respetan los l\u00edmites geogr\u00e1ficos nacionales, la solidaridad y la colaboraci\u00f3n entre las naciones se convirtieron en condiciones imprescindibles para prevenci\u00f3n y lucha contra las cat\u00e1strofes y para la adecuada limitaci\u00f3n de sus consecuencias\u00bb.<\/p>\n<p>Superadas las diferencias de criterio, una vez que se aprob\u00f3 la imagen simplificada (tri\u00e1ngulo parado dentro del c\u00edrculo), la raz\u00f3n primordial del resultado del concurso fue el significado de los colores.<\/p>\n<p>Es de conocimiento general que los colores y las figuras provocan sensaciones en los seres vivos; a su vez, la percepci\u00f3n crom\u00e1tica y sus efectos var\u00edan seg\u00fan las condiciones lum\u00ednicas de intensidad y angularidad de incidencia.<\/p>\n<p>&nbsp;<\/p>\n<p><strong>Uso del Logo<\/strong><\/p>\n<p>El Art\u00edculo 66 del Protocolo 1, de la Convenci\u00f3n de Ginebra, establece:<\/p>\n<p>Art. 66, IV. El signo distintivo Internacional de Protecci\u00f3n Civil consiste en un tri\u00e1ngulo equil\u00e1tero sobre fondo anaranjado, cuando se utilice para la protecci\u00f3n de organismos de protecci\u00f3n civil, de su personal, sus edificios y su material, o para la protecci\u00f3n de los refugios civiles.<\/p>\n<p>Art. 15 (art 15 del anexo I: reglamento relativo a la Identificaci\u00f3n),<\/p>\n<p>1) El signo distintivo internacional de protecci\u00f3n civil previsto en el p\u00e1rrafo 4 del art\u00edculo 66 del Protocolo ser\u00e1 un tri\u00e1ngulo equil\u00e1tero azul sobre fondo naranja.<\/p>\n<p>2). Se recomienda: Que si el tri\u00e1ngulo azul se utiliza en una bandera, brazalete o dorsal, \u00e9stos constituyan su fondo naranja; b) que uno de los \u00e1ngulos del tri\u00e1ngulo apunte hacia arriba, verticalmente; c) que ninguno de los tres \u00e1ngulos tenga contacto con el borde del fondo naranja.<\/p>\n<p>3). Ser\u00e1 tan grande como las circunstancias lo justifiquen. Siempre que sea factible, debe colocarse sobre una superficie plana o en banderas visibles en todas direcciones y desde la mayor distancia posible. Sin perjuicio de las instrucciones de la autoridad competente, en la medida posible, en el tocado y la vestimenta, el personal de protecci\u00f3n civil debe estar provisto del signo distintivo. De noche y cuando la visibilidad sea escasa, el signo podr\u00e1 estar alumbrado o iluminado; puede tambi\u00e9n estar hecho de material que permita su reconocimiento gracias a medios t\u00e9cnicos de detecci\u00f3n.<\/p>\n<p>En base a lo anterior, en M\u00e9xico cada Estado ha modificado el emblema sin realizar cambios significativos en la simbolog\u00eda y colores, a\u00f1adiendo dentro de ellos, el mapa del estado que representa as\u00ed como el nombre del mismo. Para el Estado de Tamaulipas, el s\u00edmbolo utilizado como logotipo de Protecci\u00f3n Civil es el siguiente:<\/p>\n<p><img loading=\"lazy\" decoding=\"async\" class=\"wp-image-5913 aligncenter\" src=\"https:\/\/www.tamaulipas.gob.mx\/proteccioncivil\/wp-content\/uploads\/sites\/36\/2023\/03\/proteccion-civil-tamaulipas-modificado-vertical-150ppp.png\" alt=\"\" width=\"251\" height=\"282\" \/><\/p>\n<p style=\"text-align: left;\">En M\u00e9xico, gracias a la instauraci\u00f3n del Sistema Nacional de Protecci\u00f3n Civil (6 de mayo de 1986), se han creado y organizado gran cantidad de grupos, tanto de orden gubernamental como privados. El denominador com\u00fan son los principios que rigen al propio sistema: \u00abProteger y salvaguardar a la poblaci\u00f3n, sus bienes y el entorno ecol\u00f3gico ante la amenaza u ocurrencia de un desastre\u00bb. En \u00e9ste sentido, en el a\u00f1o 2001 el Ejecutivo Federal decreto el 19 de septiembre de cada a\u00f1o (fecha en que se conmemoran los sismos de 1985) como \u201cD\u00eda Nacional de Protecci\u00f3n Civil\u201d.<\/p>\n","protected":false},"excerpt":{"rendered":"<p>&nbsp; Historia y significado del logo de Protecci\u00f3n Civil En el a\u00f1o de 1949, posterior al establecimiento de la Organizaci\u00f3n de la Naciones Unidas, la\u2026<\/p>\n","protected":false},"author":59,"featured_media":0,"parent":0,"menu_order":0,"comment_status":"closed","ping_status":"closed","template":"","meta":{"footnotes":""},"class_list":["post-7","page","type-page","status-publish","hentry"],"publishpress_future_action":{"enabled":false,"date":"2026-04-28 12:53:39","action":"change-status","newStatus":"draft","terms":[],"taxonomy":""},"_links":{"self":[{"href":"https:\/\/www.tamaulipas.gob.mx\/proteccioncivil\/wp-json\/wp\/v2\/pages\/7"}],"collection":[{"href":"https:\/\/www.tamaulipas.gob.mx\/proteccioncivil\/wp-json\/wp\/v2\/pages"}],"about":[{"href":"https:\/\/www.tamaulipas.gob.mx\/proteccioncivil\/wp-json\/wp\/v2\/types\/page"}],"author":[{"embeddable":true,"href":"https:\/\/www.tamaulipas.gob.mx\/proteccioncivil\/wp-json\/wp\/v2\/users\/59"}],"replies":[{"embeddable":true,"href":"https:\/\/www.tamaulipas.gob.mx\/proteccioncivil\/wp-json\/wp\/v2\/comments?post=7"}],"version-history":[{"count":7,"href":"https:\/\/www.tamaulipas.gob.mx\/proteccioncivil\/wp-json\/wp\/v2\/pages\/7\/revisions"}],"predecessor-version":[{"id":6025,"href":"https:\/\/www.tamaulipas.gob.mx\/proteccioncivil\/wp-json\/wp\/v2\/pages\/7\/revisions\/6025"}],"wp:attachment":[{"href":"https:\/\/www.tamaulipas.gob.mx\/proteccioncivil\/wp-json\/wp\/v2\/media?parent=7"}],"curies":[{"name":"wp","href":"https:\/\/api.w.org\/{rel}","templated":true}]}}