{"id":5838,"date":"2021-10-04T09:49:51","date_gmt":"2021-10-04T14:49:51","guid":{"rendered":"https:\/\/www.tamaulipas.gob.mx\/proteccioncivil\/?page_id=5838"},"modified":"2023-03-08T11:43:42","modified_gmt":"2023-03-08T17:43:42","slug":"reglamento-de-la-ley-de-proteccion-civil-de-tamaulipas","status":"publish","type":"page","link":"https:\/\/www.tamaulipas.gob.mx\/proteccioncivil\/reglamento-de-la-ley-de-proteccion-civil-de-tamaulipas\/","title":{"rendered":"REGLAMENTO DE LA LEY DE PROTECCI\u00d3N CIVIL DE TAMAULIPAS"},"content":{"rendered":"<p><strong>Reglamento de la Ley de Protecci\u00f3n Civil para el Estado de Tamaulipas<\/strong><\/p>\n<p><strong>Art\u00edculo 25.-<\/strong> La Direcci\u00f3n llevar\u00e1 el registro de las personas f\u00edsicas o morales que pretendan <strong>elaborar, dirigir la ejecuci\u00f3n t\u00e9cnica o evaluaci\u00f3n de los programas espec\u00edficos de Protecci\u00f3n Civil y Planes de Contingencias.<\/strong> Debiendo solicitar al interesado la siguiente documentaci\u00f3n:<\/p>\n<p>I.- Trat\u00e1ndose de personas f\u00edsicas:<br \/>\na) T\u00edtulo o c\u00e9dula profesional que acredite tener estudios a nivel licenciatura, con especialidad en el giro correspondiente;<br \/>\nb) Copia de la c\u00e9dula de identificaci\u00f3n fiscal o el R.F.C.;<br \/>\nc) Domicilio fiscal, y<br \/>\nd) Constancia de haber recibido un curso sobre la materia de implementaci\u00f3n de planes de contingencias, debidamente avalado por la Direcci\u00f3n de Protecci\u00f3n Civil.<br \/>\nII.- En caso de personas morales:<br \/>\na) Copia del acta constitutiva;<br \/>\nb) Copia de la c\u00e9dula de identificaci\u00f3n fiscal;<br \/>\nc) Domicilio fiscal, y<br \/>\nd) Relaci\u00f3n del personal que integra o labora para la empresa y que cumple con los requisitos de la fracci\u00f3n anterior, acompa\u00f1ando la documentaci\u00f3n respectiva.<\/p>\n<p><strong>Art\u00edculo 45.-<\/strong> La Direcci\u00f3n \u00fanicamente recibir\u00e1 solicitudes de registro <strong>para instructores<\/strong> que anexen la documentaci\u00f3n siguiente:<\/p>\n<p>I.- Copia de la c\u00e9dula de identificaci\u00f3n fiscal;<br \/>\nII.- Comprobante de domicilio;<br \/>\nIII.- Constancia de registro vigente como agente capacitador, expedida en los t\u00e9rminos de la legislaci\u00f3n laboral;<br \/>\nIV.- Copia de una identificaci\u00f3n oficial;<br \/>\nV.- Curriculum vitae actualizado;<br \/>\nVI.- Documento en el que se establezca con precisi\u00f3n los siguientes datos:<\/p>\n<p>a) Nombre del curso a impartir;<br \/>\nb) Los objetivos generales y espec\u00edficos;<br \/>\nc) Contenido tem\u00e1tico;<br \/>\nd) Duraci\u00f3n total expresada en horas y sesiones;<br \/>\ne) Material de apoyo;<br \/>\nf) T\u00e9cnicas de ense\u00f1anza;<br \/>\ng) Universo que se abarcar\u00e1;<br \/>\nh) Perfil m\u00ednimo de los aspirantes;<br \/>\ni) Copia fotost\u00e1tica del formato del diploma o constancia que vaya a expedir;<br \/>\nj) Inventario del equipo y material did\u00e1ctico;<br \/>\nk) Constancia de los cursos de capacitaci\u00f3n que acrediten sus conocimientos sobre los temas a impartir, y<br \/>\nl) Relaci\u00f3n de los cursos de capacitaci\u00f3n impartidos, cuando se trate de la revalidaci\u00f3n del registro.<\/p>\n<p>&nbsp;<\/p>\n","protected":false},"excerpt":{"rendered":"<p>Reglamento de la Ley de Protecci\u00f3n Civil para el Estado de Tamaulipas Art\u00edculo 25.- La Direcci\u00f3n llevar\u00e1 el registro de las personas f\u00edsicas o morales\u2026<\/p>\n","protected":false},"author":64,"featured_media":0,"parent":0,"menu_order":0,"comment_status":"closed","ping_status":"closed","template":"","meta":{"footnotes":""},"class_list":["post-5838","page","type-page","status-publish","hentry"],"publishpress_future_action":{"enabled":false,"date":"2026-04-28 12:55:28","action":"change-status","newStatus":"draft","terms":[],"taxonomy":""},"_links":{"self":[{"href":"https:\/\/www.tamaulipas.gob.mx\/proteccioncivil\/wp-json\/wp\/v2\/pages\/5838"}],"collection":[{"href":"https:\/\/www.tamaulipas.gob.mx\/proteccioncivil\/wp-json\/wp\/v2\/pages"}],"about":[{"href":"https:\/\/www.tamaulipas.gob.mx\/proteccioncivil\/wp-json\/wp\/v2\/types\/page"}],"author":[{"embeddable":true,"href":"https:\/\/www.tamaulipas.gob.mx\/proteccioncivil\/wp-json\/wp\/v2\/users\/64"}],"replies":[{"embeddable":true,"href":"https:\/\/www.tamaulipas.gob.mx\/proteccioncivil\/wp-json\/wp\/v2\/comments?post=5838"}],"version-history":[{"count":10,"href":"https:\/\/www.tamaulipas.gob.mx\/proteccioncivil\/wp-json\/wp\/v2\/pages\/5838\/revisions"}],"predecessor-version":[{"id":5985,"href":"https:\/\/www.tamaulipas.gob.mx\/proteccioncivil\/wp-json\/wp\/v2\/pages\/5838\/revisions\/5985"}],"wp:attachment":[{"href":"https:\/\/www.tamaulipas.gob.mx\/proteccioncivil\/wp-json\/wp\/v2\/media?parent=5838"}],"curies":[{"name":"wp","href":"https:\/\/api.w.org\/{rel}","templated":true}]}}