{"id":5828,"date":"2021-09-30T16:02:59","date_gmt":"2021-09-30T21:02:59","guid":{"rendered":"https:\/\/www.tamaulipas.gob.mx\/proteccioncivil\/?page_id=5828"},"modified":"2023-03-13T16:30:38","modified_gmt":"2023-03-13T22:30:38","slug":"plan-familiar-3","status":"publish","type":"page","link":"https:\/\/www.tamaulipas.gob.mx\/proteccioncivil\/plan-familiar-3\/","title":{"rendered":"PLAN FAMILIAR"},"content":{"rendered":"<p>http:\/\/www.preparados.cenapred.unam.mx\/PlanFamiliar<\/p>\n<div id=\"block-bootstrap-barrio-subtheme-page-title\" class=\"block block-core block-page-title-block\">\n<div class=\"content\">\n<h1 class=\"title\"><span class=\"field field--name-title field--type-string field--label-hidden\">Sigue las 4D\u00b4s para elaborar tu #PlanFamiliar de #Protecci\u00f3nCivil<\/span><\/h1>\n<\/div>\n<\/div>\n<div id=\"block-bootstrap-barrio-subtheme-content\" class=\"block block-system block-system-main-block\">\n<div class=\"content\">\n<article class=\"node node--type-article node--promoted node--view-mode-full clearfix\" role=\"article\" data-history-node-id=\"56\">\n<header>\n<div class=\"node__meta\"><\/div>\n<\/header>\n<div class=\"node__content clearfix\">\n<div class=\"clearfix text-formatted field field--name-body field--type-text-with-summary field--label-hidden field__item\">\n<p>Sabemos que lo m\u00e1s importante para ti, es tu seguridad y la de tu familia; por ello\u00a0es fundamental contar con el #PlanFamiliar de #Protecci\u00f3nCivil.<\/p>\n<p>Sobre todo\u00a0porque nadie se encuentra exento de los riesgos: en casa, escuela o centro de trabajo;\u00a0pero te preguntar\u00e1s:<\/p>\n<h2><strong>\u00bfPor qu\u00e9 es importante contar con un Plan Familiar?<\/strong><\/h2>\n<ol>\n<li>\u00a0Porque evitas poner en\u00a0<strong>riesgo<\/strong>\u00a0tu vida, la de tus seres queridos y tu patrimonio.<\/li>\n<li>\u00a0Porque te permite\u00a0<strong>planificar<\/strong>\u00a0acciones con toda la familia, en caso de presentarse una emergencia.<\/li>\n<li>\u00a0Porque\u00a0<strong>preparas<\/strong>\u00a0a tu familia para saber qu\u00e9 hacer en caso que un fen\u00f3meno perturbador, impacte en tu comunidad.<\/li>\n<\/ol>\n<p><img decoding=\"async\" src=\"http:\/\/www.preparados.cenapred.unam.mx\/blog\/sites\/default\/files\/inline-images\/Artboard%202_1.png\" alt=\"casa\" data-entity-type=\"file\" data-entity-uuid=\"afd4bca4-cf30-4faf-af1f-767bf9fdc964\" \/><\/p>\n<p>&nbsp;<\/p>\n<p>Por esta raz\u00f3n, te invitamos a que elabores tu Plan, siguiendo estos pasos, que estamos seguros, recordar\u00e1s:<\/p>\n<h2>Las 4D\u00b4s para elaborar tu #PlanFamiliar<\/h2>\n<p><img decoding=\"async\" src=\"http:\/\/www.preparados.cenapred.unam.mx\/blog\/sites\/default\/files\/inline-images\/Artboard%202_2.png\" alt=\"1d\" data-entity-type=\"file\" data-entity-uuid=\"2df3aa50-e1b5-47eb-8fd9-6e21071389d0\" \/><img loading=\"lazy\" decoding=\"async\" class=\"alignnone size-full wp-image-6055\" src=\"https:\/\/www.tamaulipas.gob.mx\/proteccioncivil\/wp-content\/uploads\/sites\/36\/2023\/03\/plan-familiar.png\" alt=\"\" width=\"900\" height=\"512\" \/><\/p>\n<h2>1.- Detecta<\/h2>\n<ul>\n<li>Riesgos y zonas de seguridad, tanto dentro como fuera de tu casa.<\/li>\n<li>Casas cercanas a transformadores de energ\u00eda.<\/li>\n<li>Si el mobiliario e instalaciones, se encuentran en buen estado.<\/li>\n<li>El tipo de vivienda, lugar y material de construcci\u00f3n; ya que esto\u00a0influyen en el nivel de riesgo.<\/li>\n<li>Si hay sobrecarga de los enchufes.<\/li>\n<li>La humedad en paredes y techos, ante ello deber\u00e1s eliminar los goteos.<\/li>\n<li>La existencia de fugas de gas, verifica las instalaciones colocando\u00a0jab\u00f3n en las conexiones.<\/li>\n<li>Si la flama que emite\u00a0la estufa o boiler\u00a0es\u00a0de color azul y no roja, es indicativo de presencia de mon\u00f3xido de carbono.<\/li>\n<li>El estado de los cilindros de gas.<\/li>\n<\/ul>\n<p><img loading=\"lazy\" decoding=\"async\" class=\"alignnone size-full wp-image-6051\" src=\"https:\/\/www.tamaulipas.gob.mx\/proteccioncivil\/wp-content\/uploads\/sites\/36\/2023\/03\/plan-familiar-2.png\" alt=\"\" width=\"900\" height=\"512\" \/><\/p>\n<h2>2.- Dise\u00f1a<\/h2>\n<ul>\n<li>Un croquis, trazando las posibles rutas de evacuaci\u00f3n,\u00a0se\u00f1alando con\u00a0<strong>rojo<\/strong>\u00a0los\u00a0riesgos y peligros que puedan presentarse en\u00a0los alrededores de tu casa, as\u00ed como las recomendaciones para reducirlos.<\/li>\n<li>Dentro de casa, dise\u00f1a\u00a0<strong>rutas de evacuaci\u00f3n\u00a0<\/strong>y marca el lugar m\u00e1s seguro.<\/li>\n<li>Ubica las rutas para llegar a los lugares m\u00e1s seguros dentro de la casa y marcalas con flechas de color\u00a0<strong>verde<\/strong>.<\/li>\n<li>Identifica los objetos que puedan ser un\u00a0<strong>obst\u00e1culo\u00a0<\/strong>en las rutas de evacuaci\u00f3n y\u00a0<strong>ret\u00edralos<\/strong>.<\/li>\n<li>Se\u00f1ala la\u00a0<strong>distribuci\u00f3n m\u00e1s conveniente del mobiliario\u00a0<\/strong>para lograr mejores rutas de evacuaci\u00f3n.<\/li>\n<li><strong>Mide el tiempo<\/strong>\u00a0que necesitas para llegar a los sitios seguros fuera de la casa, partiendo de diferentes lugares y escoge la ruta que menor tiempo lleve recorrer.<\/li>\n<li>Recuerda que para evacuar a ni\u00f1as\/os, personas adultas mayores o con alguna discapacidad, el tiempo que se requiere puede ser mayor.<\/li>\n<\/ul>\n<p>Si vives cerca del Volc\u00e1n #Popocat\u00e9petl, ubica las\u00a0<a href=\"http:\/\/preparados.gob.mx\/rutasvolcan\/\">Rutas de evacuaci\u00f3n aqu\u00ed\u00a0\u00a0\u00a0\u00a0<\/a><\/p>\n<h2><img loading=\"lazy\" decoding=\"async\" class=\"alignnone size-full wp-image-6052\" src=\"https:\/\/www.tamaulipas.gob.mx\/proteccioncivil\/wp-content\/uploads\/sites\/36\/2023\/03\/plan-familiar-3.png\" alt=\"\" width=\"900\" height=\"512\" \/><\/h2>\n<h2>3.-Decide<\/h2>\n<p>Con tu familia para saber c\u00f3mo actuar ante la presencia de un fen\u00f3meno perturbador.<\/p>\n<ul>\n<li>Prep\u00e1rate para tomar las\u00a0<strong>decisiones m\u00e1s adecuadas\u00a0<\/strong>a fin de afrontar desastres seg\u00fan las posibles circunstancias.<\/li>\n<li>Preg\u00fantate a qu\u00e9 amenaza est\u00e1s expuesto\/a:<\/li>\n<\/ul>\n<p>Inundaciones<\/p>\n<p>Ciclones tropicales<\/p>\n<p>Deslizamiento de laderas<\/p>\n<p>Incendios<\/p>\n<p>Sismos<\/p>\n<p>Es elemental saber qu\u00e9 hacer ante una emergencia; consulta las infograf\u00edas que el #CENAPRED desarroll\u00f3 para cada fen\u00f3meno perturbador\u00a0<a href=\"http:\/\/www.cenapred.unam.mx\/PublicacionesWebGobMX\/buscaindex\">aqu\u00ed.\u00a0<\/a><\/p>\n<p><img loading=\"lazy\" decoding=\"async\" class=\"alignnone size-full wp-image-6053\" src=\"https:\/\/www.tamaulipas.gob.mx\/proteccioncivil\/wp-content\/uploads\/sites\/36\/2023\/03\/plan-familiar-4.png\" alt=\"\" width=\"900\" height=\"512\" \/><\/p>\n<h2>4.- Determina<\/h2>\n<p>Cu\u00e1ntos simulacros realizar\u00e1s con tu familia, escuela o compa\u00f1eros de trabajo;\u00a0para que\u00a0basado en tus experiencias, \u00a0puedas mejorar\u00a0y actualizar tu documento.<\/p>\n<p><strong>Un simulacro\u00a0<\/strong>es un ensayo o pr\u00e1ctica acerca de c\u00f3mo se debe actuar en caso de una emergencia por inundaci\u00f3n, cicl\u00f3n tropical, incendio, sismo, etc.<\/p>\n<p><strong>Ventajas:<\/strong><\/p>\n<ul>\n<li>Comprobar anticipadamente si las acciones de preparaci\u00f3n son eficientes<\/li>\n<li>Realizar correcciones al Plan Familiar, una vez terminado el simulacro y poder actuar correctamente ante alguna emergencia.<\/li>\n<li>Fomenta la cultura de protecci\u00f3n civil entre la familia y la comunidad.<\/li>\n<\/ul>\n<p>\u00bfQuieres saber\u00a0m\u00e1s sobre #Simulacros?\u00a0<a href=\"http:\/\/www.preparados.gob.mx\/blog\/node\/17\">\u00a1Entra aqu\u00ed!<\/a><\/p>\n<p><img loading=\"lazy\" decoding=\"async\" class=\"alignnone size-full wp-image-6054\" src=\"https:\/\/www.tamaulipas.gob.mx\/proteccioncivil\/wp-content\/uploads\/sites\/36\/2023\/03\/plan-familiar-5.jpg\" alt=\"\" width=\"1200\" height=\"949\" \/><\/p>\n<h2>\u00a1Ya casi est\u00e1 todo listo!<\/h2>\n<p>Por \u00faltimo \u00a1No olvides tu #MochilaDeEmergencias! con lo siguiente:<\/p>\n<p><img decoding=\"async\" src=\"http:\/\/www.preparados.cenapred.unam.mx\/blog\/sites\/default\/files\/inline-images\/343-INFOGRAFAMOCHILADEEMERGENCIA.jpg\" alt=\"mochila\" data-entity-type=\"file\" data-entity-uuid=\"c8eb8628-a31f-469c-ac11-92d1a368c683\" \/><img loading=\"lazy\" decoding=\"async\" class=\"alignnone size-full wp-image-6050\" src=\"https:\/\/www.tamaulipas.gob.mx\/proteccioncivil\/wp-content\/uploads\/sites\/36\/2023\/03\/mochila-de-emergencia.jpg\" alt=\"\" width=\"623\" height=\"884\" \/><\/p>\n<p>&nbsp;<\/p>\n<\/div>\n<\/div>\n<\/article>\n<\/div>\n<\/div>\n","protected":false},"excerpt":{"rendered":"<p>http:\/\/www.preparados.cenapred.unam.mx\/PlanFamiliar Sigue las 4D\u00b4s para elaborar tu #PlanFamiliar de #Protecci\u00f3nCivil Sabemos que lo m\u00e1s importante para ti, es tu seguridad y la de tu familia;\u2026<\/p>\n","protected":false},"author":64,"featured_media":0,"parent":0,"menu_order":0,"comment_status":"closed","ping_status":"closed","template":"","meta":{"footnotes":""},"class_list":["post-5828","page","type-page","status-publish","hentry"],"publishpress_future_action":{"enabled":false,"date":"2026-05-16 10:09:02","action":"change-status","newStatus":"draft","terms":[],"taxonomy":""},"_links":{"self":[{"href":"https:\/\/www.tamaulipas.gob.mx\/proteccioncivil\/wp-json\/wp\/v2\/pages\/5828"}],"collection":[{"href":"https:\/\/www.tamaulipas.gob.mx\/proteccioncivil\/wp-json\/wp\/v2\/pages"}],"about":[{"href":"https:\/\/www.tamaulipas.gob.mx\/proteccioncivil\/wp-json\/wp\/v2\/types\/page"}],"author":[{"embeddable":true,"href":"https:\/\/www.tamaulipas.gob.mx\/proteccioncivil\/wp-json\/wp\/v2\/users\/64"}],"replies":[{"embeddable":true,"href":"https:\/\/www.tamaulipas.gob.mx\/proteccioncivil\/wp-json\/wp\/v2\/comments?post=5828"}],"version-history":[{"count":6,"href":"https:\/\/www.tamaulipas.gob.mx\/proteccioncivil\/wp-json\/wp\/v2\/pages\/5828\/revisions"}],"predecessor-version":[{"id":6056,"href":"https:\/\/www.tamaulipas.gob.mx\/proteccioncivil\/wp-json\/wp\/v2\/pages\/5828\/revisions\/6056"}],"wp:attachment":[{"href":"https:\/\/www.tamaulipas.gob.mx\/proteccioncivil\/wp-json\/wp\/v2\/media?parent=5828"}],"curies":[{"name":"wp","href":"https:\/\/api.w.org\/{rel}","templated":true}]}}